{"id":8221,"date":"2024-06-14T10:38:56","date_gmt":"2024-06-14T10:38:56","guid":{"rendered":"https:\/\/tatkoopremovic.com\/?page_id=8221"},"modified":"2025-01-14T01:37:54","modified_gmt":"2025-01-14T01:37:54","slug":"korpa","status":"publish","type":"page","link":"https:\/\/tatkoopremovic.com\/en\/korpa\/","title":{"rendered":"Korpa"},"content":{"rendered":"<div data-elementor-type=\"wp-page\" data-elementor-id=\"8221\" class=\"elementor elementor-8221\" data-elementor-post-type=\"page\">\n\t\t\t\t\t\t<section class=\"elementor-section elementor-top-section elementor-element elementor-element-1d2fbb5 elementor-section-boxed elementor-section-height-default elementor-section-height-default\" data-id=\"1d2fbb5\" data-element_type=\"section\" data-e-type=\"section\">\n\t\t\t\t\t\t<div class=\"elementor-container elementor-column-gap-default\">\n\t\t\t\t\t<div class=\"elementor-column elementor-col-100 elementor-top-column elementor-element elementor-element-a47bb2f\" data-id=\"a47bb2f\" data-element_type=\"column\" data-e-type=\"column\">\n\t\t\t<div class=\"elementor-widget-wrap elementor-element-populated\">\n\t\t\t\t\t\t\t<\/div>\n\t\t<\/div>\n\t\t\t\t\t<\/div>\n\t\t<\/section>\n\t\t\t\t<\/div>","protected":false},"excerpt":{"rendered":"<p>\u017dao nam je, \u201eWorld Famous Color Enhancer 240ml\u201c nema u zalihama. Molimo Vas uredite va\u0161u korpu i poku\u0161ajte opet. Izvinjavamo se zbog neprijatnosti. Ukloni stavku Sli\u010dica Proizvod Cena Koli\u010dina Ukupno &times; AR AQUA MAGNUM AR AQUA MG: AA1009M1 1.700&nbsp;&#1088;&#1089;&#1076; AR AQUA MAGNUM &#8211; AA1009M1 koli\u010dina 1.700&nbsp;&#1088;&#1089;&#1076; &times; World Famous Color Enhancer 240ml 1.750&nbsp;&#1088;&#1089;&#1076; World Famous [&hellip;]<\/p>","protected":false},"author":19326,"featured_media":0,"parent":0,"menu_order":0,"comment_status":"closed","ping_status":"closed","template":"elementor_header_footer","meta":{"footnotes":""},"class_list":["post-8221","page","type-page","status-publish","hentry"],"yoast_head":"<!-- This site is optimized with the Yoast SEO plugin v26.8 - https:\/\/yoast.com\/product\/yoast-seo-wordpress\/ -->\n<title>Korpa - Tatko Opremovi\u0107<\/title>\n<meta name=\"robots\" content=\"index, follow, max-snippet:-1, max-image-preview:large, max-video-preview:-1\" \/>\n<link rel=\"canonical\" href=\"https:\/\/tatkoopremovic.com\/en\/korpa\/\" \/>\n<meta property=\"og:locale\" content=\"en_GB\" \/>\n<meta property=\"og:type\" content=\"article\" \/>\n<meta property=\"og:title\" content=\"Korpa - Tatko Opremovi\u0107\" \/>\n<meta property=\"og:description\" content=\"\u017dao nam je, \u201eWorld Famous Color Enhancer 240ml\u201c nema u zalihama. Molimo Vas uredite va\u0161u korpu i poku\u0161ajte opet. Izvinjavamo se zbog neprijatnosti. Ukloni stavku Sli\u010dica Proizvod Cena Koli\u010dina Ukupno &times; AR AQUA MAGNUM AR AQUA MG: AA1009M1 1.700&nbsp;&#1088;&#1089;&#1076; AR AQUA MAGNUM &#8211; AA1009M1 koli\u010dina 1.700&nbsp;&#1088;&#1089;&#1076; &times; World Famous Color Enhancer 240ml 1.750&nbsp;&#1088;&#1089;&#1076; World Famous [&hellip;]\" \/>\n<meta property=\"og:url\" content=\"https:\/\/tatkoopremovic.com\/en\/korpa\/\" \/>\n<meta property=\"og:site_name\" content=\"Tatko Opremovi\u0107\" \/>\n<meta property=\"article:modified_time\" content=\"2025-01-14T01:37:54+00:00\" \/>\n<meta property=\"og:image\" content=\"https:\/\/tatkoopremovic.com\/wp-content\/uploads\/2023\/09\/aqua-magnum-ravni-030-1-300x300.jpg\" \/>\n<meta name=\"twitter:card\" content=\"summary_large_image\" \/>\n<meta name=\"twitter:label1\" content=\"Estimated reading time\" \/>\n\t<meta name=\"twitter:data1\" content=\"1 minute\" \/>\n<script type=\"application\/ld+json\" class=\"yoast-schema-graph\">{\"@context\":\"https:\/\/schema.org\",\"@graph\":[{\"@type\":\"WebPage\",\"@id\":\"https:\/\/tatkoopremovic.com\/korpa\/\",\"url\":\"https:\/\/tatkoopremovic.com\/korpa\/\",\"name\":\"Korpa - Tatko Opremovi\u0107\",\"isPartOf\":{\"@id\":\"https:\/\/tatkoopremovic.com\/#website\"},\"primaryImageOfPage\":{\"@id\":\"https:\/\/tatkoopremovic.com\/korpa\/#primaryimage\"},\"image\":{\"@id\":\"https:\/\/tatkoopremovic.com\/korpa\/#primaryimage\"},\"thumbnailUrl\":\"https:\/\/tatkoopremovic.com\/wp-content\/uploads\/2023\/09\/aqua-magnum-ravni-030-1-300x300.jpg\",\"datePublished\":\"2024-06-14T10:38:56+00:00\",\"dateModified\":\"2025-01-14T01:37:54+00:00\",\"breadcrumb\":{\"@id\":\"https:\/\/tatkoopremovic.com\/korpa\/#breadcrumb\"},\"inLanguage\":\"en-GB\",\"potentialAction\":[{\"@type\":\"ReadAction\",\"target\":[\"https:\/\/tatkoopremovic.com\/korpa\/\"]}]},{\"@type\":\"ImageObject\",\"inLanguage\":\"en-GB\",\"@id\":\"https:\/\/tatkoopremovic.com\/korpa\/#primaryimage\",\"url\":\"https:\/\/tatkoopremovic.com\/wp-content\/uploads\/2023\/09\/aqua-magnum-ravni-030-1-300x300.jpg\",\"contentUrl\":\"https:\/\/tatkoopremovic.com\/wp-content\/uploads\/2023\/09\/aqua-magnum-ravni-030-1-300x300.jpg\"},{\"@type\":\"BreadcrumbList\",\"@id\":\"https:\/\/tatkoopremovic.com\/korpa\/#breadcrumb\",\"itemListElement\":[{\"@type\":\"ListItem\",\"position\":1,\"name\":\"Home\",\"item\":\"https:\/\/tatkoopremovic.com\/\"},{\"@type\":\"ListItem\",\"position\":2,\"name\":\"Korpa\"}]},{\"@type\":\"WebSite\",\"@id\":\"https:\/\/tatkoopremovic.com\/#website\",\"url\":\"https:\/\/tatkoopremovic.com\/\",\"name\":\"Tatko Opremovi\u0107\",\"description\":\"Tattoo Oprema\",\"potentialAction\":[{\"@type\":\"SearchAction\",\"target\":{\"@type\":\"EntryPoint\",\"urlTemplate\":\"https:\/\/tatkoopremovic.com\/?s={search_term_string}\"},\"query-input\":{\"@type\":\"PropertyValueSpecification\",\"valueRequired\":true,\"valueName\":\"search_term_string\"}}],\"inLanguage\":\"en-GB\"}]}<\/script>\n<!-- \/ Yoast SEO plugin. -->","yoast_head_json":{"title":"Korpa - Tatko Opremovi\u0107","robots":{"index":"index","follow":"follow","max-snippet":"max-snippet:-1","max-image-preview":"max-image-preview:large","max-video-preview":"max-video-preview:-1"},"canonical":"https:\/\/tatkoopremovic.com\/en\/korpa\/","og_locale":"en_GB","og_type":"article","og_title":"Korpa - Tatko Opremovi\u0107","og_description":"\u017dao nam je, \u201eWorld Famous Color Enhancer 240ml\u201c nema u zalihama. Molimo Vas uredite va\u0161u korpu i poku\u0161ajte opet. Izvinjavamo se zbog neprijatnosti. Ukloni stavku Sli\u010dica Proizvod Cena Koli\u010dina Ukupno &times; AR AQUA MAGNUM AR AQUA MG: AA1009M1 1.700&nbsp;&#1088;&#1089;&#1076; AR AQUA MAGNUM &#8211; AA1009M1 koli\u010dina 1.700&nbsp;&#1088;&#1089;&#1076; &times; World Famous Color Enhancer 240ml 1.750&nbsp;&#1088;&#1089;&#1076; World Famous [&hellip;]","og_url":"https:\/\/tatkoopremovic.com\/en\/korpa\/","og_site_name":"Tatko Opremovi\u0107","article_modified_time":"2025-01-14T01:37:54+00:00","og_image":[{"url":"https:\/\/tatkoopremovic.com\/wp-content\/uploads\/2023\/09\/aqua-magnum-ravni-030-1-300x300.jpg","type":"","width":"","height":""}],"twitter_card":"summary_large_image","twitter_misc":{"Estimated reading time":"1 minute"},"schema":{"@context":"https:\/\/schema.org","@graph":[{"@type":"WebPage","@id":"https:\/\/tatkoopremovic.com\/korpa\/","url":"https:\/\/tatkoopremovic.com\/korpa\/","name":"Korpa - Tatko Opremovi\u0107","isPartOf":{"@id":"https:\/\/tatkoopremovic.com\/#website"},"primaryImageOfPage":{"@id":"https:\/\/tatkoopremovic.com\/korpa\/#primaryimage"},"image":{"@id":"https:\/\/tatkoopremovic.com\/korpa\/#primaryimage"},"thumbnailUrl":"https:\/\/tatkoopremovic.com\/wp-content\/uploads\/2023\/09\/aqua-magnum-ravni-030-1-300x300.jpg","datePublished":"2024-06-14T10:38:56+00:00","dateModified":"2025-01-14T01:37:54+00:00","breadcrumb":{"@id":"https:\/\/tatkoopremovic.com\/korpa\/#breadcrumb"},"inLanguage":"en-GB","potentialAction":[{"@type":"ReadAction","target":["https:\/\/tatkoopremovic.com\/korpa\/"]}]},{"@type":"ImageObject","inLanguage":"en-GB","@id":"https:\/\/tatkoopremovic.com\/korpa\/#primaryimage","url":"https:\/\/tatkoopremovic.com\/wp-content\/uploads\/2023\/09\/aqua-magnum-ravni-030-1-300x300.jpg","contentUrl":"https:\/\/tatkoopremovic.com\/wp-content\/uploads\/2023\/09\/aqua-magnum-ravni-030-1-300x300.jpg"},{"@type":"BreadcrumbList","@id":"https:\/\/tatkoopremovic.com\/korpa\/#breadcrumb","itemListElement":[{"@type":"ListItem","position":1,"name":"Home","item":"https:\/\/tatkoopremovic.com\/"},{"@type":"ListItem","position":2,"name":"Korpa"}]},{"@type":"WebSite","@id":"https:\/\/tatkoopremovic.com\/#website","url":"https:\/\/tatkoopremovic.com\/","name":"Tatko Opremovi\u0107","description":"Tattoo Oprema","potentialAction":[{"@type":"SearchAction","target":{"@type":"EntryPoint","urlTemplate":"https:\/\/tatkoopremovic.com\/?s={search_term_string}"},"query-input":{"@type":"PropertyValueSpecification","valueRequired":true,"valueName":"search_term_string"}}],"inLanguage":"en-GB"}]}},"_links":{"self":[{"href":"https:\/\/tatkoopremovic.com\/en\/wp-json\/wp\/v2\/pages\/8221","targetHints":{"allow":["GET"]}}],"collection":[{"href":"https:\/\/tatkoopremovic.com\/en\/wp-json\/wp\/v2\/pages"}],"about":[{"href":"https:\/\/tatkoopremovic.com\/en\/wp-json\/wp\/v2\/types\/page"}],"author":[{"embeddable":true,"href":"https:\/\/tatkoopremovic.com\/en\/wp-json\/wp\/v2\/users\/19326"}],"replies":[{"embeddable":true,"href":"https:\/\/tatkoopremovic.com\/en\/wp-json\/wp\/v2\/comments?post=8221"}],"version-history":[{"count":24,"href":"https:\/\/tatkoopremovic.com\/en\/wp-json\/wp\/v2\/pages\/8221\/revisions"}],"predecessor-version":[{"id":10907,"href":"https:\/\/tatkoopremovic.com\/en\/wp-json\/wp\/v2\/pages\/8221\/revisions\/10907"}],"wp:attachment":[{"href":"https:\/\/tatkoopremovic.com\/en\/wp-json\/wp\/v2\/media?parent=8221"}],"curies":[{"name":"wp","href":"https:\/\/api.w.org\/{rel}","templated":true}]}}