{"id":10060,"date":"2024-10-08T07:45:54","date_gmt":"2024-10-08T07:45:54","guid":{"rendered":"https:\/\/tatkoopremovic.com\/?post_type=product&#038;p=10060"},"modified":"2024-10-10T10:05:11","modified_gmt":"2024-10-10T10:05:11","slug":"brijaci-2-ostrice","status":"publish","type":"product","link":"https:\/\/tatkoopremovic.com\/en\/product\/brijaci-2-ostrice\/","title":{"rendered":"Artist Republic Brija\u010di (2 o\u0161trice)"},"content":{"rendered":"","protected":false},"excerpt":{"rendered":"<p>Disposable Artist Republic Razors<\/p>\n<p>Hirur\u0161ki brija\u010di za jednokratnu upotrebu sa dve o\u0161trice.<br \/>\nIdeal for hair removal in treated areas without irritation.<br \/>\nGuarantees very quick hair removal thanks to the comb shape,<br \/>\ntypical for surgical razors, which prevents blade clogging.<\/p>\n<p>Packaging: 100 pieces<\/p>","protected":false},"featured_media":10074,"template":"","meta":[],"product_brand":[],"product_cat":[94],"product_tag":[],"class_list":{"0":"post-10060","1":"product","2":"type-product","3":"status-publish","4":"has-post-thumbnail","6":"product_cat-brijaci","8":"first","9":"instock","10":"taxable","11":"shipping-taxable","12":"purchasable","13":"product-type-simple"},"yoast_head":"<!-- This site is optimized with the Yoast SEO plugin v26.8 - https:\/\/yoast.com\/product\/yoast-seo-wordpress\/ -->\n<title>Artist Republic Brija\u010di (2 o\u0161trice) - Tatko Opremovi\u0107<\/title>\n<meta name=\"robots\" content=\"index, follow, max-snippet:-1, max-image-preview:large, max-video-preview:-1\" \/>\n<link rel=\"canonical\" href=\"https:\/\/tatkoopremovic.com\/en\/product\/brijaci-2-ostrice\/\" \/>\n<meta property=\"og:locale\" content=\"en_GB\" \/>\n<meta property=\"og:type\" content=\"article\" \/>\n<meta property=\"og:title\" content=\"Artist Republic Brija\u010di (2 o\u0161trice) - Tatko Opremovi\u0107\" \/>\n<meta property=\"og:description\" content=\"JEDNOKRATNI BRIJA\u010cI ARTIST REPUBLIC  Hirur\u0161ki brija\u010di za jednokratnu upotrebu sa dve o\u0161trice. Idealno za uklanjanje dla\u010dica na podru\u010djima koja se tretiraju bez iritacije. Garantuje veoma brzo uklanjanje dlaka zahvaljujuc\u0301i obliku \u010de\u0161lja, tipi\u010dnom za hirur\u0161ke brija\u010de, koji spre\u010dava za\u010depljenje se\u010diva.  Pakovanje: 100 kom\" \/>\n<meta property=\"og:url\" content=\"https:\/\/tatkoopremovic.com\/en\/product\/brijaci-2-ostrice\/\" \/>\n<meta property=\"og:site_name\" content=\"Tatko Opremovi\u0107\" \/>\n<meta property=\"article:modified_time\" content=\"2024-10-10T10:05:11+00:00\" \/>\n<meta property=\"og:image\" content=\"https:\/\/tatkoopremovic.com\/wp-content\/uploads\/2024\/10\/br2-scaled.jpg\" \/>\n\t<meta property=\"og:image:width\" content=\"2351\" \/>\n\t<meta property=\"og:image:height\" content=\"2560\" \/>\n\t<meta property=\"og:image:type\" content=\"image\/jpeg\" \/>\n<meta name=\"twitter:card\" content=\"summary_large_image\" \/>\n<script type=\"application\/ld+json\" class=\"yoast-schema-graph\">{\"@context\":\"https:\/\/schema.org\",\"@graph\":[{\"@type\":\"WebPage\",\"@id\":\"https:\/\/tatkoopremovic.com\/product\/brijaci-2-ostrice\/\",\"url\":\"https:\/\/tatkoopremovic.com\/product\/brijaci-2-ostrice\/\",\"name\":\"Artist Republic Brija\u010di (2 o\u0161trice) - Tatko Opremovi\u0107\",\"isPartOf\":{\"@id\":\"https:\/\/tatkoopremovic.com\/#website\"},\"primaryImageOfPage\":{\"@id\":\"https:\/\/tatkoopremovic.com\/product\/brijaci-2-ostrice\/#primaryimage\"},\"image\":{\"@id\":\"https:\/\/tatkoopremovic.com\/product\/brijaci-2-ostrice\/#primaryimage\"},\"thumbnailUrl\":\"https:\/\/tatkoopremovic.com\/wp-content\/uploads\/2024\/10\/br2-scaled.jpg\",\"datePublished\":\"2024-10-08T07:45:54+00:00\",\"dateModified\":\"2024-10-10T10:05:11+00:00\",\"breadcrumb\":{\"@id\":\"https:\/\/tatkoopremovic.com\/product\/brijaci-2-ostrice\/#breadcrumb\"},\"inLanguage\":\"en-GB\",\"potentialAction\":[{\"@type\":\"ReadAction\",\"target\":[\"https:\/\/tatkoopremovic.com\/product\/brijaci-2-ostrice\/\"]}]},{\"@type\":\"ImageObject\",\"inLanguage\":\"en-GB\",\"@id\":\"https:\/\/tatkoopremovic.com\/product\/brijaci-2-ostrice\/#primaryimage\",\"url\":\"https:\/\/tatkoopremovic.com\/wp-content\/uploads\/2024\/10\/br2-scaled.jpg\",\"contentUrl\":\"https:\/\/tatkoopremovic.com\/wp-content\/uploads\/2024\/10\/br2-scaled.jpg\",\"width\":2351,\"height\":2560},{\"@type\":\"BreadcrumbList\",\"@id\":\"https:\/\/tatkoopremovic.com\/product\/brijaci-2-ostrice\/#breadcrumb\",\"itemListElement\":[{\"@type\":\"ListItem\",\"position\":1,\"name\":\"Home\",\"item\":\"https:\/\/tatkoopremovic.com\/\"},{\"@type\":\"ListItem\",\"position\":2,\"name\":\"Shop\",\"item\":\"https:\/\/tatkoopremovic.com\/shop\/\"},{\"@type\":\"ListItem\",\"position\":3,\"name\":\"Artist Republic Brija\u010di (2 o\u0161trice)\"}]},{\"@type\":\"WebSite\",\"@id\":\"https:\/\/tatkoopremovic.com\/#website\",\"url\":\"https:\/\/tatkoopremovic.com\/\",\"name\":\"Tatko Opremovi\u0107\",\"description\":\"Tattoo Oprema\",\"potentialAction\":[{\"@type\":\"SearchAction\",\"target\":{\"@type\":\"EntryPoint\",\"urlTemplate\":\"https:\/\/tatkoopremovic.com\/?s={search_term_string}\"},\"query-input\":{\"@type\":\"PropertyValueSpecification\",\"valueRequired\":true,\"valueName\":\"search_term_string\"}}],\"inLanguage\":\"en-GB\"}]}<\/script>\n<!-- \/ Yoast SEO plugin. -->","yoast_head_json":{"title":"Artist Republic Brija\u010di (2 o\u0161trice) - Tatko Opremovi\u0107","robots":{"index":"index","follow":"follow","max-snippet":"max-snippet:-1","max-image-preview":"max-image-preview:large","max-video-preview":"max-video-preview:-1"},"canonical":"https:\/\/tatkoopremovic.com\/en\/product\/brijaci-2-ostrice\/","og_locale":"en_GB","og_type":"article","og_title":"Artist Republic Brija\u010di (2 o\u0161trice) - Tatko Opremovi\u0107","og_description":"JEDNOKRATNI BRIJA\u010cI ARTIST REPUBLIC  Hirur\u0161ki brija\u010di za jednokratnu upotrebu sa dve o\u0161trice. Idealno za uklanjanje dla\u010dica na podru\u010djima koja se tretiraju bez iritacije. Garantuje veoma brzo uklanjanje dlaka zahvaljujuc\u0301i obliku \u010de\u0161lja, tipi\u010dnom za hirur\u0161ke brija\u010de, koji spre\u010dava za\u010depljenje se\u010diva.  Pakovanje: 100 kom","og_url":"https:\/\/tatkoopremovic.com\/en\/product\/brijaci-2-ostrice\/","og_site_name":"Tatko Opremovi\u0107","article_modified_time":"2024-10-10T10:05:11+00:00","og_image":[{"width":2351,"height":2560,"url":"https:\/\/tatkoopremovic.com\/wp-content\/uploads\/2024\/10\/br2-scaled.jpg","type":"image\/jpeg"}],"twitter_card":"summary_large_image","schema":{"@context":"https:\/\/schema.org","@graph":[{"@type":"WebPage","@id":"https:\/\/tatkoopremovic.com\/product\/brijaci-2-ostrice\/","url":"https:\/\/tatkoopremovic.com\/product\/brijaci-2-ostrice\/","name":"Artist Republic Brija\u010di (2 o\u0161trice) - Tatko Opremovi\u0107","isPartOf":{"@id":"https:\/\/tatkoopremovic.com\/#website"},"primaryImageOfPage":{"@id":"https:\/\/tatkoopremovic.com\/product\/brijaci-2-ostrice\/#primaryimage"},"image":{"@id":"https:\/\/tatkoopremovic.com\/product\/brijaci-2-ostrice\/#primaryimage"},"thumbnailUrl":"https:\/\/tatkoopremovic.com\/wp-content\/uploads\/2024\/10\/br2-scaled.jpg","datePublished":"2024-10-08T07:45:54+00:00","dateModified":"2024-10-10T10:05:11+00:00","breadcrumb":{"@id":"https:\/\/tatkoopremovic.com\/product\/brijaci-2-ostrice\/#breadcrumb"},"inLanguage":"en-GB","potentialAction":[{"@type":"ReadAction","target":["https:\/\/tatkoopremovic.com\/product\/brijaci-2-ostrice\/"]}]},{"@type":"ImageObject","inLanguage":"en-GB","@id":"https:\/\/tatkoopremovic.com\/product\/brijaci-2-ostrice\/#primaryimage","url":"https:\/\/tatkoopremovic.com\/wp-content\/uploads\/2024\/10\/br2-scaled.jpg","contentUrl":"https:\/\/tatkoopremovic.com\/wp-content\/uploads\/2024\/10\/br2-scaled.jpg","width":2351,"height":2560},{"@type":"BreadcrumbList","@id":"https:\/\/tatkoopremovic.com\/product\/brijaci-2-ostrice\/#breadcrumb","itemListElement":[{"@type":"ListItem","position":1,"name":"Home","item":"https:\/\/tatkoopremovic.com\/"},{"@type":"ListItem","position":2,"name":"Shop","item":"https:\/\/tatkoopremovic.com\/shop\/"},{"@type":"ListItem","position":3,"name":"Artist Republic Brija\u010di (2 o\u0161trice)"}]},{"@type":"WebSite","@id":"https:\/\/tatkoopremovic.com\/#website","url":"https:\/\/tatkoopremovic.com\/","name":"Tatko Opremovi\u0107","description":"Tattoo Oprema","potentialAction":[{"@type":"SearchAction","target":{"@type":"EntryPoint","urlTemplate":"https:\/\/tatkoopremovic.com\/?s={search_term_string}"},"query-input":{"@type":"PropertyValueSpecification","valueRequired":true,"valueName":"search_term_string"}}],"inLanguage":"en-GB"}]}},"_links":{"self":[{"href":"https:\/\/tatkoopremovic.com\/en\/wp-json\/wp\/v2\/product\/10060","targetHints":{"allow":["GET"]}}],"collection":[{"href":"https:\/\/tatkoopremovic.com\/en\/wp-json\/wp\/v2\/product"}],"about":[{"href":"https:\/\/tatkoopremovic.com\/en\/wp-json\/wp\/v2\/types\/product"}],"wp:featuredmedia":[{"embeddable":true,"href":"https:\/\/tatkoopremovic.com\/en\/wp-json\/wp\/v2\/media\/10074"}],"wp:attachment":[{"href":"https:\/\/tatkoopremovic.com\/en\/wp-json\/wp\/v2\/media?parent=10060"}],"wp:term":[{"taxonomy":"product_brand","embeddable":true,"href":"https:\/\/tatkoopremovic.com\/en\/wp-json\/wp\/v2\/product_brand?post=10060"},{"taxonomy":"product_cat","embeddable":true,"href":"https:\/\/tatkoopremovic.com\/en\/wp-json\/wp\/v2\/product_cat?post=10060"},{"taxonomy":"product_tag","embeddable":true,"href":"https:\/\/tatkoopremovic.com\/en\/wp-json\/wp\/v2\/product_tag?post=10060"}],"curies":[{"name":"wp","href":"https:\/\/api.w.org\/{rel}","templated":true}]}}