{"id":11090,"date":"2025-01-27T10:21:59","date_gmt":"2025-01-27T10:21:59","guid":{"rendered":"https:\/\/tatkoopremovic.com\/?post_type=product&#038;p=11090"},"modified":"2026-02-18T14:15:52","modified_gmt":"2026-02-18T14:15:52","slug":"inkeeze-green-tattoo-ointment-473ml","status":"publish","type":"product","link":"https:\/\/tatkoopremovic.com\/en\/product\/inkeeze-green-tattoo-ointment-473ml\/","title":{"rendered":"INKEEZE GREEN TATTOO OINTMENT 473ML"},"content":{"rendered":"","protected":false},"excerpt":{"rendered":"<p>Inkeeze Green Tattoo Mast je posebno dizajnirana sa vitaminima A, C i E zajedno sa botani\u010dkim ekstraktima za upotrebu tokom nano\u0161enja va\u0161e nove tetova\u017ee i kao proizvod za negu posle.<\/p>\n<p>&nbsp;<\/p>\n<p>&nbsp;<\/p>\n<p>UPOZORENJA<\/p>\n<p>\u010cuvati van doma\u0161aja dece. Izbegavajte kontakt sa o\u010dima. U slu\u010daju slu\u010dajnog kontakta sa o\u010dima isprati hladnom vodom.<\/p>","protected":false},"featured_media":11091,"template":"","meta":[],"product_brand":[],"product_cat":[1138],"product_tag":[],"class_list":{"0":"post-11090","1":"product","2":"type-product","3":"status-publish","4":"has-post-thumbnail","6":"product_cat-ink-eeze","8":"first","9":"instock","10":"taxable","11":"shipping-taxable","12":"purchasable","13":"product-type-simple"},"yoast_head":"<!-- This site is optimized with the Yoast SEO plugin v26.8 - https:\/\/yoast.com\/product\/yoast-seo-wordpress\/ -->\n<title>INKEEZE GREEN TATTOO OINTMENT 473ML - Tatko Opremovi\u0107<\/title>\n<meta name=\"robots\" content=\"index, follow, max-snippet:-1, max-image-preview:large, max-video-preview:-1\" \/>\n<link rel=\"canonical\" href=\"https:\/\/tatkoopremovic.com\/en\/product\/inkeeze-green-tattoo-ointment-473ml\/\" \/>\n<meta property=\"og:locale\" content=\"en_GB\" \/>\n<meta property=\"og:type\" content=\"article\" \/>\n<meta property=\"og:title\" content=\"INKEEZE GREEN TATTOO OINTMENT 473ML - Tatko Opremovi\u0107\" \/>\n<meta property=\"og:description\" content=\"Inkeeze Green Tattoo Mast je posebno dizajnirana sa vitaminima A, C i E zajedno sa botani\u010dkim ekstraktima za upotrebu tokom nano\u0161enja va\u0161e nove tetova\u017ee i kao proizvod za negu posle.  &nbsp;  &nbsp;  UPOZORENJA  \u010cuvati van doma\u0161aja dece. Izbegavajte kontakt sa o\u010dima. U slu\u010daju slu\u010dajnog kontakta sa o\u010dima isprati hladnom vodom.\" \/>\n<meta property=\"og:url\" content=\"https:\/\/tatkoopremovic.com\/en\/product\/inkeeze-green-tattoo-ointment-473ml\/\" \/>\n<meta property=\"og:site_name\" content=\"Tatko Opremovi\u0107\" \/>\n<meta property=\"article:modified_time\" content=\"2026-02-18T14:15:52+00:00\" \/>\n<meta property=\"og:image\" content=\"https:\/\/tatkoopremovic.com\/wp-content\/uploads\/2025\/01\/green-tattoo-ointment-product-shots-1.jpg\" \/>\n\t<meta property=\"og:image:width\" content=\"700\" \/>\n\t<meta property=\"og:image:height\" content=\"700\" \/>\n\t<meta property=\"og:image:type\" content=\"image\/jpeg\" \/>\n<meta name=\"twitter:card\" content=\"summary_large_image\" \/>\n<script type=\"application\/ld+json\" class=\"yoast-schema-graph\">{\"@context\":\"https:\/\/schema.org\",\"@graph\":[{\"@type\":\"WebPage\",\"@id\":\"https:\/\/tatkoopremovic.com\/product\/inkeeze-green-tattoo-ointment-473ml\/\",\"url\":\"https:\/\/tatkoopremovic.com\/product\/inkeeze-green-tattoo-ointment-473ml\/\",\"name\":\"INKEEZE GREEN TATTOO OINTMENT 473ML - Tatko Opremovi\u0107\",\"isPartOf\":{\"@id\":\"https:\/\/tatkoopremovic.com\/#website\"},\"primaryImageOfPage\":{\"@id\":\"https:\/\/tatkoopremovic.com\/product\/inkeeze-green-tattoo-ointment-473ml\/#primaryimage\"},\"image\":{\"@id\":\"https:\/\/tatkoopremovic.com\/product\/inkeeze-green-tattoo-ointment-473ml\/#primaryimage\"},\"thumbnailUrl\":\"https:\/\/tatkoopremovic.com\/wp-content\/uploads\/2025\/01\/green-tattoo-ointment-product-shots-1.jpg\",\"datePublished\":\"2025-01-27T10:21:59+00:00\",\"dateModified\":\"2026-02-18T14:15:52+00:00\",\"breadcrumb\":{\"@id\":\"https:\/\/tatkoopremovic.com\/product\/inkeeze-green-tattoo-ointment-473ml\/#breadcrumb\"},\"inLanguage\":\"en-GB\",\"potentialAction\":[{\"@type\":\"ReadAction\",\"target\":[\"https:\/\/tatkoopremovic.com\/product\/inkeeze-green-tattoo-ointment-473ml\/\"]}]},{\"@type\":\"ImageObject\",\"inLanguage\":\"en-GB\",\"@id\":\"https:\/\/tatkoopremovic.com\/product\/inkeeze-green-tattoo-ointment-473ml\/#primaryimage\",\"url\":\"https:\/\/tatkoopremovic.com\/wp-content\/uploads\/2025\/01\/green-tattoo-ointment-product-shots-1.jpg\",\"contentUrl\":\"https:\/\/tatkoopremovic.com\/wp-content\/uploads\/2025\/01\/green-tattoo-ointment-product-shots-1.jpg\",\"width\":700,\"height\":700},{\"@type\":\"BreadcrumbList\",\"@id\":\"https:\/\/tatkoopremovic.com\/product\/inkeeze-green-tattoo-ointment-473ml\/#breadcrumb\",\"itemListElement\":[{\"@type\":\"ListItem\",\"position\":1,\"name\":\"Home\",\"item\":\"https:\/\/tatkoopremovic.com\/\"},{\"@type\":\"ListItem\",\"position\":2,\"name\":\"Shop\",\"item\":\"https:\/\/tatkoopremovic.com\/shop\/\"},{\"@type\":\"ListItem\",\"position\":3,\"name\":\"INKEEZE GREEN TATTOO OINTMENT 473ML\"}]},{\"@type\":\"WebSite\",\"@id\":\"https:\/\/tatkoopremovic.com\/#website\",\"url\":\"https:\/\/tatkoopremovic.com\/\",\"name\":\"Tatko Opremovi\u0107\",\"description\":\"Tattoo Oprema\",\"potentialAction\":[{\"@type\":\"SearchAction\",\"target\":{\"@type\":\"EntryPoint\",\"urlTemplate\":\"https:\/\/tatkoopremovic.com\/?s={search_term_string}\"},\"query-input\":{\"@type\":\"PropertyValueSpecification\",\"valueRequired\":true,\"valueName\":\"search_term_string\"}}],\"inLanguage\":\"en-GB\"}]}<\/script>\n<!-- \/ Yoast SEO plugin. -->","yoast_head_json":{"title":"INKEEZE GREEN TATTOO OINTMENT 473ML - Tatko Opremovi\u0107","robots":{"index":"index","follow":"follow","max-snippet":"max-snippet:-1","max-image-preview":"max-image-preview:large","max-video-preview":"max-video-preview:-1"},"canonical":"https:\/\/tatkoopremovic.com\/en\/product\/inkeeze-green-tattoo-ointment-473ml\/","og_locale":"en_GB","og_type":"article","og_title":"INKEEZE GREEN TATTOO OINTMENT 473ML - Tatko Opremovi\u0107","og_description":"Inkeeze Green Tattoo Mast je posebno dizajnirana sa vitaminima A, C i E zajedno sa botani\u010dkim ekstraktima za upotrebu tokom nano\u0161enja va\u0161e nove tetova\u017ee i kao proizvod za negu posle.  &nbsp;  &nbsp;  UPOZORENJA  \u010cuvati van doma\u0161aja dece. Izbegavajte kontakt sa o\u010dima. U slu\u010daju slu\u010dajnog kontakta sa o\u010dima isprati hladnom vodom.","og_url":"https:\/\/tatkoopremovic.com\/en\/product\/inkeeze-green-tattoo-ointment-473ml\/","og_site_name":"Tatko Opremovi\u0107","article_modified_time":"2026-02-18T14:15:52+00:00","og_image":[{"width":700,"height":700,"url":"https:\/\/tatkoopremovic.com\/wp-content\/uploads\/2025\/01\/green-tattoo-ointment-product-shots-1.jpg","type":"image\/jpeg"}],"twitter_card":"summary_large_image","schema":{"@context":"https:\/\/schema.org","@graph":[{"@type":"WebPage","@id":"https:\/\/tatkoopremovic.com\/product\/inkeeze-green-tattoo-ointment-473ml\/","url":"https:\/\/tatkoopremovic.com\/product\/inkeeze-green-tattoo-ointment-473ml\/","name":"INKEEZE GREEN TATTOO OINTMENT 473ML - Tatko Opremovi\u0107","isPartOf":{"@id":"https:\/\/tatkoopremovic.com\/#website"},"primaryImageOfPage":{"@id":"https:\/\/tatkoopremovic.com\/product\/inkeeze-green-tattoo-ointment-473ml\/#primaryimage"},"image":{"@id":"https:\/\/tatkoopremovic.com\/product\/inkeeze-green-tattoo-ointment-473ml\/#primaryimage"},"thumbnailUrl":"https:\/\/tatkoopremovic.com\/wp-content\/uploads\/2025\/01\/green-tattoo-ointment-product-shots-1.jpg","datePublished":"2025-01-27T10:21:59+00:00","dateModified":"2026-02-18T14:15:52+00:00","breadcrumb":{"@id":"https:\/\/tatkoopremovic.com\/product\/inkeeze-green-tattoo-ointment-473ml\/#breadcrumb"},"inLanguage":"en-GB","potentialAction":[{"@type":"ReadAction","target":["https:\/\/tatkoopremovic.com\/product\/inkeeze-green-tattoo-ointment-473ml\/"]}]},{"@type":"ImageObject","inLanguage":"en-GB","@id":"https:\/\/tatkoopremovic.com\/product\/inkeeze-green-tattoo-ointment-473ml\/#primaryimage","url":"https:\/\/tatkoopremovic.com\/wp-content\/uploads\/2025\/01\/green-tattoo-ointment-product-shots-1.jpg","contentUrl":"https:\/\/tatkoopremovic.com\/wp-content\/uploads\/2025\/01\/green-tattoo-ointment-product-shots-1.jpg","width":700,"height":700},{"@type":"BreadcrumbList","@id":"https:\/\/tatkoopremovic.com\/product\/inkeeze-green-tattoo-ointment-473ml\/#breadcrumb","itemListElement":[{"@type":"ListItem","position":1,"name":"Home","item":"https:\/\/tatkoopremovic.com\/"},{"@type":"ListItem","position":2,"name":"Shop","item":"https:\/\/tatkoopremovic.com\/shop\/"},{"@type":"ListItem","position":3,"name":"INKEEZE GREEN TATTOO OINTMENT 473ML"}]},{"@type":"WebSite","@id":"https:\/\/tatkoopremovic.com\/#website","url":"https:\/\/tatkoopremovic.com\/","name":"Tatko Opremovi\u0107","description":"Tattoo Oprema","potentialAction":[{"@type":"SearchAction","target":{"@type":"EntryPoint","urlTemplate":"https:\/\/tatkoopremovic.com\/?s={search_term_string}"},"query-input":{"@type":"PropertyValueSpecification","valueRequired":true,"valueName":"search_term_string"}}],"inLanguage":"en-GB"}]}},"_links":{"self":[{"href":"https:\/\/tatkoopremovic.com\/en\/wp-json\/wp\/v2\/product\/11090","targetHints":{"allow":["GET"]}}],"collection":[{"href":"https:\/\/tatkoopremovic.com\/en\/wp-json\/wp\/v2\/product"}],"about":[{"href":"https:\/\/tatkoopremovic.com\/en\/wp-json\/wp\/v2\/types\/product"}],"wp:featuredmedia":[{"embeddable":true,"href":"https:\/\/tatkoopremovic.com\/en\/wp-json\/wp\/v2\/media\/11091"}],"wp:attachment":[{"href":"https:\/\/tatkoopremovic.com\/en\/wp-json\/wp\/v2\/media?parent=11090"}],"wp:term":[{"taxonomy":"product_brand","embeddable":true,"href":"https:\/\/tatkoopremovic.com\/en\/wp-json\/wp\/v2\/product_brand?post=11090"},{"taxonomy":"product_cat","embeddable":true,"href":"https:\/\/tatkoopremovic.com\/en\/wp-json\/wp\/v2\/product_cat?post=11090"},{"taxonomy":"product_tag","embeddable":true,"href":"https:\/\/tatkoopremovic.com\/en\/wp-json\/wp\/v2\/product_tag?post=11090"}],"curies":[{"name":"wp","href":"https:\/\/api.w.org\/{rel}","templated":true}]}}