{"id":11107,"date":"2025-01-27T11:37:49","date_gmt":"2025-01-27T11:37:49","guid":{"rendered":"https:\/\/tatkoopremovic.com\/?post_type=product&#038;p=11107"},"modified":"2026-02-28T18:47:46","modified_gmt":"2026-02-28T18:47:46","slug":"inkeeze-jet-black-spatule","status":"publish","type":"product","link":"https:\/\/tatkoopremovic.com\/en\/product\/inkeeze-jet-black-spatule\/","title":{"rendered":"INKEEZE &#038; JET BLACK \u0160PATULE"},"content":{"rendered":"","protected":false},"excerpt":{"rendered":"<p>STERILIZOVANO &#8211; Ovo pakovanje od 100 komada crnih \u0161patula predstavlja ekolo\u0161ki prihvatljive i sterilne za rad. Ove \u0161patule su napravljene od ekolo\u0161ki prihvatljivog materijala od bambusa i savr\u0161eni su za preno\u0161enje masti bez kontaminacije. Kori\u0161\u0107enje bambusa je odr\u017eivije od tradicionalnog tvrdog drveta zbog njegove stope regeneracije od 3-5 godina (u pore\u0111enju sa 40-50 godina sa tradicionalnim tvrdim drvetom). \u010cak je i pakovanje napravljeno od recikliranog materijala! Svaka \u0161patula je pojedina\u010dno upakovan i EO sterilisan sa dvostrukim utisnutim logotipima koji poma\u017eu pri hvatanju.<\/p>","protected":false},"featured_media":11118,"template":"","meta":[],"product_brand":[],"product_cat":[98],"product_tag":[],"class_list":{"0":"post-11107","1":"product","2":"type-product","3":"status-publish","4":"has-post-thumbnail","6":"product_cat-spatule","8":"first","9":"outofstock","10":"taxable","11":"shipping-taxable","12":"purchasable","13":"product-type-simple"},"yoast_head":"<!-- This site is optimized with the Yoast SEO plugin v26.8 - https:\/\/yoast.com\/product\/yoast-seo-wordpress\/ -->\n<title>INKEEZE &amp; JET BLACK \u0160PATULE - Tatko Opremovi\u0107<\/title>\n<meta name=\"robots\" content=\"index, follow, max-snippet:-1, max-image-preview:large, max-video-preview:-1\" \/>\n<link rel=\"canonical\" href=\"https:\/\/tatkoopremovic.com\/en\/product\/inkeeze-jet-black-spatule\/\" \/>\n<meta property=\"og:locale\" content=\"en_GB\" \/>\n<meta property=\"og:type\" content=\"article\" \/>\n<meta property=\"og:title\" content=\"INKEEZE &amp; JET BLACK \u0160PATULE - Tatko Opremovi\u0107\" \/>\n<meta property=\"og:description\" content=\"STERILIZOVANO - Ovo pakovanje od 100 komada crnih \u0161patula predstavlja ekolo\u0161ki prihvatljive i sterilne za rad. Ove \u0161patule su napravljene od ekolo\u0161ki prihvatljivog materijala od bambusa i savr\u0161eni su za preno\u0161enje masti bez kontaminacije. Kori\u0161\u0107enje bambusa je odr\u017eivije od tradicionalnog tvrdog drveta zbog njegove stope regeneracije od 3-5 godina (u pore\u0111enju sa 40-50 godina sa tradicionalnim tvrdim drvetom). \u010cak je i pakovanje napravljeno od recikliranog materijala! Svaka \u0161patula je pojedina\u010dno upakovan i EO sterilisan sa dvostrukim utisnutim logotipima koji poma\u017eu pri hvatanju.\" \/>\n<meta property=\"og:url\" content=\"https:\/\/tatkoopremovic.com\/en\/product\/inkeeze-jet-black-spatule\/\" \/>\n<meta property=\"og:site_name\" content=\"Tatko Opremovi\u0107\" \/>\n<meta property=\"article:modified_time\" content=\"2026-02-28T18:47:46+00:00\" \/>\n<meta property=\"og:image\" content=\"https:\/\/tatkoopremovic.com\/wp-content\/uploads\/2025\/01\/1-1.jpg\" \/>\n\t<meta property=\"og:image:width\" content=\"600\" \/>\n\t<meta property=\"og:image:height\" content=\"600\" \/>\n\t<meta property=\"og:image:type\" content=\"image\/jpeg\" \/>\n<meta name=\"twitter:card\" content=\"summary_large_image\" \/>\n<script type=\"application\/ld+json\" class=\"yoast-schema-graph\">{\"@context\":\"https:\/\/schema.org\",\"@graph\":[{\"@type\":\"WebPage\",\"@id\":\"https:\/\/tatkoopremovic.com\/product\/inkeeze-jet-black-spatule\/\",\"url\":\"https:\/\/tatkoopremovic.com\/product\/inkeeze-jet-black-spatule\/\",\"name\":\"INKEEZE & JET BLACK \u0160PATULE - Tatko Opremovi\u0107\",\"isPartOf\":{\"@id\":\"https:\/\/tatkoopremovic.com\/#website\"},\"primaryImageOfPage\":{\"@id\":\"https:\/\/tatkoopremovic.com\/product\/inkeeze-jet-black-spatule\/#primaryimage\"},\"image\":{\"@id\":\"https:\/\/tatkoopremovic.com\/product\/inkeeze-jet-black-spatule\/#primaryimage\"},\"thumbnailUrl\":\"https:\/\/tatkoopremovic.com\/wp-content\/uploads\/2025\/01\/1-1.jpg\",\"datePublished\":\"2025-01-27T11:37:49+00:00\",\"dateModified\":\"2026-02-28T18:47:46+00:00\",\"breadcrumb\":{\"@id\":\"https:\/\/tatkoopremovic.com\/product\/inkeeze-jet-black-spatule\/#breadcrumb\"},\"inLanguage\":\"en-GB\",\"potentialAction\":[{\"@type\":\"ReadAction\",\"target\":[\"https:\/\/tatkoopremovic.com\/product\/inkeeze-jet-black-spatule\/\"]}]},{\"@type\":\"ImageObject\",\"inLanguage\":\"en-GB\",\"@id\":\"https:\/\/tatkoopremovic.com\/product\/inkeeze-jet-black-spatule\/#primaryimage\",\"url\":\"https:\/\/tatkoopremovic.com\/wp-content\/uploads\/2025\/01\/1-1.jpg\",\"contentUrl\":\"https:\/\/tatkoopremovic.com\/wp-content\/uploads\/2025\/01\/1-1.jpg\",\"width\":600,\"height\":600},{\"@type\":\"BreadcrumbList\",\"@id\":\"https:\/\/tatkoopremovic.com\/product\/inkeeze-jet-black-spatule\/#breadcrumb\",\"itemListElement\":[{\"@type\":\"ListItem\",\"position\":1,\"name\":\"Home\",\"item\":\"https:\/\/tatkoopremovic.com\/\"},{\"@type\":\"ListItem\",\"position\":2,\"name\":\"Shop\",\"item\":\"https:\/\/tatkoopremovic.com\/shop\/\"},{\"@type\":\"ListItem\",\"position\":3,\"name\":\"INKEEZE &#038; JET BLACK \u0160PATULE\"}]},{\"@type\":\"WebSite\",\"@id\":\"https:\/\/tatkoopremovic.com\/#website\",\"url\":\"https:\/\/tatkoopremovic.com\/\",\"name\":\"Tatko Opremovi\u0107\",\"description\":\"Tattoo Oprema\",\"potentialAction\":[{\"@type\":\"SearchAction\",\"target\":{\"@type\":\"EntryPoint\",\"urlTemplate\":\"https:\/\/tatkoopremovic.com\/?s={search_term_string}\"},\"query-input\":{\"@type\":\"PropertyValueSpecification\",\"valueRequired\":true,\"valueName\":\"search_term_string\"}}],\"inLanguage\":\"en-GB\"}]}<\/script>\n<!-- \/ Yoast SEO plugin. -->","yoast_head_json":{"title":"INKEEZE & JET BLACK \u0160PATULE - Tatko Opremovi\u0107","robots":{"index":"index","follow":"follow","max-snippet":"max-snippet:-1","max-image-preview":"max-image-preview:large","max-video-preview":"max-video-preview:-1"},"canonical":"https:\/\/tatkoopremovic.com\/en\/product\/inkeeze-jet-black-spatule\/","og_locale":"en_GB","og_type":"article","og_title":"INKEEZE & JET BLACK \u0160PATULE - Tatko Opremovi\u0107","og_description":"STERILIZOVANO - Ovo pakovanje od 100 komada crnih \u0161patula predstavlja ekolo\u0161ki prihvatljive i sterilne za rad. Ove \u0161patule su napravljene od ekolo\u0161ki prihvatljivog materijala od bambusa i savr\u0161eni su za preno\u0161enje masti bez kontaminacije. Kori\u0161\u0107enje bambusa je odr\u017eivije od tradicionalnog tvrdog drveta zbog njegove stope regeneracije od 3-5 godina (u pore\u0111enju sa 40-50 godina sa tradicionalnim tvrdim drvetom). \u010cak je i pakovanje napravljeno od recikliranog materijala! Svaka \u0161patula je pojedina\u010dno upakovan i EO sterilisan sa dvostrukim utisnutim logotipima koji poma\u017eu pri hvatanju.","og_url":"https:\/\/tatkoopremovic.com\/en\/product\/inkeeze-jet-black-spatule\/","og_site_name":"Tatko Opremovi\u0107","article_modified_time":"2026-02-28T18:47:46+00:00","og_image":[{"width":600,"height":600,"url":"https:\/\/tatkoopremovic.com\/wp-content\/uploads\/2025\/01\/1-1.jpg","type":"image\/jpeg"}],"twitter_card":"summary_large_image","schema":{"@context":"https:\/\/schema.org","@graph":[{"@type":"WebPage","@id":"https:\/\/tatkoopremovic.com\/product\/inkeeze-jet-black-spatule\/","url":"https:\/\/tatkoopremovic.com\/product\/inkeeze-jet-black-spatule\/","name":"INKEEZE & JET BLACK \u0160PATULE - Tatko Opremovi\u0107","isPartOf":{"@id":"https:\/\/tatkoopremovic.com\/#website"},"primaryImageOfPage":{"@id":"https:\/\/tatkoopremovic.com\/product\/inkeeze-jet-black-spatule\/#primaryimage"},"image":{"@id":"https:\/\/tatkoopremovic.com\/product\/inkeeze-jet-black-spatule\/#primaryimage"},"thumbnailUrl":"https:\/\/tatkoopremovic.com\/wp-content\/uploads\/2025\/01\/1-1.jpg","datePublished":"2025-01-27T11:37:49+00:00","dateModified":"2026-02-28T18:47:46+00:00","breadcrumb":{"@id":"https:\/\/tatkoopremovic.com\/product\/inkeeze-jet-black-spatule\/#breadcrumb"},"inLanguage":"en-GB","potentialAction":[{"@type":"ReadAction","target":["https:\/\/tatkoopremovic.com\/product\/inkeeze-jet-black-spatule\/"]}]},{"@type":"ImageObject","inLanguage":"en-GB","@id":"https:\/\/tatkoopremovic.com\/product\/inkeeze-jet-black-spatule\/#primaryimage","url":"https:\/\/tatkoopremovic.com\/wp-content\/uploads\/2025\/01\/1-1.jpg","contentUrl":"https:\/\/tatkoopremovic.com\/wp-content\/uploads\/2025\/01\/1-1.jpg","width":600,"height":600},{"@type":"BreadcrumbList","@id":"https:\/\/tatkoopremovic.com\/product\/inkeeze-jet-black-spatule\/#breadcrumb","itemListElement":[{"@type":"ListItem","position":1,"name":"Home","item":"https:\/\/tatkoopremovic.com\/"},{"@type":"ListItem","position":2,"name":"Shop","item":"https:\/\/tatkoopremovic.com\/shop\/"},{"@type":"ListItem","position":3,"name":"INKEEZE &#038; JET BLACK \u0160PATULE"}]},{"@type":"WebSite","@id":"https:\/\/tatkoopremovic.com\/#website","url":"https:\/\/tatkoopremovic.com\/","name":"Tatko Opremovi\u0107","description":"Tattoo Oprema","potentialAction":[{"@type":"SearchAction","target":{"@type":"EntryPoint","urlTemplate":"https:\/\/tatkoopremovic.com\/?s={search_term_string}"},"query-input":{"@type":"PropertyValueSpecification","valueRequired":true,"valueName":"search_term_string"}}],"inLanguage":"en-GB"}]}},"_links":{"self":[{"href":"https:\/\/tatkoopremovic.com\/en\/wp-json\/wp\/v2\/product\/11107","targetHints":{"allow":["GET"]}}],"collection":[{"href":"https:\/\/tatkoopremovic.com\/en\/wp-json\/wp\/v2\/product"}],"about":[{"href":"https:\/\/tatkoopremovic.com\/en\/wp-json\/wp\/v2\/types\/product"}],"wp:featuredmedia":[{"embeddable":true,"href":"https:\/\/tatkoopremovic.com\/en\/wp-json\/wp\/v2\/media\/11118"}],"wp:attachment":[{"href":"https:\/\/tatkoopremovic.com\/en\/wp-json\/wp\/v2\/media?parent=11107"}],"wp:term":[{"taxonomy":"product_brand","embeddable":true,"href":"https:\/\/tatkoopremovic.com\/en\/wp-json\/wp\/v2\/product_brand?post=11107"},{"taxonomy":"product_cat","embeddable":true,"href":"https:\/\/tatkoopremovic.com\/en\/wp-json\/wp\/v2\/product_cat?post=11107"},{"taxonomy":"product_tag","embeddable":true,"href":"https:\/\/tatkoopremovic.com\/en\/wp-json\/wp\/v2\/product_tag?post=11107"}],"curies":[{"name":"wp","href":"https:\/\/api.w.org\/{rel}","templated":true}]}}