{"id":11275,"date":"2025-01-29T12:08:50","date_gmt":"2025-01-29T12:08:50","guid":{"rendered":"https:\/\/tatkoopremovic.com\/?post_type=product&#038;p=11275"},"modified":"2026-02-24T09:19:52","modified_gmt":"2026-02-24T09:19:52","slug":"ambition-seher-gold","status":"publish","type":"product","link":"https:\/\/tatkoopremovic.com\/en\/product\/ambition-seher-gold\/","title":{"rendered":"AMBITION SEHER GOLD"},"content":{"rendered":"","protected":false},"excerpt":{"rendered":"<p>Ambition SEHER je podesiva ma\u0161ina za tetoviranje. Hod 2,2 mm-4,2 mm.<\/p>\n<p>Hod: 2,2 mm-4,2 mm (srednja pozicija rotirajuc\u0301e ma\u0161ine)<\/p>\n<p>2,2 mm-2,6 mm-3,0 mm-3,4 mm-3,8 mm-4,2 mm (6 podesivih poteza)<\/p>\n<p>LED ekran u boji osetljiv na dodir, 2400mAh velikog kapaciteta, 8-9 sati rada, memorijska funkcija.<\/p>\n<p>Ma\u0161ina koristi Coreless motor, brza, tiha, velika snaga.<\/p>\n<p>Ova ma\u0161ina podr\u017eava upotrebu be\u017ei\u010dne baterije i RCA kablovske veze.<\/p>\n<p>Veli\u010dina: 148 mm * 34 mm<\/p>\n<p>Veza: baterija i RCA interfejs<\/p>\n<p>Material: aluminum alloy<\/p>\n<p>Brzina: 12V\/10500rpm<\/p>\n<p>Napon: 4.5V-12V<\/p>\n<p>Kapacitet baterije: 2400 mAh<\/p>\n<p>O bateriji: Pritisnite i dr\u017eite taster Ambition du\u017ee od 10 sekundi da biste ponovo pokrenuli program baterije automatski zaklju\u010dati. Nakon 2 minuta rada ma\u0161ine, ekran c\u0301e se automatski zaklju\u010dati, a klizanje odozdo prema gore mo\u017ee ga otklju\u010dati.<\/p>\n<p>Baterija ima \u010detiri napona.<\/p>\n<p>&nbsp;<\/p>\n<p>Garancija: 6meseci<\/p>","protected":false},"featured_media":11276,"template":"","meta":[],"product_brand":[],"product_cat":[909],"product_tag":[925],"class_list":{"0":"post-11275","1":"product","2":"type-product","3":"status-publish","4":"has-post-thumbnail","6":"product_cat-ambition","7":"product_tag-ambition","9":"first","10":"instock","11":"featured","12":"taxable","13":"shipping-taxable","14":"purchasable","15":"product-type-simple"},"yoast_head":"<!-- This site is optimized with the Yoast SEO plugin v26.8 - https:\/\/yoast.com\/product\/yoast-seo-wordpress\/ -->\n<title>AMBITION SEHER GOLD - Tatko Opremovi\u0107<\/title>\n<meta name=\"robots\" content=\"index, follow, max-snippet:-1, max-image-preview:large, max-video-preview:-1\" \/>\n<link rel=\"canonical\" href=\"https:\/\/tatkoopremovic.com\/en\/product\/ambition-seher-gold\/\" \/>\n<meta property=\"og:locale\" content=\"en_GB\" \/>\n<meta property=\"og:type\" content=\"article\" \/>\n<meta property=\"og:title\" content=\"AMBITION SEHER GOLD - Tatko Opremovi\u0107\" \/>\n<meta property=\"og:description\" content=\"Ambition SEHER je podesiva ma\u0161ina za tetoviranje. Hod 2,2 mm-4,2 mm.  Hod: 2,2 mm-4,2 mm (srednja pozicija rotirajuc\u0301e ma\u0161ine)  2,2 mm-2,6 mm-3,0 mm-3,4 mm-3,8 mm-4,2 mm (6 podesivih poteza)  LED ekran u boji osetljiv na dodir, 2400mAh velikog kapaciteta, 8-9 sati rada, memorijska funkcija.  Ma\u0161ina koristi Coreless motor, brza, tiha, velika snaga.  Ova ma\u0161ina podr\u017eava upotrebu be\u017ei\u010dne baterije i RCA kablovske veze.  Veli\u010dina: 148 mm * 34 mm  Veza: baterija i RCA interfejs  Materijal: legura aluminijuma  Brzina: 12V\/10500rpm  Napon: 4.5V-12V  Kapacitet baterije: 2400 mAh  O bateriji: Pritisnite i dr\u017eite taster Ambition du\u017ee od 10 sekundi da biste ponovo pokrenuli program baterije automatski zaklju\u010dati. Nakon 2 minuta rada ma\u0161ine, ekran c\u0301e se automatski zaklju\u010dati, a klizanje odozdo prema gore mo\u017ee ga otklju\u010dati.  Baterija ima \u010detiri napona.  &nbsp;  Garancija: 6meseci\" \/>\n<meta property=\"og:url\" content=\"https:\/\/tatkoopremovic.com\/en\/product\/ambition-seher-gold\/\" \/>\n<meta property=\"og:site_name\" content=\"Tatko Opremovi\u0107\" \/>\n<meta property=\"article:modified_time\" content=\"2026-02-24T09:19:52+00:00\" \/>\n<meta property=\"og:image\" content=\"https:\/\/tatkoopremovic.com\/wp-content\/uploads\/2025\/01\/20230823\u5fc5\u80dc\u53ef\u8c03\u8282\u624b\u7eb9\u6b3e-\u5fc5\u80dc\u5f69\u5c4f\u89e6\u5c4f\u7535\u6c60\u767d\u5e95-19.jpg\" \/>\n\t<meta property=\"og:image:width\" content=\"1000\" \/>\n\t<meta property=\"og:image:height\" content=\"1000\" \/>\n\t<meta property=\"og:image:type\" content=\"image\/jpeg\" \/>\n<meta name=\"twitter:card\" content=\"summary_large_image\" \/>\n<script type=\"application\/ld+json\" class=\"yoast-schema-graph\">{\"@context\":\"https:\/\/schema.org\",\"@graph\":[{\"@type\":\"WebPage\",\"@id\":\"https:\/\/tatkoopremovic.com\/product\/ambition-seher-gold\/\",\"url\":\"https:\/\/tatkoopremovic.com\/product\/ambition-seher-gold\/\",\"name\":\"AMBITION SEHER GOLD - Tatko Opremovi\u0107\",\"isPartOf\":{\"@id\":\"https:\/\/tatkoopremovic.com\/#website\"},\"primaryImageOfPage\":{\"@id\":\"https:\/\/tatkoopremovic.com\/product\/ambition-seher-gold\/#primaryimage\"},\"image\":{\"@id\":\"https:\/\/tatkoopremovic.com\/product\/ambition-seher-gold\/#primaryimage\"},\"thumbnailUrl\":\"https:\/\/tatkoopremovic.com\/wp-content\/uploads\/2025\/01\/20230823\u5fc5\u80dc\u53ef\u8c03\u8282\u624b\u7eb9\u6b3e-\u5fc5\u80dc\u5f69\u5c4f\u89e6\u5c4f\u7535\u6c60\u767d\u5e95-19.jpg\",\"datePublished\":\"2025-01-29T12:08:50+00:00\",\"dateModified\":\"2026-02-24T09:19:52+00:00\",\"breadcrumb\":{\"@id\":\"https:\/\/tatkoopremovic.com\/product\/ambition-seher-gold\/#breadcrumb\"},\"inLanguage\":\"en-GB\",\"potentialAction\":[{\"@type\":\"ReadAction\",\"target\":[\"https:\/\/tatkoopremovic.com\/product\/ambition-seher-gold\/\"]}]},{\"@type\":\"ImageObject\",\"inLanguage\":\"en-GB\",\"@id\":\"https:\/\/tatkoopremovic.com\/product\/ambition-seher-gold\/#primaryimage\",\"url\":\"https:\/\/tatkoopremovic.com\/wp-content\/uploads\/2025\/01\/20230823\u5fc5\u80dc\u53ef\u8c03\u8282\u624b\u7eb9\u6b3e-\u5fc5\u80dc\u5f69\u5c4f\u89e6\u5c4f\u7535\u6c60\u767d\u5e95-19.jpg\",\"contentUrl\":\"https:\/\/tatkoopremovic.com\/wp-content\/uploads\/2025\/01\/20230823\u5fc5\u80dc\u53ef\u8c03\u8282\u624b\u7eb9\u6b3e-\u5fc5\u80dc\u5f69\u5c4f\u89e6\u5c4f\u7535\u6c60\u767d\u5e95-19.jpg\",\"width\":1000,\"height\":1000},{\"@type\":\"BreadcrumbList\",\"@id\":\"https:\/\/tatkoopremovic.com\/product\/ambition-seher-gold\/#breadcrumb\",\"itemListElement\":[{\"@type\":\"ListItem\",\"position\":1,\"name\":\"Home\",\"item\":\"https:\/\/tatkoopremovic.com\/\"},{\"@type\":\"ListItem\",\"position\":2,\"name\":\"Shop\",\"item\":\"https:\/\/tatkoopremovic.com\/shop\/\"},{\"@type\":\"ListItem\",\"position\":3,\"name\":\"AMBITION SEHER GOLD\"}]},{\"@type\":\"WebSite\",\"@id\":\"https:\/\/tatkoopremovic.com\/#website\",\"url\":\"https:\/\/tatkoopremovic.com\/\",\"name\":\"Tatko Opremovi\u0107\",\"description\":\"Tattoo Oprema\",\"potentialAction\":[{\"@type\":\"SearchAction\",\"target\":{\"@type\":\"EntryPoint\",\"urlTemplate\":\"https:\/\/tatkoopremovic.com\/?s={search_term_string}\"},\"query-input\":{\"@type\":\"PropertyValueSpecification\",\"valueRequired\":true,\"valueName\":\"search_term_string\"}}],\"inLanguage\":\"en-GB\"}]}<\/script>\n<!-- \/ Yoast SEO plugin. -->","yoast_head_json":{"title":"AMBITION SEHER GOLD - Tatko Opremovi\u0107","robots":{"index":"index","follow":"follow","max-snippet":"max-snippet:-1","max-image-preview":"max-image-preview:large","max-video-preview":"max-video-preview:-1"},"canonical":"https:\/\/tatkoopremovic.com\/en\/product\/ambition-seher-gold\/","og_locale":"en_GB","og_type":"article","og_title":"AMBITION SEHER GOLD - Tatko Opremovi\u0107","og_description":"Ambition SEHER je podesiva ma\u0161ina za tetoviranje. Hod 2,2 mm-4,2 mm.  Hod: 2,2 mm-4,2 mm (srednja pozicija rotirajuc\u0301e ma\u0161ine)  2,2 mm-2,6 mm-3,0 mm-3,4 mm-3,8 mm-4,2 mm (6 podesivih poteza)  LED ekran u boji osetljiv na dodir, 2400mAh velikog kapaciteta, 8-9 sati rada, memorijska funkcija.  Ma\u0161ina koristi Coreless motor, brza, tiha, velika snaga.  Ova ma\u0161ina podr\u017eava upotrebu be\u017ei\u010dne baterije i RCA kablovske veze.  Veli\u010dina: 148 mm * 34 mm  Veza: baterija i RCA interfejs  Materijal: legura aluminijuma  Brzina: 12V\/10500rpm  Napon: 4.5V-12V  Kapacitet baterije: 2400 mAh  O bateriji: Pritisnite i dr\u017eite taster Ambition du\u017ee od 10 sekundi da biste ponovo pokrenuli program baterije automatski zaklju\u010dati. Nakon 2 minuta rada ma\u0161ine, ekran c\u0301e se automatski zaklju\u010dati, a klizanje odozdo prema gore mo\u017ee ga otklju\u010dati.  Baterija ima \u010detiri napona.  &nbsp;  Garancija: 6meseci","og_url":"https:\/\/tatkoopremovic.com\/en\/product\/ambition-seher-gold\/","og_site_name":"Tatko Opremovi\u0107","article_modified_time":"2026-02-24T09:19:52+00:00","og_image":[{"width":1000,"height":1000,"url":"https:\/\/tatkoopremovic.com\/wp-content\/uploads\/2025\/01\/20230823\u5fc5\u80dc\u53ef\u8c03\u8282\u624b\u7eb9\u6b3e-\u5fc5\u80dc\u5f69\u5c4f\u89e6\u5c4f\u7535\u6c60\u767d\u5e95-19.jpg","type":"image\/jpeg"}],"twitter_card":"summary_large_image","schema":{"@context":"https:\/\/schema.org","@graph":[{"@type":"WebPage","@id":"https:\/\/tatkoopremovic.com\/product\/ambition-seher-gold\/","url":"https:\/\/tatkoopremovic.com\/product\/ambition-seher-gold\/","name":"AMBITION SEHER GOLD - Tatko Opremovi\u0107","isPartOf":{"@id":"https:\/\/tatkoopremovic.com\/#website"},"primaryImageOfPage":{"@id":"https:\/\/tatkoopremovic.com\/product\/ambition-seher-gold\/#primaryimage"},"image":{"@id":"https:\/\/tatkoopremovic.com\/product\/ambition-seher-gold\/#primaryimage"},"thumbnailUrl":"https:\/\/tatkoopremovic.com\/wp-content\/uploads\/2025\/01\/20230823\u5fc5\u80dc\u53ef\u8c03\u8282\u624b\u7eb9\u6b3e-\u5fc5\u80dc\u5f69\u5c4f\u89e6\u5c4f\u7535\u6c60\u767d\u5e95-19.jpg","datePublished":"2025-01-29T12:08:50+00:00","dateModified":"2026-02-24T09:19:52+00:00","breadcrumb":{"@id":"https:\/\/tatkoopremovic.com\/product\/ambition-seher-gold\/#breadcrumb"},"inLanguage":"en-GB","potentialAction":[{"@type":"ReadAction","target":["https:\/\/tatkoopremovic.com\/product\/ambition-seher-gold\/"]}]},{"@type":"ImageObject","inLanguage":"en-GB","@id":"https:\/\/tatkoopremovic.com\/product\/ambition-seher-gold\/#primaryimage","url":"https:\/\/tatkoopremovic.com\/wp-content\/uploads\/2025\/01\/20230823\u5fc5\u80dc\u53ef\u8c03\u8282\u624b\u7eb9\u6b3e-\u5fc5\u80dc\u5f69\u5c4f\u89e6\u5c4f\u7535\u6c60\u767d\u5e95-19.jpg","contentUrl":"https:\/\/tatkoopremovic.com\/wp-content\/uploads\/2025\/01\/20230823\u5fc5\u80dc\u53ef\u8c03\u8282\u624b\u7eb9\u6b3e-\u5fc5\u80dc\u5f69\u5c4f\u89e6\u5c4f\u7535\u6c60\u767d\u5e95-19.jpg","width":1000,"height":1000},{"@type":"BreadcrumbList","@id":"https:\/\/tatkoopremovic.com\/product\/ambition-seher-gold\/#breadcrumb","itemListElement":[{"@type":"ListItem","position":1,"name":"Home","item":"https:\/\/tatkoopremovic.com\/"},{"@type":"ListItem","position":2,"name":"Shop","item":"https:\/\/tatkoopremovic.com\/shop\/"},{"@type":"ListItem","position":3,"name":"AMBITION SEHER GOLD"}]},{"@type":"WebSite","@id":"https:\/\/tatkoopremovic.com\/#website","url":"https:\/\/tatkoopremovic.com\/","name":"Tatko Opremovi\u0107","description":"Tattoo Oprema","potentialAction":[{"@type":"SearchAction","target":{"@type":"EntryPoint","urlTemplate":"https:\/\/tatkoopremovic.com\/?s={search_term_string}"},"query-input":{"@type":"PropertyValueSpecification","valueRequired":true,"valueName":"search_term_string"}}],"inLanguage":"en-GB"}]}},"_links":{"self":[{"href":"https:\/\/tatkoopremovic.com\/en\/wp-json\/wp\/v2\/product\/11275","targetHints":{"allow":["GET"]}}],"collection":[{"href":"https:\/\/tatkoopremovic.com\/en\/wp-json\/wp\/v2\/product"}],"about":[{"href":"https:\/\/tatkoopremovic.com\/en\/wp-json\/wp\/v2\/types\/product"}],"wp:featuredmedia":[{"embeddable":true,"href":"https:\/\/tatkoopremovic.com\/en\/wp-json\/wp\/v2\/media\/11276"}],"wp:attachment":[{"href":"https:\/\/tatkoopremovic.com\/en\/wp-json\/wp\/v2\/media?parent=11275"}],"wp:term":[{"taxonomy":"product_brand","embeddable":true,"href":"https:\/\/tatkoopremovic.com\/en\/wp-json\/wp\/v2\/product_brand?post=11275"},{"taxonomy":"product_cat","embeddable":true,"href":"https:\/\/tatkoopremovic.com\/en\/wp-json\/wp\/v2\/product_cat?post=11275"},{"taxonomy":"product_tag","embeddable":true,"href":"https:\/\/tatkoopremovic.com\/en\/wp-json\/wp\/v2\/product_tag?post=11275"}],"curies":[{"name":"wp","href":"https:\/\/api.w.org\/{rel}","templated":true}]}}