{"id":1128,"date":"2022-09-08T07:49:55","date_gmt":"2022-09-08T07:49:55","guid":{"rendered":"https:\/\/tatkoopremovic.com\/?post_type=product&#038;p=1128"},"modified":"2025-12-10T12:09:00","modified_gmt":"2025-12-10T12:09:00","slug":"radna-stanica-kolica-m","status":"publish","type":"product","link":"https:\/\/tatkoopremovic.com\/en\/product\/radna-stanica-kolica-m\/","title":{"rendered":"QUEEN"},"content":{"rendered":"<p>Radna stanica Queen<\/p>\n<p>- Workstation with 2 lockable wheels<br \/>\n- Large capacity with 4 drawers<br \/>\n- High-quality made of stainless steel<br \/>\n- With adjustable stainless steel holder<\/p>\n<p>&nbsp;<\/p>\n<p>Product dimensions: 80*35.5*75.5<br \/>\nPackage size: 66*42*72cm<br \/>\nWeight: 38 kg<\/p>\n<p>Material: Metal<br \/>\nStainless steel<\/p>","protected":false},"excerpt":{"rendered":"<p>Workstation DP-4703<\/p>\n<p>- Workstation with 2 lockable wheels<br \/>\n- Large capacity with 4 drawers<br \/>\n- High-quality made of stainless steel<br \/>\n- With adjustable stainless steel holder<\/p>\n<p>&nbsp;<\/p>\n<p>Product dimensions: 80*35.5*75.5<br \/>\nPackage size: 66*42*72cm<br \/>\nWeight: 38 kg<\/p>\n<p>Material: Metal<br \/>\nStainless steel<\/p>","protected":false},"featured_media":1940,"template":"","meta":[],"product_brand":[],"product_cat":[79],"product_tag":[1211],"class_list":{"0":"post-1128","1":"product","2":"type-product","3":"status-publish","4":"has-post-thumbnail","6":"product_cat-radne-stanice","7":"product_tag-radne-stanice","9":"first","10":"instock","11":"taxable","12":"shipping-taxable","13":"purchasable","14":"product-type-simple"},"yoast_head":"<!-- This site is optimized with the Yoast SEO plugin v26.8 - https:\/\/yoast.com\/product\/yoast-seo-wordpress\/ -->\n<title>QUEEN - Tatko Opremovi\u0107<\/title>\n<meta name=\"robots\" content=\"index, follow, max-snippet:-1, max-image-preview:large, max-video-preview:-1\" \/>\n<link rel=\"canonical\" href=\"https:\/\/tatkoopremovic.com\/en\/product\/radna-stanica-kolica-m\/\" \/>\n<meta property=\"og:locale\" content=\"en_GB\" \/>\n<meta property=\"og:type\" content=\"article\" \/>\n<meta property=\"og:title\" content=\"QUEEN - Tatko Opremovi\u0107\" \/>\n<meta property=\"og:description\" content=\"Radna stanica DP-4703  -Radna stanica sa 2 to\u010dka koja se zaklju\u010davaju -Veliki kapacitet sa 4 fioke -Visok kvalitet napravljen od ner\u0111ajuc\u0301eg \u010delika -Sa podesivim dr\u017ea\u010dem od ner\u0111ajuc\u0301eg \u010delika  &nbsp;  Dimenzije proizvoda 80*35,5*75,5 Veli\u010dina pakovanja 66*42*72cm Te\u017eina 38 kg  Metalni materijal Ner\u0111ajuc\u0301i \u010delik\" \/>\n<meta property=\"og:url\" content=\"https:\/\/tatkoopremovic.com\/en\/product\/radna-stanica-kolica-m\/\" \/>\n<meta property=\"og:site_name\" content=\"Tatko Opremovi\u0107\" \/>\n<meta property=\"article:modified_time\" content=\"2025-12-10T12:09:00+00:00\" \/>\n<meta property=\"og:image\" content=\"https:\/\/tatkoopremovic.com\/wp-content\/uploads\/2022\/09\/4703-51-e1666954790823.jpg\" \/>\n\t<meta property=\"og:image:width\" content=\"1180\" \/>\n\t<meta property=\"og:image:height\" content=\"1180\" \/>\n\t<meta property=\"og:image:type\" content=\"image\/jpeg\" \/>\n<meta name=\"twitter:card\" content=\"summary_large_image\" \/>\n<meta name=\"twitter:label1\" content=\"Estimated reading time\" \/>\n\t<meta name=\"twitter:data1\" content=\"1 minute\" \/>\n<script type=\"application\/ld+json\" class=\"yoast-schema-graph\">{\"@context\":\"https:\/\/schema.org\",\"@graph\":[{\"@type\":\"WebPage\",\"@id\":\"https:\/\/tatkoopremovic.com\/product\/radna-stanica-kolica-m\/\",\"url\":\"https:\/\/tatkoopremovic.com\/product\/radna-stanica-kolica-m\/\",\"name\":\"QUEEN - Tatko Opremovi\u0107\",\"isPartOf\":{\"@id\":\"https:\/\/tatkoopremovic.com\/#website\"},\"primaryImageOfPage\":{\"@id\":\"https:\/\/tatkoopremovic.com\/product\/radna-stanica-kolica-m\/#primaryimage\"},\"image\":{\"@id\":\"https:\/\/tatkoopremovic.com\/product\/radna-stanica-kolica-m\/#primaryimage\"},\"thumbnailUrl\":\"https:\/\/tatkoopremovic.com\/wp-content\/uploads\/2022\/09\/4703-51-e1666954790823.jpg\",\"datePublished\":\"2022-09-08T07:49:55+00:00\",\"dateModified\":\"2025-12-10T12:09:00+00:00\",\"breadcrumb\":{\"@id\":\"https:\/\/tatkoopremovic.com\/product\/radna-stanica-kolica-m\/#breadcrumb\"},\"inLanguage\":\"en-GB\",\"potentialAction\":[{\"@type\":\"ReadAction\",\"target\":[\"https:\/\/tatkoopremovic.com\/product\/radna-stanica-kolica-m\/\"]}]},{\"@type\":\"ImageObject\",\"inLanguage\":\"en-GB\",\"@id\":\"https:\/\/tatkoopremovic.com\/product\/radna-stanica-kolica-m\/#primaryimage\",\"url\":\"https:\/\/tatkoopremovic.com\/wp-content\/uploads\/2022\/09\/4703-51-e1666954790823.jpg\",\"contentUrl\":\"https:\/\/tatkoopremovic.com\/wp-content\/uploads\/2022\/09\/4703-51-e1666954790823.jpg\",\"width\":1180,\"height\":1180},{\"@type\":\"BreadcrumbList\",\"@id\":\"https:\/\/tatkoopremovic.com\/product\/radna-stanica-kolica-m\/#breadcrumb\",\"itemListElement\":[{\"@type\":\"ListItem\",\"position\":1,\"name\":\"Home\",\"item\":\"https:\/\/tatkoopremovic.com\/\"},{\"@type\":\"ListItem\",\"position\":2,\"name\":\"Shop\",\"item\":\"https:\/\/tatkoopremovic.com\/shop\/\"},{\"@type\":\"ListItem\",\"position\":3,\"name\":\"QUEEN\"}]},{\"@type\":\"WebSite\",\"@id\":\"https:\/\/tatkoopremovic.com\/#website\",\"url\":\"https:\/\/tatkoopremovic.com\/\",\"name\":\"Tatko Opremovi\u0107\",\"description\":\"Tattoo Oprema\",\"potentialAction\":[{\"@type\":\"SearchAction\",\"target\":{\"@type\":\"EntryPoint\",\"urlTemplate\":\"https:\/\/tatkoopremovic.com\/?s={search_term_string}\"},\"query-input\":{\"@type\":\"PropertyValueSpecification\",\"valueRequired\":true,\"valueName\":\"search_term_string\"}}],\"inLanguage\":\"en-GB\"}]}<\/script>\n<!-- \/ Yoast SEO plugin. -->","yoast_head_json":{"title":"QUEEN - Tatko Opremovi\u0107","robots":{"index":"index","follow":"follow","max-snippet":"max-snippet:-1","max-image-preview":"max-image-preview:large","max-video-preview":"max-video-preview:-1"},"canonical":"https:\/\/tatkoopremovic.com\/en\/product\/radna-stanica-kolica-m\/","og_locale":"en_GB","og_type":"article","og_title":"QUEEN - Tatko Opremovi\u0107","og_description":"Radna stanica DP-4703  -Radna stanica sa 2 to\u010dka koja se zaklju\u010davaju -Veliki kapacitet sa 4 fioke -Visok kvalitet napravljen od ner\u0111ajuc\u0301eg \u010delika -Sa podesivim dr\u017ea\u010dem od ner\u0111ajuc\u0301eg \u010delika  &nbsp;  Dimenzije proizvoda 80*35,5*75,5 Veli\u010dina pakovanja 66*42*72cm Te\u017eina 38 kg  Metalni materijal Ner\u0111ajuc\u0301i \u010delik","og_url":"https:\/\/tatkoopremovic.com\/en\/product\/radna-stanica-kolica-m\/","og_site_name":"Tatko Opremovi\u0107","article_modified_time":"2025-12-10T12:09:00+00:00","og_image":[{"width":1180,"height":1180,"url":"https:\/\/tatkoopremovic.com\/wp-content\/uploads\/2022\/09\/4703-51-e1666954790823.jpg","type":"image\/jpeg"}],"twitter_card":"summary_large_image","twitter_misc":{"Estimated reading time":"1 minute"},"schema":{"@context":"https:\/\/schema.org","@graph":[{"@type":"WebPage","@id":"https:\/\/tatkoopremovic.com\/product\/radna-stanica-kolica-m\/","url":"https:\/\/tatkoopremovic.com\/product\/radna-stanica-kolica-m\/","name":"QUEEN - Tatko Opremovi\u0107","isPartOf":{"@id":"https:\/\/tatkoopremovic.com\/#website"},"primaryImageOfPage":{"@id":"https:\/\/tatkoopremovic.com\/product\/radna-stanica-kolica-m\/#primaryimage"},"image":{"@id":"https:\/\/tatkoopremovic.com\/product\/radna-stanica-kolica-m\/#primaryimage"},"thumbnailUrl":"https:\/\/tatkoopremovic.com\/wp-content\/uploads\/2022\/09\/4703-51-e1666954790823.jpg","datePublished":"2022-09-08T07:49:55+00:00","dateModified":"2025-12-10T12:09:00+00:00","breadcrumb":{"@id":"https:\/\/tatkoopremovic.com\/product\/radna-stanica-kolica-m\/#breadcrumb"},"inLanguage":"en-GB","potentialAction":[{"@type":"ReadAction","target":["https:\/\/tatkoopremovic.com\/product\/radna-stanica-kolica-m\/"]}]},{"@type":"ImageObject","inLanguage":"en-GB","@id":"https:\/\/tatkoopremovic.com\/product\/radna-stanica-kolica-m\/#primaryimage","url":"https:\/\/tatkoopremovic.com\/wp-content\/uploads\/2022\/09\/4703-51-e1666954790823.jpg","contentUrl":"https:\/\/tatkoopremovic.com\/wp-content\/uploads\/2022\/09\/4703-51-e1666954790823.jpg","width":1180,"height":1180},{"@type":"BreadcrumbList","@id":"https:\/\/tatkoopremovic.com\/product\/radna-stanica-kolica-m\/#breadcrumb","itemListElement":[{"@type":"ListItem","position":1,"name":"Home","item":"https:\/\/tatkoopremovic.com\/"},{"@type":"ListItem","position":2,"name":"Shop","item":"https:\/\/tatkoopremovic.com\/shop\/"},{"@type":"ListItem","position":3,"name":"QUEEN"}]},{"@type":"WebSite","@id":"https:\/\/tatkoopremovic.com\/#website","url":"https:\/\/tatkoopremovic.com\/","name":"Tatko Opremovi\u0107","description":"Tattoo Oprema","potentialAction":[{"@type":"SearchAction","target":{"@type":"EntryPoint","urlTemplate":"https:\/\/tatkoopremovic.com\/?s={search_term_string}"},"query-input":{"@type":"PropertyValueSpecification","valueRequired":true,"valueName":"search_term_string"}}],"inLanguage":"en-GB"}]}},"_links":{"self":[{"href":"https:\/\/tatkoopremovic.com\/en\/wp-json\/wp\/v2\/product\/1128","targetHints":{"allow":["GET"]}}],"collection":[{"href":"https:\/\/tatkoopremovic.com\/en\/wp-json\/wp\/v2\/product"}],"about":[{"href":"https:\/\/tatkoopremovic.com\/en\/wp-json\/wp\/v2\/types\/product"}],"wp:featuredmedia":[{"embeddable":true,"href":"https:\/\/tatkoopremovic.com\/en\/wp-json\/wp\/v2\/media\/1940"}],"wp:attachment":[{"href":"https:\/\/tatkoopremovic.com\/en\/wp-json\/wp\/v2\/media?parent=1128"}],"wp:term":[{"taxonomy":"product_brand","embeddable":true,"href":"https:\/\/tatkoopremovic.com\/en\/wp-json\/wp\/v2\/product_brand?post=1128"},{"taxonomy":"product_cat","embeddable":true,"href":"https:\/\/tatkoopremovic.com\/en\/wp-json\/wp\/v2\/product_cat?post=1128"},{"taxonomy":"product_tag","embeddable":true,"href":"https:\/\/tatkoopremovic.com\/en\/wp-json\/wp\/v2\/product_tag?post=1128"}],"curies":[{"name":"wp","href":"https:\/\/api.w.org\/{rel}","templated":true}]}}