{"id":11362,"date":"2025-02-04T12:24:31","date_gmt":"2025-02-04T12:24:31","guid":{"rendered":"https:\/\/tatkoopremovic.com\/?post_type=product&#038;p=11362"},"modified":"2025-11-14T16:47:04","modified_gmt":"2025-11-14T16:47:04","slug":"ambition-soldier-max-gold","status":"publish","type":"product","link":"https:\/\/tatkoopremovic.com\/en\/product\/ambition-soldier-max-gold\/","title":{"rendered":"Ambition Soldier Max &#8211; GOLD"},"content":{"rendered":"","protected":false},"excerpt":{"rendered":"<p>The Ambition Soldier Max tattoo machine<br \/>\nis made of aluminum alloy, with a length of 132 mm and a weight of 186 g.<br \/>\nIt has a sleek design, comfortable grip, and balanced weight.<br \/>\nThe entire machine can be disassembled, allowing artists to clean each part in various ways.<\/p>\n<p>It features a color HD screen that can display the startup mode, voltage, timer, billing, hertz, and frequency.<\/p>\n<p>The machine has two startup modes, where J stands for 8V jump start and S stands for normal start.<\/p>\n<p>The larger battery capacity is 2400mAh, with a battery life of 8-10 hours.<br \/>\nThe smaller battery is 1800mAh, with a battery life of approximately 6 hours.<br \/>\nTwo operating modes are available, frequency and regular.<br \/>\nThe frequency mode offers 50 different levels that can be adjusted.<br \/>\nThis allows the machine to work more efficiently.<\/p>\n<p>This ambitious rotary tattoo machine is powered by a custom coreless motor that is powerful and stable. The motor speed is 13,000 rpm\/12V.<br \/>\nIt is perfectly compatible with our straight drive bar, ensuring that the machine always maintains low noise and low vibration. The straight drive bar has minimal resistance during operation, stronger power, and less skin damage.<br \/>\n.<\/p>\n<p>Two built-in bearings enable the machine to be precise.<\/p>\n<p>Product weight: 186g\/201g<br \/>\nProduct size: 132 * 32.5 mm \/ 146 * 32.5 mm<br \/>\nMotor size: 25mm x 8mm<br \/>\nMotor speed: 12V 13000rpm<br \/>\nNeedle stroke: 4.0mm<br \/>\nVoltage range: 4.0-12V<br \/>\nBattery capacity: 2400 mAh \/ 1800 mAh<br \/>\nUsage time: 8-10 hours \/ 6-7 hours<br \/>\nVibration value: 2.0m\/s2<br \/>\nDecibel value: 52-55dB<br \/>\nDual mode:<br \/>\nStandard mode \/ 8V strong start mode<br \/>\nDisplay \"J\" for forced start mode<br \/>\nDisplay \"S\" for standard mode<br \/>\nPress and hold for 2 seconds to change modes, you can set the button to touch the acceleration button.<br \/>\nChange the mode again to switch to the billing button Long press the power switch button = on\/off,<br \/>\nShort press the button to flexibly set pause or resume (resume paused mode)<br \/>\nQuickly double-click the switch button to change modes<br \/>\nPress and hold for 2 seconds to change the operating mode, switch between stitches or regular mode<\/p>\n<p>Package contents:<\/p>\n<p>Ambition machine (battery capacity: 2400 mAh), 1 additional battery (battery capacity: 1800 mAh), 1 RCA adapter, 1 USB fast charging cable, 1pc USB fast charging cable, 1pc Box.<\/p>\n<p>&nbsp;<\/p>\n<p>Garancija: 6meseci<\/p>","protected":false},"featured_media":11363,"template":"","meta":[],"product_brand":[],"product_cat":[909],"product_tag":[925],"class_list":{"0":"post-11362","1":"product","2":"type-product","3":"status-publish","4":"has-post-thumbnail","6":"product_cat-ambition","7":"product_tag-ambition","9":"first","10":"instock","11":"taxable","12":"shipping-taxable","13":"purchasable","14":"product-type-simple"},"yoast_head":"<!-- This site is optimized with the Yoast SEO plugin v26.8 - https:\/\/yoast.com\/product\/yoast-seo-wordpress\/ -->\n<title>Ambition Soldier Max - GOLD - Tatko Opremovi\u0107<\/title>\n<meta name=\"robots\" content=\"index, follow, max-snippet:-1, max-image-preview:large, max-video-preview:-1\" \/>\n<link rel=\"canonical\" href=\"https:\/\/tatkoopremovic.com\/en\/product\/ambition-soldier-max-gold\/\" \/>\n<meta property=\"og:locale\" content=\"en_GB\" \/>\n<meta property=\"og:type\" content=\"article\" \/>\n<meta property=\"og:title\" content=\"Ambition Soldier Max - GOLD - Tatko Opremovi\u0107\" \/>\n<meta property=\"og:description\" content=\"Ambition soldier max tattoo ma\u0161inica je napravljena od legure aluminijuma, njena du\u017eina je 132 mm, te\u017eina 186 g. Odli\u010dan izgled, udoban za dr\u017eanje i uravnote\u017eena te\u017eina. Cela ma\u0161inica se mo\u017ee rastaviti, omoguc\u0301avajuc\u0301i umetnicima da o\u010diste svaki deo na razli\u010dite na\u010dine.  HD ekran u boji koji mo\u017ee da prika\u017ee re\u017eim pokretanja, napon, tajmer, naplatu, herce i frekvenciju.  Ma\u0161inica ima dva re\u017eima pokretanja, J zna\u010di 8V jump start, S zna\u010di normalan start.  Kapacitet ve\u0107e baterije je 2400mAh, trajanje baterije je 8-10 sati. Manja baterija je 1800mAh, trajanje baterije je oko 6 sati. Pode\u0161ana su dva re\u017eima rada, frekventni i redovni. Re\u017eim frekvencije ima 50 razli\u010ditih nivoa koji se mogu podesiti. To daje ma\u0161ini moguc\u0301nost da radi vi\u0161e.  Ovu ambicioznu rotirajuc\u0301u masinu za tetoviranje pokrec\u0301e prilago\u0111eni motor bez jezgra koji je moc\u0301an i stabilan. Brzina motora je 13.000 o\/min\/12V. Savr\u0161eno je kompatibilan sa na\u0161om ravnom pogonskom \u0161ipkom, \u010dini da ma\u0161ina uvek odr\u017eava nisku buku i niske vibracije. Ravna \u0161ipka ima mali otpor tokom rada, ja\u010du snagu i manje o\u0161tec\u0301enja ko\u017ee .  Dva ugra\u0111ena le\u017eaja omoguc\u0301avaju ma\u0161ini da bude precizna.  Te\u017eina proizvoda: 186g\/201g Veli\u010dina proizvoda: 132 * 32,5 mm \/ 146 * 32,5 mm Veli\u010dina motora 25mmk8mm Brzina motora 12V13000rpm Hod igle 4,0 mm Opseg napona 4.0-12V Kapacitet baterije 2400 mAh\/1800 mAh Vreme upotrebe 8-10 sati\/6-7 sati Vrednost vibracije 2.0m\/s2 Vrednost decibela 52-55dB Dual mod: Standardni re\u017eim \/ 8V re\u017eim sna\u017enog pokretanja Prikaz &quot;J&quot; za re\u017eim prinudnog pokretanja Prika\u017eite &quot;S&quot; za standardni re\u017eim Nakon \u0161to pritisnete i dr\u017eite 2 sekunde da biste promenili re\u017eime, mo\u017eete podesiti dugme da dodirne dugme za ubrzanje. Ponovo promenite re\u017eim da biste pre\u0161li na dugme za povec\u0301anje naplate Dugo dugme za prekida\u010d za napajanje = uklju\u010deno\/isklju\u010deno, Kratko pritisnite dugme da fleksibilno podesite pauzu ili nastavak (nastavite pauzirani re\u017eim) Brzo dvaput kliknite na taster za prebacivanje da biste promenili re\u017eime Pritisnite i dr\u017eite 2 sekunde da biste promenili re\u017eim rada, prebacili se izme\u0111u uboda ili redovnog re\u017eima  Sadr\u017eaj u pakovanju:  Ambition ma\u0161ina\u00a0 \u00a0(kapacitet baterije: 2400 mAh), 1 dodatnu bateriju (kapacitet baterije: 1800 mAh), 1 RCA adapter, 1 USB kabl za brzo punjenje, 1 kom USB kabl za brzo punjenje 1pc Box.  &nbsp;  Garancija: 6meseci\" \/>\n<meta property=\"og:url\" content=\"https:\/\/tatkoopremovic.com\/en\/product\/ambition-soldier-max-gold\/\" \/>\n<meta property=\"og:site_name\" content=\"Tatko Opremovi\u0107\" \/>\n<meta property=\"article:modified_time\" content=\"2025-11-14T16:47:04+00:00\" \/>\n<meta property=\"og:image\" content=\"https:\/\/tatkoopremovic.com\/wp-content\/uploads\/2025\/02\/2023120618-02.jpg\" \/>\n\t<meta property=\"og:image:width\" content=\"1000\" \/>\n\t<meta property=\"og:image:height\" content=\"1000\" \/>\n\t<meta property=\"og:image:type\" content=\"image\/jpeg\" \/>\n<meta name=\"twitter:card\" content=\"summary_large_image\" \/>\n<script type=\"application\/ld+json\" class=\"yoast-schema-graph\">{\"@context\":\"https:\/\/schema.org\",\"@graph\":[{\"@type\":\"WebPage\",\"@id\":\"https:\/\/tatkoopremovic.com\/product\/ambition-soldier-max-gold\/\",\"url\":\"https:\/\/tatkoopremovic.com\/product\/ambition-soldier-max-gold\/\",\"name\":\"Ambition Soldier Max - GOLD - Tatko Opremovi\u0107\",\"isPartOf\":{\"@id\":\"https:\/\/tatkoopremovic.com\/#website\"},\"primaryImageOfPage\":{\"@id\":\"https:\/\/tatkoopremovic.com\/product\/ambition-soldier-max-gold\/#primaryimage\"},\"image\":{\"@id\":\"https:\/\/tatkoopremovic.com\/product\/ambition-soldier-max-gold\/#primaryimage\"},\"thumbnailUrl\":\"https:\/\/tatkoopremovic.com\/wp-content\/uploads\/2025\/02\/2023120618-02.jpg\",\"datePublished\":\"2025-02-04T12:24:31+00:00\",\"dateModified\":\"2025-11-14T16:47:04+00:00\",\"breadcrumb\":{\"@id\":\"https:\/\/tatkoopremovic.com\/product\/ambition-soldier-max-gold\/#breadcrumb\"},\"inLanguage\":\"en-GB\",\"potentialAction\":[{\"@type\":\"ReadAction\",\"target\":[\"https:\/\/tatkoopremovic.com\/product\/ambition-soldier-max-gold\/\"]}]},{\"@type\":\"ImageObject\",\"inLanguage\":\"en-GB\",\"@id\":\"https:\/\/tatkoopremovic.com\/product\/ambition-soldier-max-gold\/#primaryimage\",\"url\":\"https:\/\/tatkoopremovic.com\/wp-content\/uploads\/2025\/02\/2023120618-02.jpg\",\"contentUrl\":\"https:\/\/tatkoopremovic.com\/wp-content\/uploads\/2025\/02\/2023120618-02.jpg\",\"width\":1000,\"height\":1000},{\"@type\":\"BreadcrumbList\",\"@id\":\"https:\/\/tatkoopremovic.com\/product\/ambition-soldier-max-gold\/#breadcrumb\",\"itemListElement\":[{\"@type\":\"ListItem\",\"position\":1,\"name\":\"Home\",\"item\":\"https:\/\/tatkoopremovic.com\/\"},{\"@type\":\"ListItem\",\"position\":2,\"name\":\"Shop\",\"item\":\"https:\/\/tatkoopremovic.com\/shop\/\"},{\"@type\":\"ListItem\",\"position\":3,\"name\":\"Ambition Soldier Max &#8211; GOLD\"}]},{\"@type\":\"WebSite\",\"@id\":\"https:\/\/tatkoopremovic.com\/#website\",\"url\":\"https:\/\/tatkoopremovic.com\/\",\"name\":\"Tatko Opremovi\u0107\",\"description\":\"Tattoo Oprema\",\"potentialAction\":[{\"@type\":\"SearchAction\",\"target\":{\"@type\":\"EntryPoint\",\"urlTemplate\":\"https:\/\/tatkoopremovic.com\/?s={search_term_string}\"},\"query-input\":{\"@type\":\"PropertyValueSpecification\",\"valueRequired\":true,\"valueName\":\"search_term_string\"}}],\"inLanguage\":\"en-GB\"}]}<\/script>\n<!-- \/ Yoast SEO plugin. -->","yoast_head_json":{"title":"Ambition Soldier Max - GOLD - Tatko Opremovi\u0107","robots":{"index":"index","follow":"follow","max-snippet":"max-snippet:-1","max-image-preview":"max-image-preview:large","max-video-preview":"max-video-preview:-1"},"canonical":"https:\/\/tatkoopremovic.com\/en\/product\/ambition-soldier-max-gold\/","og_locale":"en_GB","og_type":"article","og_title":"Ambition Soldier Max - GOLD - Tatko Opremovi\u0107","og_description":"Ambition soldier max tattoo ma\u0161inica je napravljena od legure aluminijuma, njena du\u017eina je 132 mm, te\u017eina 186 g. Odli\u010dan izgled, udoban za dr\u017eanje i uravnote\u017eena te\u017eina. Cela ma\u0161inica se mo\u017ee rastaviti, omoguc\u0301avajuc\u0301i umetnicima da o\u010diste svaki deo na razli\u010dite na\u010dine.  HD ekran u boji koji mo\u017ee da prika\u017ee re\u017eim pokretanja, napon, tajmer, naplatu, herce i frekvenciju.  Ma\u0161inica ima dva re\u017eima pokretanja, J zna\u010di 8V jump start, S zna\u010di normalan start.  Kapacitet ve\u0107e baterije je 2400mAh, trajanje baterije je 8-10 sati. Manja baterija je 1800mAh, trajanje baterije je oko 6 sati. Pode\u0161ana su dva re\u017eima rada, frekventni i redovni. Re\u017eim frekvencije ima 50 razli\u010ditih nivoa koji se mogu podesiti. To daje ma\u0161ini moguc\u0301nost da radi vi\u0161e.  Ovu ambicioznu rotirajuc\u0301u masinu za tetoviranje pokrec\u0301e prilago\u0111eni motor bez jezgra koji je moc\u0301an i stabilan. Brzina motora je 13.000 o\/min\/12V. Savr\u0161eno je kompatibilan sa na\u0161om ravnom pogonskom \u0161ipkom, \u010dini da ma\u0161ina uvek odr\u017eava nisku buku i niske vibracije. Ravna \u0161ipka ima mali otpor tokom rada, ja\u010du snagu i manje o\u0161tec\u0301enja ko\u017ee .  Dva ugra\u0111ena le\u017eaja omoguc\u0301avaju ma\u0161ini da bude precizna.  Te\u017eina proizvoda: 186g\/201g Veli\u010dina proizvoda: 132 * 32,5 mm \/ 146 * 32,5 mm Veli\u010dina motora 25mmk8mm Brzina motora 12V13000rpm Hod igle 4,0 mm Opseg napona 4.0-12V Kapacitet baterije 2400 mAh\/1800 mAh Vreme upotrebe 8-10 sati\/6-7 sati Vrednost vibracije 2.0m\/s2 Vrednost decibela 52-55dB Dual mod: Standardni re\u017eim \/ 8V re\u017eim sna\u017enog pokretanja Prikaz \"J\" za re\u017eim prinudnog pokretanja Prika\u017eite \"S\" za standardni re\u017eim Nakon \u0161to pritisnete i dr\u017eite 2 sekunde da biste promenili re\u017eime, mo\u017eete podesiti dugme da dodirne dugme za ubrzanje. Ponovo promenite re\u017eim da biste pre\u0161li na dugme za povec\u0301anje naplate Dugo dugme za prekida\u010d za napajanje = uklju\u010deno\/isklju\u010deno, Kratko pritisnite dugme da fleksibilno podesite pauzu ili nastavak (nastavite pauzirani re\u017eim) Brzo dvaput kliknite na taster za prebacivanje da biste promenili re\u017eime Pritisnite i dr\u017eite 2 sekunde da biste promenili re\u017eim rada, prebacili se izme\u0111u uboda ili redovnog re\u017eima  Sadr\u017eaj u pakovanju:  Ambition ma\u0161ina\u00a0 \u00a0(kapacitet baterije: 2400 mAh), 1 dodatnu bateriju (kapacitet baterije: 1800 mAh), 1 RCA adapter, 1 USB kabl za brzo punjenje, 1 kom USB kabl za brzo punjenje 1pc Box.  &nbsp;  Garancija: 6meseci","og_url":"https:\/\/tatkoopremovic.com\/en\/product\/ambition-soldier-max-gold\/","og_site_name":"Tatko Opremovi\u0107","article_modified_time":"2025-11-14T16:47:04+00:00","og_image":[{"width":1000,"height":1000,"url":"https:\/\/tatkoopremovic.com\/wp-content\/uploads\/2025\/02\/2023120618-02.jpg","type":"image\/jpeg"}],"twitter_card":"summary_large_image","schema":{"@context":"https:\/\/schema.org","@graph":[{"@type":"WebPage","@id":"https:\/\/tatkoopremovic.com\/product\/ambition-soldier-max-gold\/","url":"https:\/\/tatkoopremovic.com\/product\/ambition-soldier-max-gold\/","name":"Ambition Soldier Max - GOLD - Tatko Opremovi\u0107","isPartOf":{"@id":"https:\/\/tatkoopremovic.com\/#website"},"primaryImageOfPage":{"@id":"https:\/\/tatkoopremovic.com\/product\/ambition-soldier-max-gold\/#primaryimage"},"image":{"@id":"https:\/\/tatkoopremovic.com\/product\/ambition-soldier-max-gold\/#primaryimage"},"thumbnailUrl":"https:\/\/tatkoopremovic.com\/wp-content\/uploads\/2025\/02\/2023120618-02.jpg","datePublished":"2025-02-04T12:24:31+00:00","dateModified":"2025-11-14T16:47:04+00:00","breadcrumb":{"@id":"https:\/\/tatkoopremovic.com\/product\/ambition-soldier-max-gold\/#breadcrumb"},"inLanguage":"en-GB","potentialAction":[{"@type":"ReadAction","target":["https:\/\/tatkoopremovic.com\/product\/ambition-soldier-max-gold\/"]}]},{"@type":"ImageObject","inLanguage":"en-GB","@id":"https:\/\/tatkoopremovic.com\/product\/ambition-soldier-max-gold\/#primaryimage","url":"https:\/\/tatkoopremovic.com\/wp-content\/uploads\/2025\/02\/2023120618-02.jpg","contentUrl":"https:\/\/tatkoopremovic.com\/wp-content\/uploads\/2025\/02\/2023120618-02.jpg","width":1000,"height":1000},{"@type":"BreadcrumbList","@id":"https:\/\/tatkoopremovic.com\/product\/ambition-soldier-max-gold\/#breadcrumb","itemListElement":[{"@type":"ListItem","position":1,"name":"Home","item":"https:\/\/tatkoopremovic.com\/"},{"@type":"ListItem","position":2,"name":"Shop","item":"https:\/\/tatkoopremovic.com\/shop\/"},{"@type":"ListItem","position":3,"name":"Ambition Soldier Max &#8211; GOLD"}]},{"@type":"WebSite","@id":"https:\/\/tatkoopremovic.com\/#website","url":"https:\/\/tatkoopremovic.com\/","name":"Tatko Opremovi\u0107","description":"Tattoo Oprema","potentialAction":[{"@type":"SearchAction","target":{"@type":"EntryPoint","urlTemplate":"https:\/\/tatkoopremovic.com\/?s={search_term_string}"},"query-input":{"@type":"PropertyValueSpecification","valueRequired":true,"valueName":"search_term_string"}}],"inLanguage":"en-GB"}]}},"_links":{"self":[{"href":"https:\/\/tatkoopremovic.com\/en\/wp-json\/wp\/v2\/product\/11362","targetHints":{"allow":["GET"]}}],"collection":[{"href":"https:\/\/tatkoopremovic.com\/en\/wp-json\/wp\/v2\/product"}],"about":[{"href":"https:\/\/tatkoopremovic.com\/en\/wp-json\/wp\/v2\/types\/product"}],"wp:featuredmedia":[{"embeddable":true,"href":"https:\/\/tatkoopremovic.com\/en\/wp-json\/wp\/v2\/media\/11363"}],"wp:attachment":[{"href":"https:\/\/tatkoopremovic.com\/en\/wp-json\/wp\/v2\/media?parent=11362"}],"wp:term":[{"taxonomy":"product_brand","embeddable":true,"href":"https:\/\/tatkoopremovic.com\/en\/wp-json\/wp\/v2\/product_brand?post=11362"},{"taxonomy":"product_cat","embeddable":true,"href":"https:\/\/tatkoopremovic.com\/en\/wp-json\/wp\/v2\/product_cat?post=11362"},{"taxonomy":"product_tag","embeddable":true,"href":"https:\/\/tatkoopremovic.com\/en\/wp-json\/wp\/v2\/product_tag?post=11362"}],"curies":[{"name":"wp","href":"https:\/\/api.w.org\/{rel}","templated":true}]}}