{"id":12031,"date":"2025-03-25T14:11:55","date_gmt":"2025-03-25T14:11:55","guid":{"rendered":"https:\/\/tatkoopremovic.com\/?post_type=product&#038;p=12031"},"modified":"2025-06-06T11:22:21","modified_gmt":"2025-06-06T11:22:21","slug":"stigma-chroma-pro-midnight-blue","status":"publish","type":"product","link":"https:\/\/tatkoopremovic.com\/en\/product\/stigma-chroma-pro-midnight-blue\/","title":{"rendered":"Stigma Chroma PRO &#8211; Midnight Blue"},"content":{"rendered":"","protected":false},"excerpt":{"rendered":"<p id=\"tw-target-rmn\" class=\"tw-data-text tw-text-small tw-ta\" dir=\"ltr\"><span class=\"Y2IQFc\">Ideja Chroma-e se vrti oko lakoc\u0301e upotrebe i prilagodljivosti. <\/span><\/p>\n<p class=\"tw-data-text tw-text-small tw-ta\" dir=\"ltr\"><span class=\"Y2IQFc\">Odabirom du\u017eine hoda od 2,8 do 4,5 mm i odabirom profila motora koji vam najbolje odgovara, dobijate alat napravljen posebno za va\u0161e potrebe. <\/span><\/p>\n<p class=\"tw-data-text tw-text-small tw-ta\" dir=\"ltr\"><span class=\"Y2IQFc\">Ne treba ti ni\u0161ta od toga? Samo podesite brzinu i uklju\u010dite je! Tako lako. <\/span><\/p>\n<p class=\"tw-data-text tw-text-small tw-ta\" dir=\"ltr\"><span class=\"Y2IQFc\"> PRO Kit uklju\u010duje: <\/span><\/p>\n<p class=\"tw-data-text tw-text-small tw-ta\" dir=\"ltr\"><span class=\"Y2IQFc\">1k Chroma<\/span><\/p>\n<p class=\"tw-data-text tw-text-small tw-ta\" dir=\"ltr\"><span class=\"Y2IQFc\">1k Chroma Standard Grip <\/span><\/p>\n<p class=\"tw-data-text tw-text-small tw-ta\" dir=\"ltr\"><span class=\"Y2IQFc\">1k Chroma KSL Grip<\/span><\/p>\n<p class=\"tw-data-text tw-text-small tw-ta\" dir=\"ltr\"><span class=\"Y2IQFc\"> 1k Chroma KSL poklopac baterije <\/span><\/p>\n<p class=\"tw-data-text tw-text-small tw-ta\" dir=\"ltr\"><span class=\"Y2IQFc\">2k 18500 baterije (2250 mAh)<\/span><\/p>\n<p class=\"tw-data-text tw-text-small tw-ta\" dir=\"ltr\"><span class=\"Y2IQFc\"> 1k 18650 baterija (3500 mAh)<\/span><\/p>\n<p class=\"tw-data-text tw-text-small tw-ta\" dir=\"ltr\"><span class=\"Y2IQFc\"> 1k za\u0161titna torbica<\/span><\/p>","protected":false},"featured_media":12032,"template":"","meta":[],"product_brand":[],"product_cat":[1121,18],"product_tag":[1177],"class_list":{"0":"post-12031","1":"product","2":"type-product","3":"status-publish","4":"has-post-thumbnail","6":"product_cat-stigma","7":"product_cat-tattoo-masinice","8":"product_tag-stigma","10":"first","11":"outofstock","12":"taxable","13":"shipping-taxable","14":"purchasable","15":"product-type-simple"},"yoast_head":"<!-- This site is optimized with the Yoast SEO plugin v26.8 - https:\/\/yoast.com\/product\/yoast-seo-wordpress\/ -->\n<title>Stigma Chroma PRO - Midnight Blue - Tatko Opremovi\u0107<\/title>\n<meta name=\"robots\" content=\"index, follow, max-snippet:-1, max-image-preview:large, max-video-preview:-1\" \/>\n<link rel=\"canonical\" href=\"https:\/\/tatkoopremovic.com\/en\/product\/stigma-chroma-pro-midnight-blue\/\" \/>\n<meta property=\"og:locale\" content=\"en_GB\" \/>\n<meta property=\"og:type\" content=\"article\" \/>\n<meta property=\"og:title\" content=\"Stigma Chroma PRO - Midnight Blue - Tatko Opremovi\u0107\" \/>\n<meta property=\"og:description\" content=\"Ideja Chroma-e se vrti oko lakoc\u0301e upotrebe i prilagodljivosti.  Odabirom du\u017eine hoda od 2,8 do 4,5 mm i odabirom profila motora koji vam najbolje odgovara, dobijate alat napravljen posebno za va\u0161e potrebe.  Ne treba ti ni\u0161ta od toga? Samo podesite brzinu i uklju\u010dite je! Tako lako.  PRO Kit uklju\u010duje:  1k Chroma 1k Chroma Standard Grip  1k Chroma KSL Grip  1k Chroma KSL poklopac baterije  2k 18500 baterije (2250 mAh)  1k 18650 baterija (3500 mAh)  1k za\u0161titna torbica\" \/>\n<meta property=\"og:url\" content=\"https:\/\/tatkoopremovic.com\/en\/product\/stigma-chroma-pro-midnight-blue\/\" \/>\n<meta property=\"og:site_name\" content=\"Tatko Opremovi\u0107\" \/>\n<meta property=\"article:modified_time\" content=\"2025-06-06T11:22:21+00:00\" \/>\n<meta property=\"og:image\" content=\"https:\/\/tatkoopremovic.com\/wp-content\/uploads\/2025\/03\/pro-front-mdnt_blue.png\" \/>\n\t<meta property=\"og:image:width\" content=\"2048\" \/>\n\t<meta property=\"og:image:height\" content=\"2048\" \/>\n\t<meta property=\"og:image:type\" content=\"image\/png\" \/>\n<meta name=\"twitter:card\" content=\"summary_large_image\" \/>\n<script type=\"application\/ld+json\" class=\"yoast-schema-graph\">{\"@context\":\"https:\/\/schema.org\",\"@graph\":[{\"@type\":\"WebPage\",\"@id\":\"https:\/\/tatkoopremovic.com\/product\/stigma-chroma-pro-midnight-blue\/\",\"url\":\"https:\/\/tatkoopremovic.com\/product\/stigma-chroma-pro-midnight-blue\/\",\"name\":\"Stigma Chroma PRO - Midnight Blue - Tatko Opremovi\u0107\",\"isPartOf\":{\"@id\":\"https:\/\/tatkoopremovic.com\/#website\"},\"primaryImageOfPage\":{\"@id\":\"https:\/\/tatkoopremovic.com\/product\/stigma-chroma-pro-midnight-blue\/#primaryimage\"},\"image\":{\"@id\":\"https:\/\/tatkoopremovic.com\/product\/stigma-chroma-pro-midnight-blue\/#primaryimage\"},\"thumbnailUrl\":\"https:\/\/tatkoopremovic.com\/wp-content\/uploads\/2025\/03\/pro-front-mdnt_blue.png\",\"datePublished\":\"2025-03-25T14:11:55+00:00\",\"dateModified\":\"2025-06-06T11:22:21+00:00\",\"breadcrumb\":{\"@id\":\"https:\/\/tatkoopremovic.com\/product\/stigma-chroma-pro-midnight-blue\/#breadcrumb\"},\"inLanguage\":\"en-GB\",\"potentialAction\":[{\"@type\":\"ReadAction\",\"target\":[\"https:\/\/tatkoopremovic.com\/product\/stigma-chroma-pro-midnight-blue\/\"]}]},{\"@type\":\"ImageObject\",\"inLanguage\":\"en-GB\",\"@id\":\"https:\/\/tatkoopremovic.com\/product\/stigma-chroma-pro-midnight-blue\/#primaryimage\",\"url\":\"https:\/\/tatkoopremovic.com\/wp-content\/uploads\/2025\/03\/pro-front-mdnt_blue.png\",\"contentUrl\":\"https:\/\/tatkoopremovic.com\/wp-content\/uploads\/2025\/03\/pro-front-mdnt_blue.png\",\"width\":2048,\"height\":2048},{\"@type\":\"BreadcrumbList\",\"@id\":\"https:\/\/tatkoopremovic.com\/product\/stigma-chroma-pro-midnight-blue\/#breadcrumb\",\"itemListElement\":[{\"@type\":\"ListItem\",\"position\":1,\"name\":\"Home\",\"item\":\"https:\/\/tatkoopremovic.com\/\"},{\"@type\":\"ListItem\",\"position\":2,\"name\":\"Shop\",\"item\":\"https:\/\/tatkoopremovic.com\/shop\/\"},{\"@type\":\"ListItem\",\"position\":3,\"name\":\"Stigma Chroma PRO &#8211; Midnight Blue\"}]},{\"@type\":\"WebSite\",\"@id\":\"https:\/\/tatkoopremovic.com\/#website\",\"url\":\"https:\/\/tatkoopremovic.com\/\",\"name\":\"Tatko Opremovi\u0107\",\"description\":\"Tattoo Oprema\",\"potentialAction\":[{\"@type\":\"SearchAction\",\"target\":{\"@type\":\"EntryPoint\",\"urlTemplate\":\"https:\/\/tatkoopremovic.com\/?s={search_term_string}\"},\"query-input\":{\"@type\":\"PropertyValueSpecification\",\"valueRequired\":true,\"valueName\":\"search_term_string\"}}],\"inLanguage\":\"en-GB\"}]}<\/script>\n<!-- \/ Yoast SEO plugin. -->","yoast_head_json":{"title":"Stigma Chroma PRO - Midnight Blue - Tatko Opremovi\u0107","robots":{"index":"index","follow":"follow","max-snippet":"max-snippet:-1","max-image-preview":"max-image-preview:large","max-video-preview":"max-video-preview:-1"},"canonical":"https:\/\/tatkoopremovic.com\/en\/product\/stigma-chroma-pro-midnight-blue\/","og_locale":"en_GB","og_type":"article","og_title":"Stigma Chroma PRO - Midnight Blue - Tatko Opremovi\u0107","og_description":"Ideja Chroma-e se vrti oko lakoc\u0301e upotrebe i prilagodljivosti.  Odabirom du\u017eine hoda od 2,8 do 4,5 mm i odabirom profila motora koji vam najbolje odgovara, dobijate alat napravljen posebno za va\u0161e potrebe.  Ne treba ti ni\u0161ta od toga? Samo podesite brzinu i uklju\u010dite je! Tako lako.  PRO Kit uklju\u010duje:  1k Chroma 1k Chroma Standard Grip  1k Chroma KSL Grip  1k Chroma KSL poklopac baterije  2k 18500 baterije (2250 mAh)  1k 18650 baterija (3500 mAh)  1k za\u0161titna torbica","og_url":"https:\/\/tatkoopremovic.com\/en\/product\/stigma-chroma-pro-midnight-blue\/","og_site_name":"Tatko Opremovi\u0107","article_modified_time":"2025-06-06T11:22:21+00:00","og_image":[{"width":2048,"height":2048,"url":"https:\/\/tatkoopremovic.com\/wp-content\/uploads\/2025\/03\/pro-front-mdnt_blue.png","type":"image\/png"}],"twitter_card":"summary_large_image","schema":{"@context":"https:\/\/schema.org","@graph":[{"@type":"WebPage","@id":"https:\/\/tatkoopremovic.com\/product\/stigma-chroma-pro-midnight-blue\/","url":"https:\/\/tatkoopremovic.com\/product\/stigma-chroma-pro-midnight-blue\/","name":"Stigma Chroma PRO - Midnight Blue - Tatko Opremovi\u0107","isPartOf":{"@id":"https:\/\/tatkoopremovic.com\/#website"},"primaryImageOfPage":{"@id":"https:\/\/tatkoopremovic.com\/product\/stigma-chroma-pro-midnight-blue\/#primaryimage"},"image":{"@id":"https:\/\/tatkoopremovic.com\/product\/stigma-chroma-pro-midnight-blue\/#primaryimage"},"thumbnailUrl":"https:\/\/tatkoopremovic.com\/wp-content\/uploads\/2025\/03\/pro-front-mdnt_blue.png","datePublished":"2025-03-25T14:11:55+00:00","dateModified":"2025-06-06T11:22:21+00:00","breadcrumb":{"@id":"https:\/\/tatkoopremovic.com\/product\/stigma-chroma-pro-midnight-blue\/#breadcrumb"},"inLanguage":"en-GB","potentialAction":[{"@type":"ReadAction","target":["https:\/\/tatkoopremovic.com\/product\/stigma-chroma-pro-midnight-blue\/"]}]},{"@type":"ImageObject","inLanguage":"en-GB","@id":"https:\/\/tatkoopremovic.com\/product\/stigma-chroma-pro-midnight-blue\/#primaryimage","url":"https:\/\/tatkoopremovic.com\/wp-content\/uploads\/2025\/03\/pro-front-mdnt_blue.png","contentUrl":"https:\/\/tatkoopremovic.com\/wp-content\/uploads\/2025\/03\/pro-front-mdnt_blue.png","width":2048,"height":2048},{"@type":"BreadcrumbList","@id":"https:\/\/tatkoopremovic.com\/product\/stigma-chroma-pro-midnight-blue\/#breadcrumb","itemListElement":[{"@type":"ListItem","position":1,"name":"Home","item":"https:\/\/tatkoopremovic.com\/"},{"@type":"ListItem","position":2,"name":"Shop","item":"https:\/\/tatkoopremovic.com\/shop\/"},{"@type":"ListItem","position":3,"name":"Stigma Chroma PRO &#8211; Midnight Blue"}]},{"@type":"WebSite","@id":"https:\/\/tatkoopremovic.com\/#website","url":"https:\/\/tatkoopremovic.com\/","name":"Tatko Opremovi\u0107","description":"Tattoo Oprema","potentialAction":[{"@type":"SearchAction","target":{"@type":"EntryPoint","urlTemplate":"https:\/\/tatkoopremovic.com\/?s={search_term_string}"},"query-input":{"@type":"PropertyValueSpecification","valueRequired":true,"valueName":"search_term_string"}}],"inLanguage":"en-GB"}]}},"_links":{"self":[{"href":"https:\/\/tatkoopremovic.com\/en\/wp-json\/wp\/v2\/product\/12031","targetHints":{"allow":["GET"]}}],"collection":[{"href":"https:\/\/tatkoopremovic.com\/en\/wp-json\/wp\/v2\/product"}],"about":[{"href":"https:\/\/tatkoopremovic.com\/en\/wp-json\/wp\/v2\/types\/product"}],"wp:featuredmedia":[{"embeddable":true,"href":"https:\/\/tatkoopremovic.com\/en\/wp-json\/wp\/v2\/media\/12032"}],"wp:attachment":[{"href":"https:\/\/tatkoopremovic.com\/en\/wp-json\/wp\/v2\/media?parent=12031"}],"wp:term":[{"taxonomy":"product_brand","embeddable":true,"href":"https:\/\/tatkoopremovic.com\/en\/wp-json\/wp\/v2\/product_brand?post=12031"},{"taxonomy":"product_cat","embeddable":true,"href":"https:\/\/tatkoopremovic.com\/en\/wp-json\/wp\/v2\/product_cat?post=12031"},{"taxonomy":"product_tag","embeddable":true,"href":"https:\/\/tatkoopremovic.com\/en\/wp-json\/wp\/v2\/product_tag?post=12031"}],"curies":[{"name":"wp","href":"https:\/\/api.w.org\/{rel}","templated":true}]}}