{"id":1214,"date":"2022-09-09T10:37:59","date_gmt":"2022-09-09T10:37:59","guid":{"rendered":"https:\/\/tatkoopremovic.com\/?post_type=product&#038;p=1214"},"modified":"2025-12-10T12:02:17","modified_gmt":"2025-12-10T12:02:17","slug":"ar-stolica-dp-9975","status":"publish","type":"product","link":"https:\/\/tatkoopremovic.com\/en\/product\/ar-stolica-dp-9975\/","title":{"rendered":"AR Chair DP-9975"},"content":{"rendered":"<p>The backrest can rotate at an angle of 0-180\u00b0. The unique rotating angle of the backrest is very popular among customers.<\/p>\n<p>The backrest can be moved forward and backward. The adjustable backrest\/chest support can be locked at any desired angle.<\/p>\n<p>The backrest can be adjusted up and down. Retractable\/removable backrest tailored for your comfort.<\/p>\n<p>Thicken 4 layers of high-resilience sponge. The client won't feel stiff but comfortable after long sitting.<\/p>\n<p>Waterproof and antifungal PVC leather, easy to maintain, and the leather is abrasion-resistant.<\/p>\n<p>Lifting air column with SGS certification is safe and guaranteed.<\/p>\n<p>The metal chassis is stable, will not shake, and has strong handling.<\/p>\n<p>&nbsp;<\/p>\n<p>Overall chair height: 92-122 cm<\/p>\n<p>Backrest height: 22 cm<\/p>\n<p>Length of backrest: 48 cm<\/p>\n<p>Height extension of backrest: 24-40 cm<\/p>\n<p>Hydraulic height for chair: 46-60 cm<\/p>\n<p>Length of lower frame of chair: 64 cm<\/p>\n<p>Length of soft seat: 50 cm<\/p>\n<p>Width of soft seat: 45 cm<\/p>\n<p>&nbsp;<\/p>","protected":false},"excerpt":{"rendered":"<p>The backrest can rotate at an angle of 0-180\u00b0. The unique rotating angle of the backrest is very popular among customers.<\/p>\n<p>The backrest can be moved forward and backward. The adjustable backrest\/chest support can be locked at any desired angle.<\/p>\n<p>The backrest can be adjusted up and down. Retractable\/removable backrest tailored for your comfort.<\/p>\n<p>Thicken 4 layers of high-resilience sponge. The client won't feel stiff but comfortable after long sitting.<\/p>\n<p>Waterproof and antifungal PVC leather, easy to maintain, and the leather is abrasion-resistant.<\/p>\n<p>Lifting air column with SGS certification is safe and guaranteed.<\/p>\n<p>The metal chassis is stable, will not shake, and has strong handling.<\/p>\n<p>&nbsp;<\/p>\n<p>Overall chair height: 92-122 cm<\/p>\n<p>Backrest height: 22 cm<\/p>\n<p>Length of backrest: 48 cm<\/p>\n<p>Height extension of backrest: 24-40 cm<\/p>\n<p>Hydraulic height for chair: 46-60 cm<\/p>\n<p>Length of lower frame of chair: 64 cm<\/p>\n<p>Length of soft seat: 50 cm<\/p>\n<p>Width of soft seat: 45 cm<\/p>","protected":false},"featured_media":1215,"template":"","meta":[],"product_brand":[],"product_cat":[80],"product_tag":[1210],"class_list":{"0":"post-1214","1":"product","2":"type-product","3":"status-publish","4":"has-post-thumbnail","6":"product_cat-stolice","7":"product_tag-stolice","9":"first","10":"outofstock","11":"taxable","12":"shipping-taxable","13":"purchasable","14":"product-type-simple"},"yoast_head":"<!-- This site is optimized with the Yoast SEO plugin v26.8 - https:\/\/yoast.com\/product\/yoast-seo-wordpress\/ -->\n<title>AR Stolica DP-9975 - Tatko Opremovi\u0107<\/title>\n<meta name=\"robots\" content=\"index, follow, max-snippet:-1, max-image-preview:large, max-video-preview:-1\" \/>\n<link rel=\"canonical\" href=\"https:\/\/tatkoopremovic.com\/en\/product\/ar-stolica-dp-9975\/\" \/>\n<meta property=\"og:locale\" content=\"en_GB\" \/>\n<meta property=\"og:type\" content=\"article\" \/>\n<meta property=\"og:title\" content=\"AR Stolica DP-9975 - Tatko Opremovi\u0107\" \/>\n<meta property=\"og:description\" content=\"Naslon se mo\u017ee rotirati pod uglom od 0-180\u00b0. Jedinstveni rotirajuc\u0301i ugao naslona je veoma omiljen me\u0111u kupcima  Naslon se mo\u017ee pomerati napred-nazad. Podesivi nosa\u010d za le\u0111a\/grudni ko\u0161 mo\u017ee se zaklju\u010dati pod bilo kojim \u017eeljenim uglom  Naslon se mo\u017ee podesiti gore i dole. Naslon za le\u0111a koji se mo\u017ee uvla\u010diti\/skiditi prilago\u0111en za va\u0161u udobnost  Podebljajte 4 sloja sun\u0111era visoke otpornosti. Klijent se nec\u0301e osec\u0301ati uko\u010deno, vec\u0301 se osec\u0301a prijatno nakon dugog sedenja  Vodootporna i antivegetativna PVC ko\u017ea, laka za odr\u017eavanje, a ko\u017ea je otporna na habanje  Podizni vazdu\u0161ni stub sa SGS sertifikatom je siguran i zagarantovan  Metalna \u0161asija je stabilna, nec\u0301e se tresti i ima sna\u017eno rukovanje  &nbsp;  Ukupna visina stolice: 92-122 cm  Visina naslona: 22 cm  Du\u017eina naslona: 48 cm  Visina produ\u017eetka naslona: 24-40 cm  Visina hidraulike za stolice: 46-60 cm  Du\u017eina donjeg okvira stolice: 64 cm  Du\u017eina mekog sedi\u0161ta: 50 cm  \u0160irina mekog sedi\u0161ta: 45 cm\" \/>\n<meta property=\"og:url\" content=\"https:\/\/tatkoopremovic.com\/en\/product\/ar-stolica-dp-9975\/\" \/>\n<meta property=\"og:site_name\" content=\"Tatko Opremovi\u0107\" \/>\n<meta property=\"article:modified_time\" content=\"2025-12-10T12:02:17+00:00\" \/>\n<meta property=\"og:image\" content=\"https:\/\/tatkoopremovic.com\/wp-content\/uploads\/2022\/09\/9975-8kk-e1686648084169.jpg\" \/>\n\t<meta property=\"og:image:width\" content=\"1922\" \/>\n\t<meta property=\"og:image:height\" content=\"1922\" \/>\n\t<meta property=\"og:image:type\" content=\"image\/jpeg\" \/>\n<meta name=\"twitter:card\" content=\"summary_large_image\" \/>\n<meta name=\"twitter:label1\" content=\"Estimated reading time\" \/>\n\t<meta name=\"twitter:data1\" content=\"1 minute\" \/>\n<script type=\"application\/ld+json\" class=\"yoast-schema-graph\">{\"@context\":\"https:\/\/schema.org\",\"@graph\":[{\"@type\":\"WebPage\",\"@id\":\"https:\/\/tatkoopremovic.com\/product\/ar-stolica-dp-9975\/\",\"url\":\"https:\/\/tatkoopremovic.com\/product\/ar-stolica-dp-9975\/\",\"name\":\"AR Stolica DP-9975 - Tatko Opremovi\u0107\",\"isPartOf\":{\"@id\":\"https:\/\/tatkoopremovic.com\/#website\"},\"primaryImageOfPage\":{\"@id\":\"https:\/\/tatkoopremovic.com\/product\/ar-stolica-dp-9975\/#primaryimage\"},\"image\":{\"@id\":\"https:\/\/tatkoopremovic.com\/product\/ar-stolica-dp-9975\/#primaryimage\"},\"thumbnailUrl\":\"https:\/\/tatkoopremovic.com\/wp-content\/uploads\/2022\/09\/9975-8kk-e1686648084169.jpg\",\"datePublished\":\"2022-09-09T10:37:59+00:00\",\"dateModified\":\"2025-12-10T12:02:17+00:00\",\"breadcrumb\":{\"@id\":\"https:\/\/tatkoopremovic.com\/product\/ar-stolica-dp-9975\/#breadcrumb\"},\"inLanguage\":\"en-GB\",\"potentialAction\":[{\"@type\":\"ReadAction\",\"target\":[\"https:\/\/tatkoopremovic.com\/product\/ar-stolica-dp-9975\/\"]}]},{\"@type\":\"ImageObject\",\"inLanguage\":\"en-GB\",\"@id\":\"https:\/\/tatkoopremovic.com\/product\/ar-stolica-dp-9975\/#primaryimage\",\"url\":\"https:\/\/tatkoopremovic.com\/wp-content\/uploads\/2022\/09\/9975-8kk-e1686648084169.jpg\",\"contentUrl\":\"https:\/\/tatkoopremovic.com\/wp-content\/uploads\/2022\/09\/9975-8kk-e1686648084169.jpg\",\"width\":1922,\"height\":1922},{\"@type\":\"BreadcrumbList\",\"@id\":\"https:\/\/tatkoopremovic.com\/product\/ar-stolica-dp-9975\/#breadcrumb\",\"itemListElement\":[{\"@type\":\"ListItem\",\"position\":1,\"name\":\"Home\",\"item\":\"https:\/\/tatkoopremovic.com\/\"},{\"@type\":\"ListItem\",\"position\":2,\"name\":\"Shop\",\"item\":\"https:\/\/tatkoopremovic.com\/shop\/\"},{\"@type\":\"ListItem\",\"position\":3,\"name\":\"AR Stolica DP-9975\"}]},{\"@type\":\"WebSite\",\"@id\":\"https:\/\/tatkoopremovic.com\/#website\",\"url\":\"https:\/\/tatkoopremovic.com\/\",\"name\":\"Tatko Opremovi\u0107\",\"description\":\"Tattoo Oprema\",\"potentialAction\":[{\"@type\":\"SearchAction\",\"target\":{\"@type\":\"EntryPoint\",\"urlTemplate\":\"https:\/\/tatkoopremovic.com\/?s={search_term_string}\"},\"query-input\":{\"@type\":\"PropertyValueSpecification\",\"valueRequired\":true,\"valueName\":\"search_term_string\"}}],\"inLanguage\":\"en-GB\"}]}<\/script>\n<!-- \/ Yoast SEO plugin. -->","yoast_head_json":{"title":"AR Stolica DP-9975 - Tatko Opremovi\u0107","robots":{"index":"index","follow":"follow","max-snippet":"max-snippet:-1","max-image-preview":"max-image-preview:large","max-video-preview":"max-video-preview:-1"},"canonical":"https:\/\/tatkoopremovic.com\/en\/product\/ar-stolica-dp-9975\/","og_locale":"en_GB","og_type":"article","og_title":"AR Stolica DP-9975 - Tatko Opremovi\u0107","og_description":"Naslon se mo\u017ee rotirati pod uglom od 0-180\u00b0. Jedinstveni rotirajuc\u0301i ugao naslona je veoma omiljen me\u0111u kupcima  Naslon se mo\u017ee pomerati napred-nazad. Podesivi nosa\u010d za le\u0111a\/grudni ko\u0161 mo\u017ee se zaklju\u010dati pod bilo kojim \u017eeljenim uglom  Naslon se mo\u017ee podesiti gore i dole. Naslon za le\u0111a koji se mo\u017ee uvla\u010diti\/skiditi prilago\u0111en za va\u0161u udobnost  Podebljajte 4 sloja sun\u0111era visoke otpornosti. Klijent se nec\u0301e osec\u0301ati uko\u010deno, vec\u0301 se osec\u0301a prijatno nakon dugog sedenja  Vodootporna i antivegetativna PVC ko\u017ea, laka za odr\u017eavanje, a ko\u017ea je otporna na habanje  Podizni vazdu\u0161ni stub sa SGS sertifikatom je siguran i zagarantovan  Metalna \u0161asija je stabilna, nec\u0301e se tresti i ima sna\u017eno rukovanje  &nbsp;  Ukupna visina stolice: 92-122 cm  Visina naslona: 22 cm  Du\u017eina naslona: 48 cm  Visina produ\u017eetka naslona: 24-40 cm  Visina hidraulike za stolice: 46-60 cm  Du\u017eina donjeg okvira stolice: 64 cm  Du\u017eina mekog sedi\u0161ta: 50 cm  \u0160irina mekog sedi\u0161ta: 45 cm","og_url":"https:\/\/tatkoopremovic.com\/en\/product\/ar-stolica-dp-9975\/","og_site_name":"Tatko Opremovi\u0107","article_modified_time":"2025-12-10T12:02:17+00:00","og_image":[{"width":1922,"height":1922,"url":"https:\/\/tatkoopremovic.com\/wp-content\/uploads\/2022\/09\/9975-8kk-e1686648084169.jpg","type":"image\/jpeg"}],"twitter_card":"summary_large_image","twitter_misc":{"Estimated reading time":"1 minute"},"schema":{"@context":"https:\/\/schema.org","@graph":[{"@type":"WebPage","@id":"https:\/\/tatkoopremovic.com\/product\/ar-stolica-dp-9975\/","url":"https:\/\/tatkoopremovic.com\/product\/ar-stolica-dp-9975\/","name":"AR Stolica DP-9975 - Tatko Opremovi\u0107","isPartOf":{"@id":"https:\/\/tatkoopremovic.com\/#website"},"primaryImageOfPage":{"@id":"https:\/\/tatkoopremovic.com\/product\/ar-stolica-dp-9975\/#primaryimage"},"image":{"@id":"https:\/\/tatkoopremovic.com\/product\/ar-stolica-dp-9975\/#primaryimage"},"thumbnailUrl":"https:\/\/tatkoopremovic.com\/wp-content\/uploads\/2022\/09\/9975-8kk-e1686648084169.jpg","datePublished":"2022-09-09T10:37:59+00:00","dateModified":"2025-12-10T12:02:17+00:00","breadcrumb":{"@id":"https:\/\/tatkoopremovic.com\/product\/ar-stolica-dp-9975\/#breadcrumb"},"inLanguage":"en-GB","potentialAction":[{"@type":"ReadAction","target":["https:\/\/tatkoopremovic.com\/product\/ar-stolica-dp-9975\/"]}]},{"@type":"ImageObject","inLanguage":"en-GB","@id":"https:\/\/tatkoopremovic.com\/product\/ar-stolica-dp-9975\/#primaryimage","url":"https:\/\/tatkoopremovic.com\/wp-content\/uploads\/2022\/09\/9975-8kk-e1686648084169.jpg","contentUrl":"https:\/\/tatkoopremovic.com\/wp-content\/uploads\/2022\/09\/9975-8kk-e1686648084169.jpg","width":1922,"height":1922},{"@type":"BreadcrumbList","@id":"https:\/\/tatkoopremovic.com\/product\/ar-stolica-dp-9975\/#breadcrumb","itemListElement":[{"@type":"ListItem","position":1,"name":"Home","item":"https:\/\/tatkoopremovic.com\/"},{"@type":"ListItem","position":2,"name":"Shop","item":"https:\/\/tatkoopremovic.com\/shop\/"},{"@type":"ListItem","position":3,"name":"AR Stolica DP-9975"}]},{"@type":"WebSite","@id":"https:\/\/tatkoopremovic.com\/#website","url":"https:\/\/tatkoopremovic.com\/","name":"Tatko Opremovi\u0107","description":"Tattoo Oprema","potentialAction":[{"@type":"SearchAction","target":{"@type":"EntryPoint","urlTemplate":"https:\/\/tatkoopremovic.com\/?s={search_term_string}"},"query-input":{"@type":"PropertyValueSpecification","valueRequired":true,"valueName":"search_term_string"}}],"inLanguage":"en-GB"}]}},"_links":{"self":[{"href":"https:\/\/tatkoopremovic.com\/en\/wp-json\/wp\/v2\/product\/1214","targetHints":{"allow":["GET"]}}],"collection":[{"href":"https:\/\/tatkoopremovic.com\/en\/wp-json\/wp\/v2\/product"}],"about":[{"href":"https:\/\/tatkoopremovic.com\/en\/wp-json\/wp\/v2\/types\/product"}],"wp:featuredmedia":[{"embeddable":true,"href":"https:\/\/tatkoopremovic.com\/en\/wp-json\/wp\/v2\/media\/1215"}],"wp:attachment":[{"href":"https:\/\/tatkoopremovic.com\/en\/wp-json\/wp\/v2\/media?parent=1214"}],"wp:term":[{"taxonomy":"product_brand","embeddable":true,"href":"https:\/\/tatkoopremovic.com\/en\/wp-json\/wp\/v2\/product_brand?post=1214"},{"taxonomy":"product_cat","embeddable":true,"href":"https:\/\/tatkoopremovic.com\/en\/wp-json\/wp\/v2\/product_cat?post=1214"},{"taxonomy":"product_tag","embeddable":true,"href":"https:\/\/tatkoopremovic.com\/en\/wp-json\/wp\/v2\/product_tag?post=1214"}],"curies":[{"name":"wp","href":"https:\/\/api.w.org\/{rel}","templated":true}]}}