{"id":12177,"date":"2025-04-08T08:40:32","date_gmt":"2025-04-08T08:40:32","guid":{"rendered":"https:\/\/tatkoopremovic.com\/?post_type=product&#038;p=12177"},"modified":"2025-08-07T07:03:24","modified_gmt":"2025-08-07T07:03:24","slug":"hustle-butter","status":"publish","type":"product","link":"https:\/\/tatkoopremovic.com\/en\/product\/hustle-butter\/","title":{"rendered":"HUSTLE BUTTER 150ml"},"content":{"rendered":"","protected":false},"excerpt":{"rendered":"<p class=\"tw-data-text tw-text-small tw-ta\" dir=\"ltr\"><span class=\"Y2IQFc\">Hustle Butter Deluxe\u00ae<\/span><span class=\"Y2IQFc\">je 100% prirodan i 100% organski <\/span><span class=\"Y2IQFc\">butter za negu ko\u017ee i tetova\u017ea. Napravljen od najfinijih sastojaka: maslaca od karite, manga, aloe, kokosovog, suncokretovog i pirin\u010danog ulja, ruzmarinovog ulja, zelenog \u010daja, kompleksa vitamina E i esencijalnog ulja mente.<\/span><span class=\"Y2IQFc\">Sa esencijom papaje i kokosa. <\/span><\/p>\n<p class=\"tw-data-text tw-text-small tw-ta\" dir=\"ltr\"><span class=\"Y2IQFc\">Koristite Hustle Butter Deluxe\u00ae\u00a0 tokom tetoviranja kao i\u00a0 za\u00a0 negu posle tetoviranja. Ubla\u017eava<\/span><span class=\"Y2IQFc\">\u00a0crvenilo, otok i krvarenje.<\/span><\/p>\n<p class=\"tw-data-text tw-text-small tw-ta\" dir=\"ltr\"><span class=\"Y2IQFc\">Mnogi na\u0161i klijenti nastavljaju da koriste Hustle Butter Deluke\u00ae dugo nakon \u0161to im tetova\u017ea zaraste kako bi njihova ko\u017ea bila hidratizovana i zdrava, i da bi boje tetova\u017ee bile svetle.<\/span><\/p>","protected":false},"featured_media":12178,"template":"","meta":[],"product_brand":[],"product_cat":[1179,939,91],"product_tag":[],"class_list":{"0":"post-12177","1":"product","2":"type-product","3":"status-publish","4":"has-post-thumbnail","6":"product_cat-hustle-butter","7":"product_cat-kreme-za-rad","8":"product_cat-kozmetika","10":"first","11":"instock","12":"featured","13":"taxable","14":"shipping-taxable","15":"purchasable","16":"product-type-simple"},"yoast_head":"<!-- This site is optimized with the Yoast SEO plugin v26.8 - https:\/\/yoast.com\/product\/yoast-seo-wordpress\/ -->\n<title>HUSTLE BUTTER 150ml - Tatko Opremovi\u0107<\/title>\n<meta name=\"robots\" content=\"index, follow, max-snippet:-1, max-image-preview:large, max-video-preview:-1\" \/>\n<link rel=\"canonical\" href=\"https:\/\/tatkoopremovic.com\/en\/product\/hustle-butter\/\" \/>\n<meta property=\"og:locale\" content=\"en_GB\" \/>\n<meta property=\"og:type\" content=\"article\" \/>\n<meta property=\"og:title\" content=\"HUSTLE BUTTER 150ml - Tatko Opremovi\u0107\" \/>\n<meta property=\"og:description\" content=\"Hustle Butter Deluxe\u00aeje 100% prirodan i 100% organski butter za negu ko\u017ee i tetova\u017ea. Napravljen od najfinijih sastojaka: maslaca od karite, manga, aloe, kokosovog, suncokretovog i pirin\u010danog ulja, ruzmarinovog ulja, zelenog \u010daja, kompleksa vitamina E i esencijalnog ulja mente.Sa esencijom papaje i kokosa.  Koristite Hustle Butter Deluxe\u00ae\u00a0 tokom tetoviranja kao i\u00a0 za\u00a0 negu posle tetoviranja. Ubla\u017eava\u00a0crvenilo, otok i krvarenje. Mnogi na\u0161i klijenti nastavljaju da koriste Hustle Butter Deluke\u00ae dugo nakon \u0161to im tetova\u017ea zaraste kako bi njihova ko\u017ea bila hidratizovana i zdrava, i da bi boje tetova\u017ee bile svetle.\" \/>\n<meta property=\"og:url\" content=\"https:\/\/tatkoopremovic.com\/en\/product\/hustle-butter\/\" \/>\n<meta property=\"og:site_name\" content=\"Tatko Opremovi\u0107\" \/>\n<meta property=\"article:modified_time\" content=\"2025-08-07T07:03:24+00:00\" \/>\n<meta property=\"og:image\" content=\"https:\/\/tatkoopremovic.com\/wp-content\/uploads\/2025\/04\/HB5OZ_5000x.webp\" \/>\n\t<meta property=\"og:image:width\" content=\"1280\" \/>\n\t<meta property=\"og:image:height\" content=\"1280\" \/>\n\t<meta property=\"og:image:type\" content=\"image\/webp\" \/>\n<meta name=\"twitter:card\" content=\"summary_large_image\" \/>\n<script type=\"application\/ld+json\" class=\"yoast-schema-graph\">{\"@context\":\"https:\/\/schema.org\",\"@graph\":[{\"@type\":\"WebPage\",\"@id\":\"https:\/\/tatkoopremovic.com\/product\/hustle-butter\/\",\"url\":\"https:\/\/tatkoopremovic.com\/product\/hustle-butter\/\",\"name\":\"HUSTLE BUTTER 150ml - Tatko Opremovi\u0107\",\"isPartOf\":{\"@id\":\"https:\/\/tatkoopremovic.com\/#website\"},\"primaryImageOfPage\":{\"@id\":\"https:\/\/tatkoopremovic.com\/product\/hustle-butter\/#primaryimage\"},\"image\":{\"@id\":\"https:\/\/tatkoopremovic.com\/product\/hustle-butter\/#primaryimage\"},\"thumbnailUrl\":\"https:\/\/tatkoopremovic.com\/wp-content\/uploads\/2025\/04\/HB5OZ_5000x.webp\",\"datePublished\":\"2025-04-08T08:40:32+00:00\",\"dateModified\":\"2025-08-07T07:03:24+00:00\",\"breadcrumb\":{\"@id\":\"https:\/\/tatkoopremovic.com\/product\/hustle-butter\/#breadcrumb\"},\"inLanguage\":\"en-GB\",\"potentialAction\":[{\"@type\":\"ReadAction\",\"target\":[\"https:\/\/tatkoopremovic.com\/product\/hustle-butter\/\"]}]},{\"@type\":\"ImageObject\",\"inLanguage\":\"en-GB\",\"@id\":\"https:\/\/tatkoopremovic.com\/product\/hustle-butter\/#primaryimage\",\"url\":\"https:\/\/tatkoopremovic.com\/wp-content\/uploads\/2025\/04\/HB5OZ_5000x.webp\",\"contentUrl\":\"https:\/\/tatkoopremovic.com\/wp-content\/uploads\/2025\/04\/HB5OZ_5000x.webp\",\"width\":1280,\"height\":1280},{\"@type\":\"BreadcrumbList\",\"@id\":\"https:\/\/tatkoopremovic.com\/product\/hustle-butter\/#breadcrumb\",\"itemListElement\":[{\"@type\":\"ListItem\",\"position\":1,\"name\":\"Home\",\"item\":\"https:\/\/tatkoopremovic.com\/\"},{\"@type\":\"ListItem\",\"position\":2,\"name\":\"Shop\",\"item\":\"https:\/\/tatkoopremovic.com\/shop\/\"},{\"@type\":\"ListItem\",\"position\":3,\"name\":\"HUSTLE BUTTER 150ml\"}]},{\"@type\":\"WebSite\",\"@id\":\"https:\/\/tatkoopremovic.com\/#website\",\"url\":\"https:\/\/tatkoopremovic.com\/\",\"name\":\"Tatko Opremovi\u0107\",\"description\":\"Tattoo Oprema\",\"potentialAction\":[{\"@type\":\"SearchAction\",\"target\":{\"@type\":\"EntryPoint\",\"urlTemplate\":\"https:\/\/tatkoopremovic.com\/?s={search_term_string}\"},\"query-input\":{\"@type\":\"PropertyValueSpecification\",\"valueRequired\":true,\"valueName\":\"search_term_string\"}}],\"inLanguage\":\"en-GB\"}]}<\/script>\n<!-- \/ Yoast SEO plugin. -->","yoast_head_json":{"title":"HUSTLE BUTTER 150ml - Tatko Opremovi\u0107","robots":{"index":"index","follow":"follow","max-snippet":"max-snippet:-1","max-image-preview":"max-image-preview:large","max-video-preview":"max-video-preview:-1"},"canonical":"https:\/\/tatkoopremovic.com\/en\/product\/hustle-butter\/","og_locale":"en_GB","og_type":"article","og_title":"HUSTLE BUTTER 150ml - Tatko Opremovi\u0107","og_description":"Hustle Butter Deluxe\u00aeje 100% prirodan i 100% organski butter za negu ko\u017ee i tetova\u017ea. Napravljen od najfinijih sastojaka: maslaca od karite, manga, aloe, kokosovog, suncokretovog i pirin\u010danog ulja, ruzmarinovog ulja, zelenog \u010daja, kompleksa vitamina E i esencijalnog ulja mente.Sa esencijom papaje i kokosa.  Koristite Hustle Butter Deluxe\u00ae\u00a0 tokom tetoviranja kao i\u00a0 za\u00a0 negu posle tetoviranja. Ubla\u017eava\u00a0crvenilo, otok i krvarenje. Mnogi na\u0161i klijenti nastavljaju da koriste Hustle Butter Deluke\u00ae dugo nakon \u0161to im tetova\u017ea zaraste kako bi njihova ko\u017ea bila hidratizovana i zdrava, i da bi boje tetova\u017ee bile svetle.","og_url":"https:\/\/tatkoopremovic.com\/en\/product\/hustle-butter\/","og_site_name":"Tatko Opremovi\u0107","article_modified_time":"2025-08-07T07:03:24+00:00","og_image":[{"width":1280,"height":1280,"url":"https:\/\/tatkoopremovic.com\/wp-content\/uploads\/2025\/04\/HB5OZ_5000x.webp","type":"image\/webp"}],"twitter_card":"summary_large_image","schema":{"@context":"https:\/\/schema.org","@graph":[{"@type":"WebPage","@id":"https:\/\/tatkoopremovic.com\/product\/hustle-butter\/","url":"https:\/\/tatkoopremovic.com\/product\/hustle-butter\/","name":"HUSTLE BUTTER 150ml - Tatko Opremovi\u0107","isPartOf":{"@id":"https:\/\/tatkoopremovic.com\/#website"},"primaryImageOfPage":{"@id":"https:\/\/tatkoopremovic.com\/product\/hustle-butter\/#primaryimage"},"image":{"@id":"https:\/\/tatkoopremovic.com\/product\/hustle-butter\/#primaryimage"},"thumbnailUrl":"https:\/\/tatkoopremovic.com\/wp-content\/uploads\/2025\/04\/HB5OZ_5000x.webp","datePublished":"2025-04-08T08:40:32+00:00","dateModified":"2025-08-07T07:03:24+00:00","breadcrumb":{"@id":"https:\/\/tatkoopremovic.com\/product\/hustle-butter\/#breadcrumb"},"inLanguage":"en-GB","potentialAction":[{"@type":"ReadAction","target":["https:\/\/tatkoopremovic.com\/product\/hustle-butter\/"]}]},{"@type":"ImageObject","inLanguage":"en-GB","@id":"https:\/\/tatkoopremovic.com\/product\/hustle-butter\/#primaryimage","url":"https:\/\/tatkoopremovic.com\/wp-content\/uploads\/2025\/04\/HB5OZ_5000x.webp","contentUrl":"https:\/\/tatkoopremovic.com\/wp-content\/uploads\/2025\/04\/HB5OZ_5000x.webp","width":1280,"height":1280},{"@type":"BreadcrumbList","@id":"https:\/\/tatkoopremovic.com\/product\/hustle-butter\/#breadcrumb","itemListElement":[{"@type":"ListItem","position":1,"name":"Home","item":"https:\/\/tatkoopremovic.com\/"},{"@type":"ListItem","position":2,"name":"Shop","item":"https:\/\/tatkoopremovic.com\/shop\/"},{"@type":"ListItem","position":3,"name":"HUSTLE BUTTER 150ml"}]},{"@type":"WebSite","@id":"https:\/\/tatkoopremovic.com\/#website","url":"https:\/\/tatkoopremovic.com\/","name":"Tatko Opremovi\u0107","description":"Tattoo Oprema","potentialAction":[{"@type":"SearchAction","target":{"@type":"EntryPoint","urlTemplate":"https:\/\/tatkoopremovic.com\/?s={search_term_string}"},"query-input":{"@type":"PropertyValueSpecification","valueRequired":true,"valueName":"search_term_string"}}],"inLanguage":"en-GB"}]}},"_links":{"self":[{"href":"https:\/\/tatkoopremovic.com\/en\/wp-json\/wp\/v2\/product\/12177","targetHints":{"allow":["GET"]}}],"collection":[{"href":"https:\/\/tatkoopremovic.com\/en\/wp-json\/wp\/v2\/product"}],"about":[{"href":"https:\/\/tatkoopremovic.com\/en\/wp-json\/wp\/v2\/types\/product"}],"wp:featuredmedia":[{"embeddable":true,"href":"https:\/\/tatkoopremovic.com\/en\/wp-json\/wp\/v2\/media\/12178"}],"wp:attachment":[{"href":"https:\/\/tatkoopremovic.com\/en\/wp-json\/wp\/v2\/media?parent=12177"}],"wp:term":[{"taxonomy":"product_brand","embeddable":true,"href":"https:\/\/tatkoopremovic.com\/en\/wp-json\/wp\/v2\/product_brand?post=12177"},{"taxonomy":"product_cat","embeddable":true,"href":"https:\/\/tatkoopremovic.com\/en\/wp-json\/wp\/v2\/product_cat?post=12177"},{"taxonomy":"product_tag","embeddable":true,"href":"https:\/\/tatkoopremovic.com\/en\/wp-json\/wp\/v2\/product_tag?post=12177"}],"curies":[{"name":"wp","href":"https:\/\/api.w.org\/{rel}","templated":true}]}}