{"id":14357,"date":"2025-11-20T11:45:58","date_gmt":"2025-11-20T11:45:58","guid":{"rendered":"https:\/\/tatkoopremovic.com\/?post_type=product&#038;p=14357"},"modified":"2025-12-19T10:41:19","modified_gmt":"2025-12-19T10:41:19","slug":"pamucni-stapici-za-ciscenje-drveni-100kom","status":"publish","type":"product","link":"https:\/\/tatkoopremovic.com\/en\/product\/pamucni-stapici-za-ciscenje-drveni-100kom\/","title":{"rendered":"Pamu\u010dni stapi\u0107i za \u010di\u0161\u0107enje drveni 100kom"},"content":{"rendered":"","protected":false},"excerpt":{"rendered":"","protected":false},"featured_media":14370,"template":"","meta":[],"product_brand":[],"product_cat":[1207,1208],"product_tag":[],"class_list":{"0":"post-14357","1":"product","2":"type-product","3":"status-publish","4":"has-post-thumbnail","6":"product_cat-pomocni-materijal","7":"product_cat-pribor-pomocni-materijal","9":"first","10":"instock","11":"taxable","12":"shipping-taxable","13":"purchasable","14":"product-type-simple"},"yoast_head":"<!-- This site is optimized with the Yoast SEO plugin v26.8 - https:\/\/yoast.com\/product\/yoast-seo-wordpress\/ -->\n<title>Pamu\u010dni stapi\u0107i za \u010di\u0161\u0107enje drveni 100kom - Tatko Opremovi\u0107<\/title>\n<meta name=\"robots\" content=\"index, follow, max-snippet:-1, max-image-preview:large, max-video-preview:-1\" \/>\n<link rel=\"canonical\" href=\"https:\/\/tatkoopremovic.com\/en\/product\/pamucni-stapici-za-ciscenje-drveni-100kom\/\" \/>\n<meta property=\"og:locale\" content=\"en_GB\" \/>\n<meta property=\"og:type\" content=\"article\" \/>\n<meta property=\"og:title\" content=\"Pamu\u010dni stapi\u0107i za \u010di\u0161\u0107enje drveni 100kom - Tatko Opremovi\u0107\" \/>\n<meta property=\"og:url\" content=\"https:\/\/tatkoopremovic.com\/en\/product\/pamucni-stapici-za-ciscenje-drveni-100kom\/\" \/>\n<meta property=\"og:site_name\" content=\"Tatko Opremovi\u0107\" \/>\n<meta property=\"article:modified_time\" content=\"2025-12-19T10:41:19+00:00\" \/>\n<meta property=\"og:image\" content=\"https:\/\/tatkoopremovic.com\/wp-content\/uploads\/2025\/11\/drvene-cetkice-3-1.jpg\" \/>\n\t<meta property=\"og:image:width\" content=\"500\" \/>\n\t<meta property=\"og:image:height\" content=\"500\" \/>\n\t<meta property=\"og:image:type\" content=\"image\/jpeg\" \/>\n<meta name=\"twitter:card\" content=\"summary_large_image\" \/>\n<script type=\"application\/ld+json\" class=\"yoast-schema-graph\">{\"@context\":\"https:\/\/schema.org\",\"@graph\":[{\"@type\":\"WebPage\",\"@id\":\"https:\/\/tatkoopremovic.com\/product\/pamucni-stapici-za-ciscenje-drveni-100kom\/\",\"url\":\"https:\/\/tatkoopremovic.com\/product\/pamucni-stapici-za-ciscenje-drveni-100kom\/\",\"name\":\"Pamu\u010dni stapi\u0107i za \u010di\u0161\u0107enje drveni 100kom - Tatko Opremovi\u0107\",\"isPartOf\":{\"@id\":\"https:\/\/tatkoopremovic.com\/#website\"},\"primaryImageOfPage\":{\"@id\":\"https:\/\/tatkoopremovic.com\/product\/pamucni-stapici-za-ciscenje-drveni-100kom\/#primaryimage\"},\"image\":{\"@id\":\"https:\/\/tatkoopremovic.com\/product\/pamucni-stapici-za-ciscenje-drveni-100kom\/#primaryimage\"},\"thumbnailUrl\":\"https:\/\/tatkoopremovic.com\/wp-content\/uploads\/2025\/11\/drvene-cetkice-3-1.jpg\",\"datePublished\":\"2025-11-20T11:45:58+00:00\",\"dateModified\":\"2025-12-19T10:41:19+00:00\",\"breadcrumb\":{\"@id\":\"https:\/\/tatkoopremovic.com\/product\/pamucni-stapici-za-ciscenje-drveni-100kom\/#breadcrumb\"},\"inLanguage\":\"en-GB\",\"potentialAction\":[{\"@type\":\"ReadAction\",\"target\":[\"https:\/\/tatkoopremovic.com\/product\/pamucni-stapici-za-ciscenje-drveni-100kom\/\"]}]},{\"@type\":\"ImageObject\",\"inLanguage\":\"en-GB\",\"@id\":\"https:\/\/tatkoopremovic.com\/product\/pamucni-stapici-za-ciscenje-drveni-100kom\/#primaryimage\",\"url\":\"https:\/\/tatkoopremovic.com\/wp-content\/uploads\/2025\/11\/drvene-cetkice-3-1.jpg\",\"contentUrl\":\"https:\/\/tatkoopremovic.com\/wp-content\/uploads\/2025\/11\/drvene-cetkice-3-1.jpg\",\"width\":500,\"height\":500},{\"@type\":\"BreadcrumbList\",\"@id\":\"https:\/\/tatkoopremovic.com\/product\/pamucni-stapici-za-ciscenje-drveni-100kom\/#breadcrumb\",\"itemListElement\":[{\"@type\":\"ListItem\",\"position\":1,\"name\":\"Home\",\"item\":\"https:\/\/tatkoopremovic.com\/\"},{\"@type\":\"ListItem\",\"position\":2,\"name\":\"Shop\",\"item\":\"https:\/\/tatkoopremovic.com\/shop\/\"},{\"@type\":\"ListItem\",\"position\":3,\"name\":\"Pamu\u010dni stapi\u0107i za \u010di\u0161\u0107enje drveni 100kom\"}]},{\"@type\":\"WebSite\",\"@id\":\"https:\/\/tatkoopremovic.com\/#website\",\"url\":\"https:\/\/tatkoopremovic.com\/\",\"name\":\"Tatko Opremovi\u0107\",\"description\":\"Tattoo Oprema\",\"potentialAction\":[{\"@type\":\"SearchAction\",\"target\":{\"@type\":\"EntryPoint\",\"urlTemplate\":\"https:\/\/tatkoopremovic.com\/?s={search_term_string}\"},\"query-input\":{\"@type\":\"PropertyValueSpecification\",\"valueRequired\":true,\"valueName\":\"search_term_string\"}}],\"inLanguage\":\"en-GB\"}]}<\/script>\n<!-- \/ Yoast SEO plugin. -->","yoast_head_json":{"title":"Pamu\u010dni stapi\u0107i za \u010di\u0161\u0107enje drveni 100kom - Tatko Opremovi\u0107","robots":{"index":"index","follow":"follow","max-snippet":"max-snippet:-1","max-image-preview":"max-image-preview:large","max-video-preview":"max-video-preview:-1"},"canonical":"https:\/\/tatkoopremovic.com\/en\/product\/pamucni-stapici-za-ciscenje-drveni-100kom\/","og_locale":"en_GB","og_type":"article","og_title":"Pamu\u010dni stapi\u0107i za \u010di\u0161\u0107enje drveni 100kom - Tatko Opremovi\u0107","og_url":"https:\/\/tatkoopremovic.com\/en\/product\/pamucni-stapici-za-ciscenje-drveni-100kom\/","og_site_name":"Tatko Opremovi\u0107","article_modified_time":"2025-12-19T10:41:19+00:00","og_image":[{"width":500,"height":500,"url":"https:\/\/tatkoopremovic.com\/wp-content\/uploads\/2025\/11\/drvene-cetkice-3-1.jpg","type":"image\/jpeg"}],"twitter_card":"summary_large_image","schema":{"@context":"https:\/\/schema.org","@graph":[{"@type":"WebPage","@id":"https:\/\/tatkoopremovic.com\/product\/pamucni-stapici-za-ciscenje-drveni-100kom\/","url":"https:\/\/tatkoopremovic.com\/product\/pamucni-stapici-za-ciscenje-drveni-100kom\/","name":"Pamu\u010dni stapi\u0107i za \u010di\u0161\u0107enje drveni 100kom - Tatko Opremovi\u0107","isPartOf":{"@id":"https:\/\/tatkoopremovic.com\/#website"},"primaryImageOfPage":{"@id":"https:\/\/tatkoopremovic.com\/product\/pamucni-stapici-za-ciscenje-drveni-100kom\/#primaryimage"},"image":{"@id":"https:\/\/tatkoopremovic.com\/product\/pamucni-stapici-za-ciscenje-drveni-100kom\/#primaryimage"},"thumbnailUrl":"https:\/\/tatkoopremovic.com\/wp-content\/uploads\/2025\/11\/drvene-cetkice-3-1.jpg","datePublished":"2025-11-20T11:45:58+00:00","dateModified":"2025-12-19T10:41:19+00:00","breadcrumb":{"@id":"https:\/\/tatkoopremovic.com\/product\/pamucni-stapici-za-ciscenje-drveni-100kom\/#breadcrumb"},"inLanguage":"en-GB","potentialAction":[{"@type":"ReadAction","target":["https:\/\/tatkoopremovic.com\/product\/pamucni-stapici-za-ciscenje-drveni-100kom\/"]}]},{"@type":"ImageObject","inLanguage":"en-GB","@id":"https:\/\/tatkoopremovic.com\/product\/pamucni-stapici-za-ciscenje-drveni-100kom\/#primaryimage","url":"https:\/\/tatkoopremovic.com\/wp-content\/uploads\/2025\/11\/drvene-cetkice-3-1.jpg","contentUrl":"https:\/\/tatkoopremovic.com\/wp-content\/uploads\/2025\/11\/drvene-cetkice-3-1.jpg","width":500,"height":500},{"@type":"BreadcrumbList","@id":"https:\/\/tatkoopremovic.com\/product\/pamucni-stapici-za-ciscenje-drveni-100kom\/#breadcrumb","itemListElement":[{"@type":"ListItem","position":1,"name":"Home","item":"https:\/\/tatkoopremovic.com\/"},{"@type":"ListItem","position":2,"name":"Shop","item":"https:\/\/tatkoopremovic.com\/shop\/"},{"@type":"ListItem","position":3,"name":"Pamu\u010dni stapi\u0107i za \u010di\u0161\u0107enje drveni 100kom"}]},{"@type":"WebSite","@id":"https:\/\/tatkoopremovic.com\/#website","url":"https:\/\/tatkoopremovic.com\/","name":"Tatko Opremovi\u0107","description":"Tattoo Oprema","potentialAction":[{"@type":"SearchAction","target":{"@type":"EntryPoint","urlTemplate":"https:\/\/tatkoopremovic.com\/?s={search_term_string}"},"query-input":{"@type":"PropertyValueSpecification","valueRequired":true,"valueName":"search_term_string"}}],"inLanguage":"en-GB"}]}},"_links":{"self":[{"href":"https:\/\/tatkoopremovic.com\/en\/wp-json\/wp\/v2\/product\/14357","targetHints":{"allow":["GET"]}}],"collection":[{"href":"https:\/\/tatkoopremovic.com\/en\/wp-json\/wp\/v2\/product"}],"about":[{"href":"https:\/\/tatkoopremovic.com\/en\/wp-json\/wp\/v2\/types\/product"}],"wp:featuredmedia":[{"embeddable":true,"href":"https:\/\/tatkoopremovic.com\/en\/wp-json\/wp\/v2\/media\/14370"}],"wp:attachment":[{"href":"https:\/\/tatkoopremovic.com\/en\/wp-json\/wp\/v2\/media?parent=14357"}],"wp:term":[{"taxonomy":"product_brand","embeddable":true,"href":"https:\/\/tatkoopremovic.com\/en\/wp-json\/wp\/v2\/product_brand?post=14357"},{"taxonomy":"product_cat","embeddable":true,"href":"https:\/\/tatkoopremovic.com\/en\/wp-json\/wp\/v2\/product_cat?post=14357"},{"taxonomy":"product_tag","embeddable":true,"href":"https:\/\/tatkoopremovic.com\/en\/wp-json\/wp\/v2\/product_tag?post=14357"}],"curies":[{"name":"wp","href":"https:\/\/api.w.org\/{rel}","templated":true}]}}