{"id":15072,"date":"2025-12-22T11:39:35","date_gmt":"2025-12-22T11:39:35","guid":{"rendered":"https:\/\/tatkoopremovic.com\/?post_type=product&#038;p=15072"},"modified":"2026-01-22T13:29:54","modified_gmt":"2026-01-22T13:29:54","slug":"ar-bandaz-traka-5x45-visnja","status":"publish","type":"product","link":"https:\/\/tatkoopremovic.com\/en\/product\/ar-bandaz-traka-5x45-visnja\/","title":{"rendered":"AR banda\u017e traka 5&#215;4,5 VI\u0160NJA"},"content":{"rendered":"<p>Protective bandage tape<\/p>\n<p>Material: non-woven non-slip fabric, lightweight and soft material.<\/p>\n<p>Single-use<\/p>\n<p>Dimensions: 5 x 4.5 cm<\/p>","protected":false},"excerpt":{"rendered":"<p>Protective bandage tape<\/p>\n<p>Material: non-woven non-slip fabric, lightweight and soft material.<\/p>\n<p>Single-use<\/p>\n<p>Dimensions: 5 x 4.5 cm<\/p>","protected":false},"featured_media":15780,"template":"","meta":[],"product_brand":[],"product_cat":[983,93],"product_tag":[665,666],"class_list":{"0":"post-15072","1":"product","2":"type-product","3":"status-publish","4":"has-post-thumbnail","6":"product_cat-najloni-i-bandazeri","7":"product_cat-bandaz-trake","8":"product_tag-bandaz-trake","9":"product_tag-trake","10":"pa_kolicina-komad-1","11":"pa_kolicina-kutija-24","13":"first","14":"instock","15":"taxable","16":"shipping-taxable","17":"purchasable","18":"product-type-variable"},"yoast_head":"<!-- This site is optimized with the Yoast SEO plugin v26.8 - https:\/\/yoast.com\/product\/yoast-seo-wordpress\/ -->\n<title>AR banda\u017e traka 5x4,5 VI\u0160NJA - Tatko Opremovi\u0107<\/title>\n<meta name=\"robots\" content=\"index, follow, max-snippet:-1, max-image-preview:large, max-video-preview:-1\" \/>\n<link rel=\"canonical\" href=\"https:\/\/tatkoopremovic.com\/en\/product\/ar-bandaz-traka-5x45-visnja\/\" \/>\n<meta property=\"og:locale\" content=\"en_GB\" \/>\n<meta property=\"og:type\" content=\"article\" \/>\n<meta property=\"og:title\" content=\"AR banda\u017e traka 5x4,5 VI\u0160NJA - Tatko Opremovi\u0107\" \/>\n<meta property=\"og:description\" content=\"Za\u0161titna banda\u017e traka  Materijal: netkana neklizajuca tkanina, lagan i mekan materijal.  Jednokratna upotreba  Dimenzije: 5 x 4,5 cm\" \/>\n<meta property=\"og:url\" content=\"https:\/\/tatkoopremovic.com\/en\/product\/ar-bandaz-traka-5x45-visnja\/\" \/>\n<meta property=\"og:site_name\" content=\"Tatko Opremovi\u0107\" \/>\n<meta property=\"article:modified_time\" content=\"2026-01-22T13:29:54+00:00\" \/>\n<meta name=\"twitter:card\" content=\"summary_large_image\" \/>\n<meta name=\"twitter:label1\" content=\"Estimated reading time\" \/>\n\t<meta name=\"twitter:data1\" content=\"1 minute\" \/>\n<script type=\"application\/ld+json\" class=\"yoast-schema-graph\">{\"@context\":\"https:\/\/schema.org\",\"@graph\":[{\"@type\":\"WebPage\",\"@id\":\"https:\/\/tatkoopremovic.com\/product\/ar-bandaz-traka-5x45-visnja\/\",\"url\":\"https:\/\/tatkoopremovic.com\/product\/ar-bandaz-traka-5x45-visnja\/\",\"name\":\"AR banda\u017e traka 5x4,5 VI\u0160NJA - Tatko Opremovi\u0107\",\"isPartOf\":{\"@id\":\"https:\/\/tatkoopremovic.com\/#website\"},\"primaryImageOfPage\":{\"@id\":\"https:\/\/tatkoopremovic.com\/product\/ar-bandaz-traka-5x45-visnja\/#primaryimage\"},\"image\":{\"@id\":\"https:\/\/tatkoopremovic.com\/product\/ar-bandaz-traka-5x45-visnja\/#primaryimage\"},\"thumbnailUrl\":\"https:\/\/tatkoopremovic.com\/wp-content\/uploads\/2025\/12\/visnja-pdf.jpg\",\"datePublished\":\"2025-12-22T11:39:35+00:00\",\"dateModified\":\"2026-01-22T13:29:54+00:00\",\"breadcrumb\":{\"@id\":\"https:\/\/tatkoopremovic.com\/product\/ar-bandaz-traka-5x45-visnja\/#breadcrumb\"},\"inLanguage\":\"en-GB\",\"potentialAction\":[{\"@type\":\"ReadAction\",\"target\":[\"https:\/\/tatkoopremovic.com\/product\/ar-bandaz-traka-5x45-visnja\/\"]}]},{\"@type\":\"ImageObject\",\"inLanguage\":\"en-GB\",\"@id\":\"https:\/\/tatkoopremovic.com\/product\/ar-bandaz-traka-5x45-visnja\/#primaryimage\",\"url\":\"https:\/\/tatkoopremovic.com\/wp-content\/uploads\/2025\/12\/visnja-pdf.jpg\",\"contentUrl\":\"https:\/\/tatkoopremovic.com\/wp-content\/uploads\/2025\/12\/visnja-pdf.jpg\"},{\"@type\":\"BreadcrumbList\",\"@id\":\"https:\/\/tatkoopremovic.com\/product\/ar-bandaz-traka-5x45-visnja\/#breadcrumb\",\"itemListElement\":[{\"@type\":\"ListItem\",\"position\":1,\"name\":\"Home\",\"item\":\"https:\/\/tatkoopremovic.com\/\"},{\"@type\":\"ListItem\",\"position\":2,\"name\":\"Shop\",\"item\":\"https:\/\/tatkoopremovic.com\/shop\/\"},{\"@type\":\"ListItem\",\"position\":3,\"name\":\"AR banda\u017e traka 5&#215;4,5 VI\u0160NJA\"}]},{\"@type\":\"WebSite\",\"@id\":\"https:\/\/tatkoopremovic.com\/#website\",\"url\":\"https:\/\/tatkoopremovic.com\/\",\"name\":\"Tatko Opremovi\u0107\",\"description\":\"Tattoo Oprema\",\"potentialAction\":[{\"@type\":\"SearchAction\",\"target\":{\"@type\":\"EntryPoint\",\"urlTemplate\":\"https:\/\/tatkoopremovic.com\/?s={search_term_string}\"},\"query-input\":{\"@type\":\"PropertyValueSpecification\",\"valueRequired\":true,\"valueName\":\"search_term_string\"}}],\"inLanguage\":\"en-GB\"}]}<\/script>\n<!-- \/ Yoast SEO plugin. -->","yoast_head_json":{"title":"AR banda\u017e traka 5x4,5 VI\u0160NJA - Tatko Opremovi\u0107","robots":{"index":"index","follow":"follow","max-snippet":"max-snippet:-1","max-image-preview":"max-image-preview:large","max-video-preview":"max-video-preview:-1"},"canonical":"https:\/\/tatkoopremovic.com\/en\/product\/ar-bandaz-traka-5x45-visnja\/","og_locale":"en_GB","og_type":"article","og_title":"AR banda\u017e traka 5x4,5 VI\u0160NJA - Tatko Opremovi\u0107","og_description":"Za\u0161titna banda\u017e traka  Materijal: netkana neklizajuca tkanina, lagan i mekan materijal.  Jednokratna upotreba  Dimenzije: 5 x 4,5 cm","og_url":"https:\/\/tatkoopremovic.com\/en\/product\/ar-bandaz-traka-5x45-visnja\/","og_site_name":"Tatko Opremovi\u0107","article_modified_time":"2026-01-22T13:29:54+00:00","twitter_card":"summary_large_image","twitter_misc":{"Estimated reading time":"1 minute"},"schema":{"@context":"https:\/\/schema.org","@graph":[{"@type":"WebPage","@id":"https:\/\/tatkoopremovic.com\/product\/ar-bandaz-traka-5x45-visnja\/","url":"https:\/\/tatkoopremovic.com\/product\/ar-bandaz-traka-5x45-visnja\/","name":"AR banda\u017e traka 5x4,5 VI\u0160NJA - Tatko Opremovi\u0107","isPartOf":{"@id":"https:\/\/tatkoopremovic.com\/#website"},"primaryImageOfPage":{"@id":"https:\/\/tatkoopremovic.com\/product\/ar-bandaz-traka-5x45-visnja\/#primaryimage"},"image":{"@id":"https:\/\/tatkoopremovic.com\/product\/ar-bandaz-traka-5x45-visnja\/#primaryimage"},"thumbnailUrl":"https:\/\/tatkoopremovic.com\/wp-content\/uploads\/2025\/12\/visnja-pdf.jpg","datePublished":"2025-12-22T11:39:35+00:00","dateModified":"2026-01-22T13:29:54+00:00","breadcrumb":{"@id":"https:\/\/tatkoopremovic.com\/product\/ar-bandaz-traka-5x45-visnja\/#breadcrumb"},"inLanguage":"en-GB","potentialAction":[{"@type":"ReadAction","target":["https:\/\/tatkoopremovic.com\/product\/ar-bandaz-traka-5x45-visnja\/"]}]},{"@type":"ImageObject","inLanguage":"en-GB","@id":"https:\/\/tatkoopremovic.com\/product\/ar-bandaz-traka-5x45-visnja\/#primaryimage","url":"https:\/\/tatkoopremovic.com\/wp-content\/uploads\/2025\/12\/visnja-pdf.jpg","contentUrl":"https:\/\/tatkoopremovic.com\/wp-content\/uploads\/2025\/12\/visnja-pdf.jpg"},{"@type":"BreadcrumbList","@id":"https:\/\/tatkoopremovic.com\/product\/ar-bandaz-traka-5x45-visnja\/#breadcrumb","itemListElement":[{"@type":"ListItem","position":1,"name":"Home","item":"https:\/\/tatkoopremovic.com\/"},{"@type":"ListItem","position":2,"name":"Shop","item":"https:\/\/tatkoopremovic.com\/shop\/"},{"@type":"ListItem","position":3,"name":"AR banda\u017e traka 5&#215;4,5 VI\u0160NJA"}]},{"@type":"WebSite","@id":"https:\/\/tatkoopremovic.com\/#website","url":"https:\/\/tatkoopremovic.com\/","name":"Tatko Opremovi\u0107","description":"Tattoo Oprema","potentialAction":[{"@type":"SearchAction","target":{"@type":"EntryPoint","urlTemplate":"https:\/\/tatkoopremovic.com\/?s={search_term_string}"},"query-input":{"@type":"PropertyValueSpecification","valueRequired":true,"valueName":"search_term_string"}}],"inLanguage":"en-GB"}]}},"_links":{"self":[{"href":"https:\/\/tatkoopremovic.com\/en\/wp-json\/wp\/v2\/product\/15072","targetHints":{"allow":["GET"]}}],"collection":[{"href":"https:\/\/tatkoopremovic.com\/en\/wp-json\/wp\/v2\/product"}],"about":[{"href":"https:\/\/tatkoopremovic.com\/en\/wp-json\/wp\/v2\/types\/product"}],"wp:featuredmedia":[{"embeddable":true,"href":"https:\/\/tatkoopremovic.com\/en\/wp-json\/wp\/v2\/media\/15780"}],"wp:attachment":[{"href":"https:\/\/tatkoopremovic.com\/en\/wp-json\/wp\/v2\/media?parent=15072"}],"wp:term":[{"taxonomy":"product_brand","embeddable":true,"href":"https:\/\/tatkoopremovic.com\/en\/wp-json\/wp\/v2\/product_brand?post=15072"},{"taxonomy":"product_cat","embeddable":true,"href":"https:\/\/tatkoopremovic.com\/en\/wp-json\/wp\/v2\/product_cat?post=15072"},{"taxonomy":"product_tag","embeddable":true,"href":"https:\/\/tatkoopremovic.com\/en\/wp-json\/wp\/v2\/product_tag?post=15072"}],"curies":[{"name":"wp","href":"https:\/\/api.w.org\/{rel}","templated":true}]}}