{"id":159,"date":"2022-08-11T09:26:57","date_gmt":"2022-08-11T09:26:57","guid":{"rendered":"https:\/\/tatkoopremovic.com\/?post_type=product&#038;p=159"},"modified":"2025-02-26T13:45:35","modified_gmt":"2025-02-26T13:45:35","slug":"ep-7-luxury-kit","status":"publish","type":"product","link":"https:\/\/tatkoopremovic.com\/en\/product\/ep-7-luxury-kit\/","title":{"rendered":"EP7+ Luxury kit plus Gray"},"content":{"rendered":"","protected":false},"excerpt":{"rendered":"<p>AVA Wireless Tattoo Pen EP7+ is an upgraded version of the EP7 machine with more power and a higher speed of 11049 RPM.<br \/>\nThe voltage can be adjusted in increments of 0.1V or 1V via the touch-sensitive screen, and the LED display shows the voltage setting as well as the current battery level.<\/p>\n<p>Whether it's lining or shading, the AVA wireless tattoo machine EP7+ is perfect for all tattooing styles.<\/p>\n<p>The Deluxe edition of EP7+ comes with a separate grip of 32 mm, an additional battery, as well as an RCA adapter in case you run out of battery.<\/p>\n<p>Features:<\/p>\n<p>Color Black<br \/>\nAVA brushless DC motor<br \/>\nPower: 5 watts<br \/>\nOperating voltage: 4.2 \u2013 12 volts DC (adjustable in increments of 0.1V or 1V)<br \/>\nMotor speed: 11049 RPM<br \/>\nOperation mode: Continuous operation<br \/>\nMaterial: Aircraft aluminum<br \/>\nStroke: 3.5 mm<br \/>\nNeedle protrusion: 0 \u2013 4.5 mm<br \/>\nLED screen displays voltage setting and battery level<br \/>\nCompatible with all standard tattoo needle modules<br \/>\nBattery type: 18500 lithium-ion<br \/>\nBattery capacity: 2200 mAh<br \/>\nInput voltage: 5 V\/2 A<br \/>\nCharging time: 2 hours<br \/>\nWorking time: approx. 5-8 hours<\/p>\n<p>Weight and dimensions of the machine:<\/p>\n<p>Weight: 212 g<br \/>\nLength: 121 mm<br \/>\nMachine diameter: 32 mm<\/p>\n<p>Package contents:<\/p>\n<p>1x AVA wireless tattoo machine \u2013 EP7+<br \/>\n2x removable batteries (one built-in and one spare battery)<br \/>\n1x RCA connecting adapter<br \/>\n1x RCA adapter plug<br \/>\n1x Extra grip \u00d8 32 mm<br \/>\n1x USB-C charging cable<br \/>\n1x machine holder<br \/>\n1x silicone pad<\/p>\n<p>Garancija: 6 meseci<\/p>\n<p>Available colors: Black, Gray<\/p>","protected":false},"featured_media":815,"template":"","meta":[],"product_brand":[],"product_cat":[51],"product_tag":[650],"class_list":{"0":"post-159","1":"product","2":"type-product","3":"status-publish","4":"has-post-thumbnail","6":"product_cat-ava-machine","7":"product_tag-ava","9":"first","10":"outofstock","11":"taxable","12":"shipping-taxable","13":"purchasable","14":"product-type-simple"},"yoast_head":"<!-- This site is optimized with the Yoast SEO plugin v26.8 - https:\/\/yoast.com\/product\/yoast-seo-wordpress\/ -->\n<title>EP7+Luxury kit plus SIVI - Tatko Opremovi\u0107<\/title>\n<meta name=\"robots\" content=\"index, follow, max-snippet:-1, max-image-preview:large, max-video-preview:-1\" \/>\n<link rel=\"canonical\" href=\"https:\/\/tatkoopremovic.com\/en\/product\/ep-7-luxury-kit\/\" \/>\n<meta property=\"og:locale\" content=\"en_GB\" \/>\n<meta property=\"og:type\" content=\"article\" \/>\n<meta property=\"og:title\" content=\"EP7+Luxury kit plus SIVI - Tatko Opremovi\u0107\" \/>\n<meta property=\"og:description\" content=\"AVA Vireless Tattoo Pen EP7+ je unapre\u0111ena verzija EP7 ma\u0161ine sa vi\u0161e snage i ve\u0107om brzinom od 11049 o\/min. Napon se mo\u017ee podesiti u koracima od 0,1V ili 1V preko ekrana osetljivog na dodir, a LED displej prikazuje pode\u0161avanje napona kao i trenutni nivo baterije.  Bilo da se radi o linijama ili pakovanju u boji, AVA be\u017ei\u010dna ma\u0161inica za tetoviranje EP7+ je savr\u0161ena za sve stilove u tetoviranju.  Deluks izdanje EP7+ dolazi sa zasebnom tubom od 32 mm, dodatnom baterijom, kao i RCA adapterom u slu\u010daju da vam ponestane baterije.  Karakteristike:  Boja Crna AVA DC motor bez \u010detkica Radna snaga: 5 vati Radni napon: 4,2 - 12 volti DC (podesiv u koracima od 0,1 V ili 1 V) Brzina motora: 11049 o\/min Re\u017eim rada: Kontinuirani rad Materijal: avionski aluminijum Hod: 3,5 mm Izbo\u010dina igle: 0 - 4,5 mm LED ekran prikazuje pode\u0161avanje napona i nivo baterije Kompatibilan sa svim standardnim modulima igle za tetoviranje Tip baterije: 18500 litijum-jonska Kapacitet baterije: 2200 mAh Ulazni napon: 5 V\/2 A Vreme punjenja: 2sata Radno vreme: cca. 5-8 sati  Te\u017eina i dimenzije ma\u0161ine:  Te\u017eina: 212 g Du\u017eina: 121 mm Pre\u010dnik ma\u0161ine: 32 mm  Pakovanje sadr\u017ei:  1k AVA be\u017ei\u010dna ma\u0161inica za tetoviranje - EP7+ 2k uklonjive baterije (jedna ugra\u0111ena u ure\u0111aj i druga rezervna baterija) 1k RCA adapter za povezivanje 1k RCA adapter utika\u010d 1k Ekstra grip \u00d8 32 mm 1k USB-C kabl za punjenje 1k dr\u017ea\u010d ma\u0161inice 1k silikonska podloga  Garancija: 6 meseci  Dostupne boje: Crna, Siva\" \/>\n<meta property=\"og:url\" content=\"https:\/\/tatkoopremovic.com\/en\/product\/ep-7-luxury-kit\/\" \/>\n<meta property=\"og:site_name\" content=\"Tatko Opremovi\u0107\" \/>\n<meta property=\"article:modified_time\" content=\"2025-02-26T13:45:35+00:00\" \/>\n<meta property=\"og:image\" content=\"https:\/\/tatkoopremovic.com\/wp-content\/uploads\/2022\/08\/EP-7-LUXURY-KIT-PLUS.jpg\" \/>\n\t<meta property=\"og:image:width\" content=\"800\" \/>\n\t<meta property=\"og:image:height\" content=\"800\" \/>\n\t<meta property=\"og:image:type\" content=\"image\/jpeg\" \/>\n<meta name=\"twitter:card\" content=\"summary_large_image\" \/>\n<meta name=\"twitter:label1\" content=\"Estimated reading time\" \/>\n\t<meta name=\"twitter:data1\" content=\"2 minutes\" \/>\n<script type=\"application\/ld+json\" class=\"yoast-schema-graph\">{\"@context\":\"https:\/\/schema.org\",\"@graph\":[{\"@type\":\"WebPage\",\"@id\":\"https:\/\/tatkoopremovic.com\/product\/ep-7-luxury-kit\/\",\"url\":\"https:\/\/tatkoopremovic.com\/product\/ep-7-luxury-kit\/\",\"name\":\"EP7+Luxury kit plus SIVI - Tatko Opremovi\u0107\",\"isPartOf\":{\"@id\":\"https:\/\/tatkoopremovic.com\/#website\"},\"primaryImageOfPage\":{\"@id\":\"https:\/\/tatkoopremovic.com\/product\/ep-7-luxury-kit\/#primaryimage\"},\"image\":{\"@id\":\"https:\/\/tatkoopremovic.com\/product\/ep-7-luxury-kit\/#primaryimage\"},\"thumbnailUrl\":\"https:\/\/tatkoopremovic.com\/wp-content\/uploads\/2022\/08\/EP-7-LUXURY-KIT-PLUS.jpg\",\"datePublished\":\"2022-08-11T09:26:57+00:00\",\"dateModified\":\"2025-02-26T13:45:35+00:00\",\"breadcrumb\":{\"@id\":\"https:\/\/tatkoopremovic.com\/product\/ep-7-luxury-kit\/#breadcrumb\"},\"inLanguage\":\"en-GB\",\"potentialAction\":[{\"@type\":\"ReadAction\",\"target\":[\"https:\/\/tatkoopremovic.com\/product\/ep-7-luxury-kit\/\"]}]},{\"@type\":\"ImageObject\",\"inLanguage\":\"en-GB\",\"@id\":\"https:\/\/tatkoopremovic.com\/product\/ep-7-luxury-kit\/#primaryimage\",\"url\":\"https:\/\/tatkoopremovic.com\/wp-content\/uploads\/2022\/08\/EP-7-LUXURY-KIT-PLUS.jpg\",\"contentUrl\":\"https:\/\/tatkoopremovic.com\/wp-content\/uploads\/2022\/08\/EP-7-LUXURY-KIT-PLUS.jpg\",\"width\":800,\"height\":800},{\"@type\":\"BreadcrumbList\",\"@id\":\"https:\/\/tatkoopremovic.com\/product\/ep-7-luxury-kit\/#breadcrumb\",\"itemListElement\":[{\"@type\":\"ListItem\",\"position\":1,\"name\":\"Home\",\"item\":\"https:\/\/tatkoopremovic.com\/\"},{\"@type\":\"ListItem\",\"position\":2,\"name\":\"Shop\",\"item\":\"https:\/\/tatkoopremovic.com\/shop\/\"},{\"@type\":\"ListItem\",\"position\":3,\"name\":\"EP7+Luxury kit plus SIVI\"}]},{\"@type\":\"WebSite\",\"@id\":\"https:\/\/tatkoopremovic.com\/#website\",\"url\":\"https:\/\/tatkoopremovic.com\/\",\"name\":\"Tatko Opremovi\u0107\",\"description\":\"Tattoo Oprema\",\"potentialAction\":[{\"@type\":\"SearchAction\",\"target\":{\"@type\":\"EntryPoint\",\"urlTemplate\":\"https:\/\/tatkoopremovic.com\/?s={search_term_string}\"},\"query-input\":{\"@type\":\"PropertyValueSpecification\",\"valueRequired\":true,\"valueName\":\"search_term_string\"}}],\"inLanguage\":\"en-GB\"}]}<\/script>\n<!-- \/ Yoast SEO plugin. -->","yoast_head_json":{"title":"EP7+Luxury kit plus SIVI - Tatko Opremovi\u0107","robots":{"index":"index","follow":"follow","max-snippet":"max-snippet:-1","max-image-preview":"max-image-preview:large","max-video-preview":"max-video-preview:-1"},"canonical":"https:\/\/tatkoopremovic.com\/en\/product\/ep-7-luxury-kit\/","og_locale":"en_GB","og_type":"article","og_title":"EP7+Luxury kit plus SIVI - Tatko Opremovi\u0107","og_description":"AVA Vireless Tattoo Pen EP7+ je unapre\u0111ena verzija EP7 ma\u0161ine sa vi\u0161e snage i ve\u0107om brzinom od 11049 o\/min. Napon se mo\u017ee podesiti u koracima od 0,1V ili 1V preko ekrana osetljivog na dodir, a LED displej prikazuje pode\u0161avanje napona kao i trenutni nivo baterije.  Bilo da se radi o linijama ili pakovanju u boji, AVA be\u017ei\u010dna ma\u0161inica za tetoviranje EP7+ je savr\u0161ena za sve stilove u tetoviranju.  Deluks izdanje EP7+ dolazi sa zasebnom tubom od 32 mm, dodatnom baterijom, kao i RCA adapterom u slu\u010daju da vam ponestane baterije.  Karakteristike:  Boja Crna AVA DC motor bez \u010detkica Radna snaga: 5 vati Radni napon: 4,2 - 12 volti DC (podesiv u koracima od 0,1 V ili 1 V) Brzina motora: 11049 o\/min Re\u017eim rada: Kontinuirani rad Materijal: avionski aluminijum Hod: 3,5 mm Izbo\u010dina igle: 0 - 4,5 mm LED ekran prikazuje pode\u0161avanje napona i nivo baterije Kompatibilan sa svim standardnim modulima igle za tetoviranje Tip baterije: 18500 litijum-jonska Kapacitet baterije: 2200 mAh Ulazni napon: 5 V\/2 A Vreme punjenja: 2sata Radno vreme: cca. 5-8 sati  Te\u017eina i dimenzije ma\u0161ine:  Te\u017eina: 212 g Du\u017eina: 121 mm Pre\u010dnik ma\u0161ine: 32 mm  Pakovanje sadr\u017ei:  1k AVA be\u017ei\u010dna ma\u0161inica za tetoviranje - EP7+ 2k uklonjive baterije (jedna ugra\u0111ena u ure\u0111aj i druga rezervna baterija) 1k RCA adapter za povezivanje 1k RCA adapter utika\u010d 1k Ekstra grip \u00d8 32 mm 1k USB-C kabl za punjenje 1k dr\u017ea\u010d ma\u0161inice 1k silikonska podloga  Garancija: 6 meseci  Dostupne boje: Crna, Siva","og_url":"https:\/\/tatkoopremovic.com\/en\/product\/ep-7-luxury-kit\/","og_site_name":"Tatko Opremovi\u0107","article_modified_time":"2025-02-26T13:45:35+00:00","og_image":[{"width":800,"height":800,"url":"https:\/\/tatkoopremovic.com\/wp-content\/uploads\/2022\/08\/EP-7-LUXURY-KIT-PLUS.jpg","type":"image\/jpeg"}],"twitter_card":"summary_large_image","twitter_misc":{"Estimated reading time":"2 minutes"},"schema":{"@context":"https:\/\/schema.org","@graph":[{"@type":"WebPage","@id":"https:\/\/tatkoopremovic.com\/product\/ep-7-luxury-kit\/","url":"https:\/\/tatkoopremovic.com\/product\/ep-7-luxury-kit\/","name":"EP7+Luxury kit plus SIVI - Tatko Opremovi\u0107","isPartOf":{"@id":"https:\/\/tatkoopremovic.com\/#website"},"primaryImageOfPage":{"@id":"https:\/\/tatkoopremovic.com\/product\/ep-7-luxury-kit\/#primaryimage"},"image":{"@id":"https:\/\/tatkoopremovic.com\/product\/ep-7-luxury-kit\/#primaryimage"},"thumbnailUrl":"https:\/\/tatkoopremovic.com\/wp-content\/uploads\/2022\/08\/EP-7-LUXURY-KIT-PLUS.jpg","datePublished":"2022-08-11T09:26:57+00:00","dateModified":"2025-02-26T13:45:35+00:00","breadcrumb":{"@id":"https:\/\/tatkoopremovic.com\/product\/ep-7-luxury-kit\/#breadcrumb"},"inLanguage":"en-GB","potentialAction":[{"@type":"ReadAction","target":["https:\/\/tatkoopremovic.com\/product\/ep-7-luxury-kit\/"]}]},{"@type":"ImageObject","inLanguage":"en-GB","@id":"https:\/\/tatkoopremovic.com\/product\/ep-7-luxury-kit\/#primaryimage","url":"https:\/\/tatkoopremovic.com\/wp-content\/uploads\/2022\/08\/EP-7-LUXURY-KIT-PLUS.jpg","contentUrl":"https:\/\/tatkoopremovic.com\/wp-content\/uploads\/2022\/08\/EP-7-LUXURY-KIT-PLUS.jpg","width":800,"height":800},{"@type":"BreadcrumbList","@id":"https:\/\/tatkoopremovic.com\/product\/ep-7-luxury-kit\/#breadcrumb","itemListElement":[{"@type":"ListItem","position":1,"name":"Home","item":"https:\/\/tatkoopremovic.com\/"},{"@type":"ListItem","position":2,"name":"Shop","item":"https:\/\/tatkoopremovic.com\/shop\/"},{"@type":"ListItem","position":3,"name":"EP7+Luxury kit plus SIVI"}]},{"@type":"WebSite","@id":"https:\/\/tatkoopremovic.com\/#website","url":"https:\/\/tatkoopremovic.com\/","name":"Tatko Opremovi\u0107","description":"Tattoo Oprema","potentialAction":[{"@type":"SearchAction","target":{"@type":"EntryPoint","urlTemplate":"https:\/\/tatkoopremovic.com\/?s={search_term_string}"},"query-input":{"@type":"PropertyValueSpecification","valueRequired":true,"valueName":"search_term_string"}}],"inLanguage":"en-GB"}]}},"_links":{"self":[{"href":"https:\/\/tatkoopremovic.com\/en\/wp-json\/wp\/v2\/product\/159","targetHints":{"allow":["GET"]}}],"collection":[{"href":"https:\/\/tatkoopremovic.com\/en\/wp-json\/wp\/v2\/product"}],"about":[{"href":"https:\/\/tatkoopremovic.com\/en\/wp-json\/wp\/v2\/types\/product"}],"wp:featuredmedia":[{"embeddable":true,"href":"https:\/\/tatkoopremovic.com\/en\/wp-json\/wp\/v2\/media\/815"}],"wp:attachment":[{"href":"https:\/\/tatkoopremovic.com\/en\/wp-json\/wp\/v2\/media?parent=159"}],"wp:term":[{"taxonomy":"product_brand","embeddable":true,"href":"https:\/\/tatkoopremovic.com\/en\/wp-json\/wp\/v2\/product_brand?post=159"},{"taxonomy":"product_cat","embeddable":true,"href":"https:\/\/tatkoopremovic.com\/en\/wp-json\/wp\/v2\/product_cat?post=159"},{"taxonomy":"product_tag","embeddable":true,"href":"https:\/\/tatkoopremovic.com\/en\/wp-json\/wp\/v2\/product_tag?post=159"}],"curies":[{"name":"wp","href":"https:\/\/api.w.org\/{rel}","templated":true}]}}