{"id":1736,"date":"2022-09-16T10:23:20","date_gmt":"2022-09-16T10:23:20","guid":{"rendered":"https:\/\/tatkoopremovic.com\/?post_type=product&#038;p=1736"},"modified":"2025-12-10T12:02:10","modified_gmt":"2025-12-10T12:02:10","slug":"tattoo-krevet-dp-8322","status":"publish","type":"product","link":"https:\/\/tatkoopremovic.com\/en\/product\/tattoo-krevet-dp-8322\/","title":{"rendered":"Tattoo Bed DP-8322"},"content":{"rendered":"<p id=\"tw-target-rmn\" class=\"tw-data-text tw-text-small tw-ta\"><span class=\"Y2IQFc\">As the most original style of tattoo chairs, the DP8322 tattoo bed for clients is universal for comprehensive tattoo studios and beauty salons. It is very easy to handle and does not require much time for assembly. The tattooing experience on this bed is highly positive<\/span><span class=\"Y2IQFc\"> and widely recognized by internet users. <\/span><\/p>\n<p>&nbsp;<\/p>\n<p class=\"tw-data-text tw-text-small tw-ta\"><strong><span class=\"Y2IQFc\">Details and specifications: <\/span><\/strong><\/p>\n<p class=\"tw-data-text tw-text-small tw-ta\"><span class=\"Y2IQFc\">Material: High-quality PVC leather <\/span><\/p>\n<p class=\"tw-data-text tw-text-small tw-ta\"><span class=\"Y2IQFc\">Sponge: High-density sponge <\/span><\/p>\n<p class=\"tw-data-text tw-text-small tw-ta\"><span class=\"Y2IQFc\">Size: 3 sections from head to foot (27.95\"L + 20\"L + 24\"L) x 31\" <\/span><\/p>\n<p class=\"tw-data-text tw-text-small tw-ta\"><span class=\"Y2IQFc\">Seat width: 82cm <\/span><\/p>\n<p class=\"tw-data-text tw-text-small tw-ta\"><span class=\"Y2IQFc\">Seat length: 51cm <\/span><\/p>\n<p class=\"tw-data-text tw-text-small tw-ta\"><span class=\"Y2IQFc\">Overall lifting height: 61-79cm <\/span><\/p>\n<p class=\"tw-data-text tw-text-small tw-ta\"><span class=\"Y2IQFc\">Chair back length: 71cm <\/span><\/p>\n<p class=\"tw-data-text tw-text-small tw-ta\"><span class=\"Y2IQFc\">Seat leg length: 62cm <\/span><\/p>\n<p class=\"tw-data-text tw-text-small tw-ta\"><span class=\"Y2IQFc\">Adjustable backrest angle: 0-65 degrees<\/span><\/p>\n<p class=\"tw-data-text tw-text-small tw-ta\"><span class=\"Y2IQFc\">Leg down: 0-55 degrees <\/span><\/p>\n<p class=\"tw-data-text tw-text-small tw-ta\"><span class=\"Y2IQFc\">Weight capacity: 200 kg <\/span><\/p>\n<p class=\"tw-data-text tw-text-small tw-ta\"><span class=\"Y2IQFc\">Weight: 52 kg<\/span><\/p>","protected":false},"excerpt":{"rendered":"<p id=\"tw-target-rmn\" class=\"tw-data-text tw-text-small tw-ta\"><span class=\"Y2IQFc\">As the most original style of tattoo chairs, the DP8322 tattoo bed for clients is universal for comprehensive tattoo studios and beauty salons. It is very easy to handle and does not require much time for assembly. The tattooing experience on this bed is highly positive<\/span><span class=\"Y2IQFc\"> and widely recognized by internet users. <\/span><\/p>\n<p>&nbsp;<\/p>\n<p class=\"tw-data-text tw-text-small tw-ta\"><strong><span class=\"Y2IQFc\">Details and specifications: <\/span><\/strong><\/p>\n<p class=\"tw-data-text tw-text-small tw-ta\"><span class=\"Y2IQFc\">Material: High-quality PVC leather <\/span><\/p>\n<p class=\"tw-data-text tw-text-small tw-ta\"><span class=\"Y2IQFc\">Sponge: High-density sponge <\/span><\/p>\n<p class=\"tw-data-text tw-text-small tw-ta\"><span class=\"Y2IQFc\">Size: 3 sections from head to foot (27.95\"L + 20\"L + 24\"L) x 31\" <\/span><\/p>\n<p class=\"tw-data-text tw-text-small tw-ta\"><span class=\"Y2IQFc\">Seat width: 82cm <\/span><\/p>\n<p class=\"tw-data-text tw-text-small tw-ta\"><span class=\"Y2IQFc\">Seat length: 51cm <\/span><\/p>\n<p class=\"tw-data-text tw-text-small tw-ta\"><span class=\"Y2IQFc\">Overall lifting height: 61-79cm <\/span><\/p>\n<p class=\"tw-data-text tw-text-small tw-ta\"><span class=\"Y2IQFc\">Chair back length: 71cm <\/span><\/p>\n<p class=\"tw-data-text tw-text-small tw-ta\"><span class=\"Y2IQFc\">Seat leg length: 62cm <\/span><\/p>\n<p class=\"tw-data-text tw-text-small tw-ta\"><span class=\"Y2IQFc\">Adjustable backrest angle: 0-65 degrees<\/span><\/p>\n<p class=\"tw-data-text tw-text-small tw-ta\"><span class=\"Y2IQFc\">Leg down: 0-55 degrees <\/span><\/p>\n<p class=\"tw-data-text tw-text-small tw-ta\"><span class=\"Y2IQFc\">Weight capacity: 200 kg <\/span><\/p>\n<p class=\"tw-data-text tw-text-small tw-ta\"><span class=\"Y2IQFc\">Weight: 52 kg<\/span><\/p>","protected":false},"featured_media":1936,"template":"","meta":[],"product_brand":[],"product_cat":[232],"product_tag":[781],"class_list":{"0":"post-1736","1":"product","2":"type-product","3":"status-publish","4":"has-post-thumbnail","6":"product_cat-kreveti","7":"product_tag-kreveti","9":"first","10":"outofstock","11":"taxable","12":"shipping-taxable","13":"purchasable","14":"product-type-simple"},"yoast_head":"<!-- This site is optimized with the Yoast SEO plugin v26.8 - https:\/\/yoast.com\/product\/yoast-seo-wordpress\/ -->\n<title>Tattoo krevet DP-8322 - Tatko Opremovi\u0107<\/title>\n<meta name=\"robots\" content=\"index, follow, max-snippet:-1, max-image-preview:large, max-video-preview:-1\" \/>\n<link rel=\"canonical\" href=\"https:\/\/tatkoopremovic.com\/en\/product\/tattoo-krevet-dp-8322\/\" \/>\n<meta property=\"og:locale\" content=\"en_GB\" \/>\n<meta property=\"og:type\" content=\"article\" \/>\n<meta property=\"og:title\" content=\"Tattoo krevet DP-8322 - Tatko Opremovi\u0107\" \/>\n<meta property=\"og:description\" content=\"Kao najoriginalniji stil stolica za tetoviranje, DP8322 tattoo krevet za klijente je univerzalan za sveobuhvatne studije za tetoviranje i kozmeti\u010dke salone. Veoma je jednostavan za rukovanje i ne treba tro\u0161iti mnogo vremena na sklapanje. Iskustvo tetoviranja na ovom krevetu je jako pozitivno i \u0161iroko je prepoznat od strane korisnika interneta.  &nbsp; Detalji i specifikacije:  Ko\u017ea: Visokokvalitetna PVC ko\u017ea  Sun\u0111er: sun\u0111er visoke gustine  Veli\u010dina: 3 preseka od glave do nogu ( 27,95&quot;L+ 20&quot;L+ 24&quot;L ) k 31&quot;  \u0160irina sedi\u0161ta:\u00a0 (82cm)  Du\u017eina sedi\u0161ta:\u00a0 (51cm)  Ukupna visina podizanja: (61-79cm)  Du\u017eina naslona stolice:\u00a0 (71cm)  Du\u017eina nogu sedi\u0161ta:\u00a0 (62cm)  Podesivi naslon nagore: 0-65 stepeni Noga nadole: 0-55 stepeni  Kapacitet te\u017eine:\u00a0 (200 kg)  Te\u017eina:\u00a0 (52 kg)\" \/>\n<meta property=\"og:url\" content=\"https:\/\/tatkoopremovic.com\/en\/product\/tattoo-krevet-dp-8322\/\" \/>\n<meta property=\"og:site_name\" content=\"Tatko Opremovi\u0107\" \/>\n<meta property=\"article:modified_time\" content=\"2025-12-10T12:02:10+00:00\" \/>\n<meta property=\"og:image\" content=\"https:\/\/tatkoopremovic.com\/wp-content\/uploads\/2022\/09\/8322-31-scaled-e1666950084365.jpg\" \/>\n\t<meta property=\"og:image:width\" content=\"2425\" \/>\n\t<meta property=\"og:image:height\" content=\"2406\" \/>\n\t<meta property=\"og:image:type\" content=\"image\/jpeg\" \/>\n<meta name=\"twitter:card\" content=\"summary_large_image\" \/>\n<meta name=\"twitter:label1\" content=\"Estimated reading time\" \/>\n\t<meta name=\"twitter:data1\" content=\"1 minute\" \/>\n<script type=\"application\/ld+json\" class=\"yoast-schema-graph\">{\"@context\":\"https:\/\/schema.org\",\"@graph\":[{\"@type\":\"WebPage\",\"@id\":\"https:\/\/tatkoopremovic.com\/product\/tattoo-krevet-dp-8322\/\",\"url\":\"https:\/\/tatkoopremovic.com\/product\/tattoo-krevet-dp-8322\/\",\"name\":\"Tattoo krevet DP-8322 - Tatko Opremovi\u0107\",\"isPartOf\":{\"@id\":\"https:\/\/tatkoopremovic.com\/#website\"},\"primaryImageOfPage\":{\"@id\":\"https:\/\/tatkoopremovic.com\/product\/tattoo-krevet-dp-8322\/#primaryimage\"},\"image\":{\"@id\":\"https:\/\/tatkoopremovic.com\/product\/tattoo-krevet-dp-8322\/#primaryimage\"},\"thumbnailUrl\":\"https:\/\/tatkoopremovic.com\/wp-content\/uploads\/2022\/09\/8322-31-scaled-e1666950084365.jpg\",\"datePublished\":\"2022-09-16T10:23:20+00:00\",\"dateModified\":\"2025-12-10T12:02:10+00:00\",\"breadcrumb\":{\"@id\":\"https:\/\/tatkoopremovic.com\/product\/tattoo-krevet-dp-8322\/#breadcrumb\"},\"inLanguage\":\"en-GB\",\"potentialAction\":[{\"@type\":\"ReadAction\",\"target\":[\"https:\/\/tatkoopremovic.com\/product\/tattoo-krevet-dp-8322\/\"]}]},{\"@type\":\"ImageObject\",\"inLanguage\":\"en-GB\",\"@id\":\"https:\/\/tatkoopremovic.com\/product\/tattoo-krevet-dp-8322\/#primaryimage\",\"url\":\"https:\/\/tatkoopremovic.com\/wp-content\/uploads\/2022\/09\/8322-31-scaled-e1666950084365.jpg\",\"contentUrl\":\"https:\/\/tatkoopremovic.com\/wp-content\/uploads\/2022\/09\/8322-31-scaled-e1666950084365.jpg\",\"width\":2425,\"height\":2406},{\"@type\":\"BreadcrumbList\",\"@id\":\"https:\/\/tatkoopremovic.com\/product\/tattoo-krevet-dp-8322\/#breadcrumb\",\"itemListElement\":[{\"@type\":\"ListItem\",\"position\":1,\"name\":\"Home\",\"item\":\"https:\/\/tatkoopremovic.com\/\"},{\"@type\":\"ListItem\",\"position\":2,\"name\":\"Shop\",\"item\":\"https:\/\/tatkoopremovic.com\/shop\/\"},{\"@type\":\"ListItem\",\"position\":3,\"name\":\"Tattoo krevet DP-8322\"}]},{\"@type\":\"WebSite\",\"@id\":\"https:\/\/tatkoopremovic.com\/#website\",\"url\":\"https:\/\/tatkoopremovic.com\/\",\"name\":\"Tatko Opremovi\u0107\",\"description\":\"Tattoo Oprema\",\"potentialAction\":[{\"@type\":\"SearchAction\",\"target\":{\"@type\":\"EntryPoint\",\"urlTemplate\":\"https:\/\/tatkoopremovic.com\/?s={search_term_string}\"},\"query-input\":{\"@type\":\"PropertyValueSpecification\",\"valueRequired\":true,\"valueName\":\"search_term_string\"}}],\"inLanguage\":\"en-GB\"}]}<\/script>\n<!-- \/ Yoast SEO plugin. -->","yoast_head_json":{"title":"Tattoo krevet DP-8322 - Tatko Opremovi\u0107","robots":{"index":"index","follow":"follow","max-snippet":"max-snippet:-1","max-image-preview":"max-image-preview:large","max-video-preview":"max-video-preview:-1"},"canonical":"https:\/\/tatkoopremovic.com\/en\/product\/tattoo-krevet-dp-8322\/","og_locale":"en_GB","og_type":"article","og_title":"Tattoo krevet DP-8322 - Tatko Opremovi\u0107","og_description":"Kao najoriginalniji stil stolica za tetoviranje, DP8322 tattoo krevet za klijente je univerzalan za sveobuhvatne studije za tetoviranje i kozmeti\u010dke salone. Veoma je jednostavan za rukovanje i ne treba tro\u0161iti mnogo vremena na sklapanje. Iskustvo tetoviranja na ovom krevetu je jako pozitivno i \u0161iroko je prepoznat od strane korisnika interneta.  &nbsp; Detalji i specifikacije:  Ko\u017ea: Visokokvalitetna PVC ko\u017ea  Sun\u0111er: sun\u0111er visoke gustine  Veli\u010dina: 3 preseka od glave do nogu ( 27,95\"L+ 20\"L+ 24\"L ) k 31\"  \u0160irina sedi\u0161ta:\u00a0 (82cm)  Du\u017eina sedi\u0161ta:\u00a0 (51cm)  Ukupna visina podizanja: (61-79cm)  Du\u017eina naslona stolice:\u00a0 (71cm)  Du\u017eina nogu sedi\u0161ta:\u00a0 (62cm)  Podesivi naslon nagore: 0-65 stepeni Noga nadole: 0-55 stepeni  Kapacitet te\u017eine:\u00a0 (200 kg)  Te\u017eina:\u00a0 (52 kg)","og_url":"https:\/\/tatkoopremovic.com\/en\/product\/tattoo-krevet-dp-8322\/","og_site_name":"Tatko Opremovi\u0107","article_modified_time":"2025-12-10T12:02:10+00:00","og_image":[{"width":2425,"height":2406,"url":"https:\/\/tatkoopremovic.com\/wp-content\/uploads\/2022\/09\/8322-31-scaled-e1666950084365.jpg","type":"image\/jpeg"}],"twitter_card":"summary_large_image","twitter_misc":{"Estimated reading time":"1 minute"},"schema":{"@context":"https:\/\/schema.org","@graph":[{"@type":"WebPage","@id":"https:\/\/tatkoopremovic.com\/product\/tattoo-krevet-dp-8322\/","url":"https:\/\/tatkoopremovic.com\/product\/tattoo-krevet-dp-8322\/","name":"Tattoo krevet DP-8322 - Tatko Opremovi\u0107","isPartOf":{"@id":"https:\/\/tatkoopremovic.com\/#website"},"primaryImageOfPage":{"@id":"https:\/\/tatkoopremovic.com\/product\/tattoo-krevet-dp-8322\/#primaryimage"},"image":{"@id":"https:\/\/tatkoopremovic.com\/product\/tattoo-krevet-dp-8322\/#primaryimage"},"thumbnailUrl":"https:\/\/tatkoopremovic.com\/wp-content\/uploads\/2022\/09\/8322-31-scaled-e1666950084365.jpg","datePublished":"2022-09-16T10:23:20+00:00","dateModified":"2025-12-10T12:02:10+00:00","breadcrumb":{"@id":"https:\/\/tatkoopremovic.com\/product\/tattoo-krevet-dp-8322\/#breadcrumb"},"inLanguage":"en-GB","potentialAction":[{"@type":"ReadAction","target":["https:\/\/tatkoopremovic.com\/product\/tattoo-krevet-dp-8322\/"]}]},{"@type":"ImageObject","inLanguage":"en-GB","@id":"https:\/\/tatkoopremovic.com\/product\/tattoo-krevet-dp-8322\/#primaryimage","url":"https:\/\/tatkoopremovic.com\/wp-content\/uploads\/2022\/09\/8322-31-scaled-e1666950084365.jpg","contentUrl":"https:\/\/tatkoopremovic.com\/wp-content\/uploads\/2022\/09\/8322-31-scaled-e1666950084365.jpg","width":2425,"height":2406},{"@type":"BreadcrumbList","@id":"https:\/\/tatkoopremovic.com\/product\/tattoo-krevet-dp-8322\/#breadcrumb","itemListElement":[{"@type":"ListItem","position":1,"name":"Home","item":"https:\/\/tatkoopremovic.com\/"},{"@type":"ListItem","position":2,"name":"Shop","item":"https:\/\/tatkoopremovic.com\/shop\/"},{"@type":"ListItem","position":3,"name":"Tattoo krevet DP-8322"}]},{"@type":"WebSite","@id":"https:\/\/tatkoopremovic.com\/#website","url":"https:\/\/tatkoopremovic.com\/","name":"Tatko Opremovi\u0107","description":"Tattoo Oprema","potentialAction":[{"@type":"SearchAction","target":{"@type":"EntryPoint","urlTemplate":"https:\/\/tatkoopremovic.com\/?s={search_term_string}"},"query-input":{"@type":"PropertyValueSpecification","valueRequired":true,"valueName":"search_term_string"}}],"inLanguage":"en-GB"}]}},"_links":{"self":[{"href":"https:\/\/tatkoopremovic.com\/en\/wp-json\/wp\/v2\/product\/1736","targetHints":{"allow":["GET"]}}],"collection":[{"href":"https:\/\/tatkoopremovic.com\/en\/wp-json\/wp\/v2\/product"}],"about":[{"href":"https:\/\/tatkoopremovic.com\/en\/wp-json\/wp\/v2\/types\/product"}],"wp:featuredmedia":[{"embeddable":true,"href":"https:\/\/tatkoopremovic.com\/en\/wp-json\/wp\/v2\/media\/1936"}],"wp:attachment":[{"href":"https:\/\/tatkoopremovic.com\/en\/wp-json\/wp\/v2\/media?parent=1736"}],"wp:term":[{"taxonomy":"product_brand","embeddable":true,"href":"https:\/\/tatkoopremovic.com\/en\/wp-json\/wp\/v2\/product_brand?post=1736"},{"taxonomy":"product_cat","embeddable":true,"href":"https:\/\/tatkoopremovic.com\/en\/wp-json\/wp\/v2\/product_cat?post=1736"},{"taxonomy":"product_tag","embeddable":true,"href":"https:\/\/tatkoopremovic.com\/en\/wp-json\/wp\/v2\/product_tag?post=1736"}],"curies":[{"name":"wp","href":"https:\/\/api.w.org\/{rel}","templated":true}]}}