{"id":1750,"date":"2022-09-16T10:57:10","date_gmt":"2022-09-16T10:57:10","guid":{"rendered":"https:\/\/tatkoopremovic.com\/?post_type=product&#038;p=1750"},"modified":"2025-12-10T12:20:30","modified_gmt":"2025-12-10T12:20:30","slug":"masazni-krevet-dp-3523-123","status":"publish","type":"product","link":"https:\/\/tatkoopremovic.com\/en\/product\/masazni-krevet-dp-3523-123\/","title":{"rendered":"Massage Bed DP-3523-123"},"content":{"rendered":"<p id=\"tw-target-rmn\" class=\"tw-data-text tw-text-small tw-ta\"><span class=\"Y2IQFc\">This aluminum portable massage bed with 3 folds is ideal for a relaxing massage, with armrests and an adjustable face cradle with a face hole.<\/span><\/p>\n<p class=\"tw-data-text tw-text-small tw-ta\"><span class=\"Y2IQFc\"> High-density foam provides maximum comfort, while the oil and water-resistant vinyl surface allows for easy cleaning.<\/span><\/p>\n<p class=\"tw-data-text tw-text-small tw-ta\"><span class=\"Y2IQFc\"> This 3-section massage table is designed with a new tilt mechanism that offers increased vertical lifting. <\/span><\/p>\n<p class=\"tw-data-text tw-text-small tw-ta\"><span class=\"Y2IQFc\">The table is lightweight yet sturdy with a solid aluminum frame that can support up to 200 kg, while weighing only 15 kg (excluding accessories), making it light and enabling easy transport. <\/span><\/p>\n<p class=\"tw-data-text tw-text-small tw-ta\"><span class=\"Y2IQFc\">With 8 height adjustments ranging from 59 cm to 80 cm, this table will surely accommodate nearly everyone. <\/span><\/p>\n<p class=\"tw-data-text tw-text-small tw-ta\"><span class=\"Y2IQFc\">Features: <\/span><\/p>\n<p class=\"tw-data-text tw-text-small tw-ta\"><span class=\"Y2IQFc\">* 8 different adjustable table heights (59cm - 80cm) <\/span><\/p>\n<p class=\"tw-data-text tw-text-small tw-ta\"><span class=\"Y2IQFc\">* Wide table surface (70 cm) <\/span><\/p>\n<p class=\"tw-data-text tw-text-small tw-ta\"><span class=\"Y2IQFc\">* Full length for maximum comfort (195 cm) <\/span><\/p>\n<p class=\"tw-data-text tw-text-small tw-ta\"><span class=\"Y2IQFc\">* Removable, adjustable face cradle (headrest) <\/span><\/p>\n<p class=\"tw-data-text tw-text-small tw-ta\"><span class=\"Y2IQFc\">* Front arm shelf <\/span><\/p>\n<p class=\"tw-data-text tw-text-small tw-ta\"><span class=\"Y2IQFc\">* Side armrests Wider table design 70cm x 195cm <\/span><\/p>\n<p class=\"tw-data-text tw-text-small tw-ta\"><span class=\"Y2IQFc\">* Adjustable supports <\/span><\/p>\n<p class=\"tw-data-text tw-text-small tw-ta\"><span class=\"Y2IQFc\">*<\/span>* High-density foam 8 cm<\/p>\n<p class=\"tw-data-text tw-text-small tw-ta\"><span class=\"Y2IQFc\"> * High-quality vinyl - oil and water-resistant <\/span><\/p>\n<p class=\"tw-data-text tw-text-small tw-ta\"><span class=\"Y2IQFc\">* Aluminum frame for heavy-duty use<\/span><\/p>\n<p class=\"tw-data-text tw-text-small tw-ta\"><span class=\"Y2IQFc\"> * Maximum weight capacity 200 kg <\/span><\/p>\n<p class=\"tw-data-text tw-text-small tw-ta\"><span class=\"Y2IQFc\">* Easy to set up and fold <\/span><\/p>\n<p class=\"tw-data-text tw-text-small tw-ta\"><span class=\"Y2IQFc\">* Dimensions: 195cm (without headrest) x 70cm (without side armrest which is 10cm each) x 59-80cm (adjustable)<\/span><\/p>\n<p class=\"tw-data-text tw-text-small tw-ta\"><span class=\"Y2IQFc\"> * Folded dimensions: 92 cm (L) x 17 cm (W) x 75 cm (H) <\/span><\/p>\n<p class=\"tw-data-text tw-text-small tw-ta\"><span class=\"Y2IQFc\">* Color: black * Gross weight: 18 kg <\/span><\/p>\n<p class=\"tw-data-text tw-text-small tw-ta\"><span class=\"Y2IQFc\">* Net weight: 15 kg Package contents:<\/span><\/p>\n<p class=\"tw-data-text tw-text-small tw-ta\"><span class=\"Y2IQFc\"> * 1 x portable massage table <\/span><\/p>\n<p class=\"tw-data-text tw-text-small tw-ta\"><span class=\"Y2IQFc\">* 1 x accessory set<\/span><\/p>\n<p class=\"tw-data-text tw-text-small tw-ta\"><span class=\"Y2IQFc\"> * 1 x carrying bag<\/span><\/p>","protected":false},"excerpt":{"rendered":"<p id=\"tw-target-rmn\" class=\"tw-data-text tw-text-small tw-ta\"><span class=\"Y2IQFc\">This aluminum portable massage bed with 3 folds is ideal for a relaxing massage, with armrests and an adjustable face cradle with a face hole.<\/span><\/p>\n<p class=\"tw-data-text tw-text-small tw-ta\"><span class=\"Y2IQFc\"> High-density foam provides maximum comfort, while the oil and water-resistant vinyl surface allows for easy cleaning.<\/span><\/p>\n<p class=\"tw-data-text tw-text-small tw-ta\"><span class=\"Y2IQFc\"> This 3-section massage table is designed with a new tilt mechanism that offers increased vertical lifting. <\/span><\/p>\n<p class=\"tw-data-text tw-text-small tw-ta\"><span class=\"Y2IQFc\">The table is lightweight yet sturdy with a solid aluminum frame that can support up to 200 kg, while weighing only 15 kg (excluding accessories), making it light and enabling easy transport. <\/span><\/p>\n<p class=\"tw-data-text tw-text-small tw-ta\"><span class=\"Y2IQFc\">With 8 height adjustments ranging from 59 cm to 80 cm, this table will surely accommodate nearly everyone. <\/span><\/p>\n<p class=\"tw-data-text tw-text-small tw-ta\"><span class=\"Y2IQFc\">Features: <\/span><\/p>\n<p class=\"tw-data-text tw-text-small tw-ta\"><span class=\"Y2IQFc\">* 8 different adjustable table heights (59cm - 80cm) <\/span><\/p>\n<p class=\"tw-data-text tw-text-small tw-ta\"><span class=\"Y2IQFc\">* Wide table surface (70 cm) <\/span><\/p>\n<p class=\"tw-data-text tw-text-small tw-ta\"><span class=\"Y2IQFc\">* Full length for maximum comfort (195 cm) <\/span><\/p>\n<p class=\"tw-data-text tw-text-small tw-ta\"><span class=\"Y2IQFc\">* Removable, adjustable face cradle (headrest) <\/span><\/p>\n<p class=\"tw-data-text tw-text-small tw-ta\"><span class=\"Y2IQFc\">* Front arm shelf <\/span><\/p>\n<p class=\"tw-data-text tw-text-small tw-ta\"><span class=\"Y2IQFc\">* Side armrests Wider table design 70cm x 195cm <\/span><\/p>\n<p class=\"tw-data-text tw-text-small tw-ta\"><span class=\"Y2IQFc\">* Adjustable supports <\/span><\/p>\n<p class=\"tw-data-text tw-text-small tw-ta\"><span class=\"Y2IQFc\">*<\/span>* High-density foam 8 cm<\/p>\n<p class=\"tw-data-text tw-text-small tw-ta\"><span class=\"Y2IQFc\"> * High-quality vinyl - oil and water-resistant <\/span><\/p>\n<p class=\"tw-data-text tw-text-small tw-ta\"><span class=\"Y2IQFc\">* Aluminum frame for heavy-duty use<\/span><\/p>\n<p class=\"tw-data-text tw-text-small tw-ta\"><span class=\"Y2IQFc\"> * Maximum weight capacity 200 kg <\/span><\/p>\n<p class=\"tw-data-text tw-text-small tw-ta\"><span class=\"Y2IQFc\">* Easy to set up and fold <\/span><\/p>\n<p class=\"tw-data-text tw-text-small tw-ta\"><span class=\"Y2IQFc\">* Dimensions: 195cm (without headrest) x 70cm (without side armrest which is 10cm each) x 59-80cm (adjustable)<\/span><\/p>\n<p class=\"tw-data-text tw-text-small tw-ta\"><span class=\"Y2IQFc\"> * Folded dimensions: 92 cm (L) x 17 cm (W) x 75 cm (H) <\/span><\/p>\n<p class=\"tw-data-text tw-text-small tw-ta\"><span class=\"Y2IQFc\">* Color: black * Gross weight: 18 kg <\/span><\/p>\n<p class=\"tw-data-text tw-text-small tw-ta\"><span class=\"Y2IQFc\">* Net weight: 15 kg Package contents:<\/span><\/p>\n<p class=\"tw-data-text tw-text-small tw-ta\"><span class=\"Y2IQFc\"> * 1 x portable massage table <\/span><\/p>\n<p class=\"tw-data-text tw-text-small tw-ta\"><span class=\"Y2IQFc\">* 1 x accessory set<\/span><\/p>\n<p class=\"tw-data-text tw-text-small tw-ta\"><span class=\"Y2IQFc\"> * 1 x carrying bag<\/span><\/p>","protected":false},"featured_media":1930,"template":"","meta":[],"product_brand":[],"product_cat":[232],"product_tag":[781],"class_list":{"0":"post-1750","1":"product","2":"type-product","3":"status-publish","4":"has-post-thumbnail","6":"product_cat-kreveti","7":"product_tag-kreveti","9":"first","10":"outofstock","11":"taxable","12":"shipping-taxable","13":"purchasable","14":"product-type-simple"},"yoast_head":"<!-- This site is optimized with the Yoast SEO plugin v26.8 - https:\/\/yoast.com\/product\/yoast-seo-wordpress\/ -->\n<title>Masazni krevet DP-3523-123 - Tatko Opremovi\u0107<\/title>\n<meta name=\"robots\" content=\"index, follow, max-snippet:-1, max-image-preview:large, max-video-preview:-1\" \/>\n<link rel=\"canonical\" href=\"https:\/\/tatkoopremovic.com\/en\/product\/masazni-krevet-dp-3523-123\/\" \/>\n<meta property=\"og:locale\" content=\"en_GB\" \/>\n<meta property=\"og:type\" content=\"article\" \/>\n<meta property=\"og:title\" content=\"Masazni krevet DP-3523-123 - Tatko Opremovi\u0107\" \/>\n<meta property=\"og:description\" content=\"Ovaj aluminijumski prenosivi masa\u017eni krevet sa 3 preklopa idealan je za opu\u0161tajuc\u0301u masa\u017eu, sa naslonima za ruke i podesivim le\u017ei\u0161tem za lice sa otvorom za lice.  Pena visoke gustine obezbe\u0111uje maksimalan komfor, dok vinilna povr\u0161ina otporna na ulje i vodu omoguc\u0301ava lako \u010di\u0161c\u0301enje.  Ovaj sto za masa\u017eu sa 3 dela je dizajniran sa novim mehanizmom za naginjanje koji nudi povec\u0301ano vertikalno podizanje.  Sto je lagan, ali \u010dvrst sa \u010dvrstim aluminijumskim okvirom koji mo\u017ee da izdr\u017ei do 200 kg, dok je te\u017eak samo 15 kg (bez dodataka) lagan i omoguc\u0301ava lak transport.  Sa 8 pode\u0161avanja visine u rasponu od 59 cm \u2013 80 cm, ovaj sto c\u0301e sigurno odgovarati skoro svima.  Karakteristike  * 8 razli\u010ditih podesivih visina stola (59cm -80cm)  * \u0160iroka povr\u0161ina stola (70 cm)  * Puna du\u017eina za maksimalnu udobnost (195 cm)  * Uklonjivi, podesivi nosa\u010d za lice (naslon za glavu)  * Polica za prednju ruku  * Bo\u010dni nasloni za ruke * \u0160iri dizajn stola 70cm k 195cm  * Podesivi nosa\u010di  *Pena visoke gustine 8 cm  * Visokokvalitetni vinil \u2013 otporan na ulje i vodu  * Aluminijumski okvir za te\u0161ke uslove rada  * Maksimalna nosivost 200 kg  * Lako se postavlja i sklapa  * Dimenzije: 195cm (bez naslona za glavu) k 70cm (bez bo\u010dnog nosa\u010da za ruke koji je po 10cm) k 59-80cm (podesivo)  * Sklopljene dimenzije: 92 cm (D) k 17 cm (\u0160) k 75 cm (V)  * Boja: crna * Bruto te\u017eina: 18 kg  * Neto te\u017eina: 15 kg Sadr\u017eaj paketa  * 1 k prenosivi sto za masa\u017eu  * 1 k komplet pribora  * 1 k torba za no\u0161enje\" \/>\n<meta property=\"og:url\" content=\"https:\/\/tatkoopremovic.com\/en\/product\/masazni-krevet-dp-3523-123\/\" \/>\n<meta property=\"og:site_name\" content=\"Tatko Opremovi\u0107\" \/>\n<meta property=\"article:modified_time\" content=\"2025-12-10T12:20:30+00:00\" \/>\n<meta property=\"og:image\" content=\"https:\/\/tatkoopremovic.com\/wp-content\/uploads\/2022\/09\/DP-3523-123_02-scaled.jpg\" \/>\n\t<meta property=\"og:image:width\" content=\"2560\" \/>\n\t<meta property=\"og:image:height\" content=\"2560\" \/>\n\t<meta property=\"og:image:type\" content=\"image\/jpeg\" \/>\n<meta name=\"twitter:card\" content=\"summary_large_image\" \/>\n<meta name=\"twitter:label1\" content=\"Estimated reading time\" \/>\n\t<meta name=\"twitter:data1\" content=\"2 minutes\" \/>\n<script type=\"application\/ld+json\" class=\"yoast-schema-graph\">{\"@context\":\"https:\/\/schema.org\",\"@graph\":[{\"@type\":\"WebPage\",\"@id\":\"https:\/\/tatkoopremovic.com\/product\/masazni-krevet-dp-3523-123\/\",\"url\":\"https:\/\/tatkoopremovic.com\/product\/masazni-krevet-dp-3523-123\/\",\"name\":\"Masazni krevet DP-3523-123 - Tatko Opremovi\u0107\",\"isPartOf\":{\"@id\":\"https:\/\/tatkoopremovic.com\/#website\"},\"primaryImageOfPage\":{\"@id\":\"https:\/\/tatkoopremovic.com\/product\/masazni-krevet-dp-3523-123\/#primaryimage\"},\"image\":{\"@id\":\"https:\/\/tatkoopremovic.com\/product\/masazni-krevet-dp-3523-123\/#primaryimage\"},\"thumbnailUrl\":\"https:\/\/tatkoopremovic.com\/wp-content\/uploads\/2022\/09\/DP-3523-123_02-scaled.jpg\",\"datePublished\":\"2022-09-16T10:57:10+00:00\",\"dateModified\":\"2025-12-10T12:20:30+00:00\",\"breadcrumb\":{\"@id\":\"https:\/\/tatkoopremovic.com\/product\/masazni-krevet-dp-3523-123\/#breadcrumb\"},\"inLanguage\":\"en-GB\",\"potentialAction\":[{\"@type\":\"ReadAction\",\"target\":[\"https:\/\/tatkoopremovic.com\/product\/masazni-krevet-dp-3523-123\/\"]}]},{\"@type\":\"ImageObject\",\"inLanguage\":\"en-GB\",\"@id\":\"https:\/\/tatkoopremovic.com\/product\/masazni-krevet-dp-3523-123\/#primaryimage\",\"url\":\"https:\/\/tatkoopremovic.com\/wp-content\/uploads\/2022\/09\/DP-3523-123_02-scaled.jpg\",\"contentUrl\":\"https:\/\/tatkoopremovic.com\/wp-content\/uploads\/2022\/09\/DP-3523-123_02-scaled.jpg\",\"width\":2560,\"height\":2560},{\"@type\":\"BreadcrumbList\",\"@id\":\"https:\/\/tatkoopremovic.com\/product\/masazni-krevet-dp-3523-123\/#breadcrumb\",\"itemListElement\":[{\"@type\":\"ListItem\",\"position\":1,\"name\":\"Home\",\"item\":\"https:\/\/tatkoopremovic.com\/\"},{\"@type\":\"ListItem\",\"position\":2,\"name\":\"Shop\",\"item\":\"https:\/\/tatkoopremovic.com\/shop\/\"},{\"@type\":\"ListItem\",\"position\":3,\"name\":\"Masazni krevet DP-3523-123\"}]},{\"@type\":\"WebSite\",\"@id\":\"https:\/\/tatkoopremovic.com\/#website\",\"url\":\"https:\/\/tatkoopremovic.com\/\",\"name\":\"Tatko Opremovi\u0107\",\"description\":\"Tattoo Oprema\",\"potentialAction\":[{\"@type\":\"SearchAction\",\"target\":{\"@type\":\"EntryPoint\",\"urlTemplate\":\"https:\/\/tatkoopremovic.com\/?s={search_term_string}\"},\"query-input\":{\"@type\":\"PropertyValueSpecification\",\"valueRequired\":true,\"valueName\":\"search_term_string\"}}],\"inLanguage\":\"en-GB\"}]}<\/script>\n<!-- \/ Yoast SEO plugin. -->","yoast_head_json":{"title":"Masazni krevet DP-3523-123 - Tatko Opremovi\u0107","robots":{"index":"index","follow":"follow","max-snippet":"max-snippet:-1","max-image-preview":"max-image-preview:large","max-video-preview":"max-video-preview:-1"},"canonical":"https:\/\/tatkoopremovic.com\/en\/product\/masazni-krevet-dp-3523-123\/","og_locale":"en_GB","og_type":"article","og_title":"Masazni krevet DP-3523-123 - Tatko Opremovi\u0107","og_description":"Ovaj aluminijumski prenosivi masa\u017eni krevet sa 3 preklopa idealan je za opu\u0161tajuc\u0301u masa\u017eu, sa naslonima za ruke i podesivim le\u017ei\u0161tem za lice sa otvorom za lice.  Pena visoke gustine obezbe\u0111uje maksimalan komfor, dok vinilna povr\u0161ina otporna na ulje i vodu omoguc\u0301ava lako \u010di\u0161c\u0301enje.  Ovaj sto za masa\u017eu sa 3 dela je dizajniran sa novim mehanizmom za naginjanje koji nudi povec\u0301ano vertikalno podizanje.  Sto je lagan, ali \u010dvrst sa \u010dvrstim aluminijumskim okvirom koji mo\u017ee da izdr\u017ei do 200 kg, dok je te\u017eak samo 15 kg (bez dodataka) lagan i omoguc\u0301ava lak transport.  Sa 8 pode\u0161avanja visine u rasponu od 59 cm \u2013 80 cm, ovaj sto c\u0301e sigurno odgovarati skoro svima.  Karakteristike  * 8 razli\u010ditih podesivih visina stola (59cm -80cm)  * \u0160iroka povr\u0161ina stola (70 cm)  * Puna du\u017eina za maksimalnu udobnost (195 cm)  * Uklonjivi, podesivi nosa\u010d za lice (naslon za glavu)  * Polica za prednju ruku  * Bo\u010dni nasloni za ruke * \u0160iri dizajn stola 70cm k 195cm  * Podesivi nosa\u010di  *Pena visoke gustine 8 cm  * Visokokvalitetni vinil \u2013 otporan na ulje i vodu  * Aluminijumski okvir za te\u0161ke uslove rada  * Maksimalna nosivost 200 kg  * Lako se postavlja i sklapa  * Dimenzije: 195cm (bez naslona za glavu) k 70cm (bez bo\u010dnog nosa\u010da za ruke koji je po 10cm) k 59-80cm (podesivo)  * Sklopljene dimenzije: 92 cm (D) k 17 cm (\u0160) k 75 cm (V)  * Boja: crna * Bruto te\u017eina: 18 kg  * Neto te\u017eina: 15 kg Sadr\u017eaj paketa  * 1 k prenosivi sto za masa\u017eu  * 1 k komplet pribora  * 1 k torba za no\u0161enje","og_url":"https:\/\/tatkoopremovic.com\/en\/product\/masazni-krevet-dp-3523-123\/","og_site_name":"Tatko Opremovi\u0107","article_modified_time":"2025-12-10T12:20:30+00:00","og_image":[{"width":2560,"height":2560,"url":"https:\/\/tatkoopremovic.com\/wp-content\/uploads\/2022\/09\/DP-3523-123_02-scaled.jpg","type":"image\/jpeg"}],"twitter_card":"summary_large_image","twitter_misc":{"Estimated reading time":"2 minutes"},"schema":{"@context":"https:\/\/schema.org","@graph":[{"@type":"WebPage","@id":"https:\/\/tatkoopremovic.com\/product\/masazni-krevet-dp-3523-123\/","url":"https:\/\/tatkoopremovic.com\/product\/masazni-krevet-dp-3523-123\/","name":"Masazni krevet DP-3523-123 - Tatko Opremovi\u0107","isPartOf":{"@id":"https:\/\/tatkoopremovic.com\/#website"},"primaryImageOfPage":{"@id":"https:\/\/tatkoopremovic.com\/product\/masazni-krevet-dp-3523-123\/#primaryimage"},"image":{"@id":"https:\/\/tatkoopremovic.com\/product\/masazni-krevet-dp-3523-123\/#primaryimage"},"thumbnailUrl":"https:\/\/tatkoopremovic.com\/wp-content\/uploads\/2022\/09\/DP-3523-123_02-scaled.jpg","datePublished":"2022-09-16T10:57:10+00:00","dateModified":"2025-12-10T12:20:30+00:00","breadcrumb":{"@id":"https:\/\/tatkoopremovic.com\/product\/masazni-krevet-dp-3523-123\/#breadcrumb"},"inLanguage":"en-GB","potentialAction":[{"@type":"ReadAction","target":["https:\/\/tatkoopremovic.com\/product\/masazni-krevet-dp-3523-123\/"]}]},{"@type":"ImageObject","inLanguage":"en-GB","@id":"https:\/\/tatkoopremovic.com\/product\/masazni-krevet-dp-3523-123\/#primaryimage","url":"https:\/\/tatkoopremovic.com\/wp-content\/uploads\/2022\/09\/DP-3523-123_02-scaled.jpg","contentUrl":"https:\/\/tatkoopremovic.com\/wp-content\/uploads\/2022\/09\/DP-3523-123_02-scaled.jpg","width":2560,"height":2560},{"@type":"BreadcrumbList","@id":"https:\/\/tatkoopremovic.com\/product\/masazni-krevet-dp-3523-123\/#breadcrumb","itemListElement":[{"@type":"ListItem","position":1,"name":"Home","item":"https:\/\/tatkoopremovic.com\/"},{"@type":"ListItem","position":2,"name":"Shop","item":"https:\/\/tatkoopremovic.com\/shop\/"},{"@type":"ListItem","position":3,"name":"Masazni krevet DP-3523-123"}]},{"@type":"WebSite","@id":"https:\/\/tatkoopremovic.com\/#website","url":"https:\/\/tatkoopremovic.com\/","name":"Tatko Opremovi\u0107","description":"Tattoo Oprema","potentialAction":[{"@type":"SearchAction","target":{"@type":"EntryPoint","urlTemplate":"https:\/\/tatkoopremovic.com\/?s={search_term_string}"},"query-input":{"@type":"PropertyValueSpecification","valueRequired":true,"valueName":"search_term_string"}}],"inLanguage":"en-GB"}]}},"_links":{"self":[{"href":"https:\/\/tatkoopremovic.com\/en\/wp-json\/wp\/v2\/product\/1750","targetHints":{"allow":["GET"]}}],"collection":[{"href":"https:\/\/tatkoopremovic.com\/en\/wp-json\/wp\/v2\/product"}],"about":[{"href":"https:\/\/tatkoopremovic.com\/en\/wp-json\/wp\/v2\/types\/product"}],"wp:featuredmedia":[{"embeddable":true,"href":"https:\/\/tatkoopremovic.com\/en\/wp-json\/wp\/v2\/media\/1930"}],"wp:attachment":[{"href":"https:\/\/tatkoopremovic.com\/en\/wp-json\/wp\/v2\/media?parent=1750"}],"wp:term":[{"taxonomy":"product_brand","embeddable":true,"href":"https:\/\/tatkoopremovic.com\/en\/wp-json\/wp\/v2\/product_brand?post=1750"},{"taxonomy":"product_cat","embeddable":true,"href":"https:\/\/tatkoopremovic.com\/en\/wp-json\/wp\/v2\/product_cat?post=1750"},{"taxonomy":"product_tag","embeddable":true,"href":"https:\/\/tatkoopremovic.com\/en\/wp-json\/wp\/v2\/product_tag?post=1750"}],"curies":[{"name":"wp","href":"https:\/\/api.w.org\/{rel}","templated":true}]}}