{"id":1784,"date":"2022-09-19T10:32:07","date_gmt":"2022-09-19T10:32:07","guid":{"rendered":"https:\/\/tatkoopremovic.com\/?post_type=product&#038;p=1784"},"modified":"2025-12-10T13:07:21","modified_gmt":"2025-12-10T13:07:21","slug":"a4-tabla-za-precrtavanje","status":"publish","type":"product","link":"https:\/\/tatkoopremovic.com\/en\/product\/a4-tabla-za-precrtavanje\/","title":{"rendered":"A4 Tracing Board"},"content":{"rendered":"<p>Tracing board with dual LED lights and touch switch A4<\/p>\n<p>Super LED light.<\/p>\n<p>Convenient touch power control<br \/>\nAdjustable illumination with digital memory device.<br \/>\nSuper slim, lightweight, elegant design.<br \/>\nWith calibrations for more precise copying of photo size.<br \/>\nUsed by professional tattoo artists.<\/p>\n<p>Size: A4<br \/>\nInput voltage: 100-240V<br \/>\nOperating voltage: 12V 1A<br \/>\nPower: 5V<br \/>\nLight source: LED white light<\/p>","protected":false},"excerpt":{"rendered":"<p>Tracing board with dual LED lights and touch switch A4<\/p>\n<p>Super LED light.<\/p>\n<p>Convenient touch power control<br \/>\nAdjustable illumination with digital memory device.<br \/>\nSuper slim, lightweight, elegant design.<br \/>\nWith calibrations for more precise copying of photo size.<br \/>\nUsed by professional tattoo artists.<\/p>\n<p>Size: A4<br \/>\nInput voltage: 100-240V<br \/>\nOperating voltage: 12V 1A<br \/>\nPower: 5V<br \/>\nLight source: LED white light<\/p>","protected":false},"featured_media":1793,"template":"","meta":[],"product_brand":[],"product_cat":[236],"product_tag":[1218],"class_list":{"0":"post-1784","1":"product","2":"type-product","3":"status-publish","4":"has-post-thumbnail","6":"product_cat-table-za-precrtavanje","7":"product_tag-table-za-precrtavanje","9":"first","10":"instock","11":"taxable","12":"shipping-taxable","13":"purchasable","14":"product-type-simple"},"yoast_head":"<!-- This site is optimized with the Yoast SEO plugin v26.8 - https:\/\/yoast.com\/product\/yoast-seo-wordpress\/ -->\n<title>A4 tabla za precrtavanje - Tatko Opremovi\u0107<\/title>\n<meta name=\"robots\" content=\"index, follow, max-snippet:-1, max-image-preview:large, max-video-preview:-1\" \/>\n<link rel=\"canonical\" href=\"https:\/\/tatkoopremovic.com\/en\/product\/a4-tabla-za-precrtavanje\/\" \/>\n<meta property=\"og:locale\" content=\"en_GB\" \/>\n<meta property=\"og:type\" content=\"article\" \/>\n<meta property=\"og:title\" content=\"A4 tabla za precrtavanje - Tatko Opremovi\u0107\" \/>\n<meta property=\"og:description\" content=\"Tabla sa dvostrukim LED svetlom i dodirnim prekida\u010dem A4  Super\u00a0 LED svetlo  Pogodna kontrola snage na dodir Podesivo osvetljenje sa digitalnim memorijskim ure\u0111ajem Super tanak, lagan, elegantan dizajn Sa kalibracijama, ta\u010dnije kopirajte veli\u010dinu fotografije Koriste ih profesionalni umetnici tetova\u017ea  Veli\u010dina: A4 Ulazni napon: 100-240V Radni napon: 12V 1A Snaga: 5v Izvor svetlosti: Dvostruko LED belo svetlo\" \/>\n<meta property=\"og:url\" content=\"https:\/\/tatkoopremovic.com\/en\/product\/a4-tabla-za-precrtavanje\/\" \/>\n<meta property=\"og:site_name\" content=\"Tatko Opremovi\u0107\" \/>\n<meta property=\"article:modified_time\" content=\"2025-12-10T13:07:21+00:00\" \/>\n<meta property=\"og:image\" content=\"https:\/\/tatkoopremovic.com\/wp-content\/uploads\/2022\/09\/500030358-4.webp\" \/>\n\t<meta property=\"og:image:width\" content=\"500\" \/>\n\t<meta property=\"og:image:height\" content=\"500\" \/>\n\t<meta property=\"og:image:type\" content=\"image\/webp\" \/>\n<meta name=\"twitter:card\" content=\"summary_large_image\" \/>\n<meta name=\"twitter:label1\" content=\"Estimated reading time\" \/>\n\t<meta name=\"twitter:data1\" content=\"1 minute\" \/>\n<script type=\"application\/ld+json\" class=\"yoast-schema-graph\">{\"@context\":\"https:\/\/schema.org\",\"@graph\":[{\"@type\":\"WebPage\",\"@id\":\"https:\/\/tatkoopremovic.com\/product\/a4-tabla-za-precrtavanje\/\",\"url\":\"https:\/\/tatkoopremovic.com\/product\/a4-tabla-za-precrtavanje\/\",\"name\":\"A4 tabla za precrtavanje - Tatko Opremovi\u0107\",\"isPartOf\":{\"@id\":\"https:\/\/tatkoopremovic.com\/#website\"},\"primaryImageOfPage\":{\"@id\":\"https:\/\/tatkoopremovic.com\/product\/a4-tabla-za-precrtavanje\/#primaryimage\"},\"image\":{\"@id\":\"https:\/\/tatkoopremovic.com\/product\/a4-tabla-za-precrtavanje\/#primaryimage\"},\"thumbnailUrl\":\"https:\/\/tatkoopremovic.com\/wp-content\/uploads\/2022\/09\/500030358-4.webp\",\"datePublished\":\"2022-09-19T10:32:07+00:00\",\"dateModified\":\"2025-12-10T13:07:21+00:00\",\"breadcrumb\":{\"@id\":\"https:\/\/tatkoopremovic.com\/product\/a4-tabla-za-precrtavanje\/#breadcrumb\"},\"inLanguage\":\"en-GB\",\"potentialAction\":[{\"@type\":\"ReadAction\",\"target\":[\"https:\/\/tatkoopremovic.com\/product\/a4-tabla-za-precrtavanje\/\"]}]},{\"@type\":\"ImageObject\",\"inLanguage\":\"en-GB\",\"@id\":\"https:\/\/tatkoopremovic.com\/product\/a4-tabla-za-precrtavanje\/#primaryimage\",\"url\":\"https:\/\/tatkoopremovic.com\/wp-content\/uploads\/2022\/09\/500030358-4.webp\",\"contentUrl\":\"https:\/\/tatkoopremovic.com\/wp-content\/uploads\/2022\/09\/500030358-4.webp\",\"width\":500,\"height\":500},{\"@type\":\"BreadcrumbList\",\"@id\":\"https:\/\/tatkoopremovic.com\/product\/a4-tabla-za-precrtavanje\/#breadcrumb\",\"itemListElement\":[{\"@type\":\"ListItem\",\"position\":1,\"name\":\"Home\",\"item\":\"https:\/\/tatkoopremovic.com\/\"},{\"@type\":\"ListItem\",\"position\":2,\"name\":\"Shop\",\"item\":\"https:\/\/tatkoopremovic.com\/shop\/\"},{\"@type\":\"ListItem\",\"position\":3,\"name\":\"A4 tabla za precrtavanje\"}]},{\"@type\":\"WebSite\",\"@id\":\"https:\/\/tatkoopremovic.com\/#website\",\"url\":\"https:\/\/tatkoopremovic.com\/\",\"name\":\"Tatko Opremovi\u0107\",\"description\":\"Tattoo Oprema\",\"potentialAction\":[{\"@type\":\"SearchAction\",\"target\":{\"@type\":\"EntryPoint\",\"urlTemplate\":\"https:\/\/tatkoopremovic.com\/?s={search_term_string}\"},\"query-input\":{\"@type\":\"PropertyValueSpecification\",\"valueRequired\":true,\"valueName\":\"search_term_string\"}}],\"inLanguage\":\"en-GB\"}]}<\/script>\n<!-- \/ Yoast SEO plugin. -->","yoast_head_json":{"title":"A4 tabla za precrtavanje - Tatko Opremovi\u0107","robots":{"index":"index","follow":"follow","max-snippet":"max-snippet:-1","max-image-preview":"max-image-preview:large","max-video-preview":"max-video-preview:-1"},"canonical":"https:\/\/tatkoopremovic.com\/en\/product\/a4-tabla-za-precrtavanje\/","og_locale":"en_GB","og_type":"article","og_title":"A4 tabla za precrtavanje - Tatko Opremovi\u0107","og_description":"Tabla sa dvostrukim LED svetlom i dodirnim prekida\u010dem A4  Super\u00a0 LED svetlo  Pogodna kontrola snage na dodir Podesivo osvetljenje sa digitalnim memorijskim ure\u0111ajem Super tanak, lagan, elegantan dizajn Sa kalibracijama, ta\u010dnije kopirajte veli\u010dinu fotografije Koriste ih profesionalni umetnici tetova\u017ea  Veli\u010dina: A4 Ulazni napon: 100-240V Radni napon: 12V 1A Snaga: 5v Izvor svetlosti: Dvostruko LED belo svetlo","og_url":"https:\/\/tatkoopremovic.com\/en\/product\/a4-tabla-za-precrtavanje\/","og_site_name":"Tatko Opremovi\u0107","article_modified_time":"2025-12-10T13:07:21+00:00","og_image":[{"width":500,"height":500,"url":"https:\/\/tatkoopremovic.com\/wp-content\/uploads\/2022\/09\/500030358-4.webp","type":"image\/webp"}],"twitter_card":"summary_large_image","twitter_misc":{"Estimated reading time":"1 minute"},"schema":{"@context":"https:\/\/schema.org","@graph":[{"@type":"WebPage","@id":"https:\/\/tatkoopremovic.com\/product\/a4-tabla-za-precrtavanje\/","url":"https:\/\/tatkoopremovic.com\/product\/a4-tabla-za-precrtavanje\/","name":"A4 tabla za precrtavanje - Tatko Opremovi\u0107","isPartOf":{"@id":"https:\/\/tatkoopremovic.com\/#website"},"primaryImageOfPage":{"@id":"https:\/\/tatkoopremovic.com\/product\/a4-tabla-za-precrtavanje\/#primaryimage"},"image":{"@id":"https:\/\/tatkoopremovic.com\/product\/a4-tabla-za-precrtavanje\/#primaryimage"},"thumbnailUrl":"https:\/\/tatkoopremovic.com\/wp-content\/uploads\/2022\/09\/500030358-4.webp","datePublished":"2022-09-19T10:32:07+00:00","dateModified":"2025-12-10T13:07:21+00:00","breadcrumb":{"@id":"https:\/\/tatkoopremovic.com\/product\/a4-tabla-za-precrtavanje\/#breadcrumb"},"inLanguage":"en-GB","potentialAction":[{"@type":"ReadAction","target":["https:\/\/tatkoopremovic.com\/product\/a4-tabla-za-precrtavanje\/"]}]},{"@type":"ImageObject","inLanguage":"en-GB","@id":"https:\/\/tatkoopremovic.com\/product\/a4-tabla-za-precrtavanje\/#primaryimage","url":"https:\/\/tatkoopremovic.com\/wp-content\/uploads\/2022\/09\/500030358-4.webp","contentUrl":"https:\/\/tatkoopremovic.com\/wp-content\/uploads\/2022\/09\/500030358-4.webp","width":500,"height":500},{"@type":"BreadcrumbList","@id":"https:\/\/tatkoopremovic.com\/product\/a4-tabla-za-precrtavanje\/#breadcrumb","itemListElement":[{"@type":"ListItem","position":1,"name":"Home","item":"https:\/\/tatkoopremovic.com\/"},{"@type":"ListItem","position":2,"name":"Shop","item":"https:\/\/tatkoopremovic.com\/shop\/"},{"@type":"ListItem","position":3,"name":"A4 tabla za precrtavanje"}]},{"@type":"WebSite","@id":"https:\/\/tatkoopremovic.com\/#website","url":"https:\/\/tatkoopremovic.com\/","name":"Tatko Opremovi\u0107","description":"Tattoo Oprema","potentialAction":[{"@type":"SearchAction","target":{"@type":"EntryPoint","urlTemplate":"https:\/\/tatkoopremovic.com\/?s={search_term_string}"},"query-input":{"@type":"PropertyValueSpecification","valueRequired":true,"valueName":"search_term_string"}}],"inLanguage":"en-GB"}]}},"_links":{"self":[{"href":"https:\/\/tatkoopremovic.com\/en\/wp-json\/wp\/v2\/product\/1784","targetHints":{"allow":["GET"]}}],"collection":[{"href":"https:\/\/tatkoopremovic.com\/en\/wp-json\/wp\/v2\/product"}],"about":[{"href":"https:\/\/tatkoopremovic.com\/en\/wp-json\/wp\/v2\/types\/product"}],"wp:featuredmedia":[{"embeddable":true,"href":"https:\/\/tatkoopremovic.com\/en\/wp-json\/wp\/v2\/media\/1793"}],"wp:attachment":[{"href":"https:\/\/tatkoopremovic.com\/en\/wp-json\/wp\/v2\/media?parent=1784"}],"wp:term":[{"taxonomy":"product_brand","embeddable":true,"href":"https:\/\/tatkoopremovic.com\/en\/wp-json\/wp\/v2\/product_brand?post=1784"},{"taxonomy":"product_cat","embeddable":true,"href":"https:\/\/tatkoopremovic.com\/en\/wp-json\/wp\/v2\/product_cat?post=1784"},{"taxonomy":"product_tag","embeddable":true,"href":"https:\/\/tatkoopremovic.com\/en\/wp-json\/wp\/v2\/product_tag?post=1784"}],"curies":[{"name":"wp","href":"https:\/\/api.w.org\/{rel}","templated":true}]}}