{"id":196,"date":"2022-08-11T10:59:34","date_gmt":"2022-08-11T10:59:34","guid":{"rendered":"https:\/\/tatkoopremovic.com\/?post_type=product&#038;p=196"},"modified":"2025-12-10T12:17:11","modified_gmt":"2025-12-10T12:17:11","slug":"double-led-lamp","status":"publish","type":"product","link":"https:\/\/tatkoopremovic.com\/en\/product\/double-led-lamp\/","title":{"rendered":"DOUBLE LED Floor Lamp"},"content":{"rendered":"<p>DOUBLE LED LAMP<\/p>\n<p>A major advantage is the ability to adjust the level of radiation and the temperature of the emitted light. As needed, you can use a wide range of warm and cool shades in various combinations.<\/p>\n<p>Built-in LED bulbs provide perfectly sharp light, which you will appreciate most when working on details.<\/p>\n<p>You can adjust the direction and height of the light according to your needs and the room you are currently working in.<\/p>\n<p>Light heads mounted on flexible arms guarantee even illumination without creating unwanted shadows and the possibility of 360-degree adjustability.<\/p>\n<p>Thanks to its simple design, you can easily carry the lamp and adjust it as needed. The lamp is very lightweight and easy to handle. It is equipped with a mechanism for attaching a mobile phone, making it easy to create photos and videos with perfect lighting. You can also use the USB port for connectivity.<\/p>\n<p>LED floor lamp with dimmer option from 1% to 100%.<\/p>\n<p>HD Adjustable color temperature from 3,000K to 6,000K.<\/p>\n<p>Input power: 110V-220V, 50HZ-60HZ.<\/p>\n<p>Total power: 40V.<\/p>\n<p>Aluminum alloy light base, adjustable height is 75-180 cm.<\/p>\n<p>Package: Adjustable LED light, light base, charger and carrying bag, phone holder.<\/p>","protected":false},"excerpt":{"rendered":"<p>DOUBLE LED LAMP<\/p>\n<p>A major advantage is the ability to adjust the level of radiation and the temperature of the emitted light. As needed, you can use a wide range of warm and cool shades in various combinations.<\/p>\n<p>Built-in LED bulbs provide perfectly sharp light, which you will appreciate most when working on details.<\/p>\n<p>You can adjust the direction and height of the light according to your needs and the room you are currently working in.<\/p>\n<p>Light heads mounted on flexible arms guarantee even illumination without creating unwanted shadows and the possibility of 360-degree adjustability.<\/p>\n<p>Thanks to its simple design, you can easily carry the lamp and adjust it as needed. The lamp is very lightweight and easy to handle. It is equipped with a mechanism for attaching a mobile phone, making it easy to create photos and videos with perfect lighting. You can also use the USB port for connectivity.<\/p>\n<p>LED floor lamp with dimmer option from 1% to 100%.<\/p>\n<p>HD Adjustable color temperature from 3,000K to 6,000K.<\/p>\n<p>Input power: 110V-220V, 50HZ-60HZ.<\/p>\n<p>Total power: 40V.<\/p>\n<p>Aluminum alloy light base, adjustable height is 75-180 cm.<\/p>\n<p>Package: Adjustable LED light, light base, charger and carrying bag, phone holder.<\/p>","protected":false},"featured_media":1096,"template":"","meta":[],"product_brand":[],"product_cat":[936,37],"product_tag":[1213],"class_list":{"0":"post-196","1":"product","2":"type-product","3":"status-publish","4":"has-post-thumbnail","6":"product_cat-podne-lampe","7":"product_cat-rasveta","8":"product_tag-podne","10":"first","11":"instock","12":"taxable","13":"shipping-taxable","14":"purchasable","15":"product-type-simple"},"yoast_head":"<!-- This site is optimized with the Yoast SEO plugin v26.8 - https:\/\/yoast.com\/product\/yoast-seo-wordpress\/ -->\n<title>DOUBLE LED Lampa podna - Tatko Opremovi\u0107<\/title>\n<meta name=\"robots\" content=\"index, follow, max-snippet:-1, max-image-preview:large, max-video-preview:-1\" \/>\n<link rel=\"canonical\" href=\"https:\/\/tatkoopremovic.com\/en\/product\/double-led-lamp\/\" \/>\n<meta property=\"og:locale\" content=\"en_GB\" \/>\n<meta property=\"og:type\" content=\"article\" \/>\n<meta property=\"og:title\" content=\"DOUBLE LED Lampa podna - Tatko Opremovi\u0107\" \/>\n<meta property=\"og:description\" content=\"DOUBLE LED LAMPA  Velika prednost je moguc\u0301nost pode\u0161avanja nivoa zra\u010denja i temperature emitovane svetlosti. Po potrebi mo\u017eete koristiti \u0161irok spektar toplih i hladnih nijansi u raznim kombinacijama.  Ugra\u0111ene LED sijalice pru\u017eaju savr\u0161eno o\u0161tro svetlo, \u0161to c\u0301ete najvi\u0161e ceniti kada radite na detaljima.  Mo\u017eete podesiti smer i visinu svetla prema va\u0161im potrebama i prostoriji u kojoj trenutno radite.  Svetlosne glave postavljene na fleksibilne krakove garantuju ravnomerno osvetljenje bez stvaranja ne\u017eeljenih senki I mogucnost podesivosti za 360 stepeni.  Zahvaljujuc\u0301i jednostavnoj konstrukciji, lako mo\u017eete nositi lampu i pode\u0161avati je po potrebi. Lampa je veoma lagana i laka za rukovanje. Opremljen je mehanizmom za pri\u010dvr\u0161c\u0301ivanje mobilnog telefona, zahvaljujuc\u0301i kojem lako mo\u017eete kreirati fotografije i video zapise sa savr\u0161enim osvetljenjem. Tako\u0111e mo\u017eete koristiti USB port za povezivanje.  LED podna lampa sa opcijom dimera od 1%\u00a0 do 100%  HD Podesiva temperatura boje od 3.000K do 6.000K  Ulazna snaga: 110V-220V, 50HZ-60HZ  Ukupna snaga: 40V  Postolje za svetlo od aluminijumske legure, podesiva visina je 75-180 cm  Paket: LED svetlo koje se mo\u017ee pode\u0161avati, postolje za svetlo, punja\u010d i torba za no\u0161enje, dr\u017ea\u010d za telefon.\" \/>\n<meta property=\"og:url\" content=\"https:\/\/tatkoopremovic.com\/en\/product\/double-led-lamp\/\" \/>\n<meta property=\"og:site_name\" content=\"Tatko Opremovi\u0107\" \/>\n<meta property=\"article:modified_time\" content=\"2025-12-10T12:17:11+00:00\" \/>\n<meta property=\"og:image\" content=\"https:\/\/tatkoopremovic.com\/wp-content\/uploads\/2022\/08\/admin-ajax-e1663238322429.jpeg\" \/>\n\t<meta property=\"og:image:width\" content=\"344\" \/>\n\t<meta property=\"og:image:height\" content=\"344\" \/>\n\t<meta property=\"og:image:type\" content=\"image\/jpeg\" \/>\n<meta name=\"twitter:card\" content=\"summary_large_image\" \/>\n<meta name=\"twitter:label1\" content=\"Estimated reading time\" \/>\n\t<meta name=\"twitter:data1\" content=\"1 minute\" \/>\n<script type=\"application\/ld+json\" class=\"yoast-schema-graph\">{\"@context\":\"https:\/\/schema.org\",\"@graph\":[{\"@type\":\"WebPage\",\"@id\":\"https:\/\/tatkoopremovic.com\/product\/double-led-lamp\/\",\"url\":\"https:\/\/tatkoopremovic.com\/product\/double-led-lamp\/\",\"name\":\"DOUBLE LED Lampa podna - Tatko Opremovi\u0107\",\"isPartOf\":{\"@id\":\"https:\/\/tatkoopremovic.com\/#website\"},\"primaryImageOfPage\":{\"@id\":\"https:\/\/tatkoopremovic.com\/product\/double-led-lamp\/#primaryimage\"},\"image\":{\"@id\":\"https:\/\/tatkoopremovic.com\/product\/double-led-lamp\/#primaryimage\"},\"thumbnailUrl\":\"https:\/\/tatkoopremovic.com\/wp-content\/uploads\/2022\/08\/admin-ajax-e1663238322429.jpeg\",\"datePublished\":\"2022-08-11T10:59:34+00:00\",\"dateModified\":\"2025-12-10T12:17:11+00:00\",\"breadcrumb\":{\"@id\":\"https:\/\/tatkoopremovic.com\/product\/double-led-lamp\/#breadcrumb\"},\"inLanguage\":\"en-GB\",\"potentialAction\":[{\"@type\":\"ReadAction\",\"target\":[\"https:\/\/tatkoopremovic.com\/product\/double-led-lamp\/\"]}]},{\"@type\":\"ImageObject\",\"inLanguage\":\"en-GB\",\"@id\":\"https:\/\/tatkoopremovic.com\/product\/double-led-lamp\/#primaryimage\",\"url\":\"https:\/\/tatkoopremovic.com\/wp-content\/uploads\/2022\/08\/admin-ajax-e1663238322429.jpeg\",\"contentUrl\":\"https:\/\/tatkoopremovic.com\/wp-content\/uploads\/2022\/08\/admin-ajax-e1663238322429.jpeg\",\"width\":344,\"height\":344},{\"@type\":\"BreadcrumbList\",\"@id\":\"https:\/\/tatkoopremovic.com\/product\/double-led-lamp\/#breadcrumb\",\"itemListElement\":[{\"@type\":\"ListItem\",\"position\":1,\"name\":\"Home\",\"item\":\"https:\/\/tatkoopremovic.com\/\"},{\"@type\":\"ListItem\",\"position\":2,\"name\":\"Shop\",\"item\":\"https:\/\/tatkoopremovic.com\/shop\/\"},{\"@type\":\"ListItem\",\"position\":3,\"name\":\"DOUBLE LED Lampa podna\"}]},{\"@type\":\"WebSite\",\"@id\":\"https:\/\/tatkoopremovic.com\/#website\",\"url\":\"https:\/\/tatkoopremovic.com\/\",\"name\":\"Tatko Opremovi\u0107\",\"description\":\"Tattoo Oprema\",\"potentialAction\":[{\"@type\":\"SearchAction\",\"target\":{\"@type\":\"EntryPoint\",\"urlTemplate\":\"https:\/\/tatkoopremovic.com\/?s={search_term_string}\"},\"query-input\":{\"@type\":\"PropertyValueSpecification\",\"valueRequired\":true,\"valueName\":\"search_term_string\"}}],\"inLanguage\":\"en-GB\"}]}<\/script>\n<!-- \/ Yoast SEO plugin. -->","yoast_head_json":{"title":"DOUBLE LED Lampa podna - Tatko Opremovi\u0107","robots":{"index":"index","follow":"follow","max-snippet":"max-snippet:-1","max-image-preview":"max-image-preview:large","max-video-preview":"max-video-preview:-1"},"canonical":"https:\/\/tatkoopremovic.com\/en\/product\/double-led-lamp\/","og_locale":"en_GB","og_type":"article","og_title":"DOUBLE LED Lampa podna - Tatko Opremovi\u0107","og_description":"DOUBLE LED LAMPA  Velika prednost je moguc\u0301nost pode\u0161avanja nivoa zra\u010denja i temperature emitovane svetlosti. Po potrebi mo\u017eete koristiti \u0161irok spektar toplih i hladnih nijansi u raznim kombinacijama.  Ugra\u0111ene LED sijalice pru\u017eaju savr\u0161eno o\u0161tro svetlo, \u0161to c\u0301ete najvi\u0161e ceniti kada radite na detaljima.  Mo\u017eete podesiti smer i visinu svetla prema va\u0161im potrebama i prostoriji u kojoj trenutno radite.  Svetlosne glave postavljene na fleksibilne krakove garantuju ravnomerno osvetljenje bez stvaranja ne\u017eeljenih senki I mogucnost podesivosti za 360 stepeni.  Zahvaljujuc\u0301i jednostavnoj konstrukciji, lako mo\u017eete nositi lampu i pode\u0161avati je po potrebi. Lampa je veoma lagana i laka za rukovanje. Opremljen je mehanizmom za pri\u010dvr\u0161c\u0301ivanje mobilnog telefona, zahvaljujuc\u0301i kojem lako mo\u017eete kreirati fotografije i video zapise sa savr\u0161enim osvetljenjem. Tako\u0111e mo\u017eete koristiti USB port za povezivanje.  LED podna lampa sa opcijom dimera od 1%\u00a0 do 100%  HD Podesiva temperatura boje od 3.000K do 6.000K  Ulazna snaga: 110V-220V, 50HZ-60HZ  Ukupna snaga: 40V  Postolje za svetlo od aluminijumske legure, podesiva visina je 75-180 cm  Paket: LED svetlo koje se mo\u017ee pode\u0161avati, postolje za svetlo, punja\u010d i torba za no\u0161enje, dr\u017ea\u010d za telefon.","og_url":"https:\/\/tatkoopremovic.com\/en\/product\/double-led-lamp\/","og_site_name":"Tatko Opremovi\u0107","article_modified_time":"2025-12-10T12:17:11+00:00","og_image":[{"width":344,"height":344,"url":"https:\/\/tatkoopremovic.com\/wp-content\/uploads\/2022\/08\/admin-ajax-e1663238322429.jpeg","type":"image\/jpeg"}],"twitter_card":"summary_large_image","twitter_misc":{"Estimated reading time":"1 minute"},"schema":{"@context":"https:\/\/schema.org","@graph":[{"@type":"WebPage","@id":"https:\/\/tatkoopremovic.com\/product\/double-led-lamp\/","url":"https:\/\/tatkoopremovic.com\/product\/double-led-lamp\/","name":"DOUBLE LED Lampa podna - Tatko Opremovi\u0107","isPartOf":{"@id":"https:\/\/tatkoopremovic.com\/#website"},"primaryImageOfPage":{"@id":"https:\/\/tatkoopremovic.com\/product\/double-led-lamp\/#primaryimage"},"image":{"@id":"https:\/\/tatkoopremovic.com\/product\/double-led-lamp\/#primaryimage"},"thumbnailUrl":"https:\/\/tatkoopremovic.com\/wp-content\/uploads\/2022\/08\/admin-ajax-e1663238322429.jpeg","datePublished":"2022-08-11T10:59:34+00:00","dateModified":"2025-12-10T12:17:11+00:00","breadcrumb":{"@id":"https:\/\/tatkoopremovic.com\/product\/double-led-lamp\/#breadcrumb"},"inLanguage":"en-GB","potentialAction":[{"@type":"ReadAction","target":["https:\/\/tatkoopremovic.com\/product\/double-led-lamp\/"]}]},{"@type":"ImageObject","inLanguage":"en-GB","@id":"https:\/\/tatkoopremovic.com\/product\/double-led-lamp\/#primaryimage","url":"https:\/\/tatkoopremovic.com\/wp-content\/uploads\/2022\/08\/admin-ajax-e1663238322429.jpeg","contentUrl":"https:\/\/tatkoopremovic.com\/wp-content\/uploads\/2022\/08\/admin-ajax-e1663238322429.jpeg","width":344,"height":344},{"@type":"BreadcrumbList","@id":"https:\/\/tatkoopremovic.com\/product\/double-led-lamp\/#breadcrumb","itemListElement":[{"@type":"ListItem","position":1,"name":"Home","item":"https:\/\/tatkoopremovic.com\/"},{"@type":"ListItem","position":2,"name":"Shop","item":"https:\/\/tatkoopremovic.com\/shop\/"},{"@type":"ListItem","position":3,"name":"DOUBLE LED Lampa podna"}]},{"@type":"WebSite","@id":"https:\/\/tatkoopremovic.com\/#website","url":"https:\/\/tatkoopremovic.com\/","name":"Tatko Opremovi\u0107","description":"Tattoo Oprema","potentialAction":[{"@type":"SearchAction","target":{"@type":"EntryPoint","urlTemplate":"https:\/\/tatkoopremovic.com\/?s={search_term_string}"},"query-input":{"@type":"PropertyValueSpecification","valueRequired":true,"valueName":"search_term_string"}}],"inLanguage":"en-GB"}]}},"_links":{"self":[{"href":"https:\/\/tatkoopremovic.com\/en\/wp-json\/wp\/v2\/product\/196","targetHints":{"allow":["GET"]}}],"collection":[{"href":"https:\/\/tatkoopremovic.com\/en\/wp-json\/wp\/v2\/product"}],"about":[{"href":"https:\/\/tatkoopremovic.com\/en\/wp-json\/wp\/v2\/types\/product"}],"wp:featuredmedia":[{"embeddable":true,"href":"https:\/\/tatkoopremovic.com\/en\/wp-json\/wp\/v2\/media\/1096"}],"wp:attachment":[{"href":"https:\/\/tatkoopremovic.com\/en\/wp-json\/wp\/v2\/media?parent=196"}],"wp:term":[{"taxonomy":"product_brand","embeddable":true,"href":"https:\/\/tatkoopremovic.com\/en\/wp-json\/wp\/v2\/product_brand?post=196"},{"taxonomy":"product_cat","embeddable":true,"href":"https:\/\/tatkoopremovic.com\/en\/wp-json\/wp\/v2\/product_cat?post=196"},{"taxonomy":"product_tag","embeddable":true,"href":"https:\/\/tatkoopremovic.com\/en\/wp-json\/wp\/v2\/product_tag?post=196"}],"curies":[{"name":"wp","href":"https:\/\/api.w.org\/{rel}","templated":true}]}}