{"id":205,"date":"2022-08-11T11:27:56","date_gmt":"2022-08-11T11:27:56","guid":{"rendered":"https:\/\/tatkoopremovic.com\/?post_type=product&#038;p=205"},"modified":"2026-03-15T23:57:03","modified_gmt":"2026-03-15T23:57:03","slug":"sinomedic-rukavice","status":"publish","type":"product","link":"https:\/\/tatkoopremovic.com\/en\/product\/sinomedic-rukavice\/","title":{"rendered":"Sinomedic Black Gloves"},"content":{"rendered":"<p>Sinomedic Black Nitrile Tattoo Gloves<\/p>\n<p>Latex-free, powder-free nitrile tattoo gloves with an easy-fit cuff.<\/p>\n<p>Excellent finger sensitivity.<\/p>\n<p>Color: Black<\/p>\n<p>Sizes: S, M, L, and XL<\/p>\n<p>Packaging: 100 pieces.<\/p>","protected":false},"excerpt":{"rendered":"<p>Sinomedic Black Nitrile Tattoo Gloves<\/p>\n<p>Latex-free, powder-free nitrile tattoo gloves with an easy-fit cuff.<\/p>\n<p>Excellent finger sensitivity.<\/p>\n<p>Color: Black<\/p>\n<p>Sizes: S, M, L, and XL<\/p>\n<p>Packaging: 100 pieces.<\/p>","protected":false},"featured_media":277,"template":"","meta":[],"product_brand":[],"product_cat":[1188,1189,82],"product_tag":[962],"class_list":{"0":"post-205","1":"product","2":"type-product","3":"status-publish","4":"has-post-thumbnail","6":"product_cat-potrosni-pmu","7":"product_cat-rukavice-potrosni-pmu","8":"product_cat-rukavice","9":"product_tag-crne","11":"first","12":"instock","13":"taxable","14":"shipping-taxable","15":"purchasable","16":"product-type-variable"},"yoast_head":"<!-- This site is optimized with the Yoast SEO plugin v26.8 - https:\/\/yoast.com\/product\/yoast-seo-wordpress\/ -->\n<title>Sinomedic Rukavice CRNE - Tatko Opremovi\u0107<\/title>\n<meta name=\"robots\" content=\"index, follow, max-snippet:-1, max-image-preview:large, max-video-preview:-1\" \/>\n<link rel=\"canonical\" href=\"https:\/\/tatkoopremovic.com\/en\/product\/sinomedic-rukavice\/\" \/>\n<meta property=\"og:locale\" content=\"en_GB\" \/>\n<meta property=\"og:type\" content=\"article\" \/>\n<meta property=\"og:title\" content=\"Sinomedic Rukavice CRNE - Tatko Opremovi\u0107\" \/>\n<meta property=\"og:description\" content=\"Sinomedic Crne Nitrilne Tattoo Rukavice  Tattoo nitrilne rukavice bez lateksa, bez pudera sa man\u017eetnom za lako navla\u010denje.  Odli\u010dna osetljivost na prstima.  Boja: Crna  Veli\u010dine: S, M, L i XL  Pakovanje: 100 komada\" \/>\n<meta property=\"og:url\" content=\"https:\/\/tatkoopremovic.com\/en\/product\/sinomedic-rukavice\/\" \/>\n<meta property=\"og:site_name\" content=\"Tatko Opremovi\u0107\" \/>\n<meta property=\"article:modified_time\" content=\"2026-03-15T23:57:03+00:00\" \/>\n<meta property=\"og:image\" content=\"https:\/\/tatkoopremovic.com\/wp-content\/uploads\/2022\/08\/rukavice-e1663576037872.png\" \/>\n\t<meta property=\"og:image:width\" content=\"788\" \/>\n\t<meta property=\"og:image:height\" content=\"788\" \/>\n\t<meta property=\"og:image:type\" content=\"image\/png\" \/>\n<meta name=\"twitter:card\" content=\"summary_large_image\" \/>\n<meta name=\"twitter:label1\" content=\"Estimated reading time\" \/>\n\t<meta name=\"twitter:data1\" content=\"1 minute\" \/>\n<script type=\"application\/ld+json\" class=\"yoast-schema-graph\">{\"@context\":\"https:\/\/schema.org\",\"@graph\":[{\"@type\":\"WebPage\",\"@id\":\"https:\/\/tatkoopremovic.com\/product\/sinomedic-rukavice\/\",\"url\":\"https:\/\/tatkoopremovic.com\/product\/sinomedic-rukavice\/\",\"name\":\"Sinomedic Rukavice CRNE - Tatko Opremovi\u0107\",\"isPartOf\":{\"@id\":\"https:\/\/tatkoopremovic.com\/#website\"},\"primaryImageOfPage\":{\"@id\":\"https:\/\/tatkoopremovic.com\/product\/sinomedic-rukavice\/#primaryimage\"},\"image\":{\"@id\":\"https:\/\/tatkoopremovic.com\/product\/sinomedic-rukavice\/#primaryimage\"},\"thumbnailUrl\":\"https:\/\/tatkoopremovic.com\/wp-content\/uploads\/2022\/08\/rukavice-e1663576037872.png\",\"datePublished\":\"2022-08-11T11:27:56+00:00\",\"dateModified\":\"2026-03-15T23:57:03+00:00\",\"breadcrumb\":{\"@id\":\"https:\/\/tatkoopremovic.com\/product\/sinomedic-rukavice\/#breadcrumb\"},\"inLanguage\":\"en-GB\",\"potentialAction\":[{\"@type\":\"ReadAction\",\"target\":[\"https:\/\/tatkoopremovic.com\/product\/sinomedic-rukavice\/\"]}]},{\"@type\":\"ImageObject\",\"inLanguage\":\"en-GB\",\"@id\":\"https:\/\/tatkoopremovic.com\/product\/sinomedic-rukavice\/#primaryimage\",\"url\":\"https:\/\/tatkoopremovic.com\/wp-content\/uploads\/2022\/08\/rukavice-e1663576037872.png\",\"contentUrl\":\"https:\/\/tatkoopremovic.com\/wp-content\/uploads\/2022\/08\/rukavice-e1663576037872.png\",\"width\":788,\"height\":788},{\"@type\":\"BreadcrumbList\",\"@id\":\"https:\/\/tatkoopremovic.com\/product\/sinomedic-rukavice\/#breadcrumb\",\"itemListElement\":[{\"@type\":\"ListItem\",\"position\":1,\"name\":\"Home\",\"item\":\"https:\/\/tatkoopremovic.com\/\"},{\"@type\":\"ListItem\",\"position\":2,\"name\":\"Shop\",\"item\":\"https:\/\/tatkoopremovic.com\/shop\/\"},{\"@type\":\"ListItem\",\"position\":3,\"name\":\"Sinomedic Rukavice CRNE\"}]},{\"@type\":\"WebSite\",\"@id\":\"https:\/\/tatkoopremovic.com\/#website\",\"url\":\"https:\/\/tatkoopremovic.com\/\",\"name\":\"Tatko Opremovi\u0107\",\"description\":\"Tattoo Oprema\",\"potentialAction\":[{\"@type\":\"SearchAction\",\"target\":{\"@type\":\"EntryPoint\",\"urlTemplate\":\"https:\/\/tatkoopremovic.com\/?s={search_term_string}\"},\"query-input\":{\"@type\":\"PropertyValueSpecification\",\"valueRequired\":true,\"valueName\":\"search_term_string\"}}],\"inLanguage\":\"en-GB\"}]}<\/script>\n<!-- \/ Yoast SEO plugin. -->","yoast_head_json":{"title":"Sinomedic Rukavice CRNE - Tatko Opremovi\u0107","robots":{"index":"index","follow":"follow","max-snippet":"max-snippet:-1","max-image-preview":"max-image-preview:large","max-video-preview":"max-video-preview:-1"},"canonical":"https:\/\/tatkoopremovic.com\/en\/product\/sinomedic-rukavice\/","og_locale":"en_GB","og_type":"article","og_title":"Sinomedic Rukavice CRNE - Tatko Opremovi\u0107","og_description":"Sinomedic Crne Nitrilne Tattoo Rukavice  Tattoo nitrilne rukavice bez lateksa, bez pudera sa man\u017eetnom za lako navla\u010denje.  Odli\u010dna osetljivost na prstima.  Boja: Crna  Veli\u010dine: S, M, L i XL  Pakovanje: 100 komada","og_url":"https:\/\/tatkoopremovic.com\/en\/product\/sinomedic-rukavice\/","og_site_name":"Tatko Opremovi\u0107","article_modified_time":"2026-03-15T23:57:03+00:00","og_image":[{"width":788,"height":788,"url":"https:\/\/tatkoopremovic.com\/wp-content\/uploads\/2022\/08\/rukavice-e1663576037872.png","type":"image\/png"}],"twitter_card":"summary_large_image","twitter_misc":{"Estimated reading time":"1 minute"},"schema":{"@context":"https:\/\/schema.org","@graph":[{"@type":"WebPage","@id":"https:\/\/tatkoopremovic.com\/product\/sinomedic-rukavice\/","url":"https:\/\/tatkoopremovic.com\/product\/sinomedic-rukavice\/","name":"Sinomedic Rukavice CRNE - Tatko Opremovi\u0107","isPartOf":{"@id":"https:\/\/tatkoopremovic.com\/#website"},"primaryImageOfPage":{"@id":"https:\/\/tatkoopremovic.com\/product\/sinomedic-rukavice\/#primaryimage"},"image":{"@id":"https:\/\/tatkoopremovic.com\/product\/sinomedic-rukavice\/#primaryimage"},"thumbnailUrl":"https:\/\/tatkoopremovic.com\/wp-content\/uploads\/2022\/08\/rukavice-e1663576037872.png","datePublished":"2022-08-11T11:27:56+00:00","dateModified":"2026-03-15T23:57:03+00:00","breadcrumb":{"@id":"https:\/\/tatkoopremovic.com\/product\/sinomedic-rukavice\/#breadcrumb"},"inLanguage":"en-GB","potentialAction":[{"@type":"ReadAction","target":["https:\/\/tatkoopremovic.com\/product\/sinomedic-rukavice\/"]}]},{"@type":"ImageObject","inLanguage":"en-GB","@id":"https:\/\/tatkoopremovic.com\/product\/sinomedic-rukavice\/#primaryimage","url":"https:\/\/tatkoopremovic.com\/wp-content\/uploads\/2022\/08\/rukavice-e1663576037872.png","contentUrl":"https:\/\/tatkoopremovic.com\/wp-content\/uploads\/2022\/08\/rukavice-e1663576037872.png","width":788,"height":788},{"@type":"BreadcrumbList","@id":"https:\/\/tatkoopremovic.com\/product\/sinomedic-rukavice\/#breadcrumb","itemListElement":[{"@type":"ListItem","position":1,"name":"Home","item":"https:\/\/tatkoopremovic.com\/"},{"@type":"ListItem","position":2,"name":"Shop","item":"https:\/\/tatkoopremovic.com\/shop\/"},{"@type":"ListItem","position":3,"name":"Sinomedic Rukavice CRNE"}]},{"@type":"WebSite","@id":"https:\/\/tatkoopremovic.com\/#website","url":"https:\/\/tatkoopremovic.com\/","name":"Tatko Opremovi\u0107","description":"Tattoo Oprema","potentialAction":[{"@type":"SearchAction","target":{"@type":"EntryPoint","urlTemplate":"https:\/\/tatkoopremovic.com\/?s={search_term_string}"},"query-input":{"@type":"PropertyValueSpecification","valueRequired":true,"valueName":"search_term_string"}}],"inLanguage":"en-GB"}]}},"_links":{"self":[{"href":"https:\/\/tatkoopremovic.com\/en\/wp-json\/wp\/v2\/product\/205","targetHints":{"allow":["GET"]}}],"collection":[{"href":"https:\/\/tatkoopremovic.com\/en\/wp-json\/wp\/v2\/product"}],"about":[{"href":"https:\/\/tatkoopremovic.com\/en\/wp-json\/wp\/v2\/types\/product"}],"wp:featuredmedia":[{"embeddable":true,"href":"https:\/\/tatkoopremovic.com\/en\/wp-json\/wp\/v2\/media\/277"}],"wp:attachment":[{"href":"https:\/\/tatkoopremovic.com\/en\/wp-json\/wp\/v2\/media?parent=205"}],"wp:term":[{"taxonomy":"product_brand","embeddable":true,"href":"https:\/\/tatkoopremovic.com\/en\/wp-json\/wp\/v2\/product_brand?post=205"},{"taxonomy":"product_cat","embeddable":true,"href":"https:\/\/tatkoopremovic.com\/en\/wp-json\/wp\/v2\/product_cat?post=205"},{"taxonomy":"product_tag","embeddable":true,"href":"https:\/\/tatkoopremovic.com\/en\/wp-json\/wp\/v2\/product_tag?post=205"}],"curies":[{"name":"wp","href":"https:\/\/api.w.org\/{rel}","templated":true}]}}