{"id":2091,"date":"2022-12-16T10:00:54","date_gmt":"2022-12-16T10:00:54","guid":{"rendered":"https:\/\/tatkoopremovic.com\/?post_type=product&#038;p=2091"},"modified":"2025-02-26T13:15:05","modified_gmt":"2025-02-26T13:15:05","slug":"prophet-pen-t100-majin-buu","status":"publish","type":"product","link":"https:\/\/tatkoopremovic.com\/en\/product\/prophet-pen-t100-majin-buu\/","title":{"rendered":"Prophet pen T100 &#8211; MAJIN BUU"},"content":{"rendered":"","protected":false},"excerpt":{"rendered":"<p><strong>LIMITED EDITION<\/strong><\/p>\n<p id=\"tw-target-rmn\" class=\"tw-data-text tw-text-small tw-ta\"><strong><span class=\"Y2IQFc\">For the first time, color polishing is used, symbolizing a beautiful sense of color in tattoo art, and it is dedicated to tattoo artists who love the feeling of colors.<\/span><\/strong><\/p>\n<p class=\"tw-data-text tw-text-small tw-ta\"><strong>The top-of-the-line Prophet wireless tattoo machine showcases the characteristics of this machine, with three unique components: a 35\u00b0 OLED screen that displays everything; Brilliant ambient light to create a working atmosphere; Originally designed sliding button to control the entire machine. Our passion is to implement intelligence into tattoo machines, to support each of our beloved tattoo artists in showcasing their extraordinary skills.<\/strong><\/p>\n<p>Motor: Custom 6W German FAULHABER brushless motor, with minimal noise and vibrations<br \/>\nStrokes: 4.00 mm, for demanding lining and color packing<br \/>\n\u25cf Voltage: 5V-12V, controlled by the sliding button<br \/>\n\u25cf Modes: Efficient and flexible, for various needs<br \/>\n\u25cf Battery: Up to 10 hours (replaceable Panasonic NCR18500A battery of 2040 mAh)<br \/>\n\u25cf Screen: 35\u00b0 OLED screen, offering a comfortable angle to display voltage status, modes, battery, application, and Bluetooth connection<br \/>\n\u25cf Ambient light: \"Do-it-yourself\" ambient light with RGB color via the app<br \/>\n\u25cf Grip: Compatible with most cartridge needles<br \/>\n\u25cf Shape: Ergonomically designed shape for superior comfort<br \/>\n\u25cf Material: High-quality aircraft-grade aluminum for corrosion resistance<br \/>\n\u25cf Application: Connect via Bluetooth, can control voltage, modes, and ambient light colors. Remember personal settings<br \/>\n\u25cf CRM: Unique CRM (customer relationship management) system tailored for tattoo artists<\/p>\n<p>Frequency &gt; 29 -175 Hz<br \/>\nDrive: FAULHABER 6 W brushless motor<br \/>\nStroke: 4.0 mm<br \/>\nDimensions (\u00d8 x L): 33 x 155 mm<br \/>\nWeight: 156 g (without battery), 189 g (with battery)<\/p>\n<p>PACKAGE CONTENTS:<\/p>\n<p id=\"tw-target-rmn\" class=\"tw-data-text tw-text-small tw-ta\"><span class=\"Y2IQFc\">k1 Ai-Tenitas wireless machine <\/span><span class=\"Y2IQFc\">Prophet <\/span><\/p>\n<p class=\"tw-data-text tw-text-small tw-ta\"><span class=\"Y2IQFc\">k1 Ai-Tenitas UV sterilization box <\/span><\/p>\n<p class=\"tw-data-text tw-text-small tw-ta\"><span class=\"Y2IQFc\">k2 Panasonic NCR18500A batteries <\/span><\/p>\n<p class=\"tw-data-text tw-text-small tw-ta\"><span class=\"Y2IQFc\">k1 Battery charger <\/span><\/p>\n<p class=\"tw-data-text tw-text-small tw-ta\"><span class=\"Y2IQFc\">k1 Type-C cable<\/span><\/p>\n<p class=\"tw-data-text tw-text-small tw-ta\"><span class=\"Y2IQFc\"> User manual\u00a0<\/span><\/p>\n<p class=\"tw-data-text tw-text-small tw-ta\"><span class=\"Y2IQFc\"> Warranty card<\/span><\/p>\n<p class=\"tw-data-text tw-text-small tw-ta\"><span class=\"Y2IQFc\"> Certificate\u00a0<\/span><\/p>\n<p>GARANCIJA: 1 godina<\/p>\n<p id=\"tw-target-rmn\" class=\"tw-data-text tw-text-small tw-ta\"><span class=\"Y2IQFc\">We firmly believe that the quality of the Prophet T100 is worthy of the trust of every customer. After various tests and customer feedback, we believe every tattoo artist should understand this. With innovative design and functionality, we guarantee you will be very satisfied when you receive it. If you have any negative experiences, please contact us, we will strive to provide you with 100% service experience. We provide a one-year warranty for every order purchased from Aitenitas\u00ae We have a very good team, whether it's products or services, We will make sure you have a very positive shopping experience. If you have any questions or concerns, please contact us at info@aitenitas.com, we will be happy to answer any questions. Questions will be answered within 2h~6h on normal business days, no later than 24h.<\/span><\/p>","protected":false},"featured_media":2093,"template":"","meta":[],"product_brand":[],"product_cat":[18,441],"product_tag":[783],"class_list":{"0":"post-2091","1":"product","2":"type-product","3":"status-publish","4":"has-post-thumbnail","6":"product_cat-tattoo-masinice","7":"product_cat-ai-tenitas","8":"product_tag-ai-tenitas","10":"first","11":"outofstock","12":"taxable","13":"shipping-taxable","14":"purchasable","15":"product-type-simple"},"yoast_head":"<!-- This site is optimized with the Yoast SEO plugin v26.8 - https:\/\/yoast.com\/product\/yoast-seo-wordpress\/ -->\n<title>Prophet pen T100 - MAJIN BUU - Tatko Opremovi\u0107<\/title>\n<meta name=\"robots\" content=\"index, follow, max-snippet:-1, max-image-preview:large, max-video-preview:-1\" \/>\n<link rel=\"canonical\" href=\"https:\/\/tatkoopremovic.com\/en\/product\/prophet-pen-t100-majin-buu\/\" \/>\n<meta property=\"og:locale\" content=\"en_GB\" \/>\n<meta property=\"og:type\" content=\"article\" \/>\n<meta property=\"og:title\" content=\"Prophet pen T100 - MAJIN BUU - Tatko Opremovi\u0107\" \/>\n<meta property=\"og:description\" content=\"LIMITIRANA SERIJA Po prvi put se koristi poliranje boja, \u0161to simbolizuje prekrasan osec\u0301aj za boje u umetnosti tetova\u017ea, a posvec\u0301eno je tattoo umetnicima koji vole osec\u0301aj boja. Vrh Prophet be\u017ei\u010dne ma\u0161ine za tetoviranje pokazuje karakteristike ove ma\u0161ine, postoje tri jedinstvene komponente: OLED ekran od 35 \u00b0 koji pokazuje sve; Sjajno ambijentalno svetlo za stvaranje radne atmosfere; Originalno dizajnirano klizno dugme za kontrolu cele ma\u0161ine. Na\u0161a strast je da implementiramo inteligenciju u ma\u0161ine za tetoviranje, kako bismo podr\u017eali svakog od na\u0161ih voljenih tattoo umetnika da predstave svoje izvanredne ve\u0161tine. \u25cf Motor: Prilago\u0111eni 6W nema\u010dki FAULHABER motor bez \u010detkica, sa minimalnom bukom i vibracijama \u25cf Hodovi: 4,00 mm, za zahtevnu oblogu i pakovanje u boji \u25cf Napon: 5V-12V, kontrola pomo\u0107u kliznog dugmeta \u25cf Re\u017eimi: Efikasan i fleksibilan, za razli\u010dite potrebe \u25cf Baterija: Do 10 sati (zamenljiva Panasonic NCR18500A baterija od 2040 mAh) \u25cf Ekran: OLED ekran sa uglom od 35\u00b0, nudi udoban ugao za prikaz stanja napona, re\u017eima, baterije, aplikacije i Bluetooth veze \u25cf Ambijentalno svetlo: \u201euradi sam\u201c ambijentalno svetlo sa RGB bojom pomo\u0107u aplikacije \u25cf Grip: Kompatibilan sa ve\u0107inom igala za kertrid\u017e \u25cf Oblik: Ergo dizajniran oblik za vrhunsku udobnost \u25cf Materijal: Aluminijum vrhunskog kvaliteta za avione za otpornost na koroziju \u25cf Aplikacija: Pove\u017eite se preko Bluetooth-a, mo\u017ee da kontroli\u0161e napon, re\u017eime i boje ambijentalnog svetla. Zapamtite li\u010dnu postavku \u25cf CRM: jedinstveni CRM (upravljanje odnosima sa klijentima) sistem skrojen za umetnike tetova\u017ea  Frekfencija &gt; 29 -175 Hz Pogon: FAULHABER motor bez \u010detkica od 6 W Hod: 4,0 mm Dimenzije (\u00d8 Ks L): 33 x 155 mm Te\u017eina: 156 g (bez baterije), 189 g (sa baterijom)  SADR\u017dAJ PAKETA: k1 Ai-Tenitas be\u017ei\u010dna ma\u0161ina Prophet  k1 Ai-Tenitas kutija za UV sterilizaciju  k2 Panasonic baterija NCR18500A  k1 Punja\u010d baterija  k1 Tip-C kabal  Uputstvo za upotrebu\u00a0  Garantni list  Sertifikat\u00a0 GARANCIJA: 1 godina \u010cvrsto verujemo da je kvalitet Prophet T100 vredan poverenja svakog kupca. Posle raznih testova i povratnih informacija kupaca, verujem da svaki tattoo umetnik to treba da razume.\u00a0 Uz inovativni dizajn i funkcionalnost, garantujemo da c\u0301ete biti veoma zadovoljni kada ga dobijete.\u00a0 Ako imate bilo kakva negativna iskustva, kontaktirajte nas, potrudic\u0301emo se da dobijete 100% uslugu iskustva kupovine.\u00a0 Pru\u017eamo jednogodi\u0161nju garanciju na svaku porud\u017ebinu kupljenu od Aitenitas\u00ae Imamo veoma dobar tim, bilo da se radi o proizvodima ili uslugama, U\u010dinic\u0301emo da imate veoma pozitivno iskustvo kupovine. Ako imate bilo kakvih pitanja ili nedoumica, kontaktirajte nas na info@aitenitas.com, rado c\u0301emo odgovoriti na sva pitanja.\u00a0 Na pitanja c\u0301e biti odgovoreno u roku od 2h~6h normalnim radnim danima, najkasnije 24h.\" \/>\n<meta property=\"og:url\" content=\"https:\/\/tatkoopremovic.com\/en\/product\/prophet-pen-t100-majin-buu\/\" \/>\n<meta property=\"og:site_name\" content=\"Tatko Opremovi\u0107\" \/>\n<meta property=\"article:modified_time\" content=\"2025-02-26T13:15:05+00:00\" \/>\n<meta property=\"og:image\" content=\"https:\/\/tatkoopremovic.com\/wp-content\/uploads\/2022\/12\/majin-buu.jpg\" \/>\n\t<meta property=\"og:image:width\" content=\"799\" \/>\n\t<meta property=\"og:image:height\" content=\"799\" \/>\n\t<meta property=\"og:image:type\" content=\"image\/jpeg\" \/>\n<meta name=\"twitter:card\" content=\"summary_large_image\" \/>\n<meta name=\"twitter:label1\" content=\"Estimated reading time\" \/>\n\t<meta name=\"twitter:data1\" content=\"3 minutes\" \/>\n<script type=\"application\/ld+json\" class=\"yoast-schema-graph\">{\"@context\":\"https:\/\/schema.org\",\"@graph\":[{\"@type\":\"WebPage\",\"@id\":\"https:\/\/tatkoopremovic.com\/product\/prophet-pen-t100-majin-buu\/\",\"url\":\"https:\/\/tatkoopremovic.com\/product\/prophet-pen-t100-majin-buu\/\",\"name\":\"Prophet pen T100 - MAJIN BUU - Tatko Opremovi\u0107\",\"isPartOf\":{\"@id\":\"https:\/\/tatkoopremovic.com\/#website\"},\"primaryImageOfPage\":{\"@id\":\"https:\/\/tatkoopremovic.com\/product\/prophet-pen-t100-majin-buu\/#primaryimage\"},\"image\":{\"@id\":\"https:\/\/tatkoopremovic.com\/product\/prophet-pen-t100-majin-buu\/#primaryimage\"},\"thumbnailUrl\":\"https:\/\/tatkoopremovic.com\/wp-content\/uploads\/2022\/12\/majin-buu.jpg\",\"datePublished\":\"2022-12-16T10:00:54+00:00\",\"dateModified\":\"2025-02-26T13:15:05+00:00\",\"breadcrumb\":{\"@id\":\"https:\/\/tatkoopremovic.com\/product\/prophet-pen-t100-majin-buu\/#breadcrumb\"},\"inLanguage\":\"en-GB\",\"potentialAction\":[{\"@type\":\"ReadAction\",\"target\":[\"https:\/\/tatkoopremovic.com\/product\/prophet-pen-t100-majin-buu\/\"]}]},{\"@type\":\"ImageObject\",\"inLanguage\":\"en-GB\",\"@id\":\"https:\/\/tatkoopremovic.com\/product\/prophet-pen-t100-majin-buu\/#primaryimage\",\"url\":\"https:\/\/tatkoopremovic.com\/wp-content\/uploads\/2022\/12\/majin-buu.jpg\",\"contentUrl\":\"https:\/\/tatkoopremovic.com\/wp-content\/uploads\/2022\/12\/majin-buu.jpg\",\"width\":799,\"height\":799},{\"@type\":\"BreadcrumbList\",\"@id\":\"https:\/\/tatkoopremovic.com\/product\/prophet-pen-t100-majin-buu\/#breadcrumb\",\"itemListElement\":[{\"@type\":\"ListItem\",\"position\":1,\"name\":\"Home\",\"item\":\"https:\/\/tatkoopremovic.com\/\"},{\"@type\":\"ListItem\",\"position\":2,\"name\":\"Shop\",\"item\":\"https:\/\/tatkoopremovic.com\/shop\/\"},{\"@type\":\"ListItem\",\"position\":3,\"name\":\"Prophet pen T100 &#8211; MAJIN BUU\"}]},{\"@type\":\"WebSite\",\"@id\":\"https:\/\/tatkoopremovic.com\/#website\",\"url\":\"https:\/\/tatkoopremovic.com\/\",\"name\":\"Tatko Opremovi\u0107\",\"description\":\"Tattoo Oprema\",\"potentialAction\":[{\"@type\":\"SearchAction\",\"target\":{\"@type\":\"EntryPoint\",\"urlTemplate\":\"https:\/\/tatkoopremovic.com\/?s={search_term_string}\"},\"query-input\":{\"@type\":\"PropertyValueSpecification\",\"valueRequired\":true,\"valueName\":\"search_term_string\"}}],\"inLanguage\":\"en-GB\"}]}<\/script>\n<!-- \/ Yoast SEO plugin. -->","yoast_head_json":{"title":"Prophet pen T100 - MAJIN BUU - Tatko Opremovi\u0107","robots":{"index":"index","follow":"follow","max-snippet":"max-snippet:-1","max-image-preview":"max-image-preview:large","max-video-preview":"max-video-preview:-1"},"canonical":"https:\/\/tatkoopremovic.com\/en\/product\/prophet-pen-t100-majin-buu\/","og_locale":"en_GB","og_type":"article","og_title":"Prophet pen T100 - MAJIN BUU - Tatko Opremovi\u0107","og_description":"LIMITIRANA SERIJA Po prvi put se koristi poliranje boja, \u0161to simbolizuje prekrasan osec\u0301aj za boje u umetnosti tetova\u017ea, a posvec\u0301eno je tattoo umetnicima koji vole osec\u0301aj boja. Vrh Prophet be\u017ei\u010dne ma\u0161ine za tetoviranje pokazuje karakteristike ove ma\u0161ine, postoje tri jedinstvene komponente: OLED ekran od 35 \u00b0 koji pokazuje sve; Sjajno ambijentalno svetlo za stvaranje radne atmosfere; Originalno dizajnirano klizno dugme za kontrolu cele ma\u0161ine. Na\u0161a strast je da implementiramo inteligenciju u ma\u0161ine za tetoviranje, kako bismo podr\u017eali svakog od na\u0161ih voljenih tattoo umetnika da predstave svoje izvanredne ve\u0161tine. \u25cf Motor: Prilago\u0111eni 6W nema\u010dki FAULHABER motor bez \u010detkica, sa minimalnom bukom i vibracijama \u25cf Hodovi: 4,00 mm, za zahtevnu oblogu i pakovanje u boji \u25cf Napon: 5V-12V, kontrola pomo\u0107u kliznog dugmeta \u25cf Re\u017eimi: Efikasan i fleksibilan, za razli\u010dite potrebe \u25cf Baterija: Do 10 sati (zamenljiva Panasonic NCR18500A baterija od 2040 mAh) \u25cf Ekran: OLED ekran sa uglom od 35\u00b0, nudi udoban ugao za prikaz stanja napona, re\u017eima, baterije, aplikacije i Bluetooth veze \u25cf Ambijentalno svetlo: \u201euradi sam\u201c ambijentalno svetlo sa RGB bojom pomo\u0107u aplikacije \u25cf Grip: Kompatibilan sa ve\u0107inom igala za kertrid\u017e \u25cf Oblik: Ergo dizajniran oblik za vrhunsku udobnost \u25cf Materijal: Aluminijum vrhunskog kvaliteta za avione za otpornost na koroziju \u25cf Aplikacija: Pove\u017eite se preko Bluetooth-a, mo\u017ee da kontroli\u0161e napon, re\u017eime i boje ambijentalnog svetla. Zapamtite li\u010dnu postavku \u25cf CRM: jedinstveni CRM (upravljanje odnosima sa klijentima) sistem skrojen za umetnike tetova\u017ea  Frekfencija &gt; 29 -175 Hz Pogon: FAULHABER motor bez \u010detkica od 6 W Hod: 4,0 mm Dimenzije (\u00d8 Ks L): 33 x 155 mm Te\u017eina: 156 g (bez baterije), 189 g (sa baterijom)  SADR\u017dAJ PAKETA: k1 Ai-Tenitas be\u017ei\u010dna ma\u0161ina Prophet  k1 Ai-Tenitas kutija za UV sterilizaciju  k2 Panasonic baterija NCR18500A  k1 Punja\u010d baterija  k1 Tip-C kabal  Uputstvo za upotrebu\u00a0  Garantni list  Sertifikat\u00a0 GARANCIJA: 1 godina \u010cvrsto verujemo da je kvalitet Prophet T100 vredan poverenja svakog kupca. Posle raznih testova i povratnih informacija kupaca, verujem da svaki tattoo umetnik to treba da razume.\u00a0 Uz inovativni dizajn i funkcionalnost, garantujemo da c\u0301ete biti veoma zadovoljni kada ga dobijete.\u00a0 Ako imate bilo kakva negativna iskustva, kontaktirajte nas, potrudic\u0301emo se da dobijete 100% uslugu iskustva kupovine.\u00a0 Pru\u017eamo jednogodi\u0161nju garanciju na svaku porud\u017ebinu kupljenu od Aitenitas\u00ae Imamo veoma dobar tim, bilo da se radi o proizvodima ili uslugama, U\u010dinic\u0301emo da imate veoma pozitivno iskustvo kupovine. Ako imate bilo kakvih pitanja ili nedoumica, kontaktirajte nas na info@aitenitas.com, rado c\u0301emo odgovoriti na sva pitanja.\u00a0 Na pitanja c\u0301e biti odgovoreno u roku od 2h~6h normalnim radnim danima, najkasnije 24h.","og_url":"https:\/\/tatkoopremovic.com\/en\/product\/prophet-pen-t100-majin-buu\/","og_site_name":"Tatko Opremovi\u0107","article_modified_time":"2025-02-26T13:15:05+00:00","og_image":[{"width":799,"height":799,"url":"https:\/\/tatkoopremovic.com\/wp-content\/uploads\/2022\/12\/majin-buu.jpg","type":"image\/jpeg"}],"twitter_card":"summary_large_image","twitter_misc":{"Estimated reading time":"3 minutes"},"schema":{"@context":"https:\/\/schema.org","@graph":[{"@type":"WebPage","@id":"https:\/\/tatkoopremovic.com\/product\/prophet-pen-t100-majin-buu\/","url":"https:\/\/tatkoopremovic.com\/product\/prophet-pen-t100-majin-buu\/","name":"Prophet pen T100 - MAJIN BUU - Tatko Opremovi\u0107","isPartOf":{"@id":"https:\/\/tatkoopremovic.com\/#website"},"primaryImageOfPage":{"@id":"https:\/\/tatkoopremovic.com\/product\/prophet-pen-t100-majin-buu\/#primaryimage"},"image":{"@id":"https:\/\/tatkoopremovic.com\/product\/prophet-pen-t100-majin-buu\/#primaryimage"},"thumbnailUrl":"https:\/\/tatkoopremovic.com\/wp-content\/uploads\/2022\/12\/majin-buu.jpg","datePublished":"2022-12-16T10:00:54+00:00","dateModified":"2025-02-26T13:15:05+00:00","breadcrumb":{"@id":"https:\/\/tatkoopremovic.com\/product\/prophet-pen-t100-majin-buu\/#breadcrumb"},"inLanguage":"en-GB","potentialAction":[{"@type":"ReadAction","target":["https:\/\/tatkoopremovic.com\/product\/prophet-pen-t100-majin-buu\/"]}]},{"@type":"ImageObject","inLanguage":"en-GB","@id":"https:\/\/tatkoopremovic.com\/product\/prophet-pen-t100-majin-buu\/#primaryimage","url":"https:\/\/tatkoopremovic.com\/wp-content\/uploads\/2022\/12\/majin-buu.jpg","contentUrl":"https:\/\/tatkoopremovic.com\/wp-content\/uploads\/2022\/12\/majin-buu.jpg","width":799,"height":799},{"@type":"BreadcrumbList","@id":"https:\/\/tatkoopremovic.com\/product\/prophet-pen-t100-majin-buu\/#breadcrumb","itemListElement":[{"@type":"ListItem","position":1,"name":"Home","item":"https:\/\/tatkoopremovic.com\/"},{"@type":"ListItem","position":2,"name":"Shop","item":"https:\/\/tatkoopremovic.com\/shop\/"},{"@type":"ListItem","position":3,"name":"Prophet pen T100 &#8211; MAJIN BUU"}]},{"@type":"WebSite","@id":"https:\/\/tatkoopremovic.com\/#website","url":"https:\/\/tatkoopremovic.com\/","name":"Tatko Opremovi\u0107","description":"Tattoo Oprema","potentialAction":[{"@type":"SearchAction","target":{"@type":"EntryPoint","urlTemplate":"https:\/\/tatkoopremovic.com\/?s={search_term_string}"},"query-input":{"@type":"PropertyValueSpecification","valueRequired":true,"valueName":"search_term_string"}}],"inLanguage":"en-GB"}]}},"_links":{"self":[{"href":"https:\/\/tatkoopremovic.com\/en\/wp-json\/wp\/v2\/product\/2091","targetHints":{"allow":["GET"]}}],"collection":[{"href":"https:\/\/tatkoopremovic.com\/en\/wp-json\/wp\/v2\/product"}],"about":[{"href":"https:\/\/tatkoopremovic.com\/en\/wp-json\/wp\/v2\/types\/product"}],"wp:featuredmedia":[{"embeddable":true,"href":"https:\/\/tatkoopremovic.com\/en\/wp-json\/wp\/v2\/media\/2093"}],"wp:attachment":[{"href":"https:\/\/tatkoopremovic.com\/en\/wp-json\/wp\/v2\/media?parent=2091"}],"wp:term":[{"taxonomy":"product_brand","embeddable":true,"href":"https:\/\/tatkoopremovic.com\/en\/wp-json\/wp\/v2\/product_brand?post=2091"},{"taxonomy":"product_cat","embeddable":true,"href":"https:\/\/tatkoopremovic.com\/en\/wp-json\/wp\/v2\/product_cat?post=2091"},{"taxonomy":"product_tag","embeddable":true,"href":"https:\/\/tatkoopremovic.com\/en\/wp-json\/wp\/v2\/product_tag?post=2091"}],"curies":[{"name":"wp","href":"https:\/\/api.w.org\/{rel}","templated":true}]}}