{"id":2290,"date":"2023-01-05T10:20:28","date_gmt":"2023-01-05T10:20:28","guid":{"rendered":"https:\/\/tatkoopremovic.com\/?post_type=product&#038;p=2290"},"modified":"2025-05-28T09:30:01","modified_gmt":"2025-05-28T09:30:01","slug":"pink-ribbon-set-30ml","status":"publish","type":"product","link":"https:\/\/tatkoopremovic.com\/en\/product\/pink-ribbon-set-30ml\/","title":{"rendered":"Pink Ribbon Set 30ml"},"content":{"rendered":"<p>Sjajan skup tonova boja:<br \/>\nPortrait White, Tan Honey, Fair Honey, Fair Peach, Dark Honey, Warm Mink,<br \/>\nTan Mink, Warm Peach, Cool Peach, Bright Peach, Warm Honey, Dark Tan, Cool Honey, Cool Mink, Tan Peach, and Dark Mink.<\/p>\n<p>Odli\u010dno za: Hiperrealisti\u010dne portrete, podudaranje ko\u017ee jedan na jedan.<\/p>\n<p>Boja za tetoviranje vrhunskog kvaliteta sa super visokim sadr\u017eajem pigmenta i neverovatnom brzinom protoka.<br \/>\nSvetski poznata boja ulazi u ko\u017eu i zaceljuje super brzo.<br \/>\nUz ogromnu paletu boja za sva va\u0161a sjajna umetni\u010dka dela, ova boja c\u0301e vam olak\u0161ati posao umetnika i u\u010diniti da va\u0161a umetnost zaista postane popularna!<\/p>\n<p>Sadr\u017ei nula proizvoda \u017eivotinjskog porekla<br \/>\nNikada testirano na \u017eivotinjama<br \/>\nPouzdaniji i sigurniji za ko\u017eu<\/p>","protected":false},"excerpt":{"rendered":"<p>Sjajan skup tonova boja:<br \/>\nPortrait White, Tan Honey, Fair Honey, Fair Peach, Dark Honey, Warm Mink,<br \/>\nTan Mink, Warm Peach, Cool Peach, Bright Peach, Warm Honey, Dark Tan, Cool Honey, Cool Mink, Tan Peach, and Dark Mink.<\/p>\n<p>Odli\u010dno za: Hiperrealisti\u010dne portrete, podudaranje ko\u017ee jedan na jedan.<\/p>\n<p>Boja za tetoviranje vrhunskog kvaliteta sa super visokim sadr\u017eajem pigmenta i neverovatnom brzinom protoka.<br \/>\nSvetski poznata boja ulazi u ko\u017eu i zaceljuje super brzo.<br \/>\nUz ogromnu paletu boja za sva va\u0161a sjajna umetni\u010dka dela, ova boja c\u0301e vam olak\u0161ati posao umetnika i u\u010diniti da va\u0161a umetnost zaista postane popularna!<\/p>\n<p>Sadr\u017ei nula proizvoda \u017eivotinjskog porekla<br \/>\nNikada testirano na \u017eivotinjama<br \/>\nPouzdaniji i sigurniji za ko\u017eu<\/p>","protected":false},"featured_media":2291,"template":"","meta":[],"product_brand":[],"product_cat":[973,907,908],"product_tag":[644,970],"class_list":{"0":"post-2290","1":"product","2":"type-product","3":"status-publish","4":"has-post-thumbnail","6":"product_cat-popusti","7":"product_cat-wf-color","8":"product_cat-wf-setovi","9":"product_tag-world-famous","10":"product_tag-world-famous-setovi","12":"first","13":"instock","14":"sale","15":"taxable","16":"shipping-taxable","17":"purchasable","18":"product-type-simple"},"yoast_head":"<!-- This site is optimized with the Yoast SEO plugin v26.8 - https:\/\/yoast.com\/product\/yoast-seo-wordpress\/ -->\n<title>Pink Ribbon Set 30ml - Tatko Opremovi\u0107<\/title>\n<meta name=\"robots\" content=\"index, follow, max-snippet:-1, max-image-preview:large, max-video-preview:-1\" \/>\n<link rel=\"canonical\" href=\"https:\/\/tatkoopremovic.com\/en\/product\/pink-ribbon-set-30ml\/\" \/>\n<meta property=\"og:locale\" content=\"en_GB\" \/>\n<meta property=\"og:type\" content=\"article\" \/>\n<meta property=\"og:title\" content=\"Pink Ribbon Set 30ml - Tatko Opremovi\u0107\" \/>\n<meta property=\"og:description\" content=\"Sjajan skup tonova boja: Portrait White, Tan Honey, Fair Honey, Fair Peach, Dark Honey, Warm Mink, Tan Mink, Warm Peach, Cool Peach, Bright Peach, Warm Honey, Dark Tan, Cool Honey, Cool Mink, Tan Peach, and Dark Mink.  Odli\u010dno za: Hiperrealisti\u010dne portrete, podudaranje ko\u017ee jedan na jedan.  Boja za tetoviranje vrhunskog kvaliteta sa super visokim sadr\u017eajem pigmenta i neverovatnom brzinom protoka. Svetski poznata boja ulazi u ko\u017eu i zaceljuje super brzo. Uz ogromnu paletu boja za sva va\u0161a sjajna umetni\u010dka dela, ova boja c\u0301e vam olak\u0161ati posao umetnika i u\u010diniti da va\u0161a umetnost zaista postane popularna!  Sadr\u017ei nula proizvoda \u017eivotinjskog porekla Nikada testirano na \u017eivotinjama Pouzdaniji i sigurniji za ko\u017eu\" \/>\n<meta property=\"og:url\" content=\"https:\/\/tatkoopremovic.com\/en\/product\/pink-ribbon-set-30ml\/\" \/>\n<meta property=\"og:site_name\" content=\"Tatko Opremovi\u0107\" \/>\n<meta property=\"article:modified_time\" content=\"2025-05-28T09:30:01+00:00\" \/>\n<meta property=\"og:image\" content=\"https:\/\/tatkoopremovic.com\/wp-content\/uploads\/2023\/01\/WF-2022-Pink-Ribbon-Set-PDP_1.jpg\" \/>\n\t<meta property=\"og:image:width\" content=\"1500\" \/>\n\t<meta property=\"og:image:height\" content=\"1500\" \/>\n\t<meta property=\"og:image:type\" content=\"image\/jpeg\" \/>\n<meta name=\"twitter:card\" content=\"summary_large_image\" \/>\n<meta name=\"twitter:label1\" content=\"Estimated reading time\" \/>\n\t<meta name=\"twitter:data1\" content=\"1 minute\" \/>\n<script type=\"application\/ld+json\" class=\"yoast-schema-graph\">{\"@context\":\"https:\/\/schema.org\",\"@graph\":[{\"@type\":\"WebPage\",\"@id\":\"https:\/\/tatkoopremovic.com\/product\/pink-ribbon-set-30ml\/\",\"url\":\"https:\/\/tatkoopremovic.com\/product\/pink-ribbon-set-30ml\/\",\"name\":\"Pink Ribbon Set 30ml - Tatko Opremovi\u0107\",\"isPartOf\":{\"@id\":\"https:\/\/tatkoopremovic.com\/#website\"},\"primaryImageOfPage\":{\"@id\":\"https:\/\/tatkoopremovic.com\/product\/pink-ribbon-set-30ml\/#primaryimage\"},\"image\":{\"@id\":\"https:\/\/tatkoopremovic.com\/product\/pink-ribbon-set-30ml\/#primaryimage\"},\"thumbnailUrl\":\"https:\/\/tatkoopremovic.com\/wp-content\/uploads\/2023\/01\/WF-2022-Pink-Ribbon-Set-PDP_1.jpg\",\"datePublished\":\"2023-01-05T10:20:28+00:00\",\"dateModified\":\"2025-05-28T09:30:01+00:00\",\"breadcrumb\":{\"@id\":\"https:\/\/tatkoopremovic.com\/product\/pink-ribbon-set-30ml\/#breadcrumb\"},\"inLanguage\":\"en-GB\",\"potentialAction\":[{\"@type\":\"ReadAction\",\"target\":[\"https:\/\/tatkoopremovic.com\/product\/pink-ribbon-set-30ml\/\"]}]},{\"@type\":\"ImageObject\",\"inLanguage\":\"en-GB\",\"@id\":\"https:\/\/tatkoopremovic.com\/product\/pink-ribbon-set-30ml\/#primaryimage\",\"url\":\"https:\/\/tatkoopremovic.com\/wp-content\/uploads\/2023\/01\/WF-2022-Pink-Ribbon-Set-PDP_1.jpg\",\"contentUrl\":\"https:\/\/tatkoopremovic.com\/wp-content\/uploads\/2023\/01\/WF-2022-Pink-Ribbon-Set-PDP_1.jpg\",\"width\":1500,\"height\":1500},{\"@type\":\"BreadcrumbList\",\"@id\":\"https:\/\/tatkoopremovic.com\/product\/pink-ribbon-set-30ml\/#breadcrumb\",\"itemListElement\":[{\"@type\":\"ListItem\",\"position\":1,\"name\":\"Home\",\"item\":\"https:\/\/tatkoopremovic.com\/\"},{\"@type\":\"ListItem\",\"position\":2,\"name\":\"Shop\",\"item\":\"https:\/\/tatkoopremovic.com\/shop\/\"},{\"@type\":\"ListItem\",\"position\":3,\"name\":\"Pink Ribbon Set 30ml\"}]},{\"@type\":\"WebSite\",\"@id\":\"https:\/\/tatkoopremovic.com\/#website\",\"url\":\"https:\/\/tatkoopremovic.com\/\",\"name\":\"Tatko Opremovi\u0107\",\"description\":\"Tattoo Oprema\",\"potentialAction\":[{\"@type\":\"SearchAction\",\"target\":{\"@type\":\"EntryPoint\",\"urlTemplate\":\"https:\/\/tatkoopremovic.com\/?s={search_term_string}\"},\"query-input\":{\"@type\":\"PropertyValueSpecification\",\"valueRequired\":true,\"valueName\":\"search_term_string\"}}],\"inLanguage\":\"en-GB\"}]}<\/script>\n<!-- \/ Yoast SEO plugin. -->","yoast_head_json":{"title":"Pink Ribbon Set 30ml - Tatko Opremovi\u0107","robots":{"index":"index","follow":"follow","max-snippet":"max-snippet:-1","max-image-preview":"max-image-preview:large","max-video-preview":"max-video-preview:-1"},"canonical":"https:\/\/tatkoopremovic.com\/en\/product\/pink-ribbon-set-30ml\/","og_locale":"en_GB","og_type":"article","og_title":"Pink Ribbon Set 30ml - Tatko Opremovi\u0107","og_description":"Sjajan skup tonova boja: Portrait White, Tan Honey, Fair Honey, Fair Peach, Dark Honey, Warm Mink, Tan Mink, Warm Peach, Cool Peach, Bright Peach, Warm Honey, Dark Tan, Cool Honey, Cool Mink, Tan Peach, and Dark Mink.  Odli\u010dno za: Hiperrealisti\u010dne portrete, podudaranje ko\u017ee jedan na jedan.  Boja za tetoviranje vrhunskog kvaliteta sa super visokim sadr\u017eajem pigmenta i neverovatnom brzinom protoka. Svetski poznata boja ulazi u ko\u017eu i zaceljuje super brzo. Uz ogromnu paletu boja za sva va\u0161a sjajna umetni\u010dka dela, ova boja c\u0301e vam olak\u0161ati posao umetnika i u\u010diniti da va\u0161a umetnost zaista postane popularna!  Sadr\u017ei nula proizvoda \u017eivotinjskog porekla Nikada testirano na \u017eivotinjama Pouzdaniji i sigurniji za ko\u017eu","og_url":"https:\/\/tatkoopremovic.com\/en\/product\/pink-ribbon-set-30ml\/","og_site_name":"Tatko Opremovi\u0107","article_modified_time":"2025-05-28T09:30:01+00:00","og_image":[{"width":1500,"height":1500,"url":"https:\/\/tatkoopremovic.com\/wp-content\/uploads\/2023\/01\/WF-2022-Pink-Ribbon-Set-PDP_1.jpg","type":"image\/jpeg"}],"twitter_card":"summary_large_image","twitter_misc":{"Estimated reading time":"1 minute"},"schema":{"@context":"https:\/\/schema.org","@graph":[{"@type":"WebPage","@id":"https:\/\/tatkoopremovic.com\/product\/pink-ribbon-set-30ml\/","url":"https:\/\/tatkoopremovic.com\/product\/pink-ribbon-set-30ml\/","name":"Pink Ribbon Set 30ml - Tatko Opremovi\u0107","isPartOf":{"@id":"https:\/\/tatkoopremovic.com\/#website"},"primaryImageOfPage":{"@id":"https:\/\/tatkoopremovic.com\/product\/pink-ribbon-set-30ml\/#primaryimage"},"image":{"@id":"https:\/\/tatkoopremovic.com\/product\/pink-ribbon-set-30ml\/#primaryimage"},"thumbnailUrl":"https:\/\/tatkoopremovic.com\/wp-content\/uploads\/2023\/01\/WF-2022-Pink-Ribbon-Set-PDP_1.jpg","datePublished":"2023-01-05T10:20:28+00:00","dateModified":"2025-05-28T09:30:01+00:00","breadcrumb":{"@id":"https:\/\/tatkoopremovic.com\/product\/pink-ribbon-set-30ml\/#breadcrumb"},"inLanguage":"en-GB","potentialAction":[{"@type":"ReadAction","target":["https:\/\/tatkoopremovic.com\/product\/pink-ribbon-set-30ml\/"]}]},{"@type":"ImageObject","inLanguage":"en-GB","@id":"https:\/\/tatkoopremovic.com\/product\/pink-ribbon-set-30ml\/#primaryimage","url":"https:\/\/tatkoopremovic.com\/wp-content\/uploads\/2023\/01\/WF-2022-Pink-Ribbon-Set-PDP_1.jpg","contentUrl":"https:\/\/tatkoopremovic.com\/wp-content\/uploads\/2023\/01\/WF-2022-Pink-Ribbon-Set-PDP_1.jpg","width":1500,"height":1500},{"@type":"BreadcrumbList","@id":"https:\/\/tatkoopremovic.com\/product\/pink-ribbon-set-30ml\/#breadcrumb","itemListElement":[{"@type":"ListItem","position":1,"name":"Home","item":"https:\/\/tatkoopremovic.com\/"},{"@type":"ListItem","position":2,"name":"Shop","item":"https:\/\/tatkoopremovic.com\/shop\/"},{"@type":"ListItem","position":3,"name":"Pink Ribbon Set 30ml"}]},{"@type":"WebSite","@id":"https:\/\/tatkoopremovic.com\/#website","url":"https:\/\/tatkoopremovic.com\/","name":"Tatko Opremovi\u0107","description":"Tattoo Oprema","potentialAction":[{"@type":"SearchAction","target":{"@type":"EntryPoint","urlTemplate":"https:\/\/tatkoopremovic.com\/?s={search_term_string}"},"query-input":{"@type":"PropertyValueSpecification","valueRequired":true,"valueName":"search_term_string"}}],"inLanguage":"en-GB"}]}},"_links":{"self":[{"href":"https:\/\/tatkoopremovic.com\/en\/wp-json\/wp\/v2\/product\/2290","targetHints":{"allow":["GET"]}}],"collection":[{"href":"https:\/\/tatkoopremovic.com\/en\/wp-json\/wp\/v2\/product"}],"about":[{"href":"https:\/\/tatkoopremovic.com\/en\/wp-json\/wp\/v2\/types\/product"}],"wp:featuredmedia":[{"embeddable":true,"href":"https:\/\/tatkoopremovic.com\/en\/wp-json\/wp\/v2\/media\/2291"}],"wp:attachment":[{"href":"https:\/\/tatkoopremovic.com\/en\/wp-json\/wp\/v2\/media?parent=2290"}],"wp:term":[{"taxonomy":"product_brand","embeddable":true,"href":"https:\/\/tatkoopremovic.com\/en\/wp-json\/wp\/v2\/product_brand?post=2290"},{"taxonomy":"product_cat","embeddable":true,"href":"https:\/\/tatkoopremovic.com\/en\/wp-json\/wp\/v2\/product_cat?post=2290"},{"taxonomy":"product_tag","embeddable":true,"href":"https:\/\/tatkoopremovic.com\/en\/wp-json\/wp\/v2\/product_tag?post=2290"}],"curies":[{"name":"wp","href":"https:\/\/api.w.org\/{rel}","templated":true}]}}