{"id":2334,"date":"2023-01-05T10:35:10","date_gmt":"2023-01-05T10:35:10","guid":{"rendered":"https:\/\/tatkoopremovic.com\/?post_type=product&#038;p=2334"},"modified":"2026-04-07T16:54:33","modified_gmt":"2026-04-07T16:54:33","slug":"6-color-simple-set-30ml","status":"publish","type":"product","link":"https:\/\/tatkoopremovic.com\/en\/product\/6-color-simple-set-30ml\/","title":{"rendered":"6 Color Simple Set 30ml"},"content":{"rendered":"<p>Set sadrzi:<br \/>\nSamuel O&#8217;Reilly, Moroccan, Everglades Green, Donatello Blue, Great Wall Yellow and White House.<\/p>\n<p>Vrhunski kvalitet sa super visokim sadr\u017eajem pigmenta i neverovatnom brzinom protoka.<br \/>\nSadr\u017ei nula proizvoda \u017eivotinjskog porekla.<br \/>\nNikada testirano na \u017eivotinjama.<br \/>\nPouzdaniji i sigurniji za ko\u017eu.<\/p>","protected":false},"excerpt":{"rendered":"<p>Set sadrzi:<br \/>\nSamuel O&#8217;Reilly, Moroccan, Everglades Green, Donatello Blue, Great Wall Yellow and White House.<\/p>\n<p>Vrhunski kvalitet sa super visokim sadr\u017eajem pigmenta i neverovatnom brzinom protoka.<br \/>\nSadr\u017ei nula proizvoda \u017eivotinjskog porekla.<br \/>\nNikada testirano na \u017eivotinjama.<br \/>\nPouzdaniji i sigurniji za ko\u017eu.<\/p>","protected":false},"featured_media":2335,"template":"","meta":[],"product_brand":[],"product_cat":[907,908],"product_tag":[644,970],"class_list":{"0":"post-2334","1":"product","2":"type-product","3":"status-publish","4":"has-post-thumbnail","6":"product_cat-wf-color","7":"product_cat-wf-setovi","8":"product_tag-world-famous","9":"product_tag-world-famous-setovi","11":"first","12":"instock","13":"featured","14":"taxable","15":"shipping-taxable","16":"purchasable","17":"product-type-simple"},"yoast_head":"<!-- This site is optimized with the Yoast SEO plugin v26.8 - https:\/\/yoast.com\/product\/yoast-seo-wordpress\/ -->\n<title>6 Color Simple Set 30ml - Tatko Opremovi\u0107<\/title>\n<meta name=\"robots\" content=\"index, follow, max-snippet:-1, max-image-preview:large, max-video-preview:-1\" \/>\n<link rel=\"canonical\" href=\"https:\/\/tatkoopremovic.com\/en\/product\/6-color-simple-set-30ml\/\" \/>\n<meta property=\"og:locale\" content=\"en_GB\" \/>\n<meta property=\"og:type\" content=\"article\" \/>\n<meta property=\"og:title\" content=\"6 Color Simple Set 30ml - Tatko Opremovi\u0107\" \/>\n<meta property=\"og:description\" content=\"Set sadrzi: Samuel O&#039;Reilly, Moroccan, Everglades Green, Donatello Blue, Great Wall Yellow and White House.  Vrhunski kvalitet sa super visokim sadr\u017eajem pigmenta i neverovatnom brzinom protoka. Sadr\u017ei nula proizvoda \u017eivotinjskog porekla. Nikada testirano na \u017eivotinjama. Pouzdaniji i sigurniji za ko\u017eu.\" \/>\n<meta property=\"og:url\" content=\"https:\/\/tatkoopremovic.com\/en\/product\/6-color-simple-set-30ml\/\" \/>\n<meta property=\"og:site_name\" content=\"Tatko Opremovi\u0107\" \/>\n<meta property=\"article:modified_time\" content=\"2026-04-07T16:54:33+00:00\" \/>\n<meta property=\"og:image\" content=\"https:\/\/tatkoopremovic.com\/wp-content\/uploads\/2023\/01\/World_Famous_Tattoo_Ink_Simple_Ink_Set_50f9beaa-db05-4c38-8416-72f1bbc567f5.jpg\" \/>\n\t<meta property=\"og:image:width\" content=\"1002\" \/>\n\t<meta property=\"og:image:height\" content=\"1002\" \/>\n\t<meta property=\"og:image:type\" content=\"image\/jpeg\" \/>\n<meta name=\"twitter:card\" content=\"summary_large_image\" \/>\n<meta name=\"twitter:label1\" content=\"Estimated reading time\" \/>\n\t<meta name=\"twitter:data1\" content=\"1 minute\" \/>\n<script type=\"application\/ld+json\" class=\"yoast-schema-graph\">{\"@context\":\"https:\/\/schema.org\",\"@graph\":[{\"@type\":\"WebPage\",\"@id\":\"https:\/\/tatkoopremovic.com\/product\/6-color-simple-set-30ml\/\",\"url\":\"https:\/\/tatkoopremovic.com\/product\/6-color-simple-set-30ml\/\",\"name\":\"6 Color Simple Set 30ml - Tatko Opremovi\u0107\",\"isPartOf\":{\"@id\":\"https:\/\/tatkoopremovic.com\/#website\"},\"primaryImageOfPage\":{\"@id\":\"https:\/\/tatkoopremovic.com\/product\/6-color-simple-set-30ml\/#primaryimage\"},\"image\":{\"@id\":\"https:\/\/tatkoopremovic.com\/product\/6-color-simple-set-30ml\/#primaryimage\"},\"thumbnailUrl\":\"https:\/\/tatkoopremovic.com\/wp-content\/uploads\/2023\/01\/World_Famous_Tattoo_Ink_Simple_Ink_Set_50f9beaa-db05-4c38-8416-72f1bbc567f5.jpg\",\"datePublished\":\"2023-01-05T10:35:10+00:00\",\"dateModified\":\"2026-04-07T16:54:33+00:00\",\"breadcrumb\":{\"@id\":\"https:\/\/tatkoopremovic.com\/product\/6-color-simple-set-30ml\/#breadcrumb\"},\"inLanguage\":\"en-GB\",\"potentialAction\":[{\"@type\":\"ReadAction\",\"target\":[\"https:\/\/tatkoopremovic.com\/product\/6-color-simple-set-30ml\/\"]}]},{\"@type\":\"ImageObject\",\"inLanguage\":\"en-GB\",\"@id\":\"https:\/\/tatkoopremovic.com\/product\/6-color-simple-set-30ml\/#primaryimage\",\"url\":\"https:\/\/tatkoopremovic.com\/wp-content\/uploads\/2023\/01\/World_Famous_Tattoo_Ink_Simple_Ink_Set_50f9beaa-db05-4c38-8416-72f1bbc567f5.jpg\",\"contentUrl\":\"https:\/\/tatkoopremovic.com\/wp-content\/uploads\/2023\/01\/World_Famous_Tattoo_Ink_Simple_Ink_Set_50f9beaa-db05-4c38-8416-72f1bbc567f5.jpg\",\"width\":1002,\"height\":1002},{\"@type\":\"BreadcrumbList\",\"@id\":\"https:\/\/tatkoopremovic.com\/product\/6-color-simple-set-30ml\/#breadcrumb\",\"itemListElement\":[{\"@type\":\"ListItem\",\"position\":1,\"name\":\"Home\",\"item\":\"https:\/\/tatkoopremovic.com\/\"},{\"@type\":\"ListItem\",\"position\":2,\"name\":\"Shop\",\"item\":\"https:\/\/tatkoopremovic.com\/shop\/\"},{\"@type\":\"ListItem\",\"position\":3,\"name\":\"6 Color Simple Set 30ml\"}]},{\"@type\":\"WebSite\",\"@id\":\"https:\/\/tatkoopremovic.com\/#website\",\"url\":\"https:\/\/tatkoopremovic.com\/\",\"name\":\"Tatko Opremovi\u0107\",\"description\":\"Tattoo Oprema\",\"potentialAction\":[{\"@type\":\"SearchAction\",\"target\":{\"@type\":\"EntryPoint\",\"urlTemplate\":\"https:\/\/tatkoopremovic.com\/?s={search_term_string}\"},\"query-input\":{\"@type\":\"PropertyValueSpecification\",\"valueRequired\":true,\"valueName\":\"search_term_string\"}}],\"inLanguage\":\"en-GB\"}]}<\/script>\n<!-- \/ Yoast SEO plugin. -->","yoast_head_json":{"title":"6 Color Simple Set 30ml - Tatko Opremovi\u0107","robots":{"index":"index","follow":"follow","max-snippet":"max-snippet:-1","max-image-preview":"max-image-preview:large","max-video-preview":"max-video-preview:-1"},"canonical":"https:\/\/tatkoopremovic.com\/en\/product\/6-color-simple-set-30ml\/","og_locale":"en_GB","og_type":"article","og_title":"6 Color Simple Set 30ml - Tatko Opremovi\u0107","og_description":"Set sadrzi: Samuel O'Reilly, Moroccan, Everglades Green, Donatello Blue, Great Wall Yellow and White House.  Vrhunski kvalitet sa super visokim sadr\u017eajem pigmenta i neverovatnom brzinom protoka. Sadr\u017ei nula proizvoda \u017eivotinjskog porekla. Nikada testirano na \u017eivotinjama. Pouzdaniji i sigurniji za ko\u017eu.","og_url":"https:\/\/tatkoopremovic.com\/en\/product\/6-color-simple-set-30ml\/","og_site_name":"Tatko Opremovi\u0107","article_modified_time":"2026-04-07T16:54:33+00:00","og_image":[{"width":1002,"height":1002,"url":"https:\/\/tatkoopremovic.com\/wp-content\/uploads\/2023\/01\/World_Famous_Tattoo_Ink_Simple_Ink_Set_50f9beaa-db05-4c38-8416-72f1bbc567f5.jpg","type":"image\/jpeg"}],"twitter_card":"summary_large_image","twitter_misc":{"Estimated reading time":"1 minute"},"schema":{"@context":"https:\/\/schema.org","@graph":[{"@type":"WebPage","@id":"https:\/\/tatkoopremovic.com\/product\/6-color-simple-set-30ml\/","url":"https:\/\/tatkoopremovic.com\/product\/6-color-simple-set-30ml\/","name":"6 Color Simple Set 30ml - Tatko Opremovi\u0107","isPartOf":{"@id":"https:\/\/tatkoopremovic.com\/#website"},"primaryImageOfPage":{"@id":"https:\/\/tatkoopremovic.com\/product\/6-color-simple-set-30ml\/#primaryimage"},"image":{"@id":"https:\/\/tatkoopremovic.com\/product\/6-color-simple-set-30ml\/#primaryimage"},"thumbnailUrl":"https:\/\/tatkoopremovic.com\/wp-content\/uploads\/2023\/01\/World_Famous_Tattoo_Ink_Simple_Ink_Set_50f9beaa-db05-4c38-8416-72f1bbc567f5.jpg","datePublished":"2023-01-05T10:35:10+00:00","dateModified":"2026-04-07T16:54:33+00:00","breadcrumb":{"@id":"https:\/\/tatkoopremovic.com\/product\/6-color-simple-set-30ml\/#breadcrumb"},"inLanguage":"en-GB","potentialAction":[{"@type":"ReadAction","target":["https:\/\/tatkoopremovic.com\/product\/6-color-simple-set-30ml\/"]}]},{"@type":"ImageObject","inLanguage":"en-GB","@id":"https:\/\/tatkoopremovic.com\/product\/6-color-simple-set-30ml\/#primaryimage","url":"https:\/\/tatkoopremovic.com\/wp-content\/uploads\/2023\/01\/World_Famous_Tattoo_Ink_Simple_Ink_Set_50f9beaa-db05-4c38-8416-72f1bbc567f5.jpg","contentUrl":"https:\/\/tatkoopremovic.com\/wp-content\/uploads\/2023\/01\/World_Famous_Tattoo_Ink_Simple_Ink_Set_50f9beaa-db05-4c38-8416-72f1bbc567f5.jpg","width":1002,"height":1002},{"@type":"BreadcrumbList","@id":"https:\/\/tatkoopremovic.com\/product\/6-color-simple-set-30ml\/#breadcrumb","itemListElement":[{"@type":"ListItem","position":1,"name":"Home","item":"https:\/\/tatkoopremovic.com\/"},{"@type":"ListItem","position":2,"name":"Shop","item":"https:\/\/tatkoopremovic.com\/shop\/"},{"@type":"ListItem","position":3,"name":"6 Color Simple Set 30ml"}]},{"@type":"WebSite","@id":"https:\/\/tatkoopremovic.com\/#website","url":"https:\/\/tatkoopremovic.com\/","name":"Tatko Opremovi\u0107","description":"Tattoo Oprema","potentialAction":[{"@type":"SearchAction","target":{"@type":"EntryPoint","urlTemplate":"https:\/\/tatkoopremovic.com\/?s={search_term_string}"},"query-input":{"@type":"PropertyValueSpecification","valueRequired":true,"valueName":"search_term_string"}}],"inLanguage":"en-GB"}]}},"_links":{"self":[{"href":"https:\/\/tatkoopremovic.com\/en\/wp-json\/wp\/v2\/product\/2334","targetHints":{"allow":["GET"]}}],"collection":[{"href":"https:\/\/tatkoopremovic.com\/en\/wp-json\/wp\/v2\/product"}],"about":[{"href":"https:\/\/tatkoopremovic.com\/en\/wp-json\/wp\/v2\/types\/product"}],"wp:featuredmedia":[{"embeddable":true,"href":"https:\/\/tatkoopremovic.com\/en\/wp-json\/wp\/v2\/media\/2335"}],"wp:attachment":[{"href":"https:\/\/tatkoopremovic.com\/en\/wp-json\/wp\/v2\/media?parent=2334"}],"wp:term":[{"taxonomy":"product_brand","embeddable":true,"href":"https:\/\/tatkoopremovic.com\/en\/wp-json\/wp\/v2\/product_brand?post=2334"},{"taxonomy":"product_cat","embeddable":true,"href":"https:\/\/tatkoopremovic.com\/en\/wp-json\/wp\/v2\/product_cat?post=2334"},{"taxonomy":"product_tag","embeddable":true,"href":"https:\/\/tatkoopremovic.com\/en\/wp-json\/wp\/v2\/product_tag?post=2334"}],"curies":[{"name":"wp","href":"https:\/\/api.w.org\/{rel}","templated":true}]}}