{"id":389,"date":"2022-08-23T11:40:45","date_gmt":"2022-08-23T11:40:45","guid":{"rendered":"https:\/\/tatkoopremovic.com\/?post_type=product&#038;p=389"},"modified":"2024-10-09T07:39:28","modified_gmt":"2024-10-09T07:39:28","slug":"gx-tattoo-krema","status":"publish","type":"product","link":"https:\/\/tatkoopremovic.com\/en\/product\/gx-tattoo-krema\/","title":{"rendered":"GX tattoo butter 400ml"},"content":{"rendered":"<p>&nbsp;<\/p>\n<p>GX is a special formula that combines five times refined Swiss petroleum jelly with bee products and herbs, which stop bleeding and lymph and help reduce skin redness.<\/p>\n<p>GX is completely transparent and does not contain water, making working with the impression easy and enjoyable, as it does not dissolve or smear it.<\/p>\n<p>Developed with the human body temperature in mind, it stays in place during work and is unmatched when it comes to creating large tattoos.<\/p>\n<p>In addition, it does not clog the needle, and a small amount of cream can cover a large area, making it extremely economical,<br \/>\n400 grams is equal to more than 800 grams of petroleum jelly.<\/p>\n<p>Added herbal extracts enhance the effect and soothe the skin, making your work relaxing and pleasant and leaving you more time to enjoy the captivating aroma of our product.<\/p>\n<p>Furthermore, it also disinfects and relieves pain.<\/p>\n<p>&nbsp;<\/p>","protected":false},"excerpt":{"rendered":"<p>GX is a special formula that combines five times refined Swiss petroleum jelly with bee products and herbs, which stop bleeding and lymph and help reduce skin redness.<\/p>\n<p>GX is completely transparent and does not contain water, making working with the impression easy and enjoyable, as it does not dissolve or smear it.<\/p>\n<p>Developed with the human body temperature in mind, it stays in place during work and is unmatched when it comes to creating large tattoos.<\/p>\n<p>In addition, it does not clog the needle, and a small amount of cream can cover a large area, making it extremely economical,<br \/>\n400 grams is equal to more than 800 grams of petroleum jelly.<\/p>\n<p>Added herbal extracts enhance the effect and soothe the skin, making your work relaxing and pleasant and leaving you more time to enjoy the captivating aroma of our product.<\/p>\n<p>Furthermore, it also disinfects and relieves pain.<\/p>\n<p>&nbsp;<\/p>","protected":false},"featured_media":5116,"template":"","meta":[],"product_brand":[],"product_cat":[942,939,91],"product_tag":[810,922],"class_list":{"0":"post-389","1":"product","2":"type-product","3":"status-publish","4":"has-post-thumbnail","6":"product_cat-gx","7":"product_cat-kreme-za-rad","8":"product_cat-kozmetika","9":"product_tag-butter","10":"product_tag-gx","12":"first","13":"outofstock","14":"taxable","15":"shipping-taxable","16":"purchasable","17":"product-type-simple"},"yoast_head":"<!-- This site is optimized with the Yoast SEO plugin v26.8 - https:\/\/yoast.com\/product\/yoast-seo-wordpress\/ -->\n<title>GX tattoo butter 400ml - Tatko Opremovi\u0107<\/title>\n<meta name=\"robots\" content=\"index, follow, max-snippet:-1, max-image-preview:large, max-video-preview:-1\" \/>\n<link rel=\"canonical\" href=\"https:\/\/tatkoopremovic.com\/en\/product\/gx-tattoo-krema\/\" \/>\n<meta property=\"og:locale\" content=\"en_GB\" \/>\n<meta property=\"og:type\" content=\"article\" \/>\n<meta property=\"og:title\" content=\"GX tattoo butter 400ml - Tatko Opremovi\u0107\" \/>\n<meta property=\"og:description\" content=\"GX je posebna formula koja kombinuje pet puta rafinisani \u0161vajcarski vazelin sa p\u010delinjim proizvodima i biljem, koji zaustavljaju krv i limfu i poma\u017eu u smanjenju crvenila ko\u017ee.  GX je potpuno providan i ne sadr\u017ei vodu, pa rad sa otiskom \u010dini lakim i prijatnim, jer ga ne rastvara i ne razmazuje.  Razvijen je imajuc\u0301i na umu temperaturu ljudskog tela,\u00a0 ostaje na mestu tokom rada i potpuno je bez premca kada je u pitanju pravljenje velikih tetova\u017ea.  Osim toga, ne za\u010depljuje iglu i mala koli\u010dina kreme mo\u017ee pokriti veliku povr\u0161inu, \u0161to ga \u010dini izuzetno ekonomi\u010dnim, 400 grama je jednako vi\u0161e od 800 grama vazelina.  Dodati biljni ekstrakti pobolj\u0161avaju efekat\u00a0 i umiruju ko\u017eu, \u010dinec\u0301i va\u0161 rad opu\u0161tajuc\u0301im i prijatnim i ostavljajuc\u0301i vam vi\u0161e vremena da u\u017eivate u o\u010daravajuc\u0301oj aromi na\u0161eg proizvoda.  Pored toga, tako\u0111e dezinfikuje i ubla\u017eava bol.  &nbsp;\" \/>\n<meta property=\"og:url\" content=\"https:\/\/tatkoopremovic.com\/en\/product\/gx-tattoo-krema\/\" \/>\n<meta property=\"og:site_name\" content=\"Tatko Opremovi\u0107\" \/>\n<meta property=\"article:modified_time\" content=\"2024-10-09T07:39:28+00:00\" \/>\n<meta property=\"og:image\" content=\"https:\/\/tatkoopremovic.com\/wp-content\/uploads\/2022\/08\/GX3-1-scaled-e1705004363825.jpg\" \/>\n\t<meta property=\"og:image:width\" content=\"2048\" \/>\n\t<meta property=\"og:image:height\" content=\"2048\" \/>\n\t<meta property=\"og:image:type\" content=\"image\/jpeg\" \/>\n<meta name=\"twitter:card\" content=\"summary_large_image\" \/>\n<meta name=\"twitter:label1\" content=\"Estimated reading time\" \/>\n\t<meta name=\"twitter:data1\" content=\"1 minute\" \/>\n<script type=\"application\/ld+json\" class=\"yoast-schema-graph\">{\"@context\":\"https:\/\/schema.org\",\"@graph\":[{\"@type\":\"WebPage\",\"@id\":\"https:\/\/tatkoopremovic.com\/product\/gx-tattoo-krema\/\",\"url\":\"https:\/\/tatkoopremovic.com\/product\/gx-tattoo-krema\/\",\"name\":\"GX tattoo butter 400ml - Tatko Opremovi\u0107\",\"isPartOf\":{\"@id\":\"https:\/\/tatkoopremovic.com\/#website\"},\"primaryImageOfPage\":{\"@id\":\"https:\/\/tatkoopremovic.com\/product\/gx-tattoo-krema\/#primaryimage\"},\"image\":{\"@id\":\"https:\/\/tatkoopremovic.com\/product\/gx-tattoo-krema\/#primaryimage\"},\"thumbnailUrl\":\"https:\/\/tatkoopremovic.com\/wp-content\/uploads\/2022\/08\/GX3-1-scaled-e1705004363825.jpg\",\"datePublished\":\"2022-08-23T11:40:45+00:00\",\"dateModified\":\"2024-10-09T07:39:28+00:00\",\"breadcrumb\":{\"@id\":\"https:\/\/tatkoopremovic.com\/product\/gx-tattoo-krema\/#breadcrumb\"},\"inLanguage\":\"en-GB\",\"potentialAction\":[{\"@type\":\"ReadAction\",\"target\":[\"https:\/\/tatkoopremovic.com\/product\/gx-tattoo-krema\/\"]}]},{\"@type\":\"ImageObject\",\"inLanguage\":\"en-GB\",\"@id\":\"https:\/\/tatkoopremovic.com\/product\/gx-tattoo-krema\/#primaryimage\",\"url\":\"https:\/\/tatkoopremovic.com\/wp-content\/uploads\/2022\/08\/GX3-1-scaled-e1705004363825.jpg\",\"contentUrl\":\"https:\/\/tatkoopremovic.com\/wp-content\/uploads\/2022\/08\/GX3-1-scaled-e1705004363825.jpg\",\"width\":2048,\"height\":2048},{\"@type\":\"BreadcrumbList\",\"@id\":\"https:\/\/tatkoopremovic.com\/product\/gx-tattoo-krema\/#breadcrumb\",\"itemListElement\":[{\"@type\":\"ListItem\",\"position\":1,\"name\":\"Home\",\"item\":\"https:\/\/tatkoopremovic.com\/\"},{\"@type\":\"ListItem\",\"position\":2,\"name\":\"Shop\",\"item\":\"https:\/\/tatkoopremovic.com\/shop\/\"},{\"@type\":\"ListItem\",\"position\":3,\"name\":\"GX tattoo butter 400ml\"}]},{\"@type\":\"WebSite\",\"@id\":\"https:\/\/tatkoopremovic.com\/#website\",\"url\":\"https:\/\/tatkoopremovic.com\/\",\"name\":\"Tatko Opremovi\u0107\",\"description\":\"Tattoo Oprema\",\"potentialAction\":[{\"@type\":\"SearchAction\",\"target\":{\"@type\":\"EntryPoint\",\"urlTemplate\":\"https:\/\/tatkoopremovic.com\/?s={search_term_string}\"},\"query-input\":{\"@type\":\"PropertyValueSpecification\",\"valueRequired\":true,\"valueName\":\"search_term_string\"}}],\"inLanguage\":\"en-GB\"}]}<\/script>\n<!-- \/ Yoast SEO plugin. -->","yoast_head_json":{"title":"GX tattoo butter 400ml - Tatko Opremovi\u0107","robots":{"index":"index","follow":"follow","max-snippet":"max-snippet:-1","max-image-preview":"max-image-preview:large","max-video-preview":"max-video-preview:-1"},"canonical":"https:\/\/tatkoopremovic.com\/en\/product\/gx-tattoo-krema\/","og_locale":"en_GB","og_type":"article","og_title":"GX tattoo butter 400ml - Tatko Opremovi\u0107","og_description":"GX je posebna formula koja kombinuje pet puta rafinisani \u0161vajcarski vazelin sa p\u010delinjim proizvodima i biljem, koji zaustavljaju krv i limfu i poma\u017eu u smanjenju crvenila ko\u017ee.  GX je potpuno providan i ne sadr\u017ei vodu, pa rad sa otiskom \u010dini lakim i prijatnim, jer ga ne rastvara i ne razmazuje.  Razvijen je imajuc\u0301i na umu temperaturu ljudskog tela,\u00a0 ostaje na mestu tokom rada i potpuno je bez premca kada je u pitanju pravljenje velikih tetova\u017ea.  Osim toga, ne za\u010depljuje iglu i mala koli\u010dina kreme mo\u017ee pokriti veliku povr\u0161inu, \u0161to ga \u010dini izuzetno ekonomi\u010dnim, 400 grama je jednako vi\u0161e od 800 grama vazelina.  Dodati biljni ekstrakti pobolj\u0161avaju efekat\u00a0 i umiruju ko\u017eu, \u010dinec\u0301i va\u0161 rad opu\u0161tajuc\u0301im i prijatnim i ostavljajuc\u0301i vam vi\u0161e vremena da u\u017eivate u o\u010daravajuc\u0301oj aromi na\u0161eg proizvoda.  Pored toga, tako\u0111e dezinfikuje i ubla\u017eava bol.  &nbsp;","og_url":"https:\/\/tatkoopremovic.com\/en\/product\/gx-tattoo-krema\/","og_site_name":"Tatko Opremovi\u0107","article_modified_time":"2024-10-09T07:39:28+00:00","og_image":[{"width":2048,"height":2048,"url":"https:\/\/tatkoopremovic.com\/wp-content\/uploads\/2022\/08\/GX3-1-scaled-e1705004363825.jpg","type":"image\/jpeg"}],"twitter_card":"summary_large_image","twitter_misc":{"Estimated reading time":"1 minute"},"schema":{"@context":"https:\/\/schema.org","@graph":[{"@type":"WebPage","@id":"https:\/\/tatkoopremovic.com\/product\/gx-tattoo-krema\/","url":"https:\/\/tatkoopremovic.com\/product\/gx-tattoo-krema\/","name":"GX tattoo butter 400ml - Tatko Opremovi\u0107","isPartOf":{"@id":"https:\/\/tatkoopremovic.com\/#website"},"primaryImageOfPage":{"@id":"https:\/\/tatkoopremovic.com\/product\/gx-tattoo-krema\/#primaryimage"},"image":{"@id":"https:\/\/tatkoopremovic.com\/product\/gx-tattoo-krema\/#primaryimage"},"thumbnailUrl":"https:\/\/tatkoopremovic.com\/wp-content\/uploads\/2022\/08\/GX3-1-scaled-e1705004363825.jpg","datePublished":"2022-08-23T11:40:45+00:00","dateModified":"2024-10-09T07:39:28+00:00","breadcrumb":{"@id":"https:\/\/tatkoopremovic.com\/product\/gx-tattoo-krema\/#breadcrumb"},"inLanguage":"en-GB","potentialAction":[{"@type":"ReadAction","target":["https:\/\/tatkoopremovic.com\/product\/gx-tattoo-krema\/"]}]},{"@type":"ImageObject","inLanguage":"en-GB","@id":"https:\/\/tatkoopremovic.com\/product\/gx-tattoo-krema\/#primaryimage","url":"https:\/\/tatkoopremovic.com\/wp-content\/uploads\/2022\/08\/GX3-1-scaled-e1705004363825.jpg","contentUrl":"https:\/\/tatkoopremovic.com\/wp-content\/uploads\/2022\/08\/GX3-1-scaled-e1705004363825.jpg","width":2048,"height":2048},{"@type":"BreadcrumbList","@id":"https:\/\/tatkoopremovic.com\/product\/gx-tattoo-krema\/#breadcrumb","itemListElement":[{"@type":"ListItem","position":1,"name":"Home","item":"https:\/\/tatkoopremovic.com\/"},{"@type":"ListItem","position":2,"name":"Shop","item":"https:\/\/tatkoopremovic.com\/shop\/"},{"@type":"ListItem","position":3,"name":"GX tattoo butter 400ml"}]},{"@type":"WebSite","@id":"https:\/\/tatkoopremovic.com\/#website","url":"https:\/\/tatkoopremovic.com\/","name":"Tatko Opremovi\u0107","description":"Tattoo Oprema","potentialAction":[{"@type":"SearchAction","target":{"@type":"EntryPoint","urlTemplate":"https:\/\/tatkoopremovic.com\/?s={search_term_string}"},"query-input":{"@type":"PropertyValueSpecification","valueRequired":true,"valueName":"search_term_string"}}],"inLanguage":"en-GB"}]}},"_links":{"self":[{"href":"https:\/\/tatkoopremovic.com\/en\/wp-json\/wp\/v2\/product\/389","targetHints":{"allow":["GET"]}}],"collection":[{"href":"https:\/\/tatkoopremovic.com\/en\/wp-json\/wp\/v2\/product"}],"about":[{"href":"https:\/\/tatkoopremovic.com\/en\/wp-json\/wp\/v2\/types\/product"}],"wp:featuredmedia":[{"embeddable":true,"href":"https:\/\/tatkoopremovic.com\/en\/wp-json\/wp\/v2\/media\/5116"}],"wp:attachment":[{"href":"https:\/\/tatkoopremovic.com\/en\/wp-json\/wp\/v2\/media?parent=389"}],"wp:term":[{"taxonomy":"product_brand","embeddable":true,"href":"https:\/\/tatkoopremovic.com\/en\/wp-json\/wp\/v2\/product_brand?post=389"},{"taxonomy":"product_cat","embeddable":true,"href":"https:\/\/tatkoopremovic.com\/en\/wp-json\/wp\/v2\/product_cat?post=389"},{"taxonomy":"product_tag","embeddable":true,"href":"https:\/\/tatkoopremovic.com\/en\/wp-json\/wp\/v2\/product_tag?post=389"}],"curies":[{"name":"wp","href":"https:\/\/api.w.org\/{rel}","templated":true}]}}