{"id":394,"date":"2022-08-23T13:16:21","date_gmt":"2022-08-23T13:16:21","guid":{"rendered":"https:\/\/tatkoopremovic.com\/?post_type=product&#038;p=394"},"modified":"2024-12-13T12:44:10","modified_gmt":"2024-12-13T12:44:10","slug":"394","status":"publish","type":"product","link":"https:\/\/tatkoopremovic.com\/en\/product\/394\/","title":{"rendered":"Derm Defender Artist Republic 10 x 1000"},"content":{"rendered":"<p>ARTIST REPUBLIC DERM DEFENDER is specially designed to provide quick recovery during the tattoo healing phase.<\/p>\n<p>- Acts as a protective shield against dirt, bacteria, and abrasion to prevent any potential interference with your fresh tattoo.<\/p>\n<p>- Derm Defender is a lightweight and waterproof composite dressing that allows you to swim or shower, and even protects your clothing and bedding from stains.<\/p>\n<p>- The polyurethane film (PU) of the dressing remains on and protects the skin after tattooing, allowing optimal breathability and flexibility for the skin to heal effectively and naturally.<\/p>\n<p>- Derm Defender is available in rolls.<\/p>\n<p>DIMENSIONS: 10 x 1000<\/p>\n<p>Features of Premium Derm Defender film:<\/p>\n<p>- Extremely thin,<\/p>\n<p>- Extra smooth to the touch,<\/p>\n<p>- Gentle on the skin,<\/p>\n<p>- Hypoallergenic, flexible, durable, breathable, waterproof film.<\/p>","protected":false},"excerpt":{"rendered":"<p>ARTIST REPUBLIC DERM DEFENDER is specially designed to provide quick recovery during the tattoo healing phase.<\/p>\n<p>- Acts as a protective shield against dirt, bacteria, and abrasion to prevent any potential interference with your fresh tattoo.<\/p>\n<p>- Derm Defender is a lightweight and waterproof composite dressing that allows you to swim or shower, and even protects your clothing and bedding from stains.<\/p>\n<p>- The polyurethane film (PU) of the dressing remains on and protects the skin after tattooing, allowing optimal breathability and flexibility for the skin to heal effectively and naturally.<\/p>\n<p>- Derm Defender is available in rolls.<\/p>\n<p>DIMENSIONS: 10 x 1000<\/p>\n<p>Features of Premium Derm Defender film:<\/p>\n<p>- Extremely thin,<\/p>\n<p>- Extra smooth to the touch,<\/p>\n<p>- Gentle on the skin,<\/p>\n<p>- Hypoallergenic, flexible, durable, breathable, waterproof film.<\/p>","protected":false},"featured_media":395,"template":"","meta":[],"product_brand":[],"product_cat":[950,944,91],"product_tag":[],"class_list":{"0":"post-394","1":"product","2":"type-product","3":"status-publish","4":"has-post-thumbnail","6":"product_cat-artist-republic-second-skin","7":"product_cat-second-skin","8":"product_cat-kozmetika","10":"first","11":"instock","12":"taxable","13":"shipping-taxable","14":"purchasable","15":"product-type-simple"},"yoast_head":"<!-- This site is optimized with the Yoast SEO plugin v26.8 - https:\/\/yoast.com\/product\/yoast-seo-wordpress\/ -->\n<title>Derm Defender Artist Republic 10 x 1000 - Tatko Opremovi\u0107<\/title>\n<meta name=\"robots\" content=\"index, follow, max-snippet:-1, max-image-preview:large, max-video-preview:-1\" \/>\n<link rel=\"canonical\" href=\"https:\/\/tatkoopremovic.com\/en\/product\/394\/\" \/>\n<meta property=\"og:locale\" content=\"en_GB\" \/>\n<meta property=\"og:type\" content=\"article\" \/>\n<meta property=\"og:title\" content=\"Derm Defender Artist Republic 10 x 1000 - Tatko Opremovi\u0107\" \/>\n<meta property=\"og:description\" content=\"ARTIST REPUBLIC DERM DEFENDER je specijalno dizajniran da obezbedi brz oporavak tokom faze zarastanja rane od tetova\u017ee.  - Deluje kao za\u0161titni \u0161tit od prljav\u0161tine, bakterija i abrazije kako bi se spre\u010dilo bilo kakvo potencijalno ometanje va\u0161e sve\u017ee tetova\u017ee.  -Derm Defender je lagani i vodootporni kompozitni zavoj koji vam omoguc\u0301ava da plivate ili se tu\u0161irate, pa \u010dak i \u0161tite va\u0161u odec\u0301u i posteljinu od mrlja.  - Poliuretanski film (PU) zavoja koji ostaje na i \u0161titi ko\u017eu nakon tetoviranja, omoguc\u0301ava optimalnu prozra\u010dnost i fleksibilnost kako bi ko\u017ea zarastala efikasno i prirodno.  -Derm Defender je dostupan u rolni.  DIMENZIJA: 10 x 1000  Karakteristike za Premium Derm Defender foliju:  -Izuzetno tanka,  -Dodatna glatkoc\u0301a na dodir  -Ne\u017ena prema ko\u017ei  - Hipoalergena, fleksibilna, izdr\u017eljiva, prozra\u010dna, vodootporna folija.\" \/>\n<meta property=\"og:url\" content=\"https:\/\/tatkoopremovic.com\/en\/product\/394\/\" \/>\n<meta property=\"og:site_name\" content=\"Tatko Opremovi\u0107\" \/>\n<meta property=\"article:modified_time\" content=\"2024-12-13T12:44:10+00:00\" \/>\n<meta property=\"og:image\" content=\"https:\/\/tatkoopremovic.com\/wp-content\/uploads\/2022\/08\/111-1-scaled.jpg\" \/>\n\t<meta property=\"og:image:width\" content=\"1920\" \/>\n\t<meta property=\"og:image:height\" content=\"2560\" \/>\n\t<meta property=\"og:image:type\" content=\"image\/jpeg\" \/>\n<meta name=\"twitter:card\" content=\"summary_large_image\" \/>\n<meta name=\"twitter:label1\" content=\"Estimated reading time\" \/>\n\t<meta name=\"twitter:data1\" content=\"1 minute\" \/>\n<script type=\"application\/ld+json\" class=\"yoast-schema-graph\">{\"@context\":\"https:\/\/schema.org\",\"@graph\":[{\"@type\":\"WebPage\",\"@id\":\"https:\/\/tatkoopremovic.com\/product\/394\/\",\"url\":\"https:\/\/tatkoopremovic.com\/product\/394\/\",\"name\":\"Derm Defender Artist Republic 10 x 1000 - Tatko Opremovi\u0107\",\"isPartOf\":{\"@id\":\"https:\/\/tatkoopremovic.com\/#website\"},\"primaryImageOfPage\":{\"@id\":\"https:\/\/tatkoopremovic.com\/product\/394\/#primaryimage\"},\"image\":{\"@id\":\"https:\/\/tatkoopremovic.com\/product\/394\/#primaryimage\"},\"thumbnailUrl\":\"https:\/\/tatkoopremovic.com\/wp-content\/uploads\/2022\/08\/111-1-scaled.jpg\",\"datePublished\":\"2022-08-23T13:16:21+00:00\",\"dateModified\":\"2024-12-13T12:44:10+00:00\",\"breadcrumb\":{\"@id\":\"https:\/\/tatkoopremovic.com\/product\/394\/#breadcrumb\"},\"inLanguage\":\"en-GB\",\"potentialAction\":[{\"@type\":\"ReadAction\",\"target\":[\"https:\/\/tatkoopremovic.com\/product\/394\/\"]}]},{\"@type\":\"ImageObject\",\"inLanguage\":\"en-GB\",\"@id\":\"https:\/\/tatkoopremovic.com\/product\/394\/#primaryimage\",\"url\":\"https:\/\/tatkoopremovic.com\/wp-content\/uploads\/2022\/08\/111-1-scaled.jpg\",\"contentUrl\":\"https:\/\/tatkoopremovic.com\/wp-content\/uploads\/2022\/08\/111-1-scaled.jpg\",\"width\":1920,\"height\":2560},{\"@type\":\"BreadcrumbList\",\"@id\":\"https:\/\/tatkoopremovic.com\/product\/394\/#breadcrumb\",\"itemListElement\":[{\"@type\":\"ListItem\",\"position\":1,\"name\":\"Home\",\"item\":\"https:\/\/tatkoopremovic.com\/\"},{\"@type\":\"ListItem\",\"position\":2,\"name\":\"Shop\",\"item\":\"https:\/\/tatkoopremovic.com\/shop\/\"},{\"@type\":\"ListItem\",\"position\":3,\"name\":\"Derm Defender Artist Republic 10 x 1000\"}]},{\"@type\":\"WebSite\",\"@id\":\"https:\/\/tatkoopremovic.com\/#website\",\"url\":\"https:\/\/tatkoopremovic.com\/\",\"name\":\"Tatko Opremovi\u0107\",\"description\":\"Tattoo Oprema\",\"potentialAction\":[{\"@type\":\"SearchAction\",\"target\":{\"@type\":\"EntryPoint\",\"urlTemplate\":\"https:\/\/tatkoopremovic.com\/?s={search_term_string}\"},\"query-input\":{\"@type\":\"PropertyValueSpecification\",\"valueRequired\":true,\"valueName\":\"search_term_string\"}}],\"inLanguage\":\"en-GB\"}]}<\/script>\n<!-- \/ Yoast SEO plugin. -->","yoast_head_json":{"title":"Derm Defender Artist Republic 10 x 1000 - Tatko Opremovi\u0107","robots":{"index":"index","follow":"follow","max-snippet":"max-snippet:-1","max-image-preview":"max-image-preview:large","max-video-preview":"max-video-preview:-1"},"canonical":"https:\/\/tatkoopremovic.com\/en\/product\/394\/","og_locale":"en_GB","og_type":"article","og_title":"Derm Defender Artist Republic 10 x 1000 - Tatko Opremovi\u0107","og_description":"ARTIST REPUBLIC DERM DEFENDER je specijalno dizajniran da obezbedi brz oporavak tokom faze zarastanja rane od tetova\u017ee.  - Deluje kao za\u0161titni \u0161tit od prljav\u0161tine, bakterija i abrazije kako bi se spre\u010dilo bilo kakvo potencijalno ometanje va\u0161e sve\u017ee tetova\u017ee.  -Derm Defender je lagani i vodootporni kompozitni zavoj koji vam omoguc\u0301ava da plivate ili se tu\u0161irate, pa \u010dak i \u0161tite va\u0161u odec\u0301u i posteljinu od mrlja.  - Poliuretanski film (PU) zavoja koji ostaje na i \u0161titi ko\u017eu nakon tetoviranja, omoguc\u0301ava optimalnu prozra\u010dnost i fleksibilnost kako bi ko\u017ea zarastala efikasno i prirodno.  -Derm Defender je dostupan u rolni.  DIMENZIJA: 10 x 1000  Karakteristike za Premium Derm Defender foliju:  -Izuzetno tanka,  -Dodatna glatkoc\u0301a na dodir  -Ne\u017ena prema ko\u017ei  - Hipoalergena, fleksibilna, izdr\u017eljiva, prozra\u010dna, vodootporna folija.","og_url":"https:\/\/tatkoopremovic.com\/en\/product\/394\/","og_site_name":"Tatko Opremovi\u0107","article_modified_time":"2024-12-13T12:44:10+00:00","og_image":[{"width":1920,"height":2560,"url":"https:\/\/tatkoopremovic.com\/wp-content\/uploads\/2022\/08\/111-1-scaled.jpg","type":"image\/jpeg"}],"twitter_card":"summary_large_image","twitter_misc":{"Estimated reading time":"1 minute"},"schema":{"@context":"https:\/\/schema.org","@graph":[{"@type":"WebPage","@id":"https:\/\/tatkoopremovic.com\/product\/394\/","url":"https:\/\/tatkoopremovic.com\/product\/394\/","name":"Derm Defender Artist Republic 10 x 1000 - Tatko Opremovi\u0107","isPartOf":{"@id":"https:\/\/tatkoopremovic.com\/#website"},"primaryImageOfPage":{"@id":"https:\/\/tatkoopremovic.com\/product\/394\/#primaryimage"},"image":{"@id":"https:\/\/tatkoopremovic.com\/product\/394\/#primaryimage"},"thumbnailUrl":"https:\/\/tatkoopremovic.com\/wp-content\/uploads\/2022\/08\/111-1-scaled.jpg","datePublished":"2022-08-23T13:16:21+00:00","dateModified":"2024-12-13T12:44:10+00:00","breadcrumb":{"@id":"https:\/\/tatkoopremovic.com\/product\/394\/#breadcrumb"},"inLanguage":"en-GB","potentialAction":[{"@type":"ReadAction","target":["https:\/\/tatkoopremovic.com\/product\/394\/"]}]},{"@type":"ImageObject","inLanguage":"en-GB","@id":"https:\/\/tatkoopremovic.com\/product\/394\/#primaryimage","url":"https:\/\/tatkoopremovic.com\/wp-content\/uploads\/2022\/08\/111-1-scaled.jpg","contentUrl":"https:\/\/tatkoopremovic.com\/wp-content\/uploads\/2022\/08\/111-1-scaled.jpg","width":1920,"height":2560},{"@type":"BreadcrumbList","@id":"https:\/\/tatkoopremovic.com\/product\/394\/#breadcrumb","itemListElement":[{"@type":"ListItem","position":1,"name":"Home","item":"https:\/\/tatkoopremovic.com\/"},{"@type":"ListItem","position":2,"name":"Shop","item":"https:\/\/tatkoopremovic.com\/shop\/"},{"@type":"ListItem","position":3,"name":"Derm Defender Artist Republic 10 x 1000"}]},{"@type":"WebSite","@id":"https:\/\/tatkoopremovic.com\/#website","url":"https:\/\/tatkoopremovic.com\/","name":"Tatko Opremovi\u0107","description":"Tattoo Oprema","potentialAction":[{"@type":"SearchAction","target":{"@type":"EntryPoint","urlTemplate":"https:\/\/tatkoopremovic.com\/?s={search_term_string}"},"query-input":{"@type":"PropertyValueSpecification","valueRequired":true,"valueName":"search_term_string"}}],"inLanguage":"en-GB"}]}},"_links":{"self":[{"href":"https:\/\/tatkoopremovic.com\/en\/wp-json\/wp\/v2\/product\/394","targetHints":{"allow":["GET"]}}],"collection":[{"href":"https:\/\/tatkoopremovic.com\/en\/wp-json\/wp\/v2\/product"}],"about":[{"href":"https:\/\/tatkoopremovic.com\/en\/wp-json\/wp\/v2\/types\/product"}],"wp:featuredmedia":[{"embeddable":true,"href":"https:\/\/tatkoopremovic.com\/en\/wp-json\/wp\/v2\/media\/395"}],"wp:attachment":[{"href":"https:\/\/tatkoopremovic.com\/en\/wp-json\/wp\/v2\/media?parent=394"}],"wp:term":[{"taxonomy":"product_brand","embeddable":true,"href":"https:\/\/tatkoopremovic.com\/en\/wp-json\/wp\/v2\/product_brand?post=394"},{"taxonomy":"product_cat","embeddable":true,"href":"https:\/\/tatkoopremovic.com\/en\/wp-json\/wp\/v2\/product_cat?post=394"},{"taxonomy":"product_tag","embeddable":true,"href":"https:\/\/tatkoopremovic.com\/en\/wp-json\/wp\/v2\/product_tag?post=394"}],"curies":[{"name":"wp","href":"https:\/\/api.w.org\/{rel}","templated":true}]}}