{"id":419,"date":"2022-08-25T08:53:44","date_gmt":"2022-08-25T08:53:44","guid":{"rendered":"https:\/\/tatkoopremovic.com\/?post_type=product&#038;p=419"},"modified":"2024-06-12T11:31:54","modified_gmt":"2024-06-12T11:31:54","slug":"tattoo-stencil-erase-250ml","status":"publish","type":"product","link":"https:\/\/tatkoopremovic.com\/en\/product\/tattoo-stencil-erase-250ml\/","title":{"rendered":"Tattoo Stencil Eraser 250ml"},"content":{"rendered":"<p>TATTOO STENCIL ERASER by ALOE TATTOO is a product designed to comfortably and safely remove the drawing stencil on the skin, even up to an hour after the stencil has dried.<\/p>\n<p>&nbsp;<\/p>\n<p>No more problems when it comes to removing transfers because AloeTattoo's ERASER leaves the skin unirritated after you remove the drawing!<\/p>\n<p>&nbsp;<\/p>\n<p>USAGE INSTRUCTIONS:<\/p>\n<p>&nbsp;<\/p>\n<p>- For best results, use a cotton pad or sterile gauze.<\/p>\n<p>- Rub the skin in circular motions and in opposite directions until the drawing disappears.<\/p>\n<p>- Then clean the skin with distilled water, without soap.<\/p>\n<p>&nbsp;<\/p>\n<p>250ml<\/p>","protected":false},"excerpt":{"rendered":"<p>TATTOO STENCIL ERASER by ALOE TATTOO is a product designed to comfortably and safely remove the drawing stencil on the skin, even up to an hour after the stencil has dried.<\/p>\n<p>&nbsp;<\/p>\n<p>No more problems when it comes to removing transfers because AloeTattoo's ERASER leaves the skin unirritated after you remove the drawing!<\/p>\n<p>&nbsp;<\/p>\n<p>USAGE INSTRUCTIONS:<\/p>\n<p>&nbsp;<\/p>\n<p>- For best results, use a cotton pad or sterile gauze.<\/p>\n<p>- Rub the skin in circular motions and in opposite directions until the drawing disappears.<\/p>\n<p>- Then clean the skin with distilled water, without soap.<\/p>\n<p>250ml<\/p>","protected":false},"featured_media":420,"template":"","meta":[],"product_brand":[],"product_cat":[957,946,91],"product_tag":[],"class_list":{"0":"post-419","1":"product","2":"type-product","3":"status-publish","4":"has-post-thumbnail","6":"product_cat-eraser","7":"product_cat-ostalo","8":"product_cat-kozmetika","10":"first","11":"instock","12":"taxable","13":"shipping-taxable","14":"purchasable","15":"product-type-simple"},"yoast_head":"<!-- This site is optimized with the Yoast SEO plugin v26.8 - https:\/\/yoast.com\/product\/yoast-seo-wordpress\/ -->\n<title>Tattoo Stencil Eraser 250ml - Tatko Opremovi\u0107<\/title>\n<meta name=\"robots\" content=\"index, follow, max-snippet:-1, max-image-preview:large, max-video-preview:-1\" \/>\n<link rel=\"canonical\" href=\"https:\/\/tatkoopremovic.com\/en\/product\/tattoo-stencil-erase-250ml\/\" \/>\n<meta property=\"og:locale\" content=\"en_GB\" \/>\n<meta property=\"og:type\" content=\"article\" \/>\n<meta property=\"og:title\" content=\"Tattoo Stencil Eraser 250ml - Tatko Opremovi\u0107\" \/>\n<meta property=\"og:description\" content=\"TATTOO STENCIL ERASER bi ALOE TATTOO je proizvod kreiran da udobno i bezbedno izbri\u0161e \u0161ablon za crtanje na ko\u017ei, \u010dak i do sat vremena nakon \u0161to se \u0161ablon osu\u0161i.  &nbsp;  Nema vi\u0161e problema kada je u pitanju brisanje transfera jer AloeTattoo-ov ERASER ne ostavlja ko\u017eu iritiranom nakon \u0161to uklonite crte\u017e!  &nbsp;  UPUTSTVO ZA UPOTREBU:  &nbsp;  - Za najbolje rezultate koristite pamu\u010dni jastu\u010dic\u0301 ili sterilnu gazu.  - Trljajte ko\u017eu kru\u017enim pokretima i u suprotnim smerovima dok crte\u017e ne nestane.  - Zatim o\u010distite ko\u017eu destilovanom vodom, bez sapuna.  250ml\" \/>\n<meta property=\"og:url\" content=\"https:\/\/tatkoopremovic.com\/en\/product\/tattoo-stencil-erase-250ml\/\" \/>\n<meta property=\"og:site_name\" content=\"Tatko Opremovi\u0107\" \/>\n<meta property=\"article:modified_time\" content=\"2024-06-12T11:31:54+00:00\" \/>\n<meta property=\"og:image\" content=\"https:\/\/tatkoopremovic.com\/wp-content\/uploads\/2022\/08\/Stencil-Eraser-Blue_02.jpg\" \/>\n\t<meta property=\"og:image:width\" content=\"1500\" \/>\n\t<meta property=\"og:image:height\" content=\"1500\" \/>\n\t<meta property=\"og:image:type\" content=\"image\/jpeg\" \/>\n<meta name=\"twitter:card\" content=\"summary_large_image\" \/>\n<script type=\"application\/ld+json\" class=\"yoast-schema-graph\">{\"@context\":\"https:\/\/schema.org\",\"@graph\":[{\"@type\":\"WebPage\",\"@id\":\"https:\/\/tatkoopremovic.com\/product\/tattoo-stencil-erase-250ml\/\",\"url\":\"https:\/\/tatkoopremovic.com\/product\/tattoo-stencil-erase-250ml\/\",\"name\":\"Tattoo Stencil Eraser 250ml - Tatko Opremovi\u0107\",\"isPartOf\":{\"@id\":\"https:\/\/tatkoopremovic.com\/#website\"},\"primaryImageOfPage\":{\"@id\":\"https:\/\/tatkoopremovic.com\/product\/tattoo-stencil-erase-250ml\/#primaryimage\"},\"image\":{\"@id\":\"https:\/\/tatkoopremovic.com\/product\/tattoo-stencil-erase-250ml\/#primaryimage\"},\"thumbnailUrl\":\"https:\/\/tatkoopremovic.com\/wp-content\/uploads\/2022\/08\/Stencil-Eraser-Blue_02.jpg\",\"datePublished\":\"2022-08-25T08:53:44+00:00\",\"dateModified\":\"2024-06-12T11:31:54+00:00\",\"breadcrumb\":{\"@id\":\"https:\/\/tatkoopremovic.com\/product\/tattoo-stencil-erase-250ml\/#breadcrumb\"},\"inLanguage\":\"en-GB\",\"potentialAction\":[{\"@type\":\"ReadAction\",\"target\":[\"https:\/\/tatkoopremovic.com\/product\/tattoo-stencil-erase-250ml\/\"]}]},{\"@type\":\"ImageObject\",\"inLanguage\":\"en-GB\",\"@id\":\"https:\/\/tatkoopremovic.com\/product\/tattoo-stencil-erase-250ml\/#primaryimage\",\"url\":\"https:\/\/tatkoopremovic.com\/wp-content\/uploads\/2022\/08\/Stencil-Eraser-Blue_02.jpg\",\"contentUrl\":\"https:\/\/tatkoopremovic.com\/wp-content\/uploads\/2022\/08\/Stencil-Eraser-Blue_02.jpg\",\"width\":1500,\"height\":1500},{\"@type\":\"BreadcrumbList\",\"@id\":\"https:\/\/tatkoopremovic.com\/product\/tattoo-stencil-erase-250ml\/#breadcrumb\",\"itemListElement\":[{\"@type\":\"ListItem\",\"position\":1,\"name\":\"Home\",\"item\":\"https:\/\/tatkoopremovic.com\/\"},{\"@type\":\"ListItem\",\"position\":2,\"name\":\"Shop\",\"item\":\"https:\/\/tatkoopremovic.com\/shop\/\"},{\"@type\":\"ListItem\",\"position\":3,\"name\":\"Tattoo Stencil Eraser 250ml\"}]},{\"@type\":\"WebSite\",\"@id\":\"https:\/\/tatkoopremovic.com\/#website\",\"url\":\"https:\/\/tatkoopremovic.com\/\",\"name\":\"Tatko Opremovi\u0107\",\"description\":\"Tattoo Oprema\",\"potentialAction\":[{\"@type\":\"SearchAction\",\"target\":{\"@type\":\"EntryPoint\",\"urlTemplate\":\"https:\/\/tatkoopremovic.com\/?s={search_term_string}\"},\"query-input\":{\"@type\":\"PropertyValueSpecification\",\"valueRequired\":true,\"valueName\":\"search_term_string\"}}],\"inLanguage\":\"en-GB\"}]}<\/script>\n<!-- \/ Yoast SEO plugin. -->","yoast_head_json":{"title":"Tattoo Stencil Eraser 250ml - Tatko Opremovi\u0107","robots":{"index":"index","follow":"follow","max-snippet":"max-snippet:-1","max-image-preview":"max-image-preview:large","max-video-preview":"max-video-preview:-1"},"canonical":"https:\/\/tatkoopremovic.com\/en\/product\/tattoo-stencil-erase-250ml\/","og_locale":"en_GB","og_type":"article","og_title":"Tattoo Stencil Eraser 250ml - Tatko Opremovi\u0107","og_description":"TATTOO STENCIL ERASER bi ALOE TATTOO je proizvod kreiran da udobno i bezbedno izbri\u0161e \u0161ablon za crtanje na ko\u017ei, \u010dak i do sat vremena nakon \u0161to se \u0161ablon osu\u0161i.  &nbsp;  Nema vi\u0161e problema kada je u pitanju brisanje transfera jer AloeTattoo-ov ERASER ne ostavlja ko\u017eu iritiranom nakon \u0161to uklonite crte\u017e!  &nbsp;  UPUTSTVO ZA UPOTREBU:  &nbsp;  - Za najbolje rezultate koristite pamu\u010dni jastu\u010dic\u0301 ili sterilnu gazu.  - Trljajte ko\u017eu kru\u017enim pokretima i u suprotnim smerovima dok crte\u017e ne nestane.  - Zatim o\u010distite ko\u017eu destilovanom vodom, bez sapuna.  250ml","og_url":"https:\/\/tatkoopremovic.com\/en\/product\/tattoo-stencil-erase-250ml\/","og_site_name":"Tatko Opremovi\u0107","article_modified_time":"2024-06-12T11:31:54+00:00","og_image":[{"width":1500,"height":1500,"url":"https:\/\/tatkoopremovic.com\/wp-content\/uploads\/2022\/08\/Stencil-Eraser-Blue_02.jpg","type":"image\/jpeg"}],"twitter_card":"summary_large_image","schema":{"@context":"https:\/\/schema.org","@graph":[{"@type":"WebPage","@id":"https:\/\/tatkoopremovic.com\/product\/tattoo-stencil-erase-250ml\/","url":"https:\/\/tatkoopremovic.com\/product\/tattoo-stencil-erase-250ml\/","name":"Tattoo Stencil Eraser 250ml - Tatko Opremovi\u0107","isPartOf":{"@id":"https:\/\/tatkoopremovic.com\/#website"},"primaryImageOfPage":{"@id":"https:\/\/tatkoopremovic.com\/product\/tattoo-stencil-erase-250ml\/#primaryimage"},"image":{"@id":"https:\/\/tatkoopremovic.com\/product\/tattoo-stencil-erase-250ml\/#primaryimage"},"thumbnailUrl":"https:\/\/tatkoopremovic.com\/wp-content\/uploads\/2022\/08\/Stencil-Eraser-Blue_02.jpg","datePublished":"2022-08-25T08:53:44+00:00","dateModified":"2024-06-12T11:31:54+00:00","breadcrumb":{"@id":"https:\/\/tatkoopremovic.com\/product\/tattoo-stencil-erase-250ml\/#breadcrumb"},"inLanguage":"en-GB","potentialAction":[{"@type":"ReadAction","target":["https:\/\/tatkoopremovic.com\/product\/tattoo-stencil-erase-250ml\/"]}]},{"@type":"ImageObject","inLanguage":"en-GB","@id":"https:\/\/tatkoopremovic.com\/product\/tattoo-stencil-erase-250ml\/#primaryimage","url":"https:\/\/tatkoopremovic.com\/wp-content\/uploads\/2022\/08\/Stencil-Eraser-Blue_02.jpg","contentUrl":"https:\/\/tatkoopremovic.com\/wp-content\/uploads\/2022\/08\/Stencil-Eraser-Blue_02.jpg","width":1500,"height":1500},{"@type":"BreadcrumbList","@id":"https:\/\/tatkoopremovic.com\/product\/tattoo-stencil-erase-250ml\/#breadcrumb","itemListElement":[{"@type":"ListItem","position":1,"name":"Home","item":"https:\/\/tatkoopremovic.com\/"},{"@type":"ListItem","position":2,"name":"Shop","item":"https:\/\/tatkoopremovic.com\/shop\/"},{"@type":"ListItem","position":3,"name":"Tattoo Stencil Eraser 250ml"}]},{"@type":"WebSite","@id":"https:\/\/tatkoopremovic.com\/#website","url":"https:\/\/tatkoopremovic.com\/","name":"Tatko Opremovi\u0107","description":"Tattoo Oprema","potentialAction":[{"@type":"SearchAction","target":{"@type":"EntryPoint","urlTemplate":"https:\/\/tatkoopremovic.com\/?s={search_term_string}"},"query-input":{"@type":"PropertyValueSpecification","valueRequired":true,"valueName":"search_term_string"}}],"inLanguage":"en-GB"}]}},"_links":{"self":[{"href":"https:\/\/tatkoopremovic.com\/en\/wp-json\/wp\/v2\/product\/419","targetHints":{"allow":["GET"]}}],"collection":[{"href":"https:\/\/tatkoopremovic.com\/en\/wp-json\/wp\/v2\/product"}],"about":[{"href":"https:\/\/tatkoopremovic.com\/en\/wp-json\/wp\/v2\/types\/product"}],"wp:featuredmedia":[{"embeddable":true,"href":"https:\/\/tatkoopremovic.com\/en\/wp-json\/wp\/v2\/media\/420"}],"wp:attachment":[{"href":"https:\/\/tatkoopremovic.com\/en\/wp-json\/wp\/v2\/media?parent=419"}],"wp:term":[{"taxonomy":"product_brand","embeddable":true,"href":"https:\/\/tatkoopremovic.com\/en\/wp-json\/wp\/v2\/product_brand?post=419"},{"taxonomy":"product_cat","embeddable":true,"href":"https:\/\/tatkoopremovic.com\/en\/wp-json\/wp\/v2\/product_cat?post=419"},{"taxonomy":"product_tag","embeddable":true,"href":"https:\/\/tatkoopremovic.com\/en\/wp-json\/wp\/v2\/product_tag?post=419"}],"curies":[{"name":"wp","href":"https:\/\/api.w.org\/{rel}","templated":true}]}}