{"id":447,"date":"2022-08-25T10:39:22","date_gmt":"2022-08-25T10:39:22","guid":{"rendered":"https:\/\/tatkoopremovic.com\/?post_type=product&#038;p=447"},"modified":"2023-04-19T12:58:56","modified_gmt":"2023-04-19T12:58:56","slug":"classic-freehand-indigo-papir","status":"publish","type":"product","link":"https:\/\/tatkoopremovic.com\/en\/product\/classic-freehand-indigo-papir\/","title":{"rendered":"Classic Freehand Indigo papir"},"content":{"rendered":"<p>ReproFKS Spirit\u2122 Freehand Tattoo Transfer Papers are designed for those unique pieces. They've taken a highly visible purple dye and suspended it in a truly unique wax matrix. This blend of wax is smooth and extremely pressure sensitive, allowing artists to introduce extreme detail into their stencils. A ripstop stencil withstands even the most aggressive drawing.<\/p>\n<p>Every time they produce, they test to ensure that the finished product meets their standard for excellence; if it doesn't, they don't sell it.<\/p>\n<p>Produced in the United States, just like since 1948.<\/p>\n<p>&nbsp;<\/p>\n<ul>\n<li>High degree of control when hand-drawing stencils<\/li>\n<li>No tools or printers required to create high-quality stencils<\/li>\n<li>Quality colors remain visible on the skin<\/li>\n<li>Safe for skin and stable on the shelf<\/li>\n<\/ul>","protected":false},"excerpt":{"rendered":"<p>ReproFKS Spirit\u2122 Freehand Tattoo Transfer Papers are designed for those unique pieces. They've taken a highly visible purple dye and suspended it in a truly unique wax matrix. This blend of wax is smooth and extremely pressure sensitive, allowing artists to introduce extreme detail into their stencils. A ripstop stencil withstands even the most aggressive drawing.<\/p>\n<p>Every time they produce, they test to ensure that the finished product meets their standard for excellence; if it doesn't, they don't sell it.<\/p>\n<p>Produced in the United States, just like since 1948.<\/p>\n<p>&nbsp;<\/p>\n<ul>\n<li>High degree of control when hand-drawing stencils<\/li>\n<li>No tools or printers required to create high-quality stencils<\/li>\n<li>Quality colors remain visible on the skin<\/li>\n<li>Safe for skin and stable on the shelf<\/li>\n<\/ul>","protected":false},"featured_media":426,"template":"","meta":[],"product_brand":[],"product_cat":[92],"product_tag":[],"class_list":{"0":"post-447","1":"product","2":"type-product","3":"status-publish","4":"has-post-thumbnail","6":"product_cat-indigo","7":"pa_kolicina-113","8":"pa_kolicina-114","9":"pa_kolicina-115","10":"pa_kolicina-116","12":"first","13":"outofstock","14":"taxable","15":"shipping-taxable","16":"purchasable","17":"product-type-variable"},"yoast_head":"<!-- This site is optimized with the Yoast SEO plugin v26.8 - https:\/\/yoast.com\/product\/yoast-seo-wordpress\/ -->\n<title>Classic Freehand Indigo papir - Tatko Opremovi\u0107<\/title>\n<meta name=\"robots\" content=\"index, follow, max-snippet:-1, max-image-preview:large, max-video-preview:-1\" \/>\n<link rel=\"canonical\" href=\"https:\/\/tatkoopremovic.com\/en\/product\/classic-freehand-indigo-papir\/\" \/>\n<meta property=\"og:locale\" content=\"en_GB\" \/>\n<meta property=\"og:type\" content=\"article\" \/>\n<meta property=\"og:title\" content=\"Classic Freehand Indigo papir - Tatko Opremovi\u0107\" \/>\n<meta property=\"og:description\" content=\"ReproFKS Spirit\u2122 Freehand Tattoo Transfer papiri su dizajnirani za one jedinstvene komade. Uzeli su visoko vidljivu ljubi\u010dastu boju i suspendovali je u zaista jedinstvenu vo\u0161tanu matricu. Ova me\u0161avina voska je glatka i izuzetno osetljiva na pritisak, \u0161to omoguc\u0301ava umetnicima da uvedu ekstremne detalje u svoje \u0161ablone. A ripstop \u0161ablona izdr\u017eava i najagresivnije crtanje.  Svaki put kada proizvode, testiraju kako bi osigurali da gotov proizvod ispunjava njihov standard za izvrsnost; ako nije, ne prodaju ga.  Proizvedeno u Sjedinjenim Dr\u017eavama, ba\u0161 kao i od 1948. godine.  &nbsp;   Visok stepen kontrole prilikom ru\u010dnog crtanja \u0161ablona  Nisu potrebni alati ili \u0161tampa\u010di za pravljenje \u0161ablona visokog kvaliteta  Kvalitetne boje ostaju vidljive na ko\u017ei  Bezbedan za ko\u017eu i stabilan na polici\" \/>\n<meta property=\"og:url\" content=\"https:\/\/tatkoopremovic.com\/en\/product\/classic-freehand-indigo-papir\/\" \/>\n<meta property=\"og:site_name\" content=\"Tatko Opremovi\u0107\" \/>\n<meta property=\"article:modified_time\" content=\"2023-04-19T12:58:56+00:00\" \/>\n<meta property=\"og:image\" content=\"https:\/\/tatkoopremovic.com\/wp-content\/uploads\/2022\/08\/fri.jpg\" \/>\n\t<meta property=\"og:image:width\" content=\"679\" \/>\n\t<meta property=\"og:image:height\" content=\"642\" \/>\n\t<meta property=\"og:image:type\" content=\"image\/jpeg\" \/>\n<meta name=\"twitter:card\" content=\"summary_large_image\" \/>\n<meta name=\"twitter:label1\" content=\"Estimated reading time\" \/>\n\t<meta name=\"twitter:data1\" content=\"1 minute\" \/>\n<script type=\"application\/ld+json\" class=\"yoast-schema-graph\">{\"@context\":\"https:\/\/schema.org\",\"@graph\":[{\"@type\":\"WebPage\",\"@id\":\"https:\/\/tatkoopremovic.com\/product\/classic-freehand-indigo-papir\/\",\"url\":\"https:\/\/tatkoopremovic.com\/product\/classic-freehand-indigo-papir\/\",\"name\":\"Classic Freehand Indigo papir - Tatko Opremovi\u0107\",\"isPartOf\":{\"@id\":\"https:\/\/tatkoopremovic.com\/#website\"},\"primaryImageOfPage\":{\"@id\":\"https:\/\/tatkoopremovic.com\/product\/classic-freehand-indigo-papir\/#primaryimage\"},\"image\":{\"@id\":\"https:\/\/tatkoopremovic.com\/product\/classic-freehand-indigo-papir\/#primaryimage\"},\"thumbnailUrl\":\"https:\/\/tatkoopremovic.com\/wp-content\/uploads\/2022\/08\/fri.jpg\",\"datePublished\":\"2022-08-25T10:39:22+00:00\",\"dateModified\":\"2023-04-19T12:58:56+00:00\",\"breadcrumb\":{\"@id\":\"https:\/\/tatkoopremovic.com\/product\/classic-freehand-indigo-papir\/#breadcrumb\"},\"inLanguage\":\"en-GB\",\"potentialAction\":[{\"@type\":\"ReadAction\",\"target\":[\"https:\/\/tatkoopremovic.com\/product\/classic-freehand-indigo-papir\/\"]}]},{\"@type\":\"ImageObject\",\"inLanguage\":\"en-GB\",\"@id\":\"https:\/\/tatkoopremovic.com\/product\/classic-freehand-indigo-papir\/#primaryimage\",\"url\":\"https:\/\/tatkoopremovic.com\/wp-content\/uploads\/2022\/08\/fri.jpg\",\"contentUrl\":\"https:\/\/tatkoopremovic.com\/wp-content\/uploads\/2022\/08\/fri.jpg\",\"width\":679,\"height\":642},{\"@type\":\"BreadcrumbList\",\"@id\":\"https:\/\/tatkoopremovic.com\/product\/classic-freehand-indigo-papir\/#breadcrumb\",\"itemListElement\":[{\"@type\":\"ListItem\",\"position\":1,\"name\":\"Home\",\"item\":\"https:\/\/tatkoopremovic.com\/\"},{\"@type\":\"ListItem\",\"position\":2,\"name\":\"Shop\",\"item\":\"https:\/\/tatkoopremovic.com\/shop\/\"},{\"@type\":\"ListItem\",\"position\":3,\"name\":\"Classic Freehand Indigo papir\"}]},{\"@type\":\"WebSite\",\"@id\":\"https:\/\/tatkoopremovic.com\/#website\",\"url\":\"https:\/\/tatkoopremovic.com\/\",\"name\":\"Tatko Opremovi\u0107\",\"description\":\"Tattoo Oprema\",\"potentialAction\":[{\"@type\":\"SearchAction\",\"target\":{\"@type\":\"EntryPoint\",\"urlTemplate\":\"https:\/\/tatkoopremovic.com\/?s={search_term_string}\"},\"query-input\":{\"@type\":\"PropertyValueSpecification\",\"valueRequired\":true,\"valueName\":\"search_term_string\"}}],\"inLanguage\":\"en-GB\"}]}<\/script>\n<!-- \/ Yoast SEO plugin. -->","yoast_head_json":{"title":"Classic Freehand Indigo papir - Tatko Opremovi\u0107","robots":{"index":"index","follow":"follow","max-snippet":"max-snippet:-1","max-image-preview":"max-image-preview:large","max-video-preview":"max-video-preview:-1"},"canonical":"https:\/\/tatkoopremovic.com\/en\/product\/classic-freehand-indigo-papir\/","og_locale":"en_GB","og_type":"article","og_title":"Classic Freehand Indigo papir - Tatko Opremovi\u0107","og_description":"ReproFKS Spirit\u2122 Freehand Tattoo Transfer papiri su dizajnirani za one jedinstvene komade. Uzeli su visoko vidljivu ljubi\u010dastu boju i suspendovali je u zaista jedinstvenu vo\u0161tanu matricu. Ova me\u0161avina voska je glatka i izuzetno osetljiva na pritisak, \u0161to omoguc\u0301ava umetnicima da uvedu ekstremne detalje u svoje \u0161ablone. A ripstop \u0161ablona izdr\u017eava i najagresivnije crtanje.  Svaki put kada proizvode, testiraju kako bi osigurali da gotov proizvod ispunjava njihov standard za izvrsnost; ako nije, ne prodaju ga.  Proizvedeno u Sjedinjenim Dr\u017eavama, ba\u0161 kao i od 1948. godine.  &nbsp;   Visok stepen kontrole prilikom ru\u010dnog crtanja \u0161ablona  Nisu potrebni alati ili \u0161tampa\u010di za pravljenje \u0161ablona visokog kvaliteta  Kvalitetne boje ostaju vidljive na ko\u017ei  Bezbedan za ko\u017eu i stabilan na polici","og_url":"https:\/\/tatkoopremovic.com\/en\/product\/classic-freehand-indigo-papir\/","og_site_name":"Tatko Opremovi\u0107","article_modified_time":"2023-04-19T12:58:56+00:00","og_image":[{"width":679,"height":642,"url":"https:\/\/tatkoopremovic.com\/wp-content\/uploads\/2022\/08\/fri.jpg","type":"image\/jpeg"}],"twitter_card":"summary_large_image","twitter_misc":{"Estimated reading time":"1 minute"},"schema":{"@context":"https:\/\/schema.org","@graph":[{"@type":"WebPage","@id":"https:\/\/tatkoopremovic.com\/product\/classic-freehand-indigo-papir\/","url":"https:\/\/tatkoopremovic.com\/product\/classic-freehand-indigo-papir\/","name":"Classic Freehand Indigo papir - Tatko Opremovi\u0107","isPartOf":{"@id":"https:\/\/tatkoopremovic.com\/#website"},"primaryImageOfPage":{"@id":"https:\/\/tatkoopremovic.com\/product\/classic-freehand-indigo-papir\/#primaryimage"},"image":{"@id":"https:\/\/tatkoopremovic.com\/product\/classic-freehand-indigo-papir\/#primaryimage"},"thumbnailUrl":"https:\/\/tatkoopremovic.com\/wp-content\/uploads\/2022\/08\/fri.jpg","datePublished":"2022-08-25T10:39:22+00:00","dateModified":"2023-04-19T12:58:56+00:00","breadcrumb":{"@id":"https:\/\/tatkoopremovic.com\/product\/classic-freehand-indigo-papir\/#breadcrumb"},"inLanguage":"en-GB","potentialAction":[{"@type":"ReadAction","target":["https:\/\/tatkoopremovic.com\/product\/classic-freehand-indigo-papir\/"]}]},{"@type":"ImageObject","inLanguage":"en-GB","@id":"https:\/\/tatkoopremovic.com\/product\/classic-freehand-indigo-papir\/#primaryimage","url":"https:\/\/tatkoopremovic.com\/wp-content\/uploads\/2022\/08\/fri.jpg","contentUrl":"https:\/\/tatkoopremovic.com\/wp-content\/uploads\/2022\/08\/fri.jpg","width":679,"height":642},{"@type":"BreadcrumbList","@id":"https:\/\/tatkoopremovic.com\/product\/classic-freehand-indigo-papir\/#breadcrumb","itemListElement":[{"@type":"ListItem","position":1,"name":"Home","item":"https:\/\/tatkoopremovic.com\/"},{"@type":"ListItem","position":2,"name":"Shop","item":"https:\/\/tatkoopremovic.com\/shop\/"},{"@type":"ListItem","position":3,"name":"Classic Freehand Indigo papir"}]},{"@type":"WebSite","@id":"https:\/\/tatkoopremovic.com\/#website","url":"https:\/\/tatkoopremovic.com\/","name":"Tatko Opremovi\u0107","description":"Tattoo Oprema","potentialAction":[{"@type":"SearchAction","target":{"@type":"EntryPoint","urlTemplate":"https:\/\/tatkoopremovic.com\/?s={search_term_string}"},"query-input":{"@type":"PropertyValueSpecification","valueRequired":true,"valueName":"search_term_string"}}],"inLanguage":"en-GB"}]}},"_links":{"self":[{"href":"https:\/\/tatkoopremovic.com\/en\/wp-json\/wp\/v2\/product\/447","targetHints":{"allow":["GET"]}}],"collection":[{"href":"https:\/\/tatkoopremovic.com\/en\/wp-json\/wp\/v2\/product"}],"about":[{"href":"https:\/\/tatkoopremovic.com\/en\/wp-json\/wp\/v2\/types\/product"}],"wp:featuredmedia":[{"embeddable":true,"href":"https:\/\/tatkoopremovic.com\/en\/wp-json\/wp\/v2\/media\/426"}],"wp:attachment":[{"href":"https:\/\/tatkoopremovic.com\/en\/wp-json\/wp\/v2\/media?parent=447"}],"wp:term":[{"taxonomy":"product_brand","embeddable":true,"href":"https:\/\/tatkoopremovic.com\/en\/wp-json\/wp\/v2\/product_brand?post=447"},{"taxonomy":"product_cat","embeddable":true,"href":"https:\/\/tatkoopremovic.com\/en\/wp-json\/wp\/v2\/product_cat?post=447"},{"taxonomy":"product_tag","embeddable":true,"href":"https:\/\/tatkoopremovic.com\/en\/wp-json\/wp\/v2\/product_tag?post=447"}],"curies":[{"name":"wp","href":"https:\/\/api.w.org\/{rel}","templated":true}]}}