{"id":455,"date":"2022-08-25T12:06:33","date_gmt":"2022-08-25T12:06:33","guid":{"rendered":"https:\/\/tatkoopremovic.com\/?post_type=product&#038;p=455"},"modified":"2025-12-22T13:46:14","modified_gmt":"2025-12-22T13:46:14","slug":"pvc-kantica-za-otpad-zuta","status":"publish","type":"product","link":"https:\/\/tatkoopremovic.com\/en\/product\/pvc-kantica-za-otpad-zuta\/","title":{"rendered":"PVC waste bucket 1L Yellow"},"content":{"rendered":"<p>SPECIAL WASTE CONTAINER 1L<\/p>\n<p>Disposable and leak-proof containers designed to make needle disposal easy and safe.<br \/>\nEco-friendly plastic products (cadmium-free polypropylene copolymer) resistant to liquids and solvents.<br \/>\nUpon incineration, the material turns into water and carbon dioxide, in accordance with applicable international regulations.<br \/>\nIt features a yellow body for instant identification and warning of the contents' hazards.<\/p>\n<p>&nbsp;<\/p>","protected":false},"excerpt":{"rendered":"<p>SPECIAL WASTE CONTAINER 1L<\/p>\n<p>Disposable and leak-proof containers designed to make needle disposal easy and safe.<br \/>\nEco-friendly plastic products (cadmium-free polypropylene copolymer) resistant to liquids and solvents.<br \/>\nUpon incineration, the material turns into water and carbon dioxide, in accordance with applicable international regulations.<br \/>\nIt features a yellow body for instant identification and warning of the contents' hazards.<\/p>\n<p>&nbsp;<\/p>","protected":false},"featured_media":15158,"template":"","meta":[],"product_brand":[],"product_cat":[971,100],"product_tag":[],"class_list":{"0":"post-455","1":"product","2":"type-product","3":"status-publish","4":"has-post-thumbnail","6":"product_cat-pribor","7":"product_cat-kantice","9":"first","10":"instock","11":"taxable","12":"shipping-taxable","13":"purchasable","14":"product-type-simple"},"yoast_head":"<!-- This site is optimized with the Yoast SEO plugin v26.8 - https:\/\/yoast.com\/product\/yoast-seo-wordpress\/ -->\n<title>PVC kantica za otpad 1L \u017duta - Tatko Opremovi\u0107<\/title>\n<meta name=\"robots\" content=\"index, follow, max-snippet:-1, max-image-preview:large, max-video-preview:-1\" \/>\n<link rel=\"canonical\" href=\"https:\/\/tatkoopremovic.com\/en\/product\/pvc-kantica-za-otpad-zuta\/\" \/>\n<meta property=\"og:locale\" content=\"en_GB\" \/>\n<meta property=\"og:type\" content=\"article\" \/>\n<meta property=\"og:title\" content=\"PVC kantica za otpad 1L \u017duta - Tatko Opremovi\u0107\" \/>\n<meta property=\"og:description\" content=\"KONTEJNER ZA SPECIJALNI OTPAD 1L  Kontejneri za jednokratnu upotrebu i nepropusni, dizajnirani da u\u010dine operacije odlaganja igle lakim i bezbednim. Ekolo\u0161ki plasti\u010dni proizvodi (polipropilen kopolimer bez kadmijuma) otporni na te\u010dnosti i rastvara\u010de. Sa spaljivanjem, materijal se pretvara u vodu i ugljen-dioksid, prema va\u017eec\u0301im me\u0111unarodnim propisima. Karakteri\u0161e ga \u017euto telo koje omoguc\u0301ava trenutnu identifikaciju i upozorava na opasnost sadr\u017eaja.  &nbsp;\" \/>\n<meta property=\"og:url\" content=\"https:\/\/tatkoopremovic.com\/en\/product\/pvc-kantica-za-otpad-zuta\/\" \/>\n<meta property=\"og:site_name\" content=\"Tatko Opremovi\u0107\" \/>\n<meta property=\"article:modified_time\" content=\"2025-12-22T13:46:14+00:00\" \/>\n<meta property=\"og:image\" content=\"https:\/\/tatkoopremovic.com\/wp-content\/uploads\/2022\/08\/TEH002-2-1.jpg\" \/>\n\t<meta property=\"og:image:width\" content=\"2000\" \/>\n\t<meta property=\"og:image:height\" content=\"2000\" \/>\n\t<meta property=\"og:image:type\" content=\"image\/jpeg\" \/>\n<meta name=\"twitter:card\" content=\"summary_large_image\" \/>\n<meta name=\"twitter:label1\" content=\"Estimated reading time\" \/>\n\t<meta name=\"twitter:data1\" content=\"1 minute\" \/>\n<script type=\"application\/ld+json\" class=\"yoast-schema-graph\">{\"@context\":\"https:\/\/schema.org\",\"@graph\":[{\"@type\":\"WebPage\",\"@id\":\"https:\/\/tatkoopremovic.com\/product\/pvc-kantica-za-otpad-zuta\/\",\"url\":\"https:\/\/tatkoopremovic.com\/product\/pvc-kantica-za-otpad-zuta\/\",\"name\":\"PVC kantica za otpad 1L \u017duta - Tatko Opremovi\u0107\",\"isPartOf\":{\"@id\":\"https:\/\/tatkoopremovic.com\/#website\"},\"primaryImageOfPage\":{\"@id\":\"https:\/\/tatkoopremovic.com\/product\/pvc-kantica-za-otpad-zuta\/#primaryimage\"},\"image\":{\"@id\":\"https:\/\/tatkoopremovic.com\/product\/pvc-kantica-za-otpad-zuta\/#primaryimage\"},\"thumbnailUrl\":\"https:\/\/tatkoopremovic.com\/wp-content\/uploads\/2022\/08\/TEH002-2-1.jpg\",\"datePublished\":\"2022-08-25T12:06:33+00:00\",\"dateModified\":\"2025-12-22T13:46:14+00:00\",\"breadcrumb\":{\"@id\":\"https:\/\/tatkoopremovic.com\/product\/pvc-kantica-za-otpad-zuta\/#breadcrumb\"},\"inLanguage\":\"en-GB\",\"potentialAction\":[{\"@type\":\"ReadAction\",\"target\":[\"https:\/\/tatkoopremovic.com\/product\/pvc-kantica-za-otpad-zuta\/\"]}]},{\"@type\":\"ImageObject\",\"inLanguage\":\"en-GB\",\"@id\":\"https:\/\/tatkoopremovic.com\/product\/pvc-kantica-za-otpad-zuta\/#primaryimage\",\"url\":\"https:\/\/tatkoopremovic.com\/wp-content\/uploads\/2022\/08\/TEH002-2-1.jpg\",\"contentUrl\":\"https:\/\/tatkoopremovic.com\/wp-content\/uploads\/2022\/08\/TEH002-2-1.jpg\",\"width\":2000,\"height\":2000},{\"@type\":\"BreadcrumbList\",\"@id\":\"https:\/\/tatkoopremovic.com\/product\/pvc-kantica-za-otpad-zuta\/#breadcrumb\",\"itemListElement\":[{\"@type\":\"ListItem\",\"position\":1,\"name\":\"Home\",\"item\":\"https:\/\/tatkoopremovic.com\/\"},{\"@type\":\"ListItem\",\"position\":2,\"name\":\"Shop\",\"item\":\"https:\/\/tatkoopremovic.com\/shop\/\"},{\"@type\":\"ListItem\",\"position\":3,\"name\":\"PVC kantica za otpad 1L \u017duta\"}]},{\"@type\":\"WebSite\",\"@id\":\"https:\/\/tatkoopremovic.com\/#website\",\"url\":\"https:\/\/tatkoopremovic.com\/\",\"name\":\"Tatko Opremovi\u0107\",\"description\":\"Tattoo Oprema\",\"potentialAction\":[{\"@type\":\"SearchAction\",\"target\":{\"@type\":\"EntryPoint\",\"urlTemplate\":\"https:\/\/tatkoopremovic.com\/?s={search_term_string}\"},\"query-input\":{\"@type\":\"PropertyValueSpecification\",\"valueRequired\":true,\"valueName\":\"search_term_string\"}}],\"inLanguage\":\"en-GB\"}]}<\/script>\n<!-- \/ Yoast SEO plugin. -->","yoast_head_json":{"title":"PVC kantica za otpad 1L \u017duta - Tatko Opremovi\u0107","robots":{"index":"index","follow":"follow","max-snippet":"max-snippet:-1","max-image-preview":"max-image-preview:large","max-video-preview":"max-video-preview:-1"},"canonical":"https:\/\/tatkoopremovic.com\/en\/product\/pvc-kantica-za-otpad-zuta\/","og_locale":"en_GB","og_type":"article","og_title":"PVC kantica za otpad 1L \u017duta - Tatko Opremovi\u0107","og_description":"KONTEJNER ZA SPECIJALNI OTPAD 1L  Kontejneri za jednokratnu upotrebu i nepropusni, dizajnirani da u\u010dine operacije odlaganja igle lakim i bezbednim. Ekolo\u0161ki plasti\u010dni proizvodi (polipropilen kopolimer bez kadmijuma) otporni na te\u010dnosti i rastvara\u010de. Sa spaljivanjem, materijal se pretvara u vodu i ugljen-dioksid, prema va\u017eec\u0301im me\u0111unarodnim propisima. Karakteri\u0161e ga \u017euto telo koje omoguc\u0301ava trenutnu identifikaciju i upozorava na opasnost sadr\u017eaja.  &nbsp;","og_url":"https:\/\/tatkoopremovic.com\/en\/product\/pvc-kantica-za-otpad-zuta\/","og_site_name":"Tatko Opremovi\u0107","article_modified_time":"2025-12-22T13:46:14+00:00","og_image":[{"width":2000,"height":2000,"url":"https:\/\/tatkoopremovic.com\/wp-content\/uploads\/2022\/08\/TEH002-2-1.jpg","type":"image\/jpeg"}],"twitter_card":"summary_large_image","twitter_misc":{"Estimated reading time":"1 minute"},"schema":{"@context":"https:\/\/schema.org","@graph":[{"@type":"WebPage","@id":"https:\/\/tatkoopremovic.com\/product\/pvc-kantica-za-otpad-zuta\/","url":"https:\/\/tatkoopremovic.com\/product\/pvc-kantica-za-otpad-zuta\/","name":"PVC kantica za otpad 1L \u017duta - Tatko Opremovi\u0107","isPartOf":{"@id":"https:\/\/tatkoopremovic.com\/#website"},"primaryImageOfPage":{"@id":"https:\/\/tatkoopremovic.com\/product\/pvc-kantica-za-otpad-zuta\/#primaryimage"},"image":{"@id":"https:\/\/tatkoopremovic.com\/product\/pvc-kantica-za-otpad-zuta\/#primaryimage"},"thumbnailUrl":"https:\/\/tatkoopremovic.com\/wp-content\/uploads\/2022\/08\/TEH002-2-1.jpg","datePublished":"2022-08-25T12:06:33+00:00","dateModified":"2025-12-22T13:46:14+00:00","breadcrumb":{"@id":"https:\/\/tatkoopremovic.com\/product\/pvc-kantica-za-otpad-zuta\/#breadcrumb"},"inLanguage":"en-GB","potentialAction":[{"@type":"ReadAction","target":["https:\/\/tatkoopremovic.com\/product\/pvc-kantica-za-otpad-zuta\/"]}]},{"@type":"ImageObject","inLanguage":"en-GB","@id":"https:\/\/tatkoopremovic.com\/product\/pvc-kantica-za-otpad-zuta\/#primaryimage","url":"https:\/\/tatkoopremovic.com\/wp-content\/uploads\/2022\/08\/TEH002-2-1.jpg","contentUrl":"https:\/\/tatkoopremovic.com\/wp-content\/uploads\/2022\/08\/TEH002-2-1.jpg","width":2000,"height":2000},{"@type":"BreadcrumbList","@id":"https:\/\/tatkoopremovic.com\/product\/pvc-kantica-za-otpad-zuta\/#breadcrumb","itemListElement":[{"@type":"ListItem","position":1,"name":"Home","item":"https:\/\/tatkoopremovic.com\/"},{"@type":"ListItem","position":2,"name":"Shop","item":"https:\/\/tatkoopremovic.com\/shop\/"},{"@type":"ListItem","position":3,"name":"PVC kantica za otpad 1L \u017duta"}]},{"@type":"WebSite","@id":"https:\/\/tatkoopremovic.com\/#website","url":"https:\/\/tatkoopremovic.com\/","name":"Tatko Opremovi\u0107","description":"Tattoo Oprema","potentialAction":[{"@type":"SearchAction","target":{"@type":"EntryPoint","urlTemplate":"https:\/\/tatkoopremovic.com\/?s={search_term_string}"},"query-input":{"@type":"PropertyValueSpecification","valueRequired":true,"valueName":"search_term_string"}}],"inLanguage":"en-GB"}]}},"_links":{"self":[{"href":"https:\/\/tatkoopremovic.com\/en\/wp-json\/wp\/v2\/product\/455","targetHints":{"allow":["GET"]}}],"collection":[{"href":"https:\/\/tatkoopremovic.com\/en\/wp-json\/wp\/v2\/product"}],"about":[{"href":"https:\/\/tatkoopremovic.com\/en\/wp-json\/wp\/v2\/types\/product"}],"wp:featuredmedia":[{"embeddable":true,"href":"https:\/\/tatkoopremovic.com\/en\/wp-json\/wp\/v2\/media\/15158"}],"wp:attachment":[{"href":"https:\/\/tatkoopremovic.com\/en\/wp-json\/wp\/v2\/media?parent=455"}],"wp:term":[{"taxonomy":"product_brand","embeddable":true,"href":"https:\/\/tatkoopremovic.com\/en\/wp-json\/wp\/v2\/product_brand?post=455"},{"taxonomy":"product_cat","embeddable":true,"href":"https:\/\/tatkoopremovic.com\/en\/wp-json\/wp\/v2\/product_cat?post=455"},{"taxonomy":"product_tag","embeddable":true,"href":"https:\/\/tatkoopremovic.com\/en\/wp-json\/wp\/v2\/product_tag?post=455"}],"curies":[{"name":"wp","href":"https:\/\/api.w.org\/{rel}","templated":true}]}}