{"id":481,"date":"2022-08-26T13:07:17","date_gmt":"2022-08-26T13:07:17","guid":{"rendered":"https:\/\/tatkoopremovic.com\/?post_type=product&#038;p=481"},"modified":"2025-12-22T10:54:31","modified_gmt":"2025-12-22T10:54:31","slug":"silikonski-cepici-za-boju-crni","status":"publish","type":"product","link":"https:\/\/tatkoopremovic.com\/en\/product\/silikonski-cepici-za-boju-crni\/","title":{"rendered":"Silicone Ink Caps BLACK"},"content":{"rendered":"<p>Material: Silicone, non-toxic, odorless, for tattoos with increased safety and health.<\/p>\n<p>Size: 22mm x 12mm x 2mm<br \/>\nPackaging: 100 pieces<\/p>","protected":false},"excerpt":{"rendered":"<p>Material: Silicone, non-toxic, odorless, for tattoos with increased safety and health.<\/p>\n<p>Size: 22mm x 12mm x 2mm<br \/>\nPackaging: 100 pieces<\/p>","protected":false},"featured_media":8433,"template":"","meta":[],"product_brand":[],"product_cat":[97],"product_tag":[],"class_list":{"0":"post-481","1":"product","2":"type-product","3":"status-publish","4":"has-post-thumbnail","6":"product_cat-cepici","8":"first","9":"instock","10":"taxable","11":"shipping-taxable","12":"purchasable","13":"product-type-simple"},"yoast_head":"<!-- This site is optimized with the Yoast SEO plugin v26.8 - https:\/\/yoast.com\/product\/yoast-seo-wordpress\/ -->\n<title>Silikonski \u010depi\u0107i za boju CRNI - Tatko Opremovi\u0107<\/title>\n<meta name=\"robots\" content=\"index, follow, max-snippet:-1, max-image-preview:large, max-video-preview:-1\" \/>\n<link rel=\"canonical\" href=\"https:\/\/tatkoopremovic.com\/en\/product\/silikonski-cepici-za-boju-crni\/\" \/>\n<meta property=\"og:locale\" content=\"en_GB\" \/>\n<meta property=\"og:type\" content=\"article\" \/>\n<meta property=\"og:title\" content=\"Silikonski \u010depi\u0107i za boju CRNI - Tatko Opremovi\u0107\" \/>\n<meta property=\"og:description\" content=\"Materijal: Silikon, netoksi\u010dan, bez mirisa, za tetova\u017ee sa vi\u0161e sigurnosti i zdravlja  Veli\u010dina: 22 mm*12 mm*2 mm Pakovanje: 100 kom\" \/>\n<meta property=\"og:url\" content=\"https:\/\/tatkoopremovic.com\/en\/product\/silikonski-cepici-za-boju-crni\/\" \/>\n<meta property=\"og:site_name\" content=\"Tatko Opremovi\u0107\" \/>\n<meta property=\"article:modified_time\" content=\"2025-12-22T10:54:31+00:00\" \/>\n<meta property=\"og:image\" content=\"https:\/\/tatkoopremovic.com\/wp-content\/uploads\/2022\/08\/crn1-scaled.jpg\" \/>\n\t<meta property=\"og:image:width\" content=\"1978\" \/>\n\t<meta property=\"og:image:height\" content=\"2560\" \/>\n\t<meta property=\"og:image:type\" content=\"image\/jpeg\" \/>\n<meta name=\"twitter:card\" content=\"summary_large_image\" \/>\n<meta name=\"twitter:label1\" content=\"Estimated reading time\" \/>\n\t<meta name=\"twitter:data1\" content=\"1 minute\" \/>\n<script type=\"application\/ld+json\" class=\"yoast-schema-graph\">{\"@context\":\"https:\/\/schema.org\",\"@graph\":[{\"@type\":\"WebPage\",\"@id\":\"https:\/\/tatkoopremovic.com\/product\/silikonski-cepici-za-boju-crni\/\",\"url\":\"https:\/\/tatkoopremovic.com\/product\/silikonski-cepici-za-boju-crni\/\",\"name\":\"Silikonski \u010depi\u0107i za boju CRNI - Tatko Opremovi\u0107\",\"isPartOf\":{\"@id\":\"https:\/\/tatkoopremovic.com\/#website\"},\"primaryImageOfPage\":{\"@id\":\"https:\/\/tatkoopremovic.com\/product\/silikonski-cepici-za-boju-crni\/#primaryimage\"},\"image\":{\"@id\":\"https:\/\/tatkoopremovic.com\/product\/silikonski-cepici-za-boju-crni\/#primaryimage\"},\"thumbnailUrl\":\"https:\/\/tatkoopremovic.com\/wp-content\/uploads\/2022\/08\/crn1-scaled.jpg\",\"datePublished\":\"2022-08-26T13:07:17+00:00\",\"dateModified\":\"2025-12-22T10:54:31+00:00\",\"breadcrumb\":{\"@id\":\"https:\/\/tatkoopremovic.com\/product\/silikonski-cepici-za-boju-crni\/#breadcrumb\"},\"inLanguage\":\"en-GB\",\"potentialAction\":[{\"@type\":\"ReadAction\",\"target\":[\"https:\/\/tatkoopremovic.com\/product\/silikonski-cepici-za-boju-crni\/\"]}]},{\"@type\":\"ImageObject\",\"inLanguage\":\"en-GB\",\"@id\":\"https:\/\/tatkoopremovic.com\/product\/silikonski-cepici-za-boju-crni\/#primaryimage\",\"url\":\"https:\/\/tatkoopremovic.com\/wp-content\/uploads\/2022\/08\/crn1-scaled.jpg\",\"contentUrl\":\"https:\/\/tatkoopremovic.com\/wp-content\/uploads\/2022\/08\/crn1-scaled.jpg\",\"width\":1978,\"height\":2560},{\"@type\":\"BreadcrumbList\",\"@id\":\"https:\/\/tatkoopremovic.com\/product\/silikonski-cepici-za-boju-crni\/#breadcrumb\",\"itemListElement\":[{\"@type\":\"ListItem\",\"position\":1,\"name\":\"Home\",\"item\":\"https:\/\/tatkoopremovic.com\/\"},{\"@type\":\"ListItem\",\"position\":2,\"name\":\"Shop\",\"item\":\"https:\/\/tatkoopremovic.com\/shop\/\"},{\"@type\":\"ListItem\",\"position\":3,\"name\":\"Silikonski \u010depi\u0107i za boju CRNI\"}]},{\"@type\":\"WebSite\",\"@id\":\"https:\/\/tatkoopremovic.com\/#website\",\"url\":\"https:\/\/tatkoopremovic.com\/\",\"name\":\"Tatko Opremovi\u0107\",\"description\":\"Tattoo Oprema\",\"potentialAction\":[{\"@type\":\"SearchAction\",\"target\":{\"@type\":\"EntryPoint\",\"urlTemplate\":\"https:\/\/tatkoopremovic.com\/?s={search_term_string}\"},\"query-input\":{\"@type\":\"PropertyValueSpecification\",\"valueRequired\":true,\"valueName\":\"search_term_string\"}}],\"inLanguage\":\"en-GB\"}]}<\/script>\n<!-- \/ Yoast SEO plugin. -->","yoast_head_json":{"title":"Silikonski \u010depi\u0107i za boju CRNI - Tatko Opremovi\u0107","robots":{"index":"index","follow":"follow","max-snippet":"max-snippet:-1","max-image-preview":"max-image-preview:large","max-video-preview":"max-video-preview:-1"},"canonical":"https:\/\/tatkoopremovic.com\/en\/product\/silikonski-cepici-za-boju-crni\/","og_locale":"en_GB","og_type":"article","og_title":"Silikonski \u010depi\u0107i za boju CRNI - Tatko Opremovi\u0107","og_description":"Materijal: Silikon, netoksi\u010dan, bez mirisa, za tetova\u017ee sa vi\u0161e sigurnosti i zdravlja  Veli\u010dina: 22 mm*12 mm*2 mm Pakovanje: 100 kom","og_url":"https:\/\/tatkoopremovic.com\/en\/product\/silikonski-cepici-za-boju-crni\/","og_site_name":"Tatko Opremovi\u0107","article_modified_time":"2025-12-22T10:54:31+00:00","og_image":[{"width":1978,"height":2560,"url":"https:\/\/tatkoopremovic.com\/wp-content\/uploads\/2022\/08\/crn1-scaled.jpg","type":"image\/jpeg"}],"twitter_card":"summary_large_image","twitter_misc":{"Estimated reading time":"1 minute"},"schema":{"@context":"https:\/\/schema.org","@graph":[{"@type":"WebPage","@id":"https:\/\/tatkoopremovic.com\/product\/silikonski-cepici-za-boju-crni\/","url":"https:\/\/tatkoopremovic.com\/product\/silikonski-cepici-za-boju-crni\/","name":"Silikonski \u010depi\u0107i za boju CRNI - Tatko Opremovi\u0107","isPartOf":{"@id":"https:\/\/tatkoopremovic.com\/#website"},"primaryImageOfPage":{"@id":"https:\/\/tatkoopremovic.com\/product\/silikonski-cepici-za-boju-crni\/#primaryimage"},"image":{"@id":"https:\/\/tatkoopremovic.com\/product\/silikonski-cepici-za-boju-crni\/#primaryimage"},"thumbnailUrl":"https:\/\/tatkoopremovic.com\/wp-content\/uploads\/2022\/08\/crn1-scaled.jpg","datePublished":"2022-08-26T13:07:17+00:00","dateModified":"2025-12-22T10:54:31+00:00","breadcrumb":{"@id":"https:\/\/tatkoopremovic.com\/product\/silikonski-cepici-za-boju-crni\/#breadcrumb"},"inLanguage":"en-GB","potentialAction":[{"@type":"ReadAction","target":["https:\/\/tatkoopremovic.com\/product\/silikonski-cepici-za-boju-crni\/"]}]},{"@type":"ImageObject","inLanguage":"en-GB","@id":"https:\/\/tatkoopremovic.com\/product\/silikonski-cepici-za-boju-crni\/#primaryimage","url":"https:\/\/tatkoopremovic.com\/wp-content\/uploads\/2022\/08\/crn1-scaled.jpg","contentUrl":"https:\/\/tatkoopremovic.com\/wp-content\/uploads\/2022\/08\/crn1-scaled.jpg","width":1978,"height":2560},{"@type":"BreadcrumbList","@id":"https:\/\/tatkoopremovic.com\/product\/silikonski-cepici-za-boju-crni\/#breadcrumb","itemListElement":[{"@type":"ListItem","position":1,"name":"Home","item":"https:\/\/tatkoopremovic.com\/"},{"@type":"ListItem","position":2,"name":"Shop","item":"https:\/\/tatkoopremovic.com\/shop\/"},{"@type":"ListItem","position":3,"name":"Silikonski \u010depi\u0107i za boju CRNI"}]},{"@type":"WebSite","@id":"https:\/\/tatkoopremovic.com\/#website","url":"https:\/\/tatkoopremovic.com\/","name":"Tatko Opremovi\u0107","description":"Tattoo Oprema","potentialAction":[{"@type":"SearchAction","target":{"@type":"EntryPoint","urlTemplate":"https:\/\/tatkoopremovic.com\/?s={search_term_string}"},"query-input":{"@type":"PropertyValueSpecification","valueRequired":true,"valueName":"search_term_string"}}],"inLanguage":"en-GB"}]}},"_links":{"self":[{"href":"https:\/\/tatkoopremovic.com\/en\/wp-json\/wp\/v2\/product\/481","targetHints":{"allow":["GET"]}}],"collection":[{"href":"https:\/\/tatkoopremovic.com\/en\/wp-json\/wp\/v2\/product"}],"about":[{"href":"https:\/\/tatkoopremovic.com\/en\/wp-json\/wp\/v2\/types\/product"}],"wp:featuredmedia":[{"embeddable":true,"href":"https:\/\/tatkoopremovic.com\/en\/wp-json\/wp\/v2\/media\/8433"}],"wp:attachment":[{"href":"https:\/\/tatkoopremovic.com\/en\/wp-json\/wp\/v2\/media?parent=481"}],"wp:term":[{"taxonomy":"product_brand","embeddable":true,"href":"https:\/\/tatkoopremovic.com\/en\/wp-json\/wp\/v2\/product_brand?post=481"},{"taxonomy":"product_cat","embeddable":true,"href":"https:\/\/tatkoopremovic.com\/en\/wp-json\/wp\/v2\/product_cat?post=481"},{"taxonomy":"product_tag","embeddable":true,"href":"https:\/\/tatkoopremovic.com\/en\/wp-json\/wp\/v2\/product_tag?post=481"}],"curies":[{"name":"wp","href":"https:\/\/api.w.org\/{rel}","templated":true}]}}