{"id":4881,"date":"2023-11-08T12:54:03","date_gmt":"2023-11-08T12:54:03","guid":{"rendered":"https:\/\/tatkoopremovic.com\/?post_type=product&#038;p=4881"},"modified":"2025-03-25T10:01:40","modified_gmt":"2025-03-25T10:01:40","slug":"ar-8-wireless-pen-crni","status":"publish","type":"product","link":"https:\/\/tatkoopremovic.com\/en\/product\/ar-8-wireless-pen-crni\/","title":{"rendered":"AR 8 wireless pen BLACK"},"content":{"rendered":"","protected":false},"excerpt":{"rendered":"<p>Features:<\/p>\n<p>Color Black<br \/>\nAVA brushless DC motor<br \/>\nPower: 5 watts<br \/>\nOperating Voltage: 4.2 \u2013 12 volts DC (adjustable in steps of 0.1 V or 1 V)<br \/>\nMotor speed: 11049 RPM<br \/>\nOperation mode: Continuous operation<br \/>\nMaterial: Aircraft aluminum<br \/>\nStroke: 3.5 mm<br \/>\nNeedle Protrusion: 0 \u2013 4.5 mm<br \/>\nLED screen displays voltage setting and battery level<br \/>\nCompatible with all standard tattoo needle modules<br \/>\nBattery type: 18500 lithium-ion<br \/>\nBattery capacity: 2200 mAh<br \/>\nInput voltage: 5 V\/2 A<br \/>\nCharging time: 2 hours<br \/>\nWorking time: approx. 5-8 hours<\/p>\n<p>Weight and dimensions of the machine:<\/p>\n<p>Weight: 212 g<br \/>\nLength: 121 mm<br \/>\nMachine diameter: 32 mm<\/p>\n<p>Garancija: 6 meseci<\/p>","protected":false},"featured_media":8599,"template":"","meta":[],"product_brand":[],"product_cat":[18,792],"product_tag":[653],"class_list":{"0":"post-4881","1":"product","2":"type-product","3":"status-publish","4":"has-post-thumbnail","6":"product_cat-tattoo-masinice","7":"product_cat-artist-republic-tattoo-masinice","8":"product_tag-artist-republic","10":"first","11":"outofstock","12":"taxable","13":"shipping-taxable","14":"purchasable","15":"product-type-simple"},"yoast_head":"<!-- This site is optimized with the Yoast SEO plugin v26.8 - https:\/\/yoast.com\/product\/yoast-seo-wordpress\/ -->\n<title>AR 8 wireless pen CRNI - Tatko Opremovi\u0107<\/title>\n<meta name=\"robots\" content=\"index, follow, max-snippet:-1, max-image-preview:large, max-video-preview:-1\" \/>\n<link rel=\"canonical\" href=\"https:\/\/tatkoopremovic.com\/en\/product\/ar-8-wireless-pen-crni\/\" \/>\n<meta property=\"og:locale\" content=\"en_GB\" \/>\n<meta property=\"og:type\" content=\"article\" \/>\n<meta property=\"og:title\" content=\"AR 8 wireless pen CRNI - Tatko Opremovi\u0107\" \/>\n<meta property=\"og:description\" content=\"Karakteristike:  Boja Crna AVA DC motor bez \u010detkica Radna snaga: 5 vati Radni napon: 4,2 \u2013 12 volti DC (podesiv u koracima od 0,1 V ili 1 V) Brzina motora: 11049 o\/min Re\u017eim rada: Kontinuirani rad Materijal: avionski aluminijum Hod: 3,5 mm Izbo\u010dina igle: 0 \u2013 4,5 mm LED ekran prikazuje pode\u0161avanje napona i nivo baterije Kompatibilan sa svim standardnim modulima igle za tetoviranje Tip baterije: 18500 litijum-jonska Kapacitet baterije: 2200 mAh Ulazni napon: 5 V\/2 A Vreme punjenja: 2sata Radno vreme: cca. 5-8 sati  Te\u017eina i dimenzije ma\u0161ine:  Te\u017eina: 212 g Du\u017eina: 121 mm Pre\u010dnik ma\u0161ine: 32 mm  Garancija: 6 meseci\" \/>\n<meta property=\"og:url\" content=\"https:\/\/tatkoopremovic.com\/en\/product\/ar-8-wireless-pen-crni\/\" \/>\n<meta property=\"og:site_name\" content=\"Tatko Opremovi\u0107\" \/>\n<meta property=\"article:modified_time\" content=\"2025-03-25T10:01:40+00:00\" \/>\n<meta property=\"og:image\" content=\"https:\/\/tatkoopremovic.com\/wp-content\/uploads\/2023\/11\/crna-ars.jpg\" \/>\n\t<meta property=\"og:image:width\" content=\"2069\" \/>\n\t<meta property=\"og:image:height\" content=\"2560\" \/>\n\t<meta property=\"og:image:type\" content=\"image\/jpeg\" \/>\n<meta name=\"twitter:card\" content=\"summary_large_image\" \/>\n<meta name=\"twitter:label1\" content=\"Estimated reading time\" \/>\n\t<meta name=\"twitter:data1\" content=\"1 minute\" \/>\n<script type=\"application\/ld+json\" class=\"yoast-schema-graph\">{\"@context\":\"https:\/\/schema.org\",\"@graph\":[{\"@type\":\"WebPage\",\"@id\":\"https:\/\/tatkoopremovic.com\/product\/ar-8-wireless-pen-crni\/\",\"url\":\"https:\/\/tatkoopremovic.com\/product\/ar-8-wireless-pen-crni\/\",\"name\":\"AR 8 wireless pen CRNI - Tatko Opremovi\u0107\",\"isPartOf\":{\"@id\":\"https:\/\/tatkoopremovic.com\/#website\"},\"primaryImageOfPage\":{\"@id\":\"https:\/\/tatkoopremovic.com\/product\/ar-8-wireless-pen-crni\/#primaryimage\"},\"image\":{\"@id\":\"https:\/\/tatkoopremovic.com\/product\/ar-8-wireless-pen-crni\/#primaryimage\"},\"thumbnailUrl\":\"https:\/\/tatkoopremovic.com\/wp-content\/uploads\/2023\/11\/crna-ars.jpg\",\"datePublished\":\"2023-11-08T12:54:03+00:00\",\"dateModified\":\"2025-03-25T10:01:40+00:00\",\"breadcrumb\":{\"@id\":\"https:\/\/tatkoopremovic.com\/product\/ar-8-wireless-pen-crni\/#breadcrumb\"},\"inLanguage\":\"en-GB\",\"potentialAction\":[{\"@type\":\"ReadAction\",\"target\":[\"https:\/\/tatkoopremovic.com\/product\/ar-8-wireless-pen-crni\/\"]}]},{\"@type\":\"ImageObject\",\"inLanguage\":\"en-GB\",\"@id\":\"https:\/\/tatkoopremovic.com\/product\/ar-8-wireless-pen-crni\/#primaryimage\",\"url\":\"https:\/\/tatkoopremovic.com\/wp-content\/uploads\/2023\/11\/crna-ars.jpg\",\"contentUrl\":\"https:\/\/tatkoopremovic.com\/wp-content\/uploads\/2023\/11\/crna-ars.jpg\",\"width\":2069,\"height\":2560},{\"@type\":\"BreadcrumbList\",\"@id\":\"https:\/\/tatkoopremovic.com\/product\/ar-8-wireless-pen-crni\/#breadcrumb\",\"itemListElement\":[{\"@type\":\"ListItem\",\"position\":1,\"name\":\"Home\",\"item\":\"https:\/\/tatkoopremovic.com\/\"},{\"@type\":\"ListItem\",\"position\":2,\"name\":\"Shop\",\"item\":\"https:\/\/tatkoopremovic.com\/shop\/\"},{\"@type\":\"ListItem\",\"position\":3,\"name\":\"AR 8 wireless pen CRNI\"}]},{\"@type\":\"WebSite\",\"@id\":\"https:\/\/tatkoopremovic.com\/#website\",\"url\":\"https:\/\/tatkoopremovic.com\/\",\"name\":\"Tatko Opremovi\u0107\",\"description\":\"Tattoo Oprema\",\"potentialAction\":[{\"@type\":\"SearchAction\",\"target\":{\"@type\":\"EntryPoint\",\"urlTemplate\":\"https:\/\/tatkoopremovic.com\/?s={search_term_string}\"},\"query-input\":{\"@type\":\"PropertyValueSpecification\",\"valueRequired\":true,\"valueName\":\"search_term_string\"}}],\"inLanguage\":\"en-GB\"}]}<\/script>\n<!-- \/ Yoast SEO plugin. -->","yoast_head_json":{"title":"AR 8 wireless pen CRNI - Tatko Opremovi\u0107","robots":{"index":"index","follow":"follow","max-snippet":"max-snippet:-1","max-image-preview":"max-image-preview:large","max-video-preview":"max-video-preview:-1"},"canonical":"https:\/\/tatkoopremovic.com\/en\/product\/ar-8-wireless-pen-crni\/","og_locale":"en_GB","og_type":"article","og_title":"AR 8 wireless pen CRNI - Tatko Opremovi\u0107","og_description":"Karakteristike:  Boja Crna AVA DC motor bez \u010detkica Radna snaga: 5 vati Radni napon: 4,2 \u2013 12 volti DC (podesiv u koracima od 0,1 V ili 1 V) Brzina motora: 11049 o\/min Re\u017eim rada: Kontinuirani rad Materijal: avionski aluminijum Hod: 3,5 mm Izbo\u010dina igle: 0 \u2013 4,5 mm LED ekran prikazuje pode\u0161avanje napona i nivo baterije Kompatibilan sa svim standardnim modulima igle za tetoviranje Tip baterije: 18500 litijum-jonska Kapacitet baterije: 2200 mAh Ulazni napon: 5 V\/2 A Vreme punjenja: 2sata Radno vreme: cca. 5-8 sati  Te\u017eina i dimenzije ma\u0161ine:  Te\u017eina: 212 g Du\u017eina: 121 mm Pre\u010dnik ma\u0161ine: 32 mm  Garancija: 6 meseci","og_url":"https:\/\/tatkoopremovic.com\/en\/product\/ar-8-wireless-pen-crni\/","og_site_name":"Tatko Opremovi\u0107","article_modified_time":"2025-03-25T10:01:40+00:00","og_image":[{"width":2069,"height":2560,"url":"https:\/\/tatkoopremovic.com\/wp-content\/uploads\/2023\/11\/crna-ars.jpg","type":"image\/jpeg"}],"twitter_card":"summary_large_image","twitter_misc":{"Estimated reading time":"1 minute"},"schema":{"@context":"https:\/\/schema.org","@graph":[{"@type":"WebPage","@id":"https:\/\/tatkoopremovic.com\/product\/ar-8-wireless-pen-crni\/","url":"https:\/\/tatkoopremovic.com\/product\/ar-8-wireless-pen-crni\/","name":"AR 8 wireless pen CRNI - Tatko Opremovi\u0107","isPartOf":{"@id":"https:\/\/tatkoopremovic.com\/#website"},"primaryImageOfPage":{"@id":"https:\/\/tatkoopremovic.com\/product\/ar-8-wireless-pen-crni\/#primaryimage"},"image":{"@id":"https:\/\/tatkoopremovic.com\/product\/ar-8-wireless-pen-crni\/#primaryimage"},"thumbnailUrl":"https:\/\/tatkoopremovic.com\/wp-content\/uploads\/2023\/11\/crna-ars.jpg","datePublished":"2023-11-08T12:54:03+00:00","dateModified":"2025-03-25T10:01:40+00:00","breadcrumb":{"@id":"https:\/\/tatkoopremovic.com\/product\/ar-8-wireless-pen-crni\/#breadcrumb"},"inLanguage":"en-GB","potentialAction":[{"@type":"ReadAction","target":["https:\/\/tatkoopremovic.com\/product\/ar-8-wireless-pen-crni\/"]}]},{"@type":"ImageObject","inLanguage":"en-GB","@id":"https:\/\/tatkoopremovic.com\/product\/ar-8-wireless-pen-crni\/#primaryimage","url":"https:\/\/tatkoopremovic.com\/wp-content\/uploads\/2023\/11\/crna-ars.jpg","contentUrl":"https:\/\/tatkoopremovic.com\/wp-content\/uploads\/2023\/11\/crna-ars.jpg","width":2069,"height":2560},{"@type":"BreadcrumbList","@id":"https:\/\/tatkoopremovic.com\/product\/ar-8-wireless-pen-crni\/#breadcrumb","itemListElement":[{"@type":"ListItem","position":1,"name":"Home","item":"https:\/\/tatkoopremovic.com\/"},{"@type":"ListItem","position":2,"name":"Shop","item":"https:\/\/tatkoopremovic.com\/shop\/"},{"@type":"ListItem","position":3,"name":"AR 8 wireless pen CRNI"}]},{"@type":"WebSite","@id":"https:\/\/tatkoopremovic.com\/#website","url":"https:\/\/tatkoopremovic.com\/","name":"Tatko Opremovi\u0107","description":"Tattoo Oprema","potentialAction":[{"@type":"SearchAction","target":{"@type":"EntryPoint","urlTemplate":"https:\/\/tatkoopremovic.com\/?s={search_term_string}"},"query-input":{"@type":"PropertyValueSpecification","valueRequired":true,"valueName":"search_term_string"}}],"inLanguage":"en-GB"}]}},"_links":{"self":[{"href":"https:\/\/tatkoopremovic.com\/en\/wp-json\/wp\/v2\/product\/4881","targetHints":{"allow":["GET"]}}],"collection":[{"href":"https:\/\/tatkoopremovic.com\/en\/wp-json\/wp\/v2\/product"}],"about":[{"href":"https:\/\/tatkoopremovic.com\/en\/wp-json\/wp\/v2\/types\/product"}],"wp:featuredmedia":[{"embeddable":true,"href":"https:\/\/tatkoopremovic.com\/en\/wp-json\/wp\/v2\/media\/8599"}],"wp:attachment":[{"href":"https:\/\/tatkoopremovic.com\/en\/wp-json\/wp\/v2\/media?parent=4881"}],"wp:term":[{"taxonomy":"product_brand","embeddable":true,"href":"https:\/\/tatkoopremovic.com\/en\/wp-json\/wp\/v2\/product_brand?post=4881"},{"taxonomy":"product_cat","embeddable":true,"href":"https:\/\/tatkoopremovic.com\/en\/wp-json\/wp\/v2\/product_cat?post=4881"},{"taxonomy":"product_tag","embeddable":true,"href":"https:\/\/tatkoopremovic.com\/en\/wp-json\/wp\/v2\/product_tag?post=4881"}],"curies":[{"name":"wp","href":"https:\/\/api.w.org\/{rel}","templated":true}]}}