{"id":5058,"date":"2023-12-11T09:31:38","date_gmt":"2023-12-11T09:31:38","guid":{"rendered":"https:\/\/tatkoopremovic.com\/?post_type=product&#038;p=5058"},"modified":"2024-06-08T11:39:56","modified_gmt":"2024-06-08T11:39:56","slug":"jconly-epoch-wireless-pen-machine","status":"publish","type":"product","link":"https:\/\/tatkoopremovic.com\/en\/product\/jconly-epoch-wireless-pen-machine\/","title":{"rendered":"JCONLY EPOCH Wireless Pen Machine"},"content":{"rendered":"<p id=\"tw-target-rmn\" class=\"tw-data-text tw-text-small tw-ta\"><span class=\"Y2IQFc\">JCONLY Epoch Wireless Pen ma\u0161ina sa 2 baterije i sa najnovijim \u0161arenim pametnim LED ekranom ,<\/span> <span class=\"Y2IQFc\">u\u010dini\u0107e da tattoo umetnici budu prakti\u010dniji i efikasniji, da prilagode re\u017eim koji im je potreban. Lako podesivi re\u017eim Liner\/Shader, napon i herc koji je potreban umetniku za tetoviranje da bi se zadovoljile potrebe razli\u010ditih stilova tetova\u017ea. Epoch ima 7 podesivih hoda, baterija se mo\u017ee\u00a0 rotirati za 360 stepeni, \u0161to je zgodno za umetnika jer u svakom trenutku ima pogled na LED ekran. <\/span><\/p>\n<p class=\"tw-data-text tw-text-small tw-ta\"><span class=\"Y2IQFc\">Baterija je kapaciteta 2000mAh, \u0161to mo\u017ee zadr\u017eati du\u017ee stabilno radno vreme za majstore koji\u00a0 koriste JCONLY Epoch Wireless Pen ma\u0161inu.<\/span><\/p>\n<p class=\"tw-data-text tw-text-small tw-ta\"><span class=\"Y2IQFc\">\u2731 \u0160areni pametni LED ekran <\/span><\/p>\n<p class=\"tw-data-text tw-text-small tw-ta\"><span class=\"Y2IQFc\">\u2731 Materijal: Space aluminijum <\/span><\/p>\n<p class=\"tw-data-text tw-text-small tw-ta\"><span class=\"Y2IQFc\">\u2731 Re\u017eimi rada: L\/S re\u017eim (Liner=L re\u017eim\/Shader=S re\u017eim) <\/span><\/p>\n<p class=\"tw-data-text tw-text-small tw-ta\"><span class=\"Y2IQFc\">\u2731 Radni napon: 4-12V, 0.1V pode\u0161avanje napona za povec\u0301anje ili smanjenje <\/span><\/p>\n<p class=\"tw-data-text tw-text-small tw-ta\"><span class=\"Y2IQFc\">\u2731 Radi 8-10 sati kada je potpuno napunjen. <\/span><\/p>\n<p class=\"tw-data-text tw-text-small tw-ta\"><span class=\"Y2IQFc\">\u2731 Jump Start Volt: 9V, 0,2 sekunde <\/span><\/p>\n<p class=\"tw-data-text tw-text-small tw-ta\"><span class=\"Y2IQFc\">\u2731 Tip baterije: Punjiva baterija, 360-pozicioniranje baterije <\/span><\/p>\n<p class=\"tw-data-text tw-text-small tw-ta\"><span class=\"Y2IQFc\">\u2731 Sa 2 punjive baterije od 2000mAh. <\/span><\/p>\n<p class=\"tw-data-text tw-text-small tw-ta\"><span class=\"Y2IQFc\">\u2731 Podesivi hod: 2.4MM|2.7MM|3.0MM|3.3MM|3.6MM|3.9MM|4.2MM <\/span><\/p>\n<p class=\"tw-data-text tw-text-small tw-ta\"><span class=\"Y2IQFc\">\u2731 Veli\u010dina dr\u017ea\u010da: 34 mm, pode\u0161avanje dubine igle za klik-hvatanje <\/span><\/p>\n<p class=\"tw-data-text tw-text-small tw-ta\"><span class=\"Y2IQFc\">\u2731 Motor: prilago\u0111eni motor bez jezgra <\/span><\/p>\n<p class=\"tw-data-text tw-text-small tw-ta\"><span class=\"Y2IQFc\">\u2731 Veli\u010dina: 144MM Ks 34MM <\/span><\/p>\n<p class=\"tw-data-text tw-text-small tw-ta\"><span class=\"Y2IQFc\">\u2731 Te\u017eina: 267 g sa baterijom\/224 g bez baterije <\/span><\/p>\n<p class=\"tw-data-text tw-text-small tw-ta\"><span class=\"Y2IQFc\">\u2731 Paketi: 1 kom ma\u0161ina \/ 1 kom RCA adapter \/ 1 kom USB-C kabl za punjenje \/ 2 baterije &#8211; Koristite originalni USB-C kabl za punjenje<\/span><\/p>","protected":false},"excerpt":{"rendered":"<p>JCONLY Epoch Wireless Pen ma\u0161ina sa 2 baterije i sa najnovijim \u0161arenim pametnim LED ekranom , u\u010dini\u0107e da tattoo umetnici budu prakti\u010dniji i efikasniji, da prilagode re\u017eim koji im je potreban. Lako podesivi re\u017eim Liner\/Shader, napon i herc koji je potreban umetniku za tetoviranje da bi se zadovoljile potrebe razli\u010ditih stilova tetova\u017ea. Epoch ima 7 [&hellip;]<\/p>","protected":false},"featured_media":5060,"template":"","meta":[],"product_brand":[],"product_cat":[795],"product_tag":[924],"class_list":{"0":"post-5058","1":"product","2":"type-product","3":"status-publish","4":"has-post-thumbnail","6":"product_cat-jconly","7":"product_tag-jconly","9":"first","10":"outofstock","11":"taxable","12":"shipping-taxable","13":"purchasable","14":"product-type-simple"},"yoast_head":"<!-- This site is optimized with the Yoast SEO plugin v26.8 - https:\/\/yoast.com\/product\/yoast-seo-wordpress\/ -->\n<title>JCONLY EPOCH Wireless Pen Machine - Tatko Opremovi\u0107<\/title>\n<meta name=\"robots\" content=\"index, follow, max-snippet:-1, max-image-preview:large, max-video-preview:-1\" \/>\n<link rel=\"canonical\" href=\"https:\/\/tatkoopremovic.com\/en\/product\/jconly-epoch-wireless-pen-machine\/\" \/>\n<meta property=\"og:locale\" content=\"en_GB\" \/>\n<meta property=\"og:type\" content=\"article\" \/>\n<meta property=\"og:title\" content=\"JCONLY EPOCH Wireless Pen Machine - Tatko Opremovi\u0107\" \/>\n<meta property=\"og:description\" content=\"JCONLY Epoch Wireless Pen ma\u0161ina sa 2 baterije i sa najnovijim \u0161arenim pametnim LED ekranom , u\u010dini\u0107e da tattoo umetnici budu prakti\u010dniji i efikasniji, da prilagode re\u017eim koji im je potreban. Lako podesivi re\u017eim Liner\/Shader, napon i herc koji je potreban umetniku za tetoviranje da bi se zadovoljile potrebe razli\u010ditih stilova tetova\u017ea. Epoch ima 7 [&hellip;]\" \/>\n<meta property=\"og:url\" content=\"https:\/\/tatkoopremovic.com\/en\/product\/jconly-epoch-wireless-pen-machine\/\" \/>\n<meta property=\"og:site_name\" content=\"Tatko Opremovi\u0107\" \/>\n<meta property=\"article:modified_time\" content=\"2024-06-08T11:39:56+00:00\" \/>\n<meta property=\"og:image\" content=\"https:\/\/tatkoopremovic.com\/wp-content\/uploads\/2023\/12\/2.jpg\" \/>\n\t<meta property=\"og:image:width\" content=\"1600\" \/>\n\t<meta property=\"og:image:height\" content=\"1600\" \/>\n\t<meta property=\"og:image:type\" content=\"image\/jpeg\" \/>\n<meta name=\"twitter:card\" content=\"summary_large_image\" \/>\n<meta name=\"twitter:label1\" content=\"Estimated reading time\" \/>\n\t<meta name=\"twitter:data1\" content=\"2 minutes\" \/>\n<script type=\"application\/ld+json\" class=\"yoast-schema-graph\">{\"@context\":\"https:\/\/schema.org\",\"@graph\":[{\"@type\":\"WebPage\",\"@id\":\"https:\/\/tatkoopremovic.com\/product\/jconly-epoch-wireless-pen-machine\/\",\"url\":\"https:\/\/tatkoopremovic.com\/product\/jconly-epoch-wireless-pen-machine\/\",\"name\":\"JCONLY EPOCH Wireless Pen Machine - Tatko Opremovi\u0107\",\"isPartOf\":{\"@id\":\"https:\/\/tatkoopremovic.com\/#website\"},\"primaryImageOfPage\":{\"@id\":\"https:\/\/tatkoopremovic.com\/product\/jconly-epoch-wireless-pen-machine\/#primaryimage\"},\"image\":{\"@id\":\"https:\/\/tatkoopremovic.com\/product\/jconly-epoch-wireless-pen-machine\/#primaryimage\"},\"thumbnailUrl\":\"https:\/\/tatkoopremovic.com\/wp-content\/uploads\/2023\/12\/2.jpg\",\"datePublished\":\"2023-12-11T09:31:38+00:00\",\"dateModified\":\"2024-06-08T11:39:56+00:00\",\"breadcrumb\":{\"@id\":\"https:\/\/tatkoopremovic.com\/product\/jconly-epoch-wireless-pen-machine\/#breadcrumb\"},\"inLanguage\":\"en-GB\",\"potentialAction\":[{\"@type\":\"ReadAction\",\"target\":[\"https:\/\/tatkoopremovic.com\/product\/jconly-epoch-wireless-pen-machine\/\"]}]},{\"@type\":\"ImageObject\",\"inLanguage\":\"en-GB\",\"@id\":\"https:\/\/tatkoopremovic.com\/product\/jconly-epoch-wireless-pen-machine\/#primaryimage\",\"url\":\"https:\/\/tatkoopremovic.com\/wp-content\/uploads\/2023\/12\/2.jpg\",\"contentUrl\":\"https:\/\/tatkoopremovic.com\/wp-content\/uploads\/2023\/12\/2.jpg\",\"width\":1600,\"height\":1600},{\"@type\":\"BreadcrumbList\",\"@id\":\"https:\/\/tatkoopremovic.com\/product\/jconly-epoch-wireless-pen-machine\/#breadcrumb\",\"itemListElement\":[{\"@type\":\"ListItem\",\"position\":1,\"name\":\"Home\",\"item\":\"https:\/\/tatkoopremovic.com\/\"},{\"@type\":\"ListItem\",\"position\":2,\"name\":\"Shop\",\"item\":\"https:\/\/tatkoopremovic.com\/shop\/\"},{\"@type\":\"ListItem\",\"position\":3,\"name\":\"JCONLY EPOCH Wireless Pen Machine\"}]},{\"@type\":\"WebSite\",\"@id\":\"https:\/\/tatkoopremovic.com\/#website\",\"url\":\"https:\/\/tatkoopremovic.com\/\",\"name\":\"Tatko Opremovi\u0107\",\"description\":\"Tattoo Oprema\",\"potentialAction\":[{\"@type\":\"SearchAction\",\"target\":{\"@type\":\"EntryPoint\",\"urlTemplate\":\"https:\/\/tatkoopremovic.com\/?s={search_term_string}\"},\"query-input\":{\"@type\":\"PropertyValueSpecification\",\"valueRequired\":true,\"valueName\":\"search_term_string\"}}],\"inLanguage\":\"en-GB\"}]}<\/script>\n<!-- \/ Yoast SEO plugin. -->","yoast_head_json":{"title":"JCONLY EPOCH Wireless Pen Machine - Tatko Opremovi\u0107","robots":{"index":"index","follow":"follow","max-snippet":"max-snippet:-1","max-image-preview":"max-image-preview:large","max-video-preview":"max-video-preview:-1"},"canonical":"https:\/\/tatkoopremovic.com\/en\/product\/jconly-epoch-wireless-pen-machine\/","og_locale":"en_GB","og_type":"article","og_title":"JCONLY EPOCH Wireless Pen Machine - Tatko Opremovi\u0107","og_description":"JCONLY Epoch Wireless Pen ma\u0161ina sa 2 baterije i sa najnovijim \u0161arenim pametnim LED ekranom , u\u010dini\u0107e da tattoo umetnici budu prakti\u010dniji i efikasniji, da prilagode re\u017eim koji im je potreban. Lako podesivi re\u017eim Liner\/Shader, napon i herc koji je potreban umetniku za tetoviranje da bi se zadovoljile potrebe razli\u010ditih stilova tetova\u017ea. Epoch ima 7 [&hellip;]","og_url":"https:\/\/tatkoopremovic.com\/en\/product\/jconly-epoch-wireless-pen-machine\/","og_site_name":"Tatko Opremovi\u0107","article_modified_time":"2024-06-08T11:39:56+00:00","og_image":[{"width":1600,"height":1600,"url":"https:\/\/tatkoopremovic.com\/wp-content\/uploads\/2023\/12\/2.jpg","type":"image\/jpeg"}],"twitter_card":"summary_large_image","twitter_misc":{"Estimated reading time":"2 minutes"},"schema":{"@context":"https:\/\/schema.org","@graph":[{"@type":"WebPage","@id":"https:\/\/tatkoopremovic.com\/product\/jconly-epoch-wireless-pen-machine\/","url":"https:\/\/tatkoopremovic.com\/product\/jconly-epoch-wireless-pen-machine\/","name":"JCONLY EPOCH Wireless Pen Machine - Tatko Opremovi\u0107","isPartOf":{"@id":"https:\/\/tatkoopremovic.com\/#website"},"primaryImageOfPage":{"@id":"https:\/\/tatkoopremovic.com\/product\/jconly-epoch-wireless-pen-machine\/#primaryimage"},"image":{"@id":"https:\/\/tatkoopremovic.com\/product\/jconly-epoch-wireless-pen-machine\/#primaryimage"},"thumbnailUrl":"https:\/\/tatkoopremovic.com\/wp-content\/uploads\/2023\/12\/2.jpg","datePublished":"2023-12-11T09:31:38+00:00","dateModified":"2024-06-08T11:39:56+00:00","breadcrumb":{"@id":"https:\/\/tatkoopremovic.com\/product\/jconly-epoch-wireless-pen-machine\/#breadcrumb"},"inLanguage":"en-GB","potentialAction":[{"@type":"ReadAction","target":["https:\/\/tatkoopremovic.com\/product\/jconly-epoch-wireless-pen-machine\/"]}]},{"@type":"ImageObject","inLanguage":"en-GB","@id":"https:\/\/tatkoopremovic.com\/product\/jconly-epoch-wireless-pen-machine\/#primaryimage","url":"https:\/\/tatkoopremovic.com\/wp-content\/uploads\/2023\/12\/2.jpg","contentUrl":"https:\/\/tatkoopremovic.com\/wp-content\/uploads\/2023\/12\/2.jpg","width":1600,"height":1600},{"@type":"BreadcrumbList","@id":"https:\/\/tatkoopremovic.com\/product\/jconly-epoch-wireless-pen-machine\/#breadcrumb","itemListElement":[{"@type":"ListItem","position":1,"name":"Home","item":"https:\/\/tatkoopremovic.com\/"},{"@type":"ListItem","position":2,"name":"Shop","item":"https:\/\/tatkoopremovic.com\/shop\/"},{"@type":"ListItem","position":3,"name":"JCONLY EPOCH Wireless Pen Machine"}]},{"@type":"WebSite","@id":"https:\/\/tatkoopremovic.com\/#website","url":"https:\/\/tatkoopremovic.com\/","name":"Tatko Opremovi\u0107","description":"Tattoo Oprema","potentialAction":[{"@type":"SearchAction","target":{"@type":"EntryPoint","urlTemplate":"https:\/\/tatkoopremovic.com\/?s={search_term_string}"},"query-input":{"@type":"PropertyValueSpecification","valueRequired":true,"valueName":"search_term_string"}}],"inLanguage":"en-GB"}]}},"_links":{"self":[{"href":"https:\/\/tatkoopremovic.com\/en\/wp-json\/wp\/v2\/product\/5058","targetHints":{"allow":["GET"]}}],"collection":[{"href":"https:\/\/tatkoopremovic.com\/en\/wp-json\/wp\/v2\/product"}],"about":[{"href":"https:\/\/tatkoopremovic.com\/en\/wp-json\/wp\/v2\/types\/product"}],"wp:featuredmedia":[{"embeddable":true,"href":"https:\/\/tatkoopremovic.com\/en\/wp-json\/wp\/v2\/media\/5060"}],"wp:attachment":[{"href":"https:\/\/tatkoopremovic.com\/en\/wp-json\/wp\/v2\/media?parent=5058"}],"wp:term":[{"taxonomy":"product_brand","embeddable":true,"href":"https:\/\/tatkoopremovic.com\/en\/wp-json\/wp\/v2\/product_brand?post=5058"},{"taxonomy":"product_cat","embeddable":true,"href":"https:\/\/tatkoopremovic.com\/en\/wp-json\/wp\/v2\/product_cat?post=5058"},{"taxonomy":"product_tag","embeddable":true,"href":"https:\/\/tatkoopremovic.com\/en\/wp-json\/wp\/v2\/product_tag?post=5058"}],"curies":[{"name":"wp","href":"https:\/\/api.w.org\/{rel}","templated":true}]}}