{"id":5111,"date":"2023-12-18T10:18:43","date_gmt":"2023-12-18T10:18:43","guid":{"rendered":"https:\/\/tatkoopremovic.com\/?post_type=product&#038;p=5111"},"modified":"2026-03-17T07:34:28","modified_gmt":"2026-03-17T07:34:28","slug":"butter-ocean-200ml","status":"publish","type":"product","link":"https:\/\/tatkoopremovic.com\/en\/product\/butter-ocean-200ml\/","title":{"rendered":"InkFlex Butter Ocean 200ml"},"content":{"rendered":"","protected":false},"excerpt":{"rendered":"<div class=\"woocommerce-product-details__short-description\">\n<p>INKFLEX OCEAN TATTOO BUTTER is made from 100% natural ingredients and is used during tattooing. It hydrates and softens the skin, enriched with plant oils, shea, and hemp butter, antioxidants, soothing the skin during work, as well as inflamed areas and redness on the skin. It promotes and accelerates the healing of the tattooed area. The lightweight texture creates a protective film. The butter is easy to spread, and the skin retains moisture for a long time, contributing to easier work. It does not clog pores or the needle during work. It does not enter the cartridge, and the color retains its intensity. It does not remove the stencil, allowing easy wiping of excess ink with a damp cloth.<\/p>\n<p>Chamomile oil with active ingredients acts anti-inflammatory, antiseptic, and antimicrobial, improves the structure and gives a healthy appearance to the skin. Sea buckthorn oil is rich in vitamins B1, B2, B6, vitamin C and E and is suitable for sensitive, irritated skin, increases skin elasticity, stimulates cell renewal. Hemp butter is rich in vitamins A, B1, B2, B3, B6, C, D, E and is an effective emollient, accelerates wound healing, makes the skin soft, gentle, hydrated. Vitamin E is an antioxidant, retains skin moisture. BUTTER does not contain vaseline, parabens, synthetic fragrances, and is suitable for all skin types.<\/p>\n<\/div>","protected":false},"featured_media":5118,"template":"","meta":[],"product_brand":[],"product_cat":[940,939,91],"product_tag":[810,923],"class_list":{"0":"post-5111","1":"product","2":"type-product","3":"status-publish","4":"has-post-thumbnail","6":"product_cat-ink-flex","7":"product_cat-kreme-za-rad","8":"product_cat-kozmetika","9":"product_tag-butter","10":"product_tag-ink-flex","12":"first","13":"outofstock","14":"taxable","15":"shipping-taxable","16":"purchasable","17":"product-type-simple"},"yoast_head":"<!-- This site is optimized with the Yoast SEO plugin v26.8 - https:\/\/yoast.com\/product\/yoast-seo-wordpress\/ -->\n<title>InkFlex Butter Ocean 200ml - Tatko Opremovi\u0107<\/title>\n<meta name=\"robots\" content=\"index, follow, max-snippet:-1, max-image-preview:large, max-video-preview:-1\" \/>\n<link rel=\"canonical\" href=\"https:\/\/tatkoopremovic.com\/en\/product\/butter-ocean-200ml\/\" \/>\n<meta property=\"og:locale\" content=\"en_GB\" \/>\n<meta property=\"og:type\" content=\"article\" \/>\n<meta property=\"og:title\" content=\"InkFlex Butter Ocean 200ml - Tatko Opremovi\u0107\" \/>\n<meta property=\"og:description\" content=\"INKFLEX OCEAN TATTOO BUTTER je napravljen od 100% prirodnih sastojaka, a koristi se u toku tetoviranja. Ko\u017eu \u010dini hidriranom i mekom. Oboga\u0107en biljnim uljima, shea i buterom konoplje, antioksidansima, umiruje ko\u017eu u toku rada, kao i upaljeno podru\u010dje i crvenilo na ko\u017ei. Podsti\u010de i ubrzava zarastanje tetoviranog podru\u010dja. Lagana tekstura stvara za\u0161titni film. BUTTER je lako razmaziv, a ko\u017ea dugo zadr\u017eava vla\u017enost, \u0161to doprinosi lak\u0161em radu. Ne zapu\u0161ava pore, kao ni iglu u toku rada. Ne ulazi u kertrid\u017e, a boja zadr\u017eava svoj intenzitet. Ne skida stencil, omogu\u0107ava lako brisanje vi\u0161ka boje vla\u017enim ubrusom.  Ulje kamilice aktivnim sastojcima deluje protivupalno, antisepti\u010dno i antimikrobno, pobolj\u0161ava strukturu i daje zdrav izgled ko\u017ei. Ulje pasjeg trna bogato je vitaminima B1, B2, B6, vitaminom C i E i pogodno je za osetljivu, iritiranu ko\u017eu, pove\u0107ava elasti\u010dnost ko\u017ee, podsti\u010de obnavljanje \u0107elija. Buter konoplje je bogat vitaminima A, B1, B2, B3, B6, C, D, E i efikasan je emolijens, ubrzava zarastanje rana, \u010dini ko\u017eu mekom, ne\u017enom, hidriranom.Vitamin E je antioksidans, zadr\u017eava vla\u017enost ko\u017ee. BUTTER ne sadr\u017ei vazelin, parabene, sinteti\u010dke mirise i pogodan je za sve tipove ko\u017ee.\" \/>\n<meta property=\"og:url\" content=\"https:\/\/tatkoopremovic.com\/en\/product\/butter-ocean-200ml\/\" \/>\n<meta property=\"og:site_name\" content=\"Tatko Opremovi\u0107\" \/>\n<meta property=\"article:modified_time\" content=\"2026-03-17T07:34:28+00:00\" \/>\n<meta property=\"og:image\" content=\"https:\/\/tatkoopremovic.com\/wp-content\/uploads\/2023\/12\/Inkflex3-e1702899452629.jpg\" \/>\n\t<meta property=\"og:image:width\" content=\"957\" \/>\n\t<meta property=\"og:image:height\" content=\"957\" \/>\n\t<meta property=\"og:image:type\" content=\"image\/jpeg\" \/>\n<meta name=\"twitter:card\" content=\"summary_large_image\" \/>\n<script type=\"application\/ld+json\" class=\"yoast-schema-graph\">{\"@context\":\"https:\/\/schema.org\",\"@graph\":[{\"@type\":\"WebPage\",\"@id\":\"https:\/\/tatkoopremovic.com\/product\/butter-ocean-200ml\/\",\"url\":\"https:\/\/tatkoopremovic.com\/product\/butter-ocean-200ml\/\",\"name\":\"InkFlex Butter Ocean 200ml - Tatko Opremovi\u0107\",\"isPartOf\":{\"@id\":\"https:\/\/tatkoopremovic.com\/#website\"},\"primaryImageOfPage\":{\"@id\":\"https:\/\/tatkoopremovic.com\/product\/butter-ocean-200ml\/#primaryimage\"},\"image\":{\"@id\":\"https:\/\/tatkoopremovic.com\/product\/butter-ocean-200ml\/#primaryimage\"},\"thumbnailUrl\":\"https:\/\/tatkoopremovic.com\/wp-content\/uploads\/2023\/12\/Inkflex3-e1702899452629.jpg\",\"datePublished\":\"2023-12-18T10:18:43+00:00\",\"dateModified\":\"2026-03-17T07:34:28+00:00\",\"breadcrumb\":{\"@id\":\"https:\/\/tatkoopremovic.com\/product\/butter-ocean-200ml\/#breadcrumb\"},\"inLanguage\":\"en-GB\",\"potentialAction\":[{\"@type\":\"ReadAction\",\"target\":[\"https:\/\/tatkoopremovic.com\/product\/butter-ocean-200ml\/\"]}]},{\"@type\":\"ImageObject\",\"inLanguage\":\"en-GB\",\"@id\":\"https:\/\/tatkoopremovic.com\/product\/butter-ocean-200ml\/#primaryimage\",\"url\":\"https:\/\/tatkoopremovic.com\/wp-content\/uploads\/2023\/12\/Inkflex3-e1702899452629.jpg\",\"contentUrl\":\"https:\/\/tatkoopremovic.com\/wp-content\/uploads\/2023\/12\/Inkflex3-e1702899452629.jpg\",\"width\":957,\"height\":957},{\"@type\":\"BreadcrumbList\",\"@id\":\"https:\/\/tatkoopremovic.com\/product\/butter-ocean-200ml\/#breadcrumb\",\"itemListElement\":[{\"@type\":\"ListItem\",\"position\":1,\"name\":\"Home\",\"item\":\"https:\/\/tatkoopremovic.com\/\"},{\"@type\":\"ListItem\",\"position\":2,\"name\":\"Shop\",\"item\":\"https:\/\/tatkoopremovic.com\/shop\/\"},{\"@type\":\"ListItem\",\"position\":3,\"name\":\"InkFlex Butter Ocean 200ml\"}]},{\"@type\":\"WebSite\",\"@id\":\"https:\/\/tatkoopremovic.com\/#website\",\"url\":\"https:\/\/tatkoopremovic.com\/\",\"name\":\"Tatko Opremovi\u0107\",\"description\":\"Tattoo Oprema\",\"potentialAction\":[{\"@type\":\"SearchAction\",\"target\":{\"@type\":\"EntryPoint\",\"urlTemplate\":\"https:\/\/tatkoopremovic.com\/?s={search_term_string}\"},\"query-input\":{\"@type\":\"PropertyValueSpecification\",\"valueRequired\":true,\"valueName\":\"search_term_string\"}}],\"inLanguage\":\"en-GB\"}]}<\/script>\n<!-- \/ Yoast SEO plugin. -->","yoast_head_json":{"title":"InkFlex Butter Ocean 200ml - Tatko Opremovi\u0107","robots":{"index":"index","follow":"follow","max-snippet":"max-snippet:-1","max-image-preview":"max-image-preview:large","max-video-preview":"max-video-preview:-1"},"canonical":"https:\/\/tatkoopremovic.com\/en\/product\/butter-ocean-200ml\/","og_locale":"en_GB","og_type":"article","og_title":"InkFlex Butter Ocean 200ml - Tatko Opremovi\u0107","og_description":"INKFLEX OCEAN TATTOO BUTTER je napravljen od 100% prirodnih sastojaka, a koristi se u toku tetoviranja. Ko\u017eu \u010dini hidriranom i mekom. Oboga\u0107en biljnim uljima, shea i buterom konoplje, antioksidansima, umiruje ko\u017eu u toku rada, kao i upaljeno podru\u010dje i crvenilo na ko\u017ei. Podsti\u010de i ubrzava zarastanje tetoviranog podru\u010dja. Lagana tekstura stvara za\u0161titni film. BUTTER je lako razmaziv, a ko\u017ea dugo zadr\u017eava vla\u017enost, \u0161to doprinosi lak\u0161em radu. Ne zapu\u0161ava pore, kao ni iglu u toku rada. Ne ulazi u kertrid\u017e, a boja zadr\u017eava svoj intenzitet. Ne skida stencil, omogu\u0107ava lako brisanje vi\u0161ka boje vla\u017enim ubrusom.  Ulje kamilice aktivnim sastojcima deluje protivupalno, antisepti\u010dno i antimikrobno, pobolj\u0161ava strukturu i daje zdrav izgled ko\u017ei. Ulje pasjeg trna bogato je vitaminima B1, B2, B6, vitaminom C i E i pogodno je za osetljivu, iritiranu ko\u017eu, pove\u0107ava elasti\u010dnost ko\u017ee, podsti\u010de obnavljanje \u0107elija. Buter konoplje je bogat vitaminima A, B1, B2, B3, B6, C, D, E i efikasan je emolijens, ubrzava zarastanje rana, \u010dini ko\u017eu mekom, ne\u017enom, hidriranom.Vitamin E je antioksidans, zadr\u017eava vla\u017enost ko\u017ee. BUTTER ne sadr\u017ei vazelin, parabene, sinteti\u010dke mirise i pogodan je za sve tipove ko\u017ee.","og_url":"https:\/\/tatkoopremovic.com\/en\/product\/butter-ocean-200ml\/","og_site_name":"Tatko Opremovi\u0107","article_modified_time":"2026-03-17T07:34:28+00:00","og_image":[{"width":957,"height":957,"url":"https:\/\/tatkoopremovic.com\/wp-content\/uploads\/2023\/12\/Inkflex3-e1702899452629.jpg","type":"image\/jpeg"}],"twitter_card":"summary_large_image","schema":{"@context":"https:\/\/schema.org","@graph":[{"@type":"WebPage","@id":"https:\/\/tatkoopremovic.com\/product\/butter-ocean-200ml\/","url":"https:\/\/tatkoopremovic.com\/product\/butter-ocean-200ml\/","name":"InkFlex Butter Ocean 200ml - Tatko Opremovi\u0107","isPartOf":{"@id":"https:\/\/tatkoopremovic.com\/#website"},"primaryImageOfPage":{"@id":"https:\/\/tatkoopremovic.com\/product\/butter-ocean-200ml\/#primaryimage"},"image":{"@id":"https:\/\/tatkoopremovic.com\/product\/butter-ocean-200ml\/#primaryimage"},"thumbnailUrl":"https:\/\/tatkoopremovic.com\/wp-content\/uploads\/2023\/12\/Inkflex3-e1702899452629.jpg","datePublished":"2023-12-18T10:18:43+00:00","dateModified":"2026-03-17T07:34:28+00:00","breadcrumb":{"@id":"https:\/\/tatkoopremovic.com\/product\/butter-ocean-200ml\/#breadcrumb"},"inLanguage":"en-GB","potentialAction":[{"@type":"ReadAction","target":["https:\/\/tatkoopremovic.com\/product\/butter-ocean-200ml\/"]}]},{"@type":"ImageObject","inLanguage":"en-GB","@id":"https:\/\/tatkoopremovic.com\/product\/butter-ocean-200ml\/#primaryimage","url":"https:\/\/tatkoopremovic.com\/wp-content\/uploads\/2023\/12\/Inkflex3-e1702899452629.jpg","contentUrl":"https:\/\/tatkoopremovic.com\/wp-content\/uploads\/2023\/12\/Inkflex3-e1702899452629.jpg","width":957,"height":957},{"@type":"BreadcrumbList","@id":"https:\/\/tatkoopremovic.com\/product\/butter-ocean-200ml\/#breadcrumb","itemListElement":[{"@type":"ListItem","position":1,"name":"Home","item":"https:\/\/tatkoopremovic.com\/"},{"@type":"ListItem","position":2,"name":"Shop","item":"https:\/\/tatkoopremovic.com\/shop\/"},{"@type":"ListItem","position":3,"name":"InkFlex Butter Ocean 200ml"}]},{"@type":"WebSite","@id":"https:\/\/tatkoopremovic.com\/#website","url":"https:\/\/tatkoopremovic.com\/","name":"Tatko Opremovi\u0107","description":"Tattoo Oprema","potentialAction":[{"@type":"SearchAction","target":{"@type":"EntryPoint","urlTemplate":"https:\/\/tatkoopremovic.com\/?s={search_term_string}"},"query-input":{"@type":"PropertyValueSpecification","valueRequired":true,"valueName":"search_term_string"}}],"inLanguage":"en-GB"}]}},"_links":{"self":[{"href":"https:\/\/tatkoopremovic.com\/en\/wp-json\/wp\/v2\/product\/5111","targetHints":{"allow":["GET"]}}],"collection":[{"href":"https:\/\/tatkoopremovic.com\/en\/wp-json\/wp\/v2\/product"}],"about":[{"href":"https:\/\/tatkoopremovic.com\/en\/wp-json\/wp\/v2\/types\/product"}],"wp:featuredmedia":[{"embeddable":true,"href":"https:\/\/tatkoopremovic.com\/en\/wp-json\/wp\/v2\/media\/5118"}],"wp:attachment":[{"href":"https:\/\/tatkoopremovic.com\/en\/wp-json\/wp\/v2\/media?parent=5111"}],"wp:term":[{"taxonomy":"product_brand","embeddable":true,"href":"https:\/\/tatkoopremovic.com\/en\/wp-json\/wp\/v2\/product_brand?post=5111"},{"taxonomy":"product_cat","embeddable":true,"href":"https:\/\/tatkoopremovic.com\/en\/wp-json\/wp\/v2\/product_cat?post=5111"},{"taxonomy":"product_tag","embeddable":true,"href":"https:\/\/tatkoopremovic.com\/en\/wp-json\/wp\/v2\/product_tag?post=5111"}],"curies":[{"name":"wp","href":"https:\/\/api.w.org\/{rel}","templated":true}]}}