{"id":5467,"date":"2024-01-23T11:38:53","date_gmt":"2024-01-23T11:38:53","guid":{"rendered":"https:\/\/tatkoopremovic.com\/?post_type=product&#038;p=5467"},"modified":"2026-03-24T11:57:54","modified_gmt":"2026-03-24T11:57:54","slug":"emalla-pro-round-shader-2","status":"publish","type":"product","link":"https:\/\/tatkoopremovic.com\/en\/product\/emalla-pro-round-shader-2\/","title":{"rendered":"EMALLA PRO ROUND SHADER"},"content":{"rendered":"","protected":false},"excerpt":{"rendered":"<ul>\n<li>Needle Material: High-quality medical stainless steel that is sharper, smoother, and causes less skin damage, twice as durable as a regular needle.<\/li>\n<li>Material: Medical-grade PC armor material that can reduce friction between the needle and the tip of the housing to prevent plastic fatigue, making it more hygienic and safer.<\/li>\n<li>Membrane: Safety medium tension membrane and silicone membrane technology with 3 rings, combined with a membrane cover to prevent ink backflow, providing better protection for your tattoo machine.<\/li>\n<li>Large ink storage capacity for smooth and even ink discharge, the round needle can tattoo longer lines.<\/li>\n<li>Square design plastic bar securely holds needles and stabilizes the needle.<\/li>\n<li>Anti-slip strip design for the shell body and ergonomic design for the back of the cartridge.<\/li>\n<li>Color-coded caps for easy identification of tattoo needle configurations, helping you find the right tattoo cartridge faster and work more efficiently.<\/li>\n<li>Emalla Eliot Pro cartridges manufactured and assembled in the most hygienic conditions, 100% sterilized by E.O. Gas.<\/li>\n<\/ul>\n<p>Pakovanje : 20 kertridza<\/p>","protected":false},"featured_media":5526,"template":"","meta":[],"product_brand":[],"product_cat":[889,892],"product_tag":[625,894,618],"class_list":{"0":"post-5467","1":"product","2":"type-product","3":"status-publish","4":"has-post-thumbnail","6":"product_cat-emalla-eliot-pro","7":"product_cat-0-35-e","8":"product_tag-0-35","9":"product_tag-emalla-eliot-pro","10":"product_tag-round-shader","12":"first","13":"instock","14":"taxable","15":"shipping-taxable","16":"purchasable","17":"product-type-variable"},"yoast_head":"<!-- This site is optimized with the Yoast SEO plugin v26.8 - https:\/\/yoast.com\/product\/yoast-seo-wordpress\/ -->\n<title>EMALLA PRO ROUND SHADER - Tatko Opremovi\u0107<\/title>\n<meta name=\"robots\" content=\"index, follow, max-snippet:-1, max-image-preview:large, max-video-preview:-1\" \/>\n<link rel=\"canonical\" href=\"https:\/\/tatkoopremovic.com\/en\/product\/emalla-pro-round-shader-2\/\" \/>\n<meta property=\"og:locale\" content=\"en_GB\" \/>\n<meta property=\"og:type\" content=\"article\" \/>\n<meta property=\"og:title\" content=\"EMALLA PRO ROUND SHADER - Tatko Opremovi\u0107\" \/>\n<meta property=\"og:description\" content=\"Materijal igle: visokokvalitetni medicinski ner\u0111ajuc\u0301i \u010delik koji je o\u0161triji, glatkiji i bez o\u0161tec\u0301enja ko\u017ee, dvostruko izdr\u017eljiviji od obi\u010dnog igle.  Materijal: Oklop od medicinskog PC materijala koji mo\u017ee smanjiti trenje izme\u0111u igle i vrha kuc\u0301i\u0161ta kako bi se spre\u010dila snaga plastike koja je izneta, higijenskije i bezbednije  Membrana: Sigurnosna membrana srednjeg zatezanja i tehnologija silikonske membrane sa 3 prstena, \u010dvr\u0161c\u0301e kombinovana sa membranski poklopac za spre\u010davanje povratnog protoka mastila mo\u017ee bolje za\u0161tititi va\u0161u ma\u0161inu za tetoviranje  Veliki kapacitet skladi\u0161tenja mastila glatko i ravnomerno pra\u017enjenje mastila, okrugla igla mo\u017ee da tetovira du\u017eu liniju  Plasti\u010dna \u0161ipka kvadratnog dizajna stabilno fiksira igle i \u010dini iglu stabilnijom.  Dizajn trake protiv klizanja za telo \u0161koljke i ergonomski dizajn za pole\u0111inu kertrid\u017ea.  Poklopci u boji za laku identifikaciju konfiguracije igle za tetoviranje, poma\u017eu vam da br\u017ee prona\u0111ete pravi kertrid\u017e za tetoviranje i radite jo\u0161 br\u017ee.  Emalla Eliot Pro patrone proizvedene i sastavljene u najhigijeni\u010dnijem stanju 100% sterilisane od strane E.O. Gasni.  Pakovanje : 20 kertridza\" \/>\n<meta property=\"og:url\" content=\"https:\/\/tatkoopremovic.com\/en\/product\/emalla-pro-round-shader-2\/\" \/>\n<meta property=\"og:site_name\" content=\"Tatko Opremovi\u0107\" \/>\n<meta property=\"article:modified_time\" content=\"2026-03-24T11:57:54+00:00\" \/>\n<meta property=\"og:image\" content=\"https:\/\/tatkoopremovic.com\/wp-content\/uploads\/2024\/01\/shader-0.35.jpg\" \/>\n\t<meta property=\"og:image:width\" content=\"1000\" \/>\n\t<meta property=\"og:image:height\" content=\"1000\" \/>\n\t<meta property=\"og:image:type\" content=\"image\/jpeg\" \/>\n<meta name=\"twitter:card\" content=\"summary_large_image\" \/>\n<meta name=\"twitter:label1\" content=\"Estimated reading time\" \/>\n\t<meta name=\"twitter:data1\" content=\"1 minute\" \/>\n<script type=\"application\/ld+json\" class=\"yoast-schema-graph\">{\"@context\":\"https:\/\/schema.org\",\"@graph\":[{\"@type\":\"WebPage\",\"@id\":\"https:\/\/tatkoopremovic.com\/product\/emalla-pro-round-shader-2\/\",\"url\":\"https:\/\/tatkoopremovic.com\/product\/emalla-pro-round-shader-2\/\",\"name\":\"EMALLA PRO ROUND SHADER - Tatko Opremovi\u0107\",\"isPartOf\":{\"@id\":\"https:\/\/tatkoopremovic.com\/#website\"},\"primaryImageOfPage\":{\"@id\":\"https:\/\/tatkoopremovic.com\/product\/emalla-pro-round-shader-2\/#primaryimage\"},\"image\":{\"@id\":\"https:\/\/tatkoopremovic.com\/product\/emalla-pro-round-shader-2\/#primaryimage\"},\"thumbnailUrl\":\"https:\/\/tatkoopremovic.com\/wp-content\/uploads\/2024\/01\/shader-0.35.jpg\",\"datePublished\":\"2024-01-23T11:38:53+00:00\",\"dateModified\":\"2026-03-24T11:57:54+00:00\",\"breadcrumb\":{\"@id\":\"https:\/\/tatkoopremovic.com\/product\/emalla-pro-round-shader-2\/#breadcrumb\"},\"inLanguage\":\"en-GB\",\"potentialAction\":[{\"@type\":\"ReadAction\",\"target\":[\"https:\/\/tatkoopremovic.com\/product\/emalla-pro-round-shader-2\/\"]}]},{\"@type\":\"ImageObject\",\"inLanguage\":\"en-GB\",\"@id\":\"https:\/\/tatkoopremovic.com\/product\/emalla-pro-round-shader-2\/#primaryimage\",\"url\":\"https:\/\/tatkoopremovic.com\/wp-content\/uploads\/2024\/01\/shader-0.35.jpg\",\"contentUrl\":\"https:\/\/tatkoopremovic.com\/wp-content\/uploads\/2024\/01\/shader-0.35.jpg\",\"width\":1000,\"height\":1000},{\"@type\":\"BreadcrumbList\",\"@id\":\"https:\/\/tatkoopremovic.com\/product\/emalla-pro-round-shader-2\/#breadcrumb\",\"itemListElement\":[{\"@type\":\"ListItem\",\"position\":1,\"name\":\"Home\",\"item\":\"https:\/\/tatkoopremovic.com\/\"},{\"@type\":\"ListItem\",\"position\":2,\"name\":\"Shop\",\"item\":\"https:\/\/tatkoopremovic.com\/shop\/\"},{\"@type\":\"ListItem\",\"position\":3,\"name\":\"EMALLA PRO ROUND SHADER\"}]},{\"@type\":\"WebSite\",\"@id\":\"https:\/\/tatkoopremovic.com\/#website\",\"url\":\"https:\/\/tatkoopremovic.com\/\",\"name\":\"Tatko Opremovi\u0107\",\"description\":\"Tattoo Oprema\",\"potentialAction\":[{\"@type\":\"SearchAction\",\"target\":{\"@type\":\"EntryPoint\",\"urlTemplate\":\"https:\/\/tatkoopremovic.com\/?s={search_term_string}\"},\"query-input\":{\"@type\":\"PropertyValueSpecification\",\"valueRequired\":true,\"valueName\":\"search_term_string\"}}],\"inLanguage\":\"en-GB\"}]}<\/script>\n<!-- \/ Yoast SEO plugin. -->","yoast_head_json":{"title":"EMALLA PRO ROUND SHADER - Tatko Opremovi\u0107","robots":{"index":"index","follow":"follow","max-snippet":"max-snippet:-1","max-image-preview":"max-image-preview:large","max-video-preview":"max-video-preview:-1"},"canonical":"https:\/\/tatkoopremovic.com\/en\/product\/emalla-pro-round-shader-2\/","og_locale":"en_GB","og_type":"article","og_title":"EMALLA PRO ROUND SHADER - Tatko Opremovi\u0107","og_description":"Materijal igle: visokokvalitetni medicinski ner\u0111ajuc\u0301i \u010delik koji je o\u0161triji, glatkiji i bez o\u0161tec\u0301enja ko\u017ee, dvostruko izdr\u017eljiviji od obi\u010dnog igle.  Materijal: Oklop od medicinskog PC materijala koji mo\u017ee smanjiti trenje izme\u0111u igle i vrha kuc\u0301i\u0161ta kako bi se spre\u010dila snaga plastike koja je izneta, higijenskije i bezbednije  Membrana: Sigurnosna membrana srednjeg zatezanja i tehnologija silikonske membrane sa 3 prstena, \u010dvr\u0161c\u0301e kombinovana sa membranski poklopac za spre\u010davanje povratnog protoka mastila mo\u017ee bolje za\u0161tititi va\u0161u ma\u0161inu za tetoviranje  Veliki kapacitet skladi\u0161tenja mastila glatko i ravnomerno pra\u017enjenje mastila, okrugla igla mo\u017ee da tetovira du\u017eu liniju  Plasti\u010dna \u0161ipka kvadratnog dizajna stabilno fiksira igle i \u010dini iglu stabilnijom.  Dizajn trake protiv klizanja za telo \u0161koljke i ergonomski dizajn za pole\u0111inu kertrid\u017ea.  Poklopci u boji za laku identifikaciju konfiguracije igle za tetoviranje, poma\u017eu vam da br\u017ee prona\u0111ete pravi kertrid\u017e za tetoviranje i radite jo\u0161 br\u017ee.  Emalla Eliot Pro patrone proizvedene i sastavljene u najhigijeni\u010dnijem stanju 100% sterilisane od strane E.O. Gasni.  Pakovanje : 20 kertridza","og_url":"https:\/\/tatkoopremovic.com\/en\/product\/emalla-pro-round-shader-2\/","og_site_name":"Tatko Opremovi\u0107","article_modified_time":"2026-03-24T11:57:54+00:00","og_image":[{"width":1000,"height":1000,"url":"https:\/\/tatkoopremovic.com\/wp-content\/uploads\/2024\/01\/shader-0.35.jpg","type":"image\/jpeg"}],"twitter_card":"summary_large_image","twitter_misc":{"Estimated reading time":"1 minute"},"schema":{"@context":"https:\/\/schema.org","@graph":[{"@type":"WebPage","@id":"https:\/\/tatkoopremovic.com\/product\/emalla-pro-round-shader-2\/","url":"https:\/\/tatkoopremovic.com\/product\/emalla-pro-round-shader-2\/","name":"EMALLA PRO ROUND SHADER - Tatko Opremovi\u0107","isPartOf":{"@id":"https:\/\/tatkoopremovic.com\/#website"},"primaryImageOfPage":{"@id":"https:\/\/tatkoopremovic.com\/product\/emalla-pro-round-shader-2\/#primaryimage"},"image":{"@id":"https:\/\/tatkoopremovic.com\/product\/emalla-pro-round-shader-2\/#primaryimage"},"thumbnailUrl":"https:\/\/tatkoopremovic.com\/wp-content\/uploads\/2024\/01\/shader-0.35.jpg","datePublished":"2024-01-23T11:38:53+00:00","dateModified":"2026-03-24T11:57:54+00:00","breadcrumb":{"@id":"https:\/\/tatkoopremovic.com\/product\/emalla-pro-round-shader-2\/#breadcrumb"},"inLanguage":"en-GB","potentialAction":[{"@type":"ReadAction","target":["https:\/\/tatkoopremovic.com\/product\/emalla-pro-round-shader-2\/"]}]},{"@type":"ImageObject","inLanguage":"en-GB","@id":"https:\/\/tatkoopremovic.com\/product\/emalla-pro-round-shader-2\/#primaryimage","url":"https:\/\/tatkoopremovic.com\/wp-content\/uploads\/2024\/01\/shader-0.35.jpg","contentUrl":"https:\/\/tatkoopremovic.com\/wp-content\/uploads\/2024\/01\/shader-0.35.jpg","width":1000,"height":1000},{"@type":"BreadcrumbList","@id":"https:\/\/tatkoopremovic.com\/product\/emalla-pro-round-shader-2\/#breadcrumb","itemListElement":[{"@type":"ListItem","position":1,"name":"Home","item":"https:\/\/tatkoopremovic.com\/"},{"@type":"ListItem","position":2,"name":"Shop","item":"https:\/\/tatkoopremovic.com\/shop\/"},{"@type":"ListItem","position":3,"name":"EMALLA PRO ROUND SHADER"}]},{"@type":"WebSite","@id":"https:\/\/tatkoopremovic.com\/#website","url":"https:\/\/tatkoopremovic.com\/","name":"Tatko Opremovi\u0107","description":"Tattoo Oprema","potentialAction":[{"@type":"SearchAction","target":{"@type":"EntryPoint","urlTemplate":"https:\/\/tatkoopremovic.com\/?s={search_term_string}"},"query-input":{"@type":"PropertyValueSpecification","valueRequired":true,"valueName":"search_term_string"}}],"inLanguage":"en-GB"}]}},"_links":{"self":[{"href":"https:\/\/tatkoopremovic.com\/en\/wp-json\/wp\/v2\/product\/5467","targetHints":{"allow":["GET"]}}],"collection":[{"href":"https:\/\/tatkoopremovic.com\/en\/wp-json\/wp\/v2\/product"}],"about":[{"href":"https:\/\/tatkoopremovic.com\/en\/wp-json\/wp\/v2\/types\/product"}],"wp:featuredmedia":[{"embeddable":true,"href":"https:\/\/tatkoopremovic.com\/en\/wp-json\/wp\/v2\/media\/5526"}],"wp:attachment":[{"href":"https:\/\/tatkoopremovic.com\/en\/wp-json\/wp\/v2\/media?parent=5467"}],"wp:term":[{"taxonomy":"product_brand","embeddable":true,"href":"https:\/\/tatkoopremovic.com\/en\/wp-json\/wp\/v2\/product_brand?post=5467"},{"taxonomy":"product_cat","embeddable":true,"href":"https:\/\/tatkoopremovic.com\/en\/wp-json\/wp\/v2\/product_cat?post=5467"},{"taxonomy":"product_tag","embeddable":true,"href":"https:\/\/tatkoopremovic.com\/en\/wp-json\/wp\/v2\/product_tag?post=5467"}],"curies":[{"name":"wp","href":"https:\/\/api.w.org\/{rel}","templated":true}]}}