{"id":635,"date":"2022-09-01T11:41:25","date_gmt":"2022-09-01T11:41:25","guid":{"rendered":"https:\/\/tatkoopremovic.com\/?post_type=product&#038;p=635"},"modified":"2024-09-14T21:52:31","modified_gmt":"2024-09-14T21:52:31","slug":"goran-micic-artists-palette","status":"publish","type":"product","link":"https:\/\/tatkoopremovic.com\/en\/product\/goran-micic-artists-palette\/","title":{"rendered":"GORAN MICIC Artist&#8217;s Palette"},"content":{"rendered":"<p>Ovo je Umetni\u010dka paleta Gorana Mic\u0301ic\u0301a.<\/p>\n<p>Mic\u0301ic\u0301 je usavr\u0161io svoj pristup me\u0161anju boja.<br \/>\nKroz godine prou\u010davanja i primene teorije boja,<br \/>\nMicic\u0301eva paleta je izgra\u0111ena na nekoliko pa\u017eljivo odabranih nijansi.<br \/>\nSa ovim specifi\u010dnim nijansama mastila, Micic proizvodi \u010ditav niz boja za snimanje skoro svakog subjekta<br \/>\nili svetlosnog efekta.<\/p>\n<p>Ovaj set od 8 boja sastavio je Micic\u0301 iz postojec\u0301e linije mastila za tetova\u017ee Eternal Inka.<br \/>\nSvaka boja u ovom setu je preimenovana.<\/p>","protected":false},"excerpt":{"rendered":"<p>Ovo je Umetni\u010dka paleta Gorana Mic\u0301ic\u0301a.<\/p>\n<p>Mic\u0301ic\u0301 je usavr\u0161io svoj pristup me\u0161anju boja.<br \/>\nKroz godine prou\u010davanja i primene teorije boja,<br \/>\nMicic\u0301eva paleta je izgra\u0111ena na nekoliko pa\u017eljivo odabranih nijansi.<br \/>\nSa ovim specifi\u010dnim nijansama mastila, Micic proizvodi \u010ditav niz boja za snimanje skoro svakog subjekta<br \/>\nili svetlosnog efekta.<\/p>\n<p>Ovaj set od 8 boja sastavio je Micic\u0301 iz postojec\u0301e linije mastila za tetova\u017ee Eternal Inka.<br \/>\nSvaka boja u ovom setu je preimenovana.<\/p>","protected":false},"featured_media":646,"template":"","meta":[],"product_brand":[],"product_cat":[629,35],"product_tag":[535,966],"class_list":{"0":"post-635","1":"product","2":"type-product","3":"status-publish","4":"has-post-thumbnail","6":"product_cat-color-et","7":"product_cat-setovi","8":"product_tag-eternal","9":"product_tag-eternal-set","11":"first","12":"outofstock","13":"taxable","14":"shipping-taxable","15":"purchasable","16":"product-type-simple"},"yoast_head":"<!-- This site is optimized with the Yoast SEO plugin v26.8 - https:\/\/yoast.com\/product\/yoast-seo-wordpress\/ -->\n<title>GORAN MICIC Artist&#039;s Palette - Tatko Opremovi\u0107<\/title>\n<meta name=\"robots\" content=\"index, follow, max-snippet:-1, max-image-preview:large, max-video-preview:-1\" \/>\n<link rel=\"canonical\" href=\"https:\/\/tatkoopremovic.com\/en\/product\/goran-micic-artists-palette\/\" \/>\n<meta property=\"og:locale\" content=\"en_GB\" \/>\n<meta property=\"og:type\" content=\"article\" \/>\n<meta property=\"og:title\" content=\"GORAN MICIC Artist&#039;s Palette - Tatko Opremovi\u0107\" \/>\n<meta property=\"og:description\" content=\"Ovo je Umetni\u010dka paleta Gorana Mic\u0301ic\u0301a.  Mic\u0301ic\u0301 je usavr\u0161io svoj pristup me\u0161anju boja. Kroz godine prou\u010davanja i primene teorije boja, Micic\u0301eva paleta je izgra\u0111ena na nekoliko pa\u017eljivo odabranih nijansi. Sa ovim specifi\u010dnim nijansama mastila, Micic proizvodi \u010ditav niz boja za snimanje skoro svakog subjekta ili svetlosnog efekta.  Ovaj set od 8 boja sastavio je Micic\u0301 iz postojec\u0301e linije mastila za tetova\u017ee Eternal Inka. Svaka boja u ovom setu je preimenovana.\" \/>\n<meta property=\"og:url\" content=\"https:\/\/tatkoopremovic.com\/en\/product\/goran-micic-artists-palette\/\" \/>\n<meta property=\"og:site_name\" content=\"Tatko Opremovi\u0107\" \/>\n<meta property=\"article:modified_time\" content=\"2024-09-14T21:52:31+00:00\" \/>\n<meta property=\"og:image\" content=\"https:\/\/tatkoopremovic.com\/wp-content\/uploads\/2022\/09\/6262.jpg\" \/>\n\t<meta property=\"og:image:width\" content=\"600\" \/>\n\t<meta property=\"og:image:height\" content=\"600\" \/>\n\t<meta property=\"og:image:type\" content=\"image\/jpeg\" \/>\n<meta name=\"twitter:card\" content=\"summary_large_image\" \/>\n<script type=\"application\/ld+json\" class=\"yoast-schema-graph\">{\"@context\":\"https:\/\/schema.org\",\"@graph\":[{\"@type\":\"WebPage\",\"@id\":\"https:\/\/tatkoopremovic.com\/product\/goran-micic-artists-palette\/\",\"url\":\"https:\/\/tatkoopremovic.com\/product\/goran-micic-artists-palette\/\",\"name\":\"GORAN MICIC Artist's Palette - Tatko Opremovi\u0107\",\"isPartOf\":{\"@id\":\"https:\/\/tatkoopremovic.com\/#website\"},\"primaryImageOfPage\":{\"@id\":\"https:\/\/tatkoopremovic.com\/product\/goran-micic-artists-palette\/#primaryimage\"},\"image\":{\"@id\":\"https:\/\/tatkoopremovic.com\/product\/goran-micic-artists-palette\/#primaryimage\"},\"thumbnailUrl\":\"https:\/\/tatkoopremovic.com\/wp-content\/uploads\/2022\/09\/6262.jpg\",\"datePublished\":\"2022-09-01T11:41:25+00:00\",\"dateModified\":\"2024-09-14T21:52:31+00:00\",\"breadcrumb\":{\"@id\":\"https:\/\/tatkoopremovic.com\/product\/goran-micic-artists-palette\/#breadcrumb\"},\"inLanguage\":\"en-GB\",\"potentialAction\":[{\"@type\":\"ReadAction\",\"target\":[\"https:\/\/tatkoopremovic.com\/product\/goran-micic-artists-palette\/\"]}]},{\"@type\":\"ImageObject\",\"inLanguage\":\"en-GB\",\"@id\":\"https:\/\/tatkoopremovic.com\/product\/goran-micic-artists-palette\/#primaryimage\",\"url\":\"https:\/\/tatkoopremovic.com\/wp-content\/uploads\/2022\/09\/6262.jpg\",\"contentUrl\":\"https:\/\/tatkoopremovic.com\/wp-content\/uploads\/2022\/09\/6262.jpg\",\"width\":600,\"height\":600},{\"@type\":\"BreadcrumbList\",\"@id\":\"https:\/\/tatkoopremovic.com\/product\/goran-micic-artists-palette\/#breadcrumb\",\"itemListElement\":[{\"@type\":\"ListItem\",\"position\":1,\"name\":\"Home\",\"item\":\"https:\/\/tatkoopremovic.com\/\"},{\"@type\":\"ListItem\",\"position\":2,\"name\":\"Shop\",\"item\":\"https:\/\/tatkoopremovic.com\/shop\/\"},{\"@type\":\"ListItem\",\"position\":3,\"name\":\"GORAN MICIC Artist&#8217;s Palette\"}]},{\"@type\":\"WebSite\",\"@id\":\"https:\/\/tatkoopremovic.com\/#website\",\"url\":\"https:\/\/tatkoopremovic.com\/\",\"name\":\"Tatko Opremovi\u0107\",\"description\":\"Tattoo Oprema\",\"potentialAction\":[{\"@type\":\"SearchAction\",\"target\":{\"@type\":\"EntryPoint\",\"urlTemplate\":\"https:\/\/tatkoopremovic.com\/?s={search_term_string}\"},\"query-input\":{\"@type\":\"PropertyValueSpecification\",\"valueRequired\":true,\"valueName\":\"search_term_string\"}}],\"inLanguage\":\"en-GB\"}]}<\/script>\n<!-- \/ Yoast SEO plugin. -->","yoast_head_json":{"title":"GORAN MICIC Artist's Palette - Tatko Opremovi\u0107","robots":{"index":"index","follow":"follow","max-snippet":"max-snippet:-1","max-image-preview":"max-image-preview:large","max-video-preview":"max-video-preview:-1"},"canonical":"https:\/\/tatkoopremovic.com\/en\/product\/goran-micic-artists-palette\/","og_locale":"en_GB","og_type":"article","og_title":"GORAN MICIC Artist's Palette - Tatko Opremovi\u0107","og_description":"Ovo je Umetni\u010dka paleta Gorana Mic\u0301ic\u0301a.  Mic\u0301ic\u0301 je usavr\u0161io svoj pristup me\u0161anju boja. Kroz godine prou\u010davanja i primene teorije boja, Micic\u0301eva paleta je izgra\u0111ena na nekoliko pa\u017eljivo odabranih nijansi. Sa ovim specifi\u010dnim nijansama mastila, Micic proizvodi \u010ditav niz boja za snimanje skoro svakog subjekta ili svetlosnog efekta.  Ovaj set od 8 boja sastavio je Micic\u0301 iz postojec\u0301e linije mastila za tetova\u017ee Eternal Inka. Svaka boja u ovom setu je preimenovana.","og_url":"https:\/\/tatkoopremovic.com\/en\/product\/goran-micic-artists-palette\/","og_site_name":"Tatko Opremovi\u0107","article_modified_time":"2024-09-14T21:52:31+00:00","og_image":[{"width":600,"height":600,"url":"https:\/\/tatkoopremovic.com\/wp-content\/uploads\/2022\/09\/6262.jpg","type":"image\/jpeg"}],"twitter_card":"summary_large_image","schema":{"@context":"https:\/\/schema.org","@graph":[{"@type":"WebPage","@id":"https:\/\/tatkoopremovic.com\/product\/goran-micic-artists-palette\/","url":"https:\/\/tatkoopremovic.com\/product\/goran-micic-artists-palette\/","name":"GORAN MICIC Artist's Palette - Tatko Opremovi\u0107","isPartOf":{"@id":"https:\/\/tatkoopremovic.com\/#website"},"primaryImageOfPage":{"@id":"https:\/\/tatkoopremovic.com\/product\/goran-micic-artists-palette\/#primaryimage"},"image":{"@id":"https:\/\/tatkoopremovic.com\/product\/goran-micic-artists-palette\/#primaryimage"},"thumbnailUrl":"https:\/\/tatkoopremovic.com\/wp-content\/uploads\/2022\/09\/6262.jpg","datePublished":"2022-09-01T11:41:25+00:00","dateModified":"2024-09-14T21:52:31+00:00","breadcrumb":{"@id":"https:\/\/tatkoopremovic.com\/product\/goran-micic-artists-palette\/#breadcrumb"},"inLanguage":"en-GB","potentialAction":[{"@type":"ReadAction","target":["https:\/\/tatkoopremovic.com\/product\/goran-micic-artists-palette\/"]}]},{"@type":"ImageObject","inLanguage":"en-GB","@id":"https:\/\/tatkoopremovic.com\/product\/goran-micic-artists-palette\/#primaryimage","url":"https:\/\/tatkoopremovic.com\/wp-content\/uploads\/2022\/09\/6262.jpg","contentUrl":"https:\/\/tatkoopremovic.com\/wp-content\/uploads\/2022\/09\/6262.jpg","width":600,"height":600},{"@type":"BreadcrumbList","@id":"https:\/\/tatkoopremovic.com\/product\/goran-micic-artists-palette\/#breadcrumb","itemListElement":[{"@type":"ListItem","position":1,"name":"Home","item":"https:\/\/tatkoopremovic.com\/"},{"@type":"ListItem","position":2,"name":"Shop","item":"https:\/\/tatkoopremovic.com\/shop\/"},{"@type":"ListItem","position":3,"name":"GORAN MICIC Artist&#8217;s Palette"}]},{"@type":"WebSite","@id":"https:\/\/tatkoopremovic.com\/#website","url":"https:\/\/tatkoopremovic.com\/","name":"Tatko Opremovi\u0107","description":"Tattoo Oprema","potentialAction":[{"@type":"SearchAction","target":{"@type":"EntryPoint","urlTemplate":"https:\/\/tatkoopremovic.com\/?s={search_term_string}"},"query-input":{"@type":"PropertyValueSpecification","valueRequired":true,"valueName":"search_term_string"}}],"inLanguage":"en-GB"}]}},"_links":{"self":[{"href":"https:\/\/tatkoopremovic.com\/en\/wp-json\/wp\/v2\/product\/635","targetHints":{"allow":["GET"]}}],"collection":[{"href":"https:\/\/tatkoopremovic.com\/en\/wp-json\/wp\/v2\/product"}],"about":[{"href":"https:\/\/tatkoopremovic.com\/en\/wp-json\/wp\/v2\/types\/product"}],"wp:featuredmedia":[{"embeddable":true,"href":"https:\/\/tatkoopremovic.com\/en\/wp-json\/wp\/v2\/media\/646"}],"wp:attachment":[{"href":"https:\/\/tatkoopremovic.com\/en\/wp-json\/wp\/v2\/media?parent=635"}],"wp:term":[{"taxonomy":"product_brand","embeddable":true,"href":"https:\/\/tatkoopremovic.com\/en\/wp-json\/wp\/v2\/product_brand?post=635"},{"taxonomy":"product_cat","embeddable":true,"href":"https:\/\/tatkoopremovic.com\/en\/wp-json\/wp\/v2\/product_cat?post=635"},{"taxonomy":"product_tag","embeddable":true,"href":"https:\/\/tatkoopremovic.com\/en\/wp-json\/wp\/v2\/product_tag?post=635"}],"curies":[{"name":"wp","href":"https:\/\/api.w.org\/{rel}","templated":true}]}}