{"id":6390,"date":"2024-04-18T07:25:54","date_gmt":"2024-04-18T07:25:54","guid":{"rendered":"https:\/\/tatkoopremovic.com\/?post_type=product&#038;p=6390"},"modified":"2026-01-28T11:52:11","modified_gmt":"2026-01-28T11:52:11","slug":"ambition-zetton-black","status":"publish","type":"product","link":"https:\/\/tatkoopremovic.com\/en\/product\/ambition-zetton-black\/","title":{"rendered":"Ambition Zetton &#8211; Black"},"content":{"rendered":"","protected":false},"excerpt":{"rendered":"<div class=\"wp-playlist wp-video-playlist wp-playlist-light\">\n\t\t<video controls=\"controls\" preload=\"none\" width=\"778\"\n\t\t height=\"1383\"\t><\/video><\/p>\n<div class=\"wp-playlist-next\"><\/div>\n<div class=\"wp-playlist-prev\"><\/div>\n<p>\t<noscript><\/p>\n<ol>\n<li><a href='https:\/\/tatkoopremovic.com\/wp-content\/uploads\/2024\/04\/b.mp4'>b<\/a><\/li>\n<li><a href='https:\/\/tatkoopremovic.com\/wp-content\/uploads\/2024\/04\/a.mp4'>a<\/a><\/li>\n<\/ol>\n<p>\t<\/noscript><br \/>\n\t<script type=\"application\/json\" class=\"wp-playlist-script\">{\"type\":\"video\",\"tracklist\":true,\"tracknumbers\":true,\"images\":true,\"artists\":true,\"tracks\":[{\"src\":\"https:\/\/tatkoopremovic.com\/wp-content\/uploads\/2024\/04\/b.mp4\",\"type\":\"video\/mp4\",\"title\":\"b\",\"caption\":\"\",\"description\":\"\",\"meta\":{\"length_formatted\":\"0:12\"},\"dimensions\":{\"original\":{\"width\":1080,\"height\":1920},\"resized\":{\"width\":778,\"height\":1383}},\"image\":{\"src\":\"https:\/\/tatkoopremovic.com\/wp-includes\/images\/media\/video.svg\",\"width\":48,\"height\":64},\"thumb\":{\"src\":\"https:\/\/tatkoopremovic.com\/wp-includes\/images\/media\/video.svg\",\"width\":48,\"height\":64}},{\"src\":\"https:\/\/tatkoopremovic.com\/wp-content\/uploads\/2024\/04\/a.mp4\",\"type\":\"video\/mp4\",\"title\":\"a\",\"caption\":\"\",\"description\":\"\",\"meta\":{\"length_formatted\":\"0:25\"},\"dimensions\":{\"original\":{\"width\":1080,\"height\":1920},\"resized\":{\"width\":778,\"height\":1383}},\"image\":{\"src\":\"https:\/\/tatkoopremovic.com\/wp-includes\/images\/media\/video.svg\",\"width\":48,\"height\":64},\"thumb\":{\"src\":\"https:\/\/tatkoopremovic.com\/wp-includes\/images\/media\/video.svg\",\"width\":48,\"height\":64}}]}<\/script>\n<\/div>\n<p>The Ambition tattoo machine is made of aluminum alloy; length: 132 mm \/ 5.19 inches, diameter: 34 mm \/ 1.33 inches, weight: 213 g \/ 7.51 oz.<\/p>\n<p>Portable, it has minimal vibrations, giving tattoo artists better control and less fatigue.<\/p>\n<p>&nbsp;<\/p>\n<p>Brushless Motor: For tattooing, it is powered by a custom brushless motor, significantly extending the machine's lifespan and being more powerful than coreless motors, driving with low vibration and less noise;<\/p>\n<p>Motor speed 8V 10000RPM, operating voltage 3.7V.<\/p>\n<p>Low voltage with higher speed and torque easily drives any brand of tattoo needle cartridges.<\/p>\n<p>&nbsp;<\/p>\n<p>Colorful screen displays the machine's operating voltage, remaining power, hertz, and timer.<\/p>\n<p>3 voltage modes: fixed voltage, increase\/decrease by 0.1V, and increase\/decrease by 1V. The battery capacity is 2400 mAh, the operating voltage is 4.5-12V, one battery can operate for 8 hours at an output voltage of 8V.<\/p>\n<p>Automatically locks the screen 3 minutes after powering on, swipe up to deactivate the lock mode.<\/p>\n<p>&nbsp;<\/p>\n<p>Straight Bar Drive Stroke Cam: Rotaciona ma\u0161ina za tetoviranje opremljena sa 3.5 &#8211; 4.0 mm pravolinijskom gredicom, nudi sna\u017eno udaranje, manji otpor, stabilnu apsorpciju boje, brzo bojenje, odli\u010dan i za punjenje boje i za sen\u010denje. Usvaja strukturu pode\u0161avanja rotacije \u010deli\u010dne kuglice za preciznije pode\u0161avanje igle.<\/p>\n<p>The tattoo machine is compatible with tattoo needles of all brands.<\/p>\n<p>&nbsp;<\/p>\n<p>Material: aluminum alloy<\/p>\n<p>Pogon sa ravnom \u0161ipkom: 3.5 &#8211; 4.0<\/p>\n<p>Motor: brushless motor, not only long lifespan, but also durable motor Precision parts and professional design bring longevity and quiet operation<\/p>\n<p>Ma\u0161ina za tetoviranje sa direktnim pogonom<\/p>\n<p>Straight Bar Drive Stroke Cam, provides strong impact, less resistance. Motor speed: 8V \u2013 10000RPM<\/p>\n<p>Power supply: 4.5-12 volts; 56-168 Hertz<\/p>\n<p>The machine displays the speed of your machine in hertz and volts. When you adjust the voltage, the hertz will also change. Hertz allows you to more accurately determine the current speed of your machine.<\/p>\n<p>Capacity of one battery: 2400 mAh (4800 mAh for 2 batteries)<\/p>\n<p>Charging time: 2-3 hours<\/p>\n<p>One battery's working time: Over 8 hours (16 hours for 2 batteries)<\/p>\n<p>LED display content: output voltage range + battery consumption + working time<\/p>\n<p>User manual<\/p>\n<p>- Power on\/off: Press the \"Ambition\" button for 3 seconds<\/p>\n<p>- Output pause\/resume: Press the \"Ambition\" button to pause the output, then press it again to resume the output (the voltage for resuming is the operating voltage before the pause).<\/p>\n<p>- Adjust the output voltage: 3 voltage modes: fixed voltage (4 memory modes corresponding to 5V\/7V\/9V\/11V Touch the center of the screen to change modes), increase\/decrease by 0.1V (Swipe the screen left and right to adjust the voltage by 0.1v), and increase\/decrease by 1V (Touch the icons of red arrows on the screen to adjust the voltage by 1V).<\/p>\n<p>The touch button will be more sensitive than a regular button, automatically locks the screen 3 minutes after powering on, swipe up to deactivate the lock mode.<\/p>\n<p>&nbsp;<\/p>\n<p>&nbsp;<\/p>\n<p>Package includes:<\/p>\n<p>Double battery version: 1 Wireless tattoo machine, 1 additional battery, 1 RCA clip cord, 1 power cord, 1 box with a patented zipper.<\/p>\n<p>&nbsp;<\/p>\n<p>Garancija: 6meseci<\/p>","protected":false},"featured_media":16062,"template":"","meta":[],"product_brand":[],"product_cat":[909],"product_tag":[925],"class_list":{"0":"post-6390","1":"product","2":"type-product","3":"status-publish","4":"has-post-thumbnail","6":"product_cat-ambition","7":"product_tag-ambition","9":"first","10":"instock","11":"taxable","12":"shipping-taxable","13":"purchasable","14":"product-type-simple"},"yoast_head":"<!-- This site is optimized with the Yoast SEO plugin v26.8 - https:\/\/yoast.com\/product\/yoast-seo-wordpress\/ -->\n<title>Ambition Zetton - Black - Tatko Opremovi\u0107<\/title>\n<meta name=\"robots\" content=\"index, follow, max-snippet:-1, max-image-preview:large, max-video-preview:-1\" \/>\n<link rel=\"canonical\" href=\"https:\/\/tatkoopremovic.com\/en\/product\/ambition-zetton-black\/\" \/>\n<meta property=\"og:locale\" content=\"en_GB\" \/>\n<meta property=\"og:type\" content=\"article\" \/>\n<meta property=\"og:title\" content=\"Ambition Zetton - Black - Tatko Opremovi\u0107\" \/>\n<meta property=\"og:description\" content=\"Ambition ma\u0161inica za tetoviranje je napravljena od legure aluminijuma; du\u017eina: 132 mm \/ 5,19 in\u010da, pre\u010dnik: 34 mm \/ 1,33 in\u010da, te\u017eina: 213 g \/ 7,51 oz.  Prenosiv, ima minimalne vibracije, daje tattoo artistu bolju kontrolu i manje zamora.  &nbsp;  Motor bez \u010detkica: Za tetoviranje koji pokrec\u0301e prilago\u0111eni motor bez \u010detkica, motor bez \u010detkica u velikoj meri produ\u017eava radni vek ma\u0161ine i moc\u0301niji je od motora bez jezgra, pogon sa niskim vibracijama i manje buke;  Brzina motora 8V 10000RPM, radni napon 3.7V.  Nizak napon sa vec\u0301om brzinom i obrtnim momentom i lako pokrec\u0301e bilo koju marku kertrid\u017ea igle za tetoviranje.  &nbsp;  \u0160areni ekran prikazuje radni napon ma\u0161ine, preostalu snagu, herc i tajmer.  3 re\u017eima napona: fiksni napon, povec\u0301anje\/smanjenje za 0,1V i povec\u0301anje\/smanjenje za 1V. Kapacitet baterije je 2400 mAh, radni napon je 4,5-12V, jedna baterija mo\u017ee da radi 8 sati na izlaznom naponu od 8V.  Automatski zaklju\u010dajte ekran 3 minuta nakon uklju\u010divanja, prevucite nagore da biste deaktivirali re\u017eim zaklju\u010davanja  &nbsp;  Straight Bar Drive Stroke Cam: Rotaciona ma\u0161ina za tetoviranje opremljena sa 3.5 - 4.0 mm pravolinijskom gredicom, nudi sna\u017eno udaranje, manji otpor, stabilnu apsorpciju boje, brzo bojenje, odli\u010dan i za punjenje boje i za sen\u010denje. Usvaja strukturu pode\u0161avanja rotacije \u010deli\u010dne kuglice za preciznije pode\u0161avanje igle.  Ma\u0161inica za tetoviranje je kompatibilna sa iglama za tetoviranje svih brendova.  &nbsp;  Materijal: legura aluminijuma  Pogon sa ravnom \u0161ipkom: 3.5 - 4.0  Motor: motor bez \u010detkica, ne samo dug \u017eivotni vek, izdr\u017eljiv motor Precizni delovi i profesionalni dizajn Donosi dugove\u010dnost i tih rad  Ma\u0161ina za tetoviranje sa direktnim pogonom  Straight Bar Drive Stroke Cam, nudi sna\u017eno udaranje, manji otpor. Brzina motora: 8V - 10000RPM  Napajanje: 4,5-12 volti; 56-168 Hertz  Ma\u0161inica prikazuje brzinu va\u0161e ma\u0161ine u hercima i voltima. Kada podesite volt, promenic\u0301e se i herc. Hertz vam omoguc\u0301ava da preciznije saznate trenutnu brzinu va\u0161e ma\u0161ine.  Kapacitet jedne baterije: 2400 mAh (4800 mAh za 2 baterije)  Vreme punjenja: oko 2-3 sata  Vreme rada jedne baterije: Vi\u0161e od 8 sati (16 sati za 2 baterije)  Sadr\u017eaj LED displeja: opseg izlaznog napona + radno vreme + potro\u0161nja baterije + Herc  Uputstvo za upotrebu:  - Uklju\u010divanje\/isklju\u010divanje: Pritisnite taster &quot;Ambition&quot; 3 sekunde  - Izlazna pauza \/ nastavak: Pritisnite taster &quot;Ambition&quot; da pauzirate izlaz, a zatim ga ponovo pritisnite da biste nastavili sa izlazom (napon za nastavak je radni napon pre pauze).  - Podesite izlazni napon: 3 re\u017eima napona: fiksni napon (4 memorijska re\u017eima koji odgovaraju 5V\/7V\/9V\/11V Dodirnite sredinu ekrana da biste promenili re\u017eime), povec\u0301ajte\/smanjite za 0,1V (Pomerite ekran levo i desno da podesite napon za 0,1v), i povec\u0301ajte\/smanjite za 1V (Dodirnite ikone crvene strelice na ekranu da biste podesili napon za 1V).  Taster na dodir c\u0301e biti osetljiviji od obi\u010dnog dugmeta, automatski zaklju\u010dava ekran 3 minuta nakon uklju\u010divanja, prevucite nagore da biste deaktivirali re\u017eim zaklju\u010davanja.  &nbsp;  &nbsp;  Paket uklju\u010duje:  Verzija sa dvostrukom baterijom: 1 Ks be\u017ei\u010dna ma\u0161ina za tetoviranje, 1 Ks dodatna baterija, 1 Ks RCA kabl za kop\u010de, 1 Ks kabl za napajanje, 1 Ks kutija sa patent zatvara\u010dem.  &nbsp;  Garancija: 6meseci\" \/>\n<meta property=\"og:url\" content=\"https:\/\/tatkoopremovic.com\/en\/product\/ambition-zetton-black\/\" \/>\n<meta property=\"og:site_name\" content=\"Tatko Opremovi\u0107\" \/>\n<meta property=\"article:modified_time\" content=\"2026-01-28T11:52:11+00:00\" \/>\n<meta property=\"og:image\" content=\"https:\/\/tatkoopremovic.com\/wp-content\/uploads\/2024\/04\/5.jpg\" \/>\n\t<meta property=\"og:image:width\" content=\"1600\" \/>\n\t<meta property=\"og:image:height\" content=\"1600\" \/>\n\t<meta property=\"og:image:type\" content=\"image\/jpeg\" \/>\n<meta name=\"twitter:card\" content=\"summary_large_image\" \/>\n<script type=\"application\/ld+json\" class=\"yoast-schema-graph\">{\"@context\":\"https:\/\/schema.org\",\"@graph\":[{\"@type\":\"WebPage\",\"@id\":\"https:\/\/tatkoopremovic.com\/product\/ambition-zetton-black\/\",\"url\":\"https:\/\/tatkoopremovic.com\/product\/ambition-zetton-black\/\",\"name\":\"Ambition Zetton - Black - Tatko Opremovi\u0107\",\"isPartOf\":{\"@id\":\"https:\/\/tatkoopremovic.com\/#website\"},\"primaryImageOfPage\":{\"@id\":\"https:\/\/tatkoopremovic.com\/product\/ambition-zetton-black\/#primaryimage\"},\"image\":{\"@id\":\"https:\/\/tatkoopremovic.com\/product\/ambition-zetton-black\/#primaryimage\"},\"thumbnailUrl\":\"https:\/\/tatkoopremovic.com\/wp-content\/uploads\/2024\/04\/5.jpg\",\"datePublished\":\"2024-04-18T07:25:54+00:00\",\"dateModified\":\"2026-01-28T11:52:11+00:00\",\"breadcrumb\":{\"@id\":\"https:\/\/tatkoopremovic.com\/product\/ambition-zetton-black\/#breadcrumb\"},\"inLanguage\":\"en-GB\",\"potentialAction\":[{\"@type\":\"ReadAction\",\"target\":[\"https:\/\/tatkoopremovic.com\/product\/ambition-zetton-black\/\"]}]},{\"@type\":\"ImageObject\",\"inLanguage\":\"en-GB\",\"@id\":\"https:\/\/tatkoopremovic.com\/product\/ambition-zetton-black\/#primaryimage\",\"url\":\"https:\/\/tatkoopremovic.com\/wp-content\/uploads\/2024\/04\/5.jpg\",\"contentUrl\":\"https:\/\/tatkoopremovic.com\/wp-content\/uploads\/2024\/04\/5.jpg\",\"width\":1600,\"height\":1600},{\"@type\":\"BreadcrumbList\",\"@id\":\"https:\/\/tatkoopremovic.com\/product\/ambition-zetton-black\/#breadcrumb\",\"itemListElement\":[{\"@type\":\"ListItem\",\"position\":1,\"name\":\"Home\",\"item\":\"https:\/\/tatkoopremovic.com\/\"},{\"@type\":\"ListItem\",\"position\":2,\"name\":\"Shop\",\"item\":\"https:\/\/tatkoopremovic.com\/shop\/\"},{\"@type\":\"ListItem\",\"position\":3,\"name\":\"Ambition Zetton &#8211; Black\"}]},{\"@type\":\"WebSite\",\"@id\":\"https:\/\/tatkoopremovic.com\/#website\",\"url\":\"https:\/\/tatkoopremovic.com\/\",\"name\":\"Tatko Opremovi\u0107\",\"description\":\"Tattoo Oprema\",\"potentialAction\":[{\"@type\":\"SearchAction\",\"target\":{\"@type\":\"EntryPoint\",\"urlTemplate\":\"https:\/\/tatkoopremovic.com\/?s={search_term_string}\"},\"query-input\":{\"@type\":\"PropertyValueSpecification\",\"valueRequired\":true,\"valueName\":\"search_term_string\"}}],\"inLanguage\":\"en-GB\"}]}<\/script>\n<!-- \/ Yoast SEO plugin. -->","yoast_head_json":{"title":"Ambition Zetton - Black - Tatko Opremovi\u0107","robots":{"index":"index","follow":"follow","max-snippet":"max-snippet:-1","max-image-preview":"max-image-preview:large","max-video-preview":"max-video-preview:-1"},"canonical":"https:\/\/tatkoopremovic.com\/en\/product\/ambition-zetton-black\/","og_locale":"en_GB","og_type":"article","og_title":"Ambition Zetton - Black - Tatko Opremovi\u0107","og_description":"Ambition ma\u0161inica za tetoviranje je napravljena od legure aluminijuma; du\u017eina: 132 mm \/ 5,19 in\u010da, pre\u010dnik: 34 mm \/ 1,33 in\u010da, te\u017eina: 213 g \/ 7,51 oz.  Prenosiv, ima minimalne vibracije, daje tattoo artistu bolju kontrolu i manje zamora.  &nbsp;  Motor bez \u010detkica: Za tetoviranje koji pokrec\u0301e prilago\u0111eni motor bez \u010detkica, motor bez \u010detkica u velikoj meri produ\u017eava radni vek ma\u0161ine i moc\u0301niji je od motora bez jezgra, pogon sa niskim vibracijama i manje buke;  Brzina motora 8V 10000RPM, radni napon 3.7V.  Nizak napon sa vec\u0301om brzinom i obrtnim momentom i lako pokrec\u0301e bilo koju marku kertrid\u017ea igle za tetoviranje.  &nbsp;  \u0160areni ekran prikazuje radni napon ma\u0161ine, preostalu snagu, herc i tajmer.  3 re\u017eima napona: fiksni napon, povec\u0301anje\/smanjenje za 0,1V i povec\u0301anje\/smanjenje za 1V. Kapacitet baterije je 2400 mAh, radni napon je 4,5-12V, jedna baterija mo\u017ee da radi 8 sati na izlaznom naponu od 8V.  Automatski zaklju\u010dajte ekran 3 minuta nakon uklju\u010divanja, prevucite nagore da biste deaktivirali re\u017eim zaklju\u010davanja  &nbsp;  Straight Bar Drive Stroke Cam: Rotaciona ma\u0161ina za tetoviranje opremljena sa 3.5 - 4.0 mm pravolinijskom gredicom, nudi sna\u017eno udaranje, manji otpor, stabilnu apsorpciju boje, brzo bojenje, odli\u010dan i za punjenje boje i za sen\u010denje. Usvaja strukturu pode\u0161avanja rotacije \u010deli\u010dne kuglice za preciznije pode\u0161avanje igle.  Ma\u0161inica za tetoviranje je kompatibilna sa iglama za tetoviranje svih brendova.  &nbsp;  Materijal: legura aluminijuma  Pogon sa ravnom \u0161ipkom: 3.5 - 4.0  Motor: motor bez \u010detkica, ne samo dug \u017eivotni vek, izdr\u017eljiv motor Precizni delovi i profesionalni dizajn Donosi dugove\u010dnost i tih rad  Ma\u0161ina za tetoviranje sa direktnim pogonom  Straight Bar Drive Stroke Cam, nudi sna\u017eno udaranje, manji otpor. Brzina motora: 8V - 10000RPM  Napajanje: 4,5-12 volti; 56-168 Hertz  Ma\u0161inica prikazuje brzinu va\u0161e ma\u0161ine u hercima i voltima. Kada podesite volt, promenic\u0301e se i herc. Hertz vam omoguc\u0301ava da preciznije saznate trenutnu brzinu va\u0161e ma\u0161ine.  Kapacitet jedne baterije: 2400 mAh (4800 mAh za 2 baterije)  Vreme punjenja: oko 2-3 sata  Vreme rada jedne baterije: Vi\u0161e od 8 sati (16 sati za 2 baterije)  Sadr\u017eaj LED displeja: opseg izlaznog napona + radno vreme + potro\u0161nja baterije + Herc  Uputstvo za upotrebu:  - Uklju\u010divanje\/isklju\u010divanje: Pritisnite taster \"Ambition\" 3 sekunde  - Izlazna pauza \/ nastavak: Pritisnite taster \"Ambition\" da pauzirate izlaz, a zatim ga ponovo pritisnite da biste nastavili sa izlazom (napon za nastavak je radni napon pre pauze).  - Podesite izlazni napon: 3 re\u017eima napona: fiksni napon (4 memorijska re\u017eima koji odgovaraju 5V\/7V\/9V\/11V Dodirnite sredinu ekrana da biste promenili re\u017eime), povec\u0301ajte\/smanjite za 0,1V (Pomerite ekran levo i desno da podesite napon za 0,1v), i povec\u0301ajte\/smanjite za 1V (Dodirnite ikone crvene strelice na ekranu da biste podesili napon za 1V).  Taster na dodir c\u0301e biti osetljiviji od obi\u010dnog dugmeta, automatski zaklju\u010dava ekran 3 minuta nakon uklju\u010divanja, prevucite nagore da biste deaktivirali re\u017eim zaklju\u010davanja.  &nbsp;  &nbsp;  Paket uklju\u010duje:  Verzija sa dvostrukom baterijom: 1 Ks be\u017ei\u010dna ma\u0161ina za tetoviranje, 1 Ks dodatna baterija, 1 Ks RCA kabl za kop\u010de, 1 Ks kabl za napajanje, 1 Ks kutija sa patent zatvara\u010dem.  &nbsp;  Garancija: 6meseci","og_url":"https:\/\/tatkoopremovic.com\/en\/product\/ambition-zetton-black\/","og_site_name":"Tatko Opremovi\u0107","article_modified_time":"2026-01-28T11:52:11+00:00","og_image":[{"width":1600,"height":1600,"url":"https:\/\/tatkoopremovic.com\/wp-content\/uploads\/2024\/04\/5.jpg","type":"image\/jpeg"}],"twitter_card":"summary_large_image","schema":{"@context":"https:\/\/schema.org","@graph":[{"@type":"WebPage","@id":"https:\/\/tatkoopremovic.com\/product\/ambition-zetton-black\/","url":"https:\/\/tatkoopremovic.com\/product\/ambition-zetton-black\/","name":"Ambition Zetton - Black - Tatko Opremovi\u0107","isPartOf":{"@id":"https:\/\/tatkoopremovic.com\/#website"},"primaryImageOfPage":{"@id":"https:\/\/tatkoopremovic.com\/product\/ambition-zetton-black\/#primaryimage"},"image":{"@id":"https:\/\/tatkoopremovic.com\/product\/ambition-zetton-black\/#primaryimage"},"thumbnailUrl":"https:\/\/tatkoopremovic.com\/wp-content\/uploads\/2024\/04\/5.jpg","datePublished":"2024-04-18T07:25:54+00:00","dateModified":"2026-01-28T11:52:11+00:00","breadcrumb":{"@id":"https:\/\/tatkoopremovic.com\/product\/ambition-zetton-black\/#breadcrumb"},"inLanguage":"en-GB","potentialAction":[{"@type":"ReadAction","target":["https:\/\/tatkoopremovic.com\/product\/ambition-zetton-black\/"]}]},{"@type":"ImageObject","inLanguage":"en-GB","@id":"https:\/\/tatkoopremovic.com\/product\/ambition-zetton-black\/#primaryimage","url":"https:\/\/tatkoopremovic.com\/wp-content\/uploads\/2024\/04\/5.jpg","contentUrl":"https:\/\/tatkoopremovic.com\/wp-content\/uploads\/2024\/04\/5.jpg","width":1600,"height":1600},{"@type":"BreadcrumbList","@id":"https:\/\/tatkoopremovic.com\/product\/ambition-zetton-black\/#breadcrumb","itemListElement":[{"@type":"ListItem","position":1,"name":"Home","item":"https:\/\/tatkoopremovic.com\/"},{"@type":"ListItem","position":2,"name":"Shop","item":"https:\/\/tatkoopremovic.com\/shop\/"},{"@type":"ListItem","position":3,"name":"Ambition Zetton &#8211; Black"}]},{"@type":"WebSite","@id":"https:\/\/tatkoopremovic.com\/#website","url":"https:\/\/tatkoopremovic.com\/","name":"Tatko Opremovi\u0107","description":"Tattoo Oprema","potentialAction":[{"@type":"SearchAction","target":{"@type":"EntryPoint","urlTemplate":"https:\/\/tatkoopremovic.com\/?s={search_term_string}"},"query-input":{"@type":"PropertyValueSpecification","valueRequired":true,"valueName":"search_term_string"}}],"inLanguage":"en-GB"}]}},"_links":{"self":[{"href":"https:\/\/tatkoopremovic.com\/en\/wp-json\/wp\/v2\/product\/6390","targetHints":{"allow":["GET"]}}],"collection":[{"href":"https:\/\/tatkoopremovic.com\/en\/wp-json\/wp\/v2\/product"}],"about":[{"href":"https:\/\/tatkoopremovic.com\/en\/wp-json\/wp\/v2\/types\/product"}],"wp:featuredmedia":[{"embeddable":true,"href":"https:\/\/tatkoopremovic.com\/en\/wp-json\/wp\/v2\/media\/16062"}],"wp:attachment":[{"href":"https:\/\/tatkoopremovic.com\/en\/wp-json\/wp\/v2\/media?parent=6390"}],"wp:term":[{"taxonomy":"product_brand","embeddable":true,"href":"https:\/\/tatkoopremovic.com\/en\/wp-json\/wp\/v2\/product_brand?post=6390"},{"taxonomy":"product_cat","embeddable":true,"href":"https:\/\/tatkoopremovic.com\/en\/wp-json\/wp\/v2\/product_cat?post=6390"},{"taxonomy":"product_tag","embeddable":true,"href":"https:\/\/tatkoopremovic.com\/en\/wp-json\/wp\/v2\/product_tag?post=6390"}],"curies":[{"name":"wp","href":"https:\/\/api.w.org\/{rel}","templated":true}]}}