{"id":6411,"date":"2024-04-18T07:42:29","date_gmt":"2024-04-18T07:42:29","guid":{"rendered":"https:\/\/tatkoopremovic.com\/?post_type=product&#038;p=6411"},"modified":"2026-04-22T12:31:38","modified_gmt":"2026-04-22T12:31:38","slug":"ambition-soldier-black","status":"publish","type":"product","link":"https:\/\/tatkoopremovic.com\/en\/product\/ambition-soldier-black\/","title":{"rendered":"Ambition Soldier &#8211; Black"},"content":{"rendered":"","protected":false},"excerpt":{"rendered":"<p>Ambition Solder machine with a coreless Japanese motor, wireless power supply, digital LED display.<\/p>\n<p>&nbsp;<\/p>\n<p>Material: Space-grade aluminum alloy<\/p>\n<p>Needle stroke: 4.0 mm<\/p>\n<p>Motor: Coreless Japanese motor<\/p>\n<p>Motor speed: 10V - 9000RPM<\/p>\n<p>Battery capacity: 2400mAh, built-in 3k 800mAh lithium battery<\/p>\n<p>Charging time: 2-3 hours<\/p>\n<p>Working time: Under normal voltage of 8V, stable voltage condition can last more than 10 hours<\/p>\n<p>Output fixed current: 1A<\/p>\n<p>Working voltage: 3.7V<\/p>\n<p>Output voltage: 5V-12V<\/p>\n<p>LED display content: output voltage range + battery consumption + working time<\/p>\n<p>&nbsp;<\/p>\n<p>User manual<\/p>\n<p>- POWER ON\/OFF: Long press the \"O\" button for 3 seconds<\/p>\n<p>- Output pause\/resume: Short press the \"O\" button to pause the output, and short press again to resume the output (the voltage for resumption is the working voltage before the pause).<\/p>\n<p>- Adjust the output voltage: Press the \"+\" or \"-\" button to adjust the output voltage. The voltage can be adjusted via the (+) and (-) buttons with a voltage increment of 0.1V with each press.<\/p>\n<p>- Working time: The working time can be accurate to the minute. When the power is turned off, the time will be erased. When the output is paused, it will also stop counting.<\/p>\n<p>Power: The LED screen will display the remaining power, and full power will display 4 divisions. Fast charging via the appropriate USB data cable that supports fast charging usually can be fully charged in 1.5-2 hours.<\/p>\n<p>&nbsp;<\/p>\n<p>Length: 148 mm, Weight: 210 g.<\/p>\n<p>Easy to disassemble, maintain, and replace spare parts.<\/p>\n<p>About the motor: Ambition rotary battery tattoo machine built into a Japanese wireless motor, 10V - 9000rpm.<\/p>\n<p>About the battery: The capacity of one battery is 2400mAh, built-in 3k800mAh lithium battery. It can support long-lasting tattoo work, stable needle output.<\/p>\n<p>Wide applications: Compatible with all types of cartridge needles.<\/p>\n<p>&nbsp;<\/p>\n<p>Package includes: Ambition tattoo machine with rotary batteries included, 4.0 mm eccentric wheel, 1 RCA adapter, 1 USB fast charging cable, 1 box.<\/p>\n<p>&nbsp;<\/p>\n<p>Garancija: 6meseci<\/p>","protected":false},"featured_media":6412,"template":"","meta":[],"product_brand":[],"product_cat":[909],"product_tag":[925],"class_list":{"0":"post-6411","1":"product","2":"type-product","3":"status-publish","4":"has-post-thumbnail","6":"product_cat-ambition","7":"product_tag-ambition","9":"first","10":"instock","11":"taxable","12":"shipping-taxable","13":"purchasable","14":"product-type-simple"},"yoast_head":"<!-- This site is optimized with the Yoast SEO plugin v26.8 - https:\/\/yoast.com\/product\/yoast-seo-wordpress\/ -->\n<title>Ambition Soldier - Black - Tatko Opremovi\u0107<\/title>\n<meta name=\"robots\" content=\"index, follow, max-snippet:-1, max-image-preview:large, max-video-preview:-1\" \/>\n<link rel=\"canonical\" href=\"https:\/\/tatkoopremovic.com\/en\/product\/ambition-soldier-black\/\" \/>\n<meta property=\"og:locale\" content=\"en_GB\" \/>\n<meta property=\"og:type\" content=\"article\" \/>\n<meta property=\"og:title\" content=\"Ambition Soldier - Black - Tatko Opremovi\u0107\" \/>\n<meta property=\"og:description\" content=\"Ambition Solder ma\u0161inica sa japanskim motorom bez jezgra, be\u017ei\u010dno napajanje, digitalni LED ekran.  &nbsp;  Materijal: svemirska legura aluminijuma  Hod igle: 4,0 mm  Motor: Japanski motor bez jezgre  Brzina motora: 10V - 9000RPM  Kapacitet baterije: 2400mAh, ugra\u0111ena 3k 800mAh litijumska baterija  Vreme punjenja: 2-3 sata  Vreme rada: Pod normalnim naponom od 8V, stabilno stanje napona mo\u017ee trajati vi\u0161e od 10 sati  Izlazna fiksna struja: 1A  Radni napon: 3.7V  Izlazni napon: 5V-12V  Sadr\u017eaj LED displeja: opseg izlaznog napona + potro\u0161nja baterije + vreme rada  &nbsp;  Uputstvo za upotrebu:  - UKLJU\u010cIVANJE\/ISKLJU\u010cIVANJE: Dugo pritisnite taster &quot;O&quot; u trajanju od 3 sekunde  - Izlazna pauza \/ nastavak: Kratko pritisnite taster &quot;O&quot; da biste pauzirali izlaz, a kratko pritisnite ponovo da biste nastavili izlaz (napon za nastavak je radni napon pre pauze).  - Podesite izlazni napon: Pritisnite taster &quot;+&quot; ili &quot;-&quot; da biste podesili izlazni napon. Napon se mo\u017ee podesiti preko dugmeta (+) i (-) sa naponom od 0,1 V pri svakom pritisku.  - Radno vreme: Radno vreme mo\u017ee biti ta\u010dno u minutima. Kada se napajanje isklju\u010di, vreme c\u0301e biti obrisano. Kada je izlaz pauziran, on c\u0301e tako\u0111e prestati da broji.  Snaga: LED ekran c\u0301e prikazati preostalu snagu, a puna snaga c\u0301e prikazati 4 podele. Brzo punjenje preko odgovarajuc\u0301eg USB kabla za prenos podataka koji se brzo puni obi\u010dno se mo\u017ee potpuno napuniti za 1,5-2 sata.  &nbsp;  Du\u017eina: 148 mm, Te\u017eina: 210 g.  Laka za rastavljanje, odr\u017eavanje i zamenu rezervnih delova.  O motoru: Ambition rotaciona baterija ma\u0161inica za tetoviranje ugra\u0111ena u japanski be\u017ei\u010dni motor, 10V - 9000rpm.  O bateriji: Kapacitet jedne baterije je 2400mAh, ugra\u0111ena litijumska baterija od 3k800mAh. Mo\u017ee podr\u017eati dugotrajan rad na tetoviranju, stabilan izlaz igle.  \u0160iroke primene: Kompatibilna sa svim vrstama igala za kertrid\u017ee.  &nbsp;  Paket uklju\u010duje: Ambition ma\u0161ina za tetoviranje sa rotirajuc\u0301im baterijama uklju\u010duje, 4,0 mm ekscentri\u010dni to\u010dak, 1 kom RCA adapter, 1 kom USB kabl za brzo punjenje, 1 kom kutiju.  &nbsp;  Garancija: 6meseci\" \/>\n<meta property=\"og:url\" content=\"https:\/\/tatkoopremovic.com\/en\/product\/ambition-soldier-black\/\" \/>\n<meta property=\"og:site_name\" content=\"Tatko Opremovi\u0107\" \/>\n<meta property=\"article:modified_time\" content=\"2026-04-22T12:31:38+00:00\" \/>\n<meta property=\"og:image\" content=\"https:\/\/tatkoopremovic.com\/wp-content\/uploads\/2024\/04\/51qbmveqmwl._sl1000__4.jpg\" \/>\n\t<meta property=\"og:image:width\" content=\"1000\" \/>\n\t<meta property=\"og:image:height\" content=\"1000\" \/>\n\t<meta property=\"og:image:type\" content=\"image\/jpeg\" \/>\n<meta name=\"twitter:card\" content=\"summary_large_image\" \/>\n<script type=\"application\/ld+json\" class=\"yoast-schema-graph\">{\"@context\":\"https:\/\/schema.org\",\"@graph\":[{\"@type\":\"WebPage\",\"@id\":\"https:\/\/tatkoopremovic.com\/product\/ambition-soldier-black\/\",\"url\":\"https:\/\/tatkoopremovic.com\/product\/ambition-soldier-black\/\",\"name\":\"Ambition Soldier - Black - Tatko Opremovi\u0107\",\"isPartOf\":{\"@id\":\"https:\/\/tatkoopremovic.com\/#website\"},\"primaryImageOfPage\":{\"@id\":\"https:\/\/tatkoopremovic.com\/product\/ambition-soldier-black\/#primaryimage\"},\"image\":{\"@id\":\"https:\/\/tatkoopremovic.com\/product\/ambition-soldier-black\/#primaryimage\"},\"thumbnailUrl\":\"https:\/\/tatkoopremovic.com\/wp-content\/uploads\/2024\/04\/51qbmveqmwl._sl1000__4.jpg\",\"datePublished\":\"2024-04-18T07:42:29+00:00\",\"dateModified\":\"2026-04-22T12:31:38+00:00\",\"breadcrumb\":{\"@id\":\"https:\/\/tatkoopremovic.com\/product\/ambition-soldier-black\/#breadcrumb\"},\"inLanguage\":\"en-GB\",\"potentialAction\":[{\"@type\":\"ReadAction\",\"target\":[\"https:\/\/tatkoopremovic.com\/product\/ambition-soldier-black\/\"]}]},{\"@type\":\"ImageObject\",\"inLanguage\":\"en-GB\",\"@id\":\"https:\/\/tatkoopremovic.com\/product\/ambition-soldier-black\/#primaryimage\",\"url\":\"https:\/\/tatkoopremovic.com\/wp-content\/uploads\/2024\/04\/51qbmveqmwl._sl1000__4.jpg\",\"contentUrl\":\"https:\/\/tatkoopremovic.com\/wp-content\/uploads\/2024\/04\/51qbmveqmwl._sl1000__4.jpg\",\"width\":1000,\"height\":1000},{\"@type\":\"BreadcrumbList\",\"@id\":\"https:\/\/tatkoopremovic.com\/product\/ambition-soldier-black\/#breadcrumb\",\"itemListElement\":[{\"@type\":\"ListItem\",\"position\":1,\"name\":\"Home\",\"item\":\"https:\/\/tatkoopremovic.com\/\"},{\"@type\":\"ListItem\",\"position\":2,\"name\":\"Shop\",\"item\":\"https:\/\/tatkoopremovic.com\/shop\/\"},{\"@type\":\"ListItem\",\"position\":3,\"name\":\"Ambition Soldier &#8211; Black\"}]},{\"@type\":\"WebSite\",\"@id\":\"https:\/\/tatkoopremovic.com\/#website\",\"url\":\"https:\/\/tatkoopremovic.com\/\",\"name\":\"Tatko Opremovi\u0107\",\"description\":\"Tattoo Oprema\",\"potentialAction\":[{\"@type\":\"SearchAction\",\"target\":{\"@type\":\"EntryPoint\",\"urlTemplate\":\"https:\/\/tatkoopremovic.com\/?s={search_term_string}\"},\"query-input\":{\"@type\":\"PropertyValueSpecification\",\"valueRequired\":true,\"valueName\":\"search_term_string\"}}],\"inLanguage\":\"en-GB\"}]}<\/script>\n<!-- \/ Yoast SEO plugin. -->","yoast_head_json":{"title":"Ambition Soldier - Black - Tatko Opremovi\u0107","robots":{"index":"index","follow":"follow","max-snippet":"max-snippet:-1","max-image-preview":"max-image-preview:large","max-video-preview":"max-video-preview:-1"},"canonical":"https:\/\/tatkoopremovic.com\/en\/product\/ambition-soldier-black\/","og_locale":"en_GB","og_type":"article","og_title":"Ambition Soldier - Black - Tatko Opremovi\u0107","og_description":"Ambition Solder ma\u0161inica sa japanskim motorom bez jezgra, be\u017ei\u010dno napajanje, digitalni LED ekran.  &nbsp;  Materijal: svemirska legura aluminijuma  Hod igle: 4,0 mm  Motor: Japanski motor bez jezgre  Brzina motora: 10V - 9000RPM  Kapacitet baterije: 2400mAh, ugra\u0111ena 3k 800mAh litijumska baterija  Vreme punjenja: 2-3 sata  Vreme rada: Pod normalnim naponom od 8V, stabilno stanje napona mo\u017ee trajati vi\u0161e od 10 sati  Izlazna fiksna struja: 1A  Radni napon: 3.7V  Izlazni napon: 5V-12V  Sadr\u017eaj LED displeja: opseg izlaznog napona + potro\u0161nja baterije + vreme rada  &nbsp;  Uputstvo za upotrebu:  - UKLJU\u010cIVANJE\/ISKLJU\u010cIVANJE: Dugo pritisnite taster \"O\" u trajanju od 3 sekunde  - Izlazna pauza \/ nastavak: Kratko pritisnite taster \"O\" da biste pauzirali izlaz, a kratko pritisnite ponovo da biste nastavili izlaz (napon za nastavak je radni napon pre pauze).  - Podesite izlazni napon: Pritisnite taster \"+\" ili \"-\" da biste podesili izlazni napon. Napon se mo\u017ee podesiti preko dugmeta (+) i (-) sa naponom od 0,1 V pri svakom pritisku.  - Radno vreme: Radno vreme mo\u017ee biti ta\u010dno u minutima. Kada se napajanje isklju\u010di, vreme c\u0301e biti obrisano. Kada je izlaz pauziran, on c\u0301e tako\u0111e prestati da broji.  Snaga: LED ekran c\u0301e prikazati preostalu snagu, a puna snaga c\u0301e prikazati 4 podele. Brzo punjenje preko odgovarajuc\u0301eg USB kabla za prenos podataka koji se brzo puni obi\u010dno se mo\u017ee potpuno napuniti za 1,5-2 sata.  &nbsp;  Du\u017eina: 148 mm, Te\u017eina: 210 g.  Laka za rastavljanje, odr\u017eavanje i zamenu rezervnih delova.  O motoru: Ambition rotaciona baterija ma\u0161inica za tetoviranje ugra\u0111ena u japanski be\u017ei\u010dni motor, 10V - 9000rpm.  O bateriji: Kapacitet jedne baterije je 2400mAh, ugra\u0111ena litijumska baterija od 3k800mAh. Mo\u017ee podr\u017eati dugotrajan rad na tetoviranju, stabilan izlaz igle.  \u0160iroke primene: Kompatibilna sa svim vrstama igala za kertrid\u017ee.  &nbsp;  Paket uklju\u010duje: Ambition ma\u0161ina za tetoviranje sa rotirajuc\u0301im baterijama uklju\u010duje, 4,0 mm ekscentri\u010dni to\u010dak, 1 kom RCA adapter, 1 kom USB kabl za brzo punjenje, 1 kom kutiju.  &nbsp;  Garancija: 6meseci","og_url":"https:\/\/tatkoopremovic.com\/en\/product\/ambition-soldier-black\/","og_site_name":"Tatko Opremovi\u0107","article_modified_time":"2026-04-22T12:31:38+00:00","og_image":[{"width":1000,"height":1000,"url":"https:\/\/tatkoopremovic.com\/wp-content\/uploads\/2024\/04\/51qbmveqmwl._sl1000__4.jpg","type":"image\/jpeg"}],"twitter_card":"summary_large_image","schema":{"@context":"https:\/\/schema.org","@graph":[{"@type":"WebPage","@id":"https:\/\/tatkoopremovic.com\/product\/ambition-soldier-black\/","url":"https:\/\/tatkoopremovic.com\/product\/ambition-soldier-black\/","name":"Ambition Soldier - Black - Tatko Opremovi\u0107","isPartOf":{"@id":"https:\/\/tatkoopremovic.com\/#website"},"primaryImageOfPage":{"@id":"https:\/\/tatkoopremovic.com\/product\/ambition-soldier-black\/#primaryimage"},"image":{"@id":"https:\/\/tatkoopremovic.com\/product\/ambition-soldier-black\/#primaryimage"},"thumbnailUrl":"https:\/\/tatkoopremovic.com\/wp-content\/uploads\/2024\/04\/51qbmveqmwl._sl1000__4.jpg","datePublished":"2024-04-18T07:42:29+00:00","dateModified":"2026-04-22T12:31:38+00:00","breadcrumb":{"@id":"https:\/\/tatkoopremovic.com\/product\/ambition-soldier-black\/#breadcrumb"},"inLanguage":"en-GB","potentialAction":[{"@type":"ReadAction","target":["https:\/\/tatkoopremovic.com\/product\/ambition-soldier-black\/"]}]},{"@type":"ImageObject","inLanguage":"en-GB","@id":"https:\/\/tatkoopremovic.com\/product\/ambition-soldier-black\/#primaryimage","url":"https:\/\/tatkoopremovic.com\/wp-content\/uploads\/2024\/04\/51qbmveqmwl._sl1000__4.jpg","contentUrl":"https:\/\/tatkoopremovic.com\/wp-content\/uploads\/2024\/04\/51qbmveqmwl._sl1000__4.jpg","width":1000,"height":1000},{"@type":"BreadcrumbList","@id":"https:\/\/tatkoopremovic.com\/product\/ambition-soldier-black\/#breadcrumb","itemListElement":[{"@type":"ListItem","position":1,"name":"Home","item":"https:\/\/tatkoopremovic.com\/"},{"@type":"ListItem","position":2,"name":"Shop","item":"https:\/\/tatkoopremovic.com\/shop\/"},{"@type":"ListItem","position":3,"name":"Ambition Soldier &#8211; Black"}]},{"@type":"WebSite","@id":"https:\/\/tatkoopremovic.com\/#website","url":"https:\/\/tatkoopremovic.com\/","name":"Tatko Opremovi\u0107","description":"Tattoo Oprema","potentialAction":[{"@type":"SearchAction","target":{"@type":"EntryPoint","urlTemplate":"https:\/\/tatkoopremovic.com\/?s={search_term_string}"},"query-input":{"@type":"PropertyValueSpecification","valueRequired":true,"valueName":"search_term_string"}}],"inLanguage":"en-GB"}]}},"_links":{"self":[{"href":"https:\/\/tatkoopremovic.com\/en\/wp-json\/wp\/v2\/product\/6411","targetHints":{"allow":["GET"]}}],"collection":[{"href":"https:\/\/tatkoopremovic.com\/en\/wp-json\/wp\/v2\/product"}],"about":[{"href":"https:\/\/tatkoopremovic.com\/en\/wp-json\/wp\/v2\/types\/product"}],"wp:featuredmedia":[{"embeddable":true,"href":"https:\/\/tatkoopremovic.com\/en\/wp-json\/wp\/v2\/media\/6412"}],"wp:attachment":[{"href":"https:\/\/tatkoopremovic.com\/en\/wp-json\/wp\/v2\/media?parent=6411"}],"wp:term":[{"taxonomy":"product_brand","embeddable":true,"href":"https:\/\/tatkoopremovic.com\/en\/wp-json\/wp\/v2\/product_brand?post=6411"},{"taxonomy":"product_cat","embeddable":true,"href":"https:\/\/tatkoopremovic.com\/en\/wp-json\/wp\/v2\/product_cat?post=6411"},{"taxonomy":"product_tag","embeddable":true,"href":"https:\/\/tatkoopremovic.com\/en\/wp-json\/wp\/v2\/product_tag?post=6411"}],"curies":[{"name":"wp","href":"https:\/\/api.w.org\/{rel}","templated":true}]}}