{"id":690,"date":"2022-09-02T08:44:03","date_gmt":"2022-09-02T08:44:03","guid":{"rendered":"https:\/\/tatkoopremovic.com\/?post_type=product&#038;p=690"},"modified":"2025-10-05T08:45:35","modified_gmt":"2025-10-05T08:45:35","slug":"nocturnal-ink-full-set","status":"publish","type":"product","link":"https:\/\/tatkoopremovic.com\/en\/product\/nocturnal-ink-full-set\/","title":{"rendered":"Nocturnal Ink Full Set"},"content":{"rendered":"<p>Specijalna me\u0161avina mastila za tetoviranje koju su kreirali<br \/>\nsvetski poznati tattoo umetnici Franko Viscovi i Jack Rudi.<\/p>\n<p>Zajedno su radili na obezbe\u0111ivanju linije mastila koja se preformira poput mastila za crtanje<br \/>\nkoje se koriste u industriji imajuc\u0301i na umu jednu va\u017enu stvar:<br \/>\novo mastilo je zapravo napravljeno za tetoviranje.<br \/>\nSa istom te\u010dno\u0161c\u0301u kao i mastila za crtanje, noc\u0301na mastila za tetoviranje su tamnija, a nijansa jo\u0161 glatkija.<br \/>\nU ovom mastilu se ne koriste jaki hemijski rastvara\u010di.<br \/>\nNocturnal Ink proizvodi Eternal Ink.<\/p>\n<p>Set sadr\u017ei 6 boja od 30ml.<\/p>","protected":false},"excerpt":{"rendered":"<p>Specijalna me\u0161avina mastila za tetoviranje koju su kreirali<br \/>\nsvetski poznati tattoo umetnici Franko Viscovi i Jack Rudi.<\/p>\n<p>Zajedno su radili na obezbe\u0111ivanju linije mastila koja se preformira poput mastila za crtanje<br \/>\nkoje se koriste u industriji imajuc\u0301i na umu jednu va\u017enu stvar:<br \/>\novo mastilo je zapravo napravljeno za tetoviranje.<br \/>\nSa istom te\u010dno\u0161c\u0301u kao i mastila za crtanje, noc\u0301na mastila za tetoviranje su tamnija, a nijansa jo\u0161 glatkija.<br \/>\nU ovom mastilu se ne koriste jaki hemijski rastvara\u010di.<br \/>\nNocturnal Ink proizvodi Eternal Ink.<\/p>\n<p>Set sadr\u017ei 6 boja od 30ml.<\/p>","protected":false},"featured_media":691,"template":"","meta":[],"product_brand":[],"product_cat":[973,629,35],"product_tag":[535,966],"class_list":{"0":"post-690","1":"product","2":"type-product","3":"status-publish","4":"has-post-thumbnail","6":"product_cat-popusti","7":"product_cat-color-et","8":"product_cat-setovi","9":"product_tag-eternal","10":"product_tag-eternal-set","12":"first","13":"outofstock","14":"sale","15":"taxable","16":"shipping-taxable","17":"purchasable","18":"product-type-simple"},"yoast_head":"<!-- This site is optimized with the Yoast SEO plugin v26.8 - https:\/\/yoast.com\/product\/yoast-seo-wordpress\/ -->\n<title>Nocturnal Ink Full Set - Tatko Opremovi\u0107<\/title>\n<meta name=\"robots\" content=\"index, follow, max-snippet:-1, max-image-preview:large, max-video-preview:-1\" \/>\n<link rel=\"canonical\" href=\"https:\/\/tatkoopremovic.com\/en\/product\/nocturnal-ink-full-set\/\" \/>\n<meta property=\"og:locale\" content=\"en_GB\" \/>\n<meta property=\"og:type\" content=\"article\" \/>\n<meta property=\"og:title\" content=\"Nocturnal Ink Full Set - Tatko Opremovi\u0107\" \/>\n<meta property=\"og:description\" content=\"Specijalna me\u0161avina mastila za tetoviranje koju su kreirali svetski poznati tattoo umetnici Franko Viscovi i Jack Rudi.  Zajedno su radili na obezbe\u0111ivanju linije mastila koja se preformira poput mastila za crtanje koje se koriste u industriji imajuc\u0301i na umu jednu va\u017enu stvar: ovo mastilo je zapravo napravljeno za tetoviranje. Sa istom te\u010dno\u0161c\u0301u kao i mastila za crtanje, noc\u0301na mastila za tetoviranje su tamnija, a nijansa jo\u0161 glatkija. U ovom mastilu se ne koriste jaki hemijski rastvara\u010di. Nocturnal Ink proizvodi Eternal Ink.  Set sadr\u017ei 6 boja od 30ml.\" \/>\n<meta property=\"og:url\" content=\"https:\/\/tatkoopremovic.com\/en\/product\/nocturnal-ink-full-set\/\" \/>\n<meta property=\"og:site_name\" content=\"Tatko Opremovi\u0107\" \/>\n<meta property=\"article:modified_time\" content=\"2025-10-05T08:45:35+00:00\" \/>\n<meta property=\"og:image\" content=\"https:\/\/tatkoopremovic.com\/wp-content\/uploads\/2022\/09\/Nocturnal_Set.jpg\" \/>\n\t<meta property=\"og:image:width\" content=\"897\" \/>\n\t<meta property=\"og:image:height\" content=\"600\" \/>\n\t<meta property=\"og:image:type\" content=\"image\/jpeg\" \/>\n<meta name=\"twitter:card\" content=\"summary_large_image\" \/>\n<script type=\"application\/ld+json\" class=\"yoast-schema-graph\">{\"@context\":\"https:\/\/schema.org\",\"@graph\":[{\"@type\":\"WebPage\",\"@id\":\"https:\/\/tatkoopremovic.com\/product\/nocturnal-ink-full-set\/\",\"url\":\"https:\/\/tatkoopremovic.com\/product\/nocturnal-ink-full-set\/\",\"name\":\"Nocturnal Ink Full Set - Tatko Opremovi\u0107\",\"isPartOf\":{\"@id\":\"https:\/\/tatkoopremovic.com\/#website\"},\"primaryImageOfPage\":{\"@id\":\"https:\/\/tatkoopremovic.com\/product\/nocturnal-ink-full-set\/#primaryimage\"},\"image\":{\"@id\":\"https:\/\/tatkoopremovic.com\/product\/nocturnal-ink-full-set\/#primaryimage\"},\"thumbnailUrl\":\"https:\/\/tatkoopremovic.com\/wp-content\/uploads\/2022\/09\/Nocturnal_Set.jpg\",\"datePublished\":\"2022-09-02T08:44:03+00:00\",\"dateModified\":\"2025-10-05T08:45:35+00:00\",\"breadcrumb\":{\"@id\":\"https:\/\/tatkoopremovic.com\/product\/nocturnal-ink-full-set\/#breadcrumb\"},\"inLanguage\":\"en-GB\",\"potentialAction\":[{\"@type\":\"ReadAction\",\"target\":[\"https:\/\/tatkoopremovic.com\/product\/nocturnal-ink-full-set\/\"]}]},{\"@type\":\"ImageObject\",\"inLanguage\":\"en-GB\",\"@id\":\"https:\/\/tatkoopremovic.com\/product\/nocturnal-ink-full-set\/#primaryimage\",\"url\":\"https:\/\/tatkoopremovic.com\/wp-content\/uploads\/2022\/09\/Nocturnal_Set.jpg\",\"contentUrl\":\"https:\/\/tatkoopremovic.com\/wp-content\/uploads\/2022\/09\/Nocturnal_Set.jpg\",\"width\":897,\"height\":600},{\"@type\":\"BreadcrumbList\",\"@id\":\"https:\/\/tatkoopremovic.com\/product\/nocturnal-ink-full-set\/#breadcrumb\",\"itemListElement\":[{\"@type\":\"ListItem\",\"position\":1,\"name\":\"Home\",\"item\":\"https:\/\/tatkoopremovic.com\/\"},{\"@type\":\"ListItem\",\"position\":2,\"name\":\"Shop\",\"item\":\"https:\/\/tatkoopremovic.com\/shop\/\"},{\"@type\":\"ListItem\",\"position\":3,\"name\":\"Nocturnal Ink Full Set\"}]},{\"@type\":\"WebSite\",\"@id\":\"https:\/\/tatkoopremovic.com\/#website\",\"url\":\"https:\/\/tatkoopremovic.com\/\",\"name\":\"Tatko Opremovi\u0107\",\"description\":\"Tattoo Oprema\",\"potentialAction\":[{\"@type\":\"SearchAction\",\"target\":{\"@type\":\"EntryPoint\",\"urlTemplate\":\"https:\/\/tatkoopremovic.com\/?s={search_term_string}\"},\"query-input\":{\"@type\":\"PropertyValueSpecification\",\"valueRequired\":true,\"valueName\":\"search_term_string\"}}],\"inLanguage\":\"en-GB\"}]}<\/script>\n<!-- \/ Yoast SEO plugin. -->","yoast_head_json":{"title":"Nocturnal Ink Full Set - Tatko Opremovi\u0107","robots":{"index":"index","follow":"follow","max-snippet":"max-snippet:-1","max-image-preview":"max-image-preview:large","max-video-preview":"max-video-preview:-1"},"canonical":"https:\/\/tatkoopremovic.com\/en\/product\/nocturnal-ink-full-set\/","og_locale":"en_GB","og_type":"article","og_title":"Nocturnal Ink Full Set - Tatko Opremovi\u0107","og_description":"Specijalna me\u0161avina mastila za tetoviranje koju su kreirali svetski poznati tattoo umetnici Franko Viscovi i Jack Rudi.  Zajedno su radili na obezbe\u0111ivanju linije mastila koja se preformira poput mastila za crtanje koje se koriste u industriji imajuc\u0301i na umu jednu va\u017enu stvar: ovo mastilo je zapravo napravljeno za tetoviranje. Sa istom te\u010dno\u0161c\u0301u kao i mastila za crtanje, noc\u0301na mastila za tetoviranje su tamnija, a nijansa jo\u0161 glatkija. U ovom mastilu se ne koriste jaki hemijski rastvara\u010di. Nocturnal Ink proizvodi Eternal Ink.  Set sadr\u017ei 6 boja od 30ml.","og_url":"https:\/\/tatkoopremovic.com\/en\/product\/nocturnal-ink-full-set\/","og_site_name":"Tatko Opremovi\u0107","article_modified_time":"2025-10-05T08:45:35+00:00","og_image":[{"width":897,"height":600,"url":"https:\/\/tatkoopremovic.com\/wp-content\/uploads\/2022\/09\/Nocturnal_Set.jpg","type":"image\/jpeg"}],"twitter_card":"summary_large_image","schema":{"@context":"https:\/\/schema.org","@graph":[{"@type":"WebPage","@id":"https:\/\/tatkoopremovic.com\/product\/nocturnal-ink-full-set\/","url":"https:\/\/tatkoopremovic.com\/product\/nocturnal-ink-full-set\/","name":"Nocturnal Ink Full Set - Tatko Opremovi\u0107","isPartOf":{"@id":"https:\/\/tatkoopremovic.com\/#website"},"primaryImageOfPage":{"@id":"https:\/\/tatkoopremovic.com\/product\/nocturnal-ink-full-set\/#primaryimage"},"image":{"@id":"https:\/\/tatkoopremovic.com\/product\/nocturnal-ink-full-set\/#primaryimage"},"thumbnailUrl":"https:\/\/tatkoopremovic.com\/wp-content\/uploads\/2022\/09\/Nocturnal_Set.jpg","datePublished":"2022-09-02T08:44:03+00:00","dateModified":"2025-10-05T08:45:35+00:00","breadcrumb":{"@id":"https:\/\/tatkoopremovic.com\/product\/nocturnal-ink-full-set\/#breadcrumb"},"inLanguage":"en-GB","potentialAction":[{"@type":"ReadAction","target":["https:\/\/tatkoopremovic.com\/product\/nocturnal-ink-full-set\/"]}]},{"@type":"ImageObject","inLanguage":"en-GB","@id":"https:\/\/tatkoopremovic.com\/product\/nocturnal-ink-full-set\/#primaryimage","url":"https:\/\/tatkoopremovic.com\/wp-content\/uploads\/2022\/09\/Nocturnal_Set.jpg","contentUrl":"https:\/\/tatkoopremovic.com\/wp-content\/uploads\/2022\/09\/Nocturnal_Set.jpg","width":897,"height":600},{"@type":"BreadcrumbList","@id":"https:\/\/tatkoopremovic.com\/product\/nocturnal-ink-full-set\/#breadcrumb","itemListElement":[{"@type":"ListItem","position":1,"name":"Home","item":"https:\/\/tatkoopremovic.com\/"},{"@type":"ListItem","position":2,"name":"Shop","item":"https:\/\/tatkoopremovic.com\/shop\/"},{"@type":"ListItem","position":3,"name":"Nocturnal Ink Full Set"}]},{"@type":"WebSite","@id":"https:\/\/tatkoopremovic.com\/#website","url":"https:\/\/tatkoopremovic.com\/","name":"Tatko Opremovi\u0107","description":"Tattoo Oprema","potentialAction":[{"@type":"SearchAction","target":{"@type":"EntryPoint","urlTemplate":"https:\/\/tatkoopremovic.com\/?s={search_term_string}"},"query-input":{"@type":"PropertyValueSpecification","valueRequired":true,"valueName":"search_term_string"}}],"inLanguage":"en-GB"}]}},"_links":{"self":[{"href":"https:\/\/tatkoopremovic.com\/en\/wp-json\/wp\/v2\/product\/690","targetHints":{"allow":["GET"]}}],"collection":[{"href":"https:\/\/tatkoopremovic.com\/en\/wp-json\/wp\/v2\/product"}],"about":[{"href":"https:\/\/tatkoopremovic.com\/en\/wp-json\/wp\/v2\/types\/product"}],"wp:featuredmedia":[{"embeddable":true,"href":"https:\/\/tatkoopremovic.com\/en\/wp-json\/wp\/v2\/media\/691"}],"wp:attachment":[{"href":"https:\/\/tatkoopremovic.com\/en\/wp-json\/wp\/v2\/media?parent=690"}],"wp:term":[{"taxonomy":"product_brand","embeddable":true,"href":"https:\/\/tatkoopremovic.com\/en\/wp-json\/wp\/v2\/product_brand?post=690"},{"taxonomy":"product_cat","embeddable":true,"href":"https:\/\/tatkoopremovic.com\/en\/wp-json\/wp\/v2\/product_cat?post=690"},{"taxonomy":"product_tag","embeddable":true,"href":"https:\/\/tatkoopremovic.com\/en\/wp-json\/wp\/v2\/product_tag?post=690"}],"curies":[{"name":"wp","href":"https:\/\/api.w.org\/{rel}","templated":true}]}}