{"id":697,"date":"2022-09-02T09:31:43","date_gmt":"2022-09-02T09:31:43","guid":{"rendered":"https:\/\/tatkoopremovic.com\/?post_type=product&#038;p=697"},"modified":"2024-11-03T10:05:45","modified_gmt":"2024-11-03T10:05:45","slug":"vintage-ink-set","status":"publish","type":"product","link":"https:\/\/tatkoopremovic.com\/en\/product\/vintage-ink-set\/","title":{"rendered":"Vintage Ink Set"},"content":{"rendered":"<p>Vintage Ink je potpuno novi set mastila za tetoviranje zasnovanih na nostalgi\u010dnim, popularnim nijansama.<br \/>\nNijanse obuhvataju \u010ditav niz primarnih, plus sekundarnih i tercijalnih boja, ali sa veoma izra\u017eenim razlikama u boji.<\/p>\n<p>Drugim re\u010dima, nijedna boja koja se preklapa i sve susedne boje nec\u0301e biti udaljeni susedi.<\/p>\n<p>Set Vintage Ink pru\u017ea jednostavnu, modernu paletu za umetnike koji \u017eele dobro organizovanu, uspe\u0161nu paletu boja.<\/p>\n<p>Set Vintage Ink uklju\u010duje: 14 novih nijansi plus belu, Maxx crnu i NOVU Maxx liniju crnu, i Keep It Vet.<\/p>\n<p>Set Vintage Ink je deo Eternal Ink linije vrhunskih mastila za tetova\u017ee.<br \/>\nPigmenti Vintage Ink savr\u0161eno se me\u0161aju sa Eternal Ink pigmentima.<\/p>\n<p>Sva Vintage mastila su sertifikovana sterilna.<\/p>\n<p>Set sadr\u017ei 18boja od 30ml<\/p>","protected":false},"excerpt":{"rendered":"<p>Vintage Ink je potpuno novi set mastila za tetoviranje zasnovanih na nostalgi\u010dnim, popularnim nijansama.<br \/>\nNijanse obuhvataju \u010ditav niz primarnih, plus sekundarnih i tercijalnih boja, ali sa veoma izra\u017eenim razlikama u boji.<\/p>\n<p>Drugim re\u010dima, nijedna boja koja se preklapa i sve susedne boje nec\u0301e biti udaljeni susedi.<\/p>\n<p>Set Vintage Ink pru\u017ea jednostavnu, modernu paletu za umetnike koji \u017eele dobro organizovanu, uspe\u0161nu paletu boja.<\/p>\n<p>Set Vintage Ink uklju\u010duje: 14 novih nijansi plus belu, Maxx crnu i NOVU Maxx liniju crnu, i Keep It Vet.<\/p>\n<p>Set Vintage Ink je deo Eternal Ink linije vrhunskih mastila za tetova\u017ee.<br \/>\nPigmenti Vintage Ink savr\u0161eno se me\u0161aju sa Eternal Ink pigmentima.<\/p>\n<p>Sva Vintage mastila su sertifikovana sterilna.<\/p>\n<p>Set sadr\u017ei 18boja od 30ml<\/p>\n<p>&nbsp;<\/p>\n<p>&nbsp;<\/p>","protected":false},"featured_media":698,"template":"","meta":[],"product_brand":[],"product_cat":[629,35],"product_tag":[535,966],"class_list":{"0":"post-697","1":"product","2":"type-product","3":"status-publish","4":"has-post-thumbnail","6":"product_cat-color-et","7":"product_cat-setovi","8":"product_tag-eternal","9":"product_tag-eternal-set","11":"first","12":"outofstock","13":"taxable","14":"shipping-taxable","15":"purchasable","16":"product-type-simple"},"yoast_head":"<!-- This site is optimized with the Yoast SEO plugin v26.8 - https:\/\/yoast.com\/product\/yoast-seo-wordpress\/ -->\n<title>Vintage Ink Set - Tatko Opremovi\u0107<\/title>\n<meta name=\"robots\" content=\"index, follow, max-snippet:-1, max-image-preview:large, max-video-preview:-1\" \/>\n<link rel=\"canonical\" href=\"https:\/\/tatkoopremovic.com\/en\/product\/vintage-ink-set\/\" \/>\n<meta property=\"og:locale\" content=\"en_GB\" \/>\n<meta property=\"og:type\" content=\"article\" \/>\n<meta property=\"og:title\" content=\"Vintage Ink Set - Tatko Opremovi\u0107\" \/>\n<meta property=\"og:description\" content=\"Vintage Ink je potpuno novi set mastila za tetoviranje zasnovanih na nostalgi\u010dnim, popularnim nijansama. Nijanse obuhvataju \u010ditav niz primarnih, plus sekundarnih i tercijalnih boja, ali sa veoma izra\u017eenim razlikama u boji.  Drugim re\u010dima, nijedna boja koja se preklapa i sve susedne boje nec\u0301e biti udaljeni susedi.  Set Vintage Ink pru\u017ea jednostavnu, modernu paletu za umetnike koji \u017eele dobro organizovanu, uspe\u0161nu paletu boja.  Set Vintage Ink uklju\u010duje: 14 novih nijansi plus belu, Maxx crnu i NOVU Maxx liniju crnu, i Keep It Vet.  Set Vintage Ink je deo Eternal Ink linije vrhunskih mastila za tetova\u017ee. Pigmenti Vintage Ink savr\u0161eno se me\u0161aju sa Eternal Ink pigmentima.  Sva Vintage mastila su sertifikovana sterilna.  Set sadr\u017ei 18boja od 30ml  &nbsp;  &nbsp;\" \/>\n<meta property=\"og:url\" content=\"https:\/\/tatkoopremovic.com\/en\/product\/vintage-ink-set\/\" \/>\n<meta property=\"og:site_name\" content=\"Tatko Opremovi\u0107\" \/>\n<meta property=\"article:modified_time\" content=\"2024-11-03T10:05:45+00:00\" \/>\n<meta property=\"og:image\" content=\"https:\/\/tatkoopremovic.com\/wp-content\/uploads\/2022\/09\/SaveThePigments1080x1080_02_5000x.jpg\" \/>\n\t<meta property=\"og:image:width\" content=\"600\" \/>\n\t<meta property=\"og:image:height\" content=\"600\" \/>\n\t<meta property=\"og:image:type\" content=\"image\/jpeg\" \/>\n<meta name=\"twitter:card\" content=\"summary_large_image\" \/>\n<meta name=\"twitter:label1\" content=\"Estimated reading time\" \/>\n\t<meta name=\"twitter:data1\" content=\"1 minute\" \/>\n<script type=\"application\/ld+json\" class=\"yoast-schema-graph\">{\"@context\":\"https:\/\/schema.org\",\"@graph\":[{\"@type\":\"WebPage\",\"@id\":\"https:\/\/tatkoopremovic.com\/product\/vintage-ink-set\/\",\"url\":\"https:\/\/tatkoopremovic.com\/product\/vintage-ink-set\/\",\"name\":\"Vintage Ink Set - Tatko Opremovi\u0107\",\"isPartOf\":{\"@id\":\"https:\/\/tatkoopremovic.com\/#website\"},\"primaryImageOfPage\":{\"@id\":\"https:\/\/tatkoopremovic.com\/product\/vintage-ink-set\/#primaryimage\"},\"image\":{\"@id\":\"https:\/\/tatkoopremovic.com\/product\/vintage-ink-set\/#primaryimage\"},\"thumbnailUrl\":\"https:\/\/tatkoopremovic.com\/wp-content\/uploads\/2022\/09\/SaveThePigments1080x1080_02_5000x.jpg\",\"datePublished\":\"2022-09-02T09:31:43+00:00\",\"dateModified\":\"2024-11-03T10:05:45+00:00\",\"breadcrumb\":{\"@id\":\"https:\/\/tatkoopremovic.com\/product\/vintage-ink-set\/#breadcrumb\"},\"inLanguage\":\"en-GB\",\"potentialAction\":[{\"@type\":\"ReadAction\",\"target\":[\"https:\/\/tatkoopremovic.com\/product\/vintage-ink-set\/\"]}]},{\"@type\":\"ImageObject\",\"inLanguage\":\"en-GB\",\"@id\":\"https:\/\/tatkoopremovic.com\/product\/vintage-ink-set\/#primaryimage\",\"url\":\"https:\/\/tatkoopremovic.com\/wp-content\/uploads\/2022\/09\/SaveThePigments1080x1080_02_5000x.jpg\",\"contentUrl\":\"https:\/\/tatkoopremovic.com\/wp-content\/uploads\/2022\/09\/SaveThePigments1080x1080_02_5000x.jpg\",\"width\":600,\"height\":600},{\"@type\":\"BreadcrumbList\",\"@id\":\"https:\/\/tatkoopremovic.com\/product\/vintage-ink-set\/#breadcrumb\",\"itemListElement\":[{\"@type\":\"ListItem\",\"position\":1,\"name\":\"Home\",\"item\":\"https:\/\/tatkoopremovic.com\/\"},{\"@type\":\"ListItem\",\"position\":2,\"name\":\"Shop\",\"item\":\"https:\/\/tatkoopremovic.com\/shop\/\"},{\"@type\":\"ListItem\",\"position\":3,\"name\":\"Vintage Ink Set\"}]},{\"@type\":\"WebSite\",\"@id\":\"https:\/\/tatkoopremovic.com\/#website\",\"url\":\"https:\/\/tatkoopremovic.com\/\",\"name\":\"Tatko Opremovi\u0107\",\"description\":\"Tattoo Oprema\",\"potentialAction\":[{\"@type\":\"SearchAction\",\"target\":{\"@type\":\"EntryPoint\",\"urlTemplate\":\"https:\/\/tatkoopremovic.com\/?s={search_term_string}\"},\"query-input\":{\"@type\":\"PropertyValueSpecification\",\"valueRequired\":true,\"valueName\":\"search_term_string\"}}],\"inLanguage\":\"en-GB\"}]}<\/script>\n<!-- \/ Yoast SEO plugin. -->","yoast_head_json":{"title":"Vintage Ink Set - Tatko Opremovi\u0107","robots":{"index":"index","follow":"follow","max-snippet":"max-snippet:-1","max-image-preview":"max-image-preview:large","max-video-preview":"max-video-preview:-1"},"canonical":"https:\/\/tatkoopremovic.com\/en\/product\/vintage-ink-set\/","og_locale":"en_GB","og_type":"article","og_title":"Vintage Ink Set - Tatko Opremovi\u0107","og_description":"Vintage Ink je potpuno novi set mastila za tetoviranje zasnovanih na nostalgi\u010dnim, popularnim nijansama. Nijanse obuhvataju \u010ditav niz primarnih, plus sekundarnih i tercijalnih boja, ali sa veoma izra\u017eenim razlikama u boji.  Drugim re\u010dima, nijedna boja koja se preklapa i sve susedne boje nec\u0301e biti udaljeni susedi.  Set Vintage Ink pru\u017ea jednostavnu, modernu paletu za umetnike koji \u017eele dobro organizovanu, uspe\u0161nu paletu boja.  Set Vintage Ink uklju\u010duje: 14 novih nijansi plus belu, Maxx crnu i NOVU Maxx liniju crnu, i Keep It Vet.  Set Vintage Ink je deo Eternal Ink linije vrhunskih mastila za tetova\u017ee. Pigmenti Vintage Ink savr\u0161eno se me\u0161aju sa Eternal Ink pigmentima.  Sva Vintage mastila su sertifikovana sterilna.  Set sadr\u017ei 18boja od 30ml  &nbsp;  &nbsp;","og_url":"https:\/\/tatkoopremovic.com\/en\/product\/vintage-ink-set\/","og_site_name":"Tatko Opremovi\u0107","article_modified_time":"2024-11-03T10:05:45+00:00","og_image":[{"width":600,"height":600,"url":"https:\/\/tatkoopremovic.com\/wp-content\/uploads\/2022\/09\/SaveThePigments1080x1080_02_5000x.jpg","type":"image\/jpeg"}],"twitter_card":"summary_large_image","twitter_misc":{"Estimated reading time":"1 minute"},"schema":{"@context":"https:\/\/schema.org","@graph":[{"@type":"WebPage","@id":"https:\/\/tatkoopremovic.com\/product\/vintage-ink-set\/","url":"https:\/\/tatkoopremovic.com\/product\/vintage-ink-set\/","name":"Vintage Ink Set - Tatko Opremovi\u0107","isPartOf":{"@id":"https:\/\/tatkoopremovic.com\/#website"},"primaryImageOfPage":{"@id":"https:\/\/tatkoopremovic.com\/product\/vintage-ink-set\/#primaryimage"},"image":{"@id":"https:\/\/tatkoopremovic.com\/product\/vintage-ink-set\/#primaryimage"},"thumbnailUrl":"https:\/\/tatkoopremovic.com\/wp-content\/uploads\/2022\/09\/SaveThePigments1080x1080_02_5000x.jpg","datePublished":"2022-09-02T09:31:43+00:00","dateModified":"2024-11-03T10:05:45+00:00","breadcrumb":{"@id":"https:\/\/tatkoopremovic.com\/product\/vintage-ink-set\/#breadcrumb"},"inLanguage":"en-GB","potentialAction":[{"@type":"ReadAction","target":["https:\/\/tatkoopremovic.com\/product\/vintage-ink-set\/"]}]},{"@type":"ImageObject","inLanguage":"en-GB","@id":"https:\/\/tatkoopremovic.com\/product\/vintage-ink-set\/#primaryimage","url":"https:\/\/tatkoopremovic.com\/wp-content\/uploads\/2022\/09\/SaveThePigments1080x1080_02_5000x.jpg","contentUrl":"https:\/\/tatkoopremovic.com\/wp-content\/uploads\/2022\/09\/SaveThePigments1080x1080_02_5000x.jpg","width":600,"height":600},{"@type":"BreadcrumbList","@id":"https:\/\/tatkoopremovic.com\/product\/vintage-ink-set\/#breadcrumb","itemListElement":[{"@type":"ListItem","position":1,"name":"Home","item":"https:\/\/tatkoopremovic.com\/"},{"@type":"ListItem","position":2,"name":"Shop","item":"https:\/\/tatkoopremovic.com\/shop\/"},{"@type":"ListItem","position":3,"name":"Vintage Ink Set"}]},{"@type":"WebSite","@id":"https:\/\/tatkoopremovic.com\/#website","url":"https:\/\/tatkoopremovic.com\/","name":"Tatko Opremovi\u0107","description":"Tattoo Oprema","potentialAction":[{"@type":"SearchAction","target":{"@type":"EntryPoint","urlTemplate":"https:\/\/tatkoopremovic.com\/?s={search_term_string}"},"query-input":{"@type":"PropertyValueSpecification","valueRequired":true,"valueName":"search_term_string"}}],"inLanguage":"en-GB"}]}},"_links":{"self":[{"href":"https:\/\/tatkoopremovic.com\/en\/wp-json\/wp\/v2\/product\/697","targetHints":{"allow":["GET"]}}],"collection":[{"href":"https:\/\/tatkoopremovic.com\/en\/wp-json\/wp\/v2\/product"}],"about":[{"href":"https:\/\/tatkoopremovic.com\/en\/wp-json\/wp\/v2\/types\/product"}],"wp:featuredmedia":[{"embeddable":true,"href":"https:\/\/tatkoopremovic.com\/en\/wp-json\/wp\/v2\/media\/698"}],"wp:attachment":[{"href":"https:\/\/tatkoopremovic.com\/en\/wp-json\/wp\/v2\/media?parent=697"}],"wp:term":[{"taxonomy":"product_brand","embeddable":true,"href":"https:\/\/tatkoopremovic.com\/en\/wp-json\/wp\/v2\/product_brand?post=697"},{"taxonomy":"product_cat","embeddable":true,"href":"https:\/\/tatkoopremovic.com\/en\/wp-json\/wp\/v2\/product_cat?post=697"},{"taxonomy":"product_tag","embeddable":true,"href":"https:\/\/tatkoopremovic.com\/en\/wp-json\/wp\/v2\/product_tag?post=697"}],"curies":[{"name":"wp","href":"https:\/\/api.w.org\/{rel}","templated":true}]}}