{"id":702,"date":"2022-09-02T09:57:02","date_gmt":"2022-09-02T09:57:02","guid":{"rendered":"https:\/\/tatkoopremovic.com\/?post_type=product&#038;p=702"},"modified":"2024-09-14T21:54:30","modified_gmt":"2024-09-14T21:54:30","slug":"top-25-ink-set","status":"publish","type":"product","link":"https:\/\/tatkoopremovic.com\/en\/product\/top-25-ink-set\/","title":{"rendered":"Top 25  Ink Set"},"content":{"rendered":"<p>Sada nudimo na\u0161ih 25 najprodavanijih boja u jednom paketu.<\/p>\n<p>Ovaj set uklju\u010duje sledec\u0301e boje koje se nalaze u na\u0161em kompletu od 50 boja.<\/p>\n<p>White, Triple Black, Lining Black,Lipstick Red, Lightning Yellow, Dark Red,<br \/>\nSky Blue, True Blue, Crimson Red, Hot Pink, Light Purple, Orange, Light Magenta,<br \/>\nGraffiti Green, Bright Orange, Golden Yellow, Mint Green, Pink, Dark Purple,<br \/>\nLight Red, Deep Red, Lime Green, Bright Yellow, Caramel, and Nuclear Green.<\/p>\n<p>Boje su 30ml.<\/p>","protected":false},"excerpt":{"rendered":"<p>Sada nudimo na\u0161ih 25 najprodavanijih boja u jednom paketu.<\/p>\n<p>Ovaj set uklju\u010duje sledec\u0301e boje koje se nalaze u na\u0161em kompletu od 50 boja.<\/p>\n<p>White, Triple Black, Lining Black,Lipstick Red, Lightning Yellow, Dark Red,<br \/>\nSky Blue, True Blue, Crimson Red, Hot Pink, Light Purple, Orange, Light Magenta,<br \/>\nGraffiti Green, Bright Orange, Golden Yellow, Mint Green, Pink, Dark Purple,<br \/>\nLight Red, Deep Red, Lime Green, Bright Yellow, Caramel, and Nuclear Green.<\/p>\n<p>Boje su 30ml.<\/p>","protected":false},"featured_media":704,"template":"","meta":[],"product_brand":[],"product_cat":[629,35],"product_tag":[535,966],"class_list":{"0":"post-702","1":"product","2":"type-product","3":"status-publish","4":"has-post-thumbnail","6":"product_cat-color-et","7":"product_cat-setovi","8":"product_tag-eternal","9":"product_tag-eternal-set","11":"first","12":"outofstock","13":"taxable","14":"shipping-taxable","15":"purchasable","16":"product-type-simple"},"yoast_head":"<!-- This site is optimized with the Yoast SEO plugin v26.8 - https:\/\/yoast.com\/product\/yoast-seo-wordpress\/ -->\n<title>Top 25 Ink Set - Tatko Opremovi\u0107<\/title>\n<meta name=\"robots\" content=\"index, follow, max-snippet:-1, max-image-preview:large, max-video-preview:-1\" \/>\n<link rel=\"canonical\" href=\"https:\/\/tatkoopremovic.com\/en\/product\/top-25-ink-set\/\" \/>\n<meta property=\"og:locale\" content=\"en_GB\" \/>\n<meta property=\"og:type\" content=\"article\" \/>\n<meta property=\"og:title\" content=\"Top 25 Ink Set - Tatko Opremovi\u0107\" \/>\n<meta property=\"og:description\" content=\"Sada nudimo na\u0161ih 25 najprodavanijih boja u jednom paketu.  Ovaj set uklju\u010duje sledec\u0301e boje koje se nalaze u na\u0161em kompletu od 50 boja.  White, Triple Black, Lining Black,Lipstick Red, Lightning Yellow, Dark Red, Sky Blue, True Blue, Crimson Red, Hot Pink, Light Purple, Orange, Light Magenta, Graffiti Green, Bright Orange, Golden Yellow, Mint Green, Pink, Dark Purple, Light Red, Deep Red, Lime Green, Bright Yellow, Caramel, and Nuclear Green.  Boje su 30ml.\" \/>\n<meta property=\"og:url\" content=\"https:\/\/tatkoopremovic.com\/en\/product\/top-25-ink-set\/\" \/>\n<meta property=\"og:site_name\" content=\"Tatko Opremovi\u0107\" \/>\n<meta property=\"article:modified_time\" content=\"2024-09-14T21:54:30+00:00\" \/>\n<meta property=\"og:image\" content=\"https:\/\/tatkoopremovic.com\/wp-content\/uploads\/2022\/09\/Eternal_Sets-3_5000x.jpg\" \/>\n\t<meta property=\"og:image:width\" content=\"600\" \/>\n\t<meta property=\"og:image:height\" content=\"600\" \/>\n\t<meta property=\"og:image:type\" content=\"image\/jpeg\" \/>\n<meta name=\"twitter:card\" content=\"summary_large_image\" \/>\n<script type=\"application\/ld+json\" class=\"yoast-schema-graph\">{\"@context\":\"https:\/\/schema.org\",\"@graph\":[{\"@type\":\"WebPage\",\"@id\":\"https:\/\/tatkoopremovic.com\/product\/top-25-ink-set\/\",\"url\":\"https:\/\/tatkoopremovic.com\/product\/top-25-ink-set\/\",\"name\":\"Top 25 Ink Set - Tatko Opremovi\u0107\",\"isPartOf\":{\"@id\":\"https:\/\/tatkoopremovic.com\/#website\"},\"primaryImageOfPage\":{\"@id\":\"https:\/\/tatkoopremovic.com\/product\/top-25-ink-set\/#primaryimage\"},\"image\":{\"@id\":\"https:\/\/tatkoopremovic.com\/product\/top-25-ink-set\/#primaryimage\"},\"thumbnailUrl\":\"https:\/\/tatkoopremovic.com\/wp-content\/uploads\/2022\/09\/Eternal_Sets-3_5000x.jpg\",\"datePublished\":\"2022-09-02T09:57:02+00:00\",\"dateModified\":\"2024-09-14T21:54:30+00:00\",\"breadcrumb\":{\"@id\":\"https:\/\/tatkoopremovic.com\/product\/top-25-ink-set\/#breadcrumb\"},\"inLanguage\":\"en-GB\",\"potentialAction\":[{\"@type\":\"ReadAction\",\"target\":[\"https:\/\/tatkoopremovic.com\/product\/top-25-ink-set\/\"]}]},{\"@type\":\"ImageObject\",\"inLanguage\":\"en-GB\",\"@id\":\"https:\/\/tatkoopremovic.com\/product\/top-25-ink-set\/#primaryimage\",\"url\":\"https:\/\/tatkoopremovic.com\/wp-content\/uploads\/2022\/09\/Eternal_Sets-3_5000x.jpg\",\"contentUrl\":\"https:\/\/tatkoopremovic.com\/wp-content\/uploads\/2022\/09\/Eternal_Sets-3_5000x.jpg\",\"width\":600,\"height\":600},{\"@type\":\"BreadcrumbList\",\"@id\":\"https:\/\/tatkoopremovic.com\/product\/top-25-ink-set\/#breadcrumb\",\"itemListElement\":[{\"@type\":\"ListItem\",\"position\":1,\"name\":\"Home\",\"item\":\"https:\/\/tatkoopremovic.com\/\"},{\"@type\":\"ListItem\",\"position\":2,\"name\":\"Shop\",\"item\":\"https:\/\/tatkoopremovic.com\/shop\/\"},{\"@type\":\"ListItem\",\"position\":3,\"name\":\"Top 25 Ink Set\"}]},{\"@type\":\"WebSite\",\"@id\":\"https:\/\/tatkoopremovic.com\/#website\",\"url\":\"https:\/\/tatkoopremovic.com\/\",\"name\":\"Tatko Opremovi\u0107\",\"description\":\"Tattoo Oprema\",\"potentialAction\":[{\"@type\":\"SearchAction\",\"target\":{\"@type\":\"EntryPoint\",\"urlTemplate\":\"https:\/\/tatkoopremovic.com\/?s={search_term_string}\"},\"query-input\":{\"@type\":\"PropertyValueSpecification\",\"valueRequired\":true,\"valueName\":\"search_term_string\"}}],\"inLanguage\":\"en-GB\"}]}<\/script>\n<!-- \/ Yoast SEO plugin. -->","yoast_head_json":{"title":"Top 25 Ink Set - Tatko Opremovi\u0107","robots":{"index":"index","follow":"follow","max-snippet":"max-snippet:-1","max-image-preview":"max-image-preview:large","max-video-preview":"max-video-preview:-1"},"canonical":"https:\/\/tatkoopremovic.com\/en\/product\/top-25-ink-set\/","og_locale":"en_GB","og_type":"article","og_title":"Top 25 Ink Set - Tatko Opremovi\u0107","og_description":"Sada nudimo na\u0161ih 25 najprodavanijih boja u jednom paketu.  Ovaj set uklju\u010duje sledec\u0301e boje koje se nalaze u na\u0161em kompletu od 50 boja.  White, Triple Black, Lining Black,Lipstick Red, Lightning Yellow, Dark Red, Sky Blue, True Blue, Crimson Red, Hot Pink, Light Purple, Orange, Light Magenta, Graffiti Green, Bright Orange, Golden Yellow, Mint Green, Pink, Dark Purple, Light Red, Deep Red, Lime Green, Bright Yellow, Caramel, and Nuclear Green.  Boje su 30ml.","og_url":"https:\/\/tatkoopremovic.com\/en\/product\/top-25-ink-set\/","og_site_name":"Tatko Opremovi\u0107","article_modified_time":"2024-09-14T21:54:30+00:00","og_image":[{"width":600,"height":600,"url":"https:\/\/tatkoopremovic.com\/wp-content\/uploads\/2022\/09\/Eternal_Sets-3_5000x.jpg","type":"image\/jpeg"}],"twitter_card":"summary_large_image","schema":{"@context":"https:\/\/schema.org","@graph":[{"@type":"WebPage","@id":"https:\/\/tatkoopremovic.com\/product\/top-25-ink-set\/","url":"https:\/\/tatkoopremovic.com\/product\/top-25-ink-set\/","name":"Top 25 Ink Set - Tatko Opremovi\u0107","isPartOf":{"@id":"https:\/\/tatkoopremovic.com\/#website"},"primaryImageOfPage":{"@id":"https:\/\/tatkoopremovic.com\/product\/top-25-ink-set\/#primaryimage"},"image":{"@id":"https:\/\/tatkoopremovic.com\/product\/top-25-ink-set\/#primaryimage"},"thumbnailUrl":"https:\/\/tatkoopremovic.com\/wp-content\/uploads\/2022\/09\/Eternal_Sets-3_5000x.jpg","datePublished":"2022-09-02T09:57:02+00:00","dateModified":"2024-09-14T21:54:30+00:00","breadcrumb":{"@id":"https:\/\/tatkoopremovic.com\/product\/top-25-ink-set\/#breadcrumb"},"inLanguage":"en-GB","potentialAction":[{"@type":"ReadAction","target":["https:\/\/tatkoopremovic.com\/product\/top-25-ink-set\/"]}]},{"@type":"ImageObject","inLanguage":"en-GB","@id":"https:\/\/tatkoopremovic.com\/product\/top-25-ink-set\/#primaryimage","url":"https:\/\/tatkoopremovic.com\/wp-content\/uploads\/2022\/09\/Eternal_Sets-3_5000x.jpg","contentUrl":"https:\/\/tatkoopremovic.com\/wp-content\/uploads\/2022\/09\/Eternal_Sets-3_5000x.jpg","width":600,"height":600},{"@type":"BreadcrumbList","@id":"https:\/\/tatkoopremovic.com\/product\/top-25-ink-set\/#breadcrumb","itemListElement":[{"@type":"ListItem","position":1,"name":"Home","item":"https:\/\/tatkoopremovic.com\/"},{"@type":"ListItem","position":2,"name":"Shop","item":"https:\/\/tatkoopremovic.com\/shop\/"},{"@type":"ListItem","position":3,"name":"Top 25 Ink Set"}]},{"@type":"WebSite","@id":"https:\/\/tatkoopremovic.com\/#website","url":"https:\/\/tatkoopremovic.com\/","name":"Tatko Opremovi\u0107","description":"Tattoo Oprema","potentialAction":[{"@type":"SearchAction","target":{"@type":"EntryPoint","urlTemplate":"https:\/\/tatkoopremovic.com\/?s={search_term_string}"},"query-input":{"@type":"PropertyValueSpecification","valueRequired":true,"valueName":"search_term_string"}}],"inLanguage":"en-GB"}]}},"_links":{"self":[{"href":"https:\/\/tatkoopremovic.com\/en\/wp-json\/wp\/v2\/product\/702","targetHints":{"allow":["GET"]}}],"collection":[{"href":"https:\/\/tatkoopremovic.com\/en\/wp-json\/wp\/v2\/product"}],"about":[{"href":"https:\/\/tatkoopremovic.com\/en\/wp-json\/wp\/v2\/types\/product"}],"wp:featuredmedia":[{"embeddable":true,"href":"https:\/\/tatkoopremovic.com\/en\/wp-json\/wp\/v2\/media\/704"}],"wp:attachment":[{"href":"https:\/\/tatkoopremovic.com\/en\/wp-json\/wp\/v2\/media?parent=702"}],"wp:term":[{"taxonomy":"product_brand","embeddable":true,"href":"https:\/\/tatkoopremovic.com\/en\/wp-json\/wp\/v2\/product_brand?post=702"},{"taxonomy":"product_cat","embeddable":true,"href":"https:\/\/tatkoopremovic.com\/en\/wp-json\/wp\/v2\/product_cat?post=702"},{"taxonomy":"product_tag","embeddable":true,"href":"https:\/\/tatkoopremovic.com\/en\/wp-json\/wp\/v2\/product_tag?post=702"}],"curies":[{"name":"wp","href":"https:\/\/api.w.org\/{rel}","templated":true}]}}