{"id":729,"date":"2022-09-02T10:48:30","date_gmt":"2022-09-02T10:48:30","guid":{"rendered":"https:\/\/tatkoopremovic.com\/?post_type=product&#038;p=729"},"modified":"2024-06-17T11:24:24","modified_gmt":"2024-06-17T11:24:24","slug":"razgradivi-zastitni-najlon-za-kabal","status":"publish","type":"product","link":"https:\/\/tatkoopremovic.com\/en\/product\/razgradivi-zastitni-najlon-za-kabal\/","title":{"rendered":"Biodegradable Cable Protective Nylon"},"content":{"rendered":"<p>Material: polylactic acid, from which plastic is made from renewable and natural resources (such as corn starch), making it a bioplastic.<\/p>\n<p>Stop environmental pollution.<\/p>\n<p>These protective nylons are biodegradable.<\/p>\n<p>After approximately 180 - 360 days, they completely degrade in nature (photosynthetic soil) into water and carbon dioxide.<\/p>\n<p>Size: 50 x 750 mm.<\/p>\n<p>Packaging: 100 pieces.<\/p>","protected":false},"excerpt":{"rendered":"<p>Material: polylactic acid, from which plastic is made from renewable and natural resources (such as corn starch), making it a bioplastic.<\/p>\n<p>Stop environmental pollution.<\/p>\n<p>These protective nylons are biodegradable.<\/p>\n<p>After approximately 180 - 360 days, they completely degrade in nature (photosynthetic soil) into water and carbon dioxide.<\/p>\n<p>Size: 50 x 750 mm.<\/p>\n<p>Packaging: 100 pieces.<\/p>","protected":false},"featured_media":730,"template":"","meta":[],"product_brand":[],"product_cat":[983,106],"product_tag":[],"class_list":{"0":"post-729","1":"product","2":"type-product","3":"status-publish","4":"has-post-thumbnail","6":"product_cat-najloni-i-bandazeri","7":"product_cat-najloni","9":"first","10":"instock","11":"taxable","12":"shipping-taxable","13":"purchasable","14":"product-type-simple"},"yoast_head":"<!-- This site is optimized with the Yoast SEO plugin v26.8 - https:\/\/yoast.com\/product\/yoast-seo-wordpress\/ -->\n<title>Razgradivi za\u0161titni najlon za kabal - Tatko Opremovi\u0107<\/title>\n<meta name=\"robots\" content=\"index, follow, max-snippet:-1, max-image-preview:large, max-video-preview:-1\" \/>\n<link rel=\"canonical\" href=\"https:\/\/tatkoopremovic.com\/en\/product\/razgradivi-zastitni-najlon-za-kabal\/\" \/>\n<meta property=\"og:locale\" content=\"en_GB\" \/>\n<meta property=\"og:type\" content=\"article\" \/>\n<meta property=\"og:title\" content=\"Razgradivi za\u0161titni najlon za kabal - Tatko Opremovi\u0107\" \/>\n<meta property=\"og:description\" content=\"Materijal: polilaktidna kiselina, od koje se plastika pravi od obnovljivih i prirodnih resursa (kao \u0161to je kukuruzni skrob), \u0161to je \u010dini bioplastikom  Zaustavite zaga\u0111ivanje \u017eivotne sredine  Ovi za\u0161titni najloni su biorazgradivi  Posle otprilike 180 \u2013 360 dana, oni se u prirodi potpuno razgra\u0111uju (fotosinteti\u010dko zemlji\u0161te) do vode i ugljen-dioksida.  Veli\u010dina: 50 x 750 mm  Pakovanje: 100 komada\" \/>\n<meta property=\"og:url\" content=\"https:\/\/tatkoopremovic.com\/en\/product\/razgradivi-zastitni-najlon-za-kabal\/\" \/>\n<meta property=\"og:site_name\" content=\"Tatko Opremovi\u0107\" \/>\n<meta property=\"article:modified_time\" content=\"2024-06-17T11:24:24+00:00\" \/>\n<meta property=\"og:image\" content=\"https:\/\/tatkoopremovic.com\/wp-content\/uploads\/2022\/09\/ACS117-3.jpg\" \/>\n\t<meta property=\"og:image:width\" content=\"800\" \/>\n\t<meta property=\"og:image:height\" content=\"800\" \/>\n\t<meta property=\"og:image:type\" content=\"image\/jpeg\" \/>\n<meta name=\"twitter:card\" content=\"summary_large_image\" \/>\n<meta name=\"twitter:label1\" content=\"Estimated reading time\" \/>\n\t<meta name=\"twitter:data1\" content=\"1 minute\" \/>\n<script type=\"application\/ld+json\" class=\"yoast-schema-graph\">{\"@context\":\"https:\/\/schema.org\",\"@graph\":[{\"@type\":\"WebPage\",\"@id\":\"https:\/\/tatkoopremovic.com\/product\/razgradivi-zastitni-najlon-za-kabal\/\",\"url\":\"https:\/\/tatkoopremovic.com\/product\/razgradivi-zastitni-najlon-za-kabal\/\",\"name\":\"Razgradivi za\u0161titni najlon za kabal - Tatko Opremovi\u0107\",\"isPartOf\":{\"@id\":\"https:\/\/tatkoopremovic.com\/#website\"},\"primaryImageOfPage\":{\"@id\":\"https:\/\/tatkoopremovic.com\/product\/razgradivi-zastitni-najlon-za-kabal\/#primaryimage\"},\"image\":{\"@id\":\"https:\/\/tatkoopremovic.com\/product\/razgradivi-zastitni-najlon-za-kabal\/#primaryimage\"},\"thumbnailUrl\":\"https:\/\/tatkoopremovic.com\/wp-content\/uploads\/2022\/09\/ACS117-3.jpg\",\"datePublished\":\"2022-09-02T10:48:30+00:00\",\"dateModified\":\"2024-06-17T11:24:24+00:00\",\"breadcrumb\":{\"@id\":\"https:\/\/tatkoopremovic.com\/product\/razgradivi-zastitni-najlon-za-kabal\/#breadcrumb\"},\"inLanguage\":\"en-GB\",\"potentialAction\":[{\"@type\":\"ReadAction\",\"target\":[\"https:\/\/tatkoopremovic.com\/product\/razgradivi-zastitni-najlon-za-kabal\/\"]}]},{\"@type\":\"ImageObject\",\"inLanguage\":\"en-GB\",\"@id\":\"https:\/\/tatkoopremovic.com\/product\/razgradivi-zastitni-najlon-za-kabal\/#primaryimage\",\"url\":\"https:\/\/tatkoopremovic.com\/wp-content\/uploads\/2022\/09\/ACS117-3.jpg\",\"contentUrl\":\"https:\/\/tatkoopremovic.com\/wp-content\/uploads\/2022\/09\/ACS117-3.jpg\",\"width\":800,\"height\":800},{\"@type\":\"BreadcrumbList\",\"@id\":\"https:\/\/tatkoopremovic.com\/product\/razgradivi-zastitni-najlon-za-kabal\/#breadcrumb\",\"itemListElement\":[{\"@type\":\"ListItem\",\"position\":1,\"name\":\"Home\",\"item\":\"https:\/\/tatkoopremovic.com\/\"},{\"@type\":\"ListItem\",\"position\":2,\"name\":\"Shop\",\"item\":\"https:\/\/tatkoopremovic.com\/shop\/\"},{\"@type\":\"ListItem\",\"position\":3,\"name\":\"Razgradivi za\u0161titni najlon za kabal\"}]},{\"@type\":\"WebSite\",\"@id\":\"https:\/\/tatkoopremovic.com\/#website\",\"url\":\"https:\/\/tatkoopremovic.com\/\",\"name\":\"Tatko Opremovi\u0107\",\"description\":\"Tattoo Oprema\",\"potentialAction\":[{\"@type\":\"SearchAction\",\"target\":{\"@type\":\"EntryPoint\",\"urlTemplate\":\"https:\/\/tatkoopremovic.com\/?s={search_term_string}\"},\"query-input\":{\"@type\":\"PropertyValueSpecification\",\"valueRequired\":true,\"valueName\":\"search_term_string\"}}],\"inLanguage\":\"en-GB\"}]}<\/script>\n<!-- \/ Yoast SEO plugin. -->","yoast_head_json":{"title":"Razgradivi za\u0161titni najlon za kabal - Tatko Opremovi\u0107","robots":{"index":"index","follow":"follow","max-snippet":"max-snippet:-1","max-image-preview":"max-image-preview:large","max-video-preview":"max-video-preview:-1"},"canonical":"https:\/\/tatkoopremovic.com\/en\/product\/razgradivi-zastitni-najlon-za-kabal\/","og_locale":"en_GB","og_type":"article","og_title":"Razgradivi za\u0161titni najlon za kabal - Tatko Opremovi\u0107","og_description":"Materijal: polilaktidna kiselina, od koje se plastika pravi od obnovljivih i prirodnih resursa (kao \u0161to je kukuruzni skrob), \u0161to je \u010dini bioplastikom  Zaustavite zaga\u0111ivanje \u017eivotne sredine  Ovi za\u0161titni najloni su biorazgradivi  Posle otprilike 180 \u2013 360 dana, oni se u prirodi potpuno razgra\u0111uju (fotosinteti\u010dko zemlji\u0161te) do vode i ugljen-dioksida.  Veli\u010dina: 50 x 750 mm  Pakovanje: 100 komada","og_url":"https:\/\/tatkoopremovic.com\/en\/product\/razgradivi-zastitni-najlon-za-kabal\/","og_site_name":"Tatko Opremovi\u0107","article_modified_time":"2024-06-17T11:24:24+00:00","og_image":[{"width":800,"height":800,"url":"https:\/\/tatkoopremovic.com\/wp-content\/uploads\/2022\/09\/ACS117-3.jpg","type":"image\/jpeg"}],"twitter_card":"summary_large_image","twitter_misc":{"Estimated reading time":"1 minute"},"schema":{"@context":"https:\/\/schema.org","@graph":[{"@type":"WebPage","@id":"https:\/\/tatkoopremovic.com\/product\/razgradivi-zastitni-najlon-za-kabal\/","url":"https:\/\/tatkoopremovic.com\/product\/razgradivi-zastitni-najlon-za-kabal\/","name":"Razgradivi za\u0161titni najlon za kabal - Tatko Opremovi\u0107","isPartOf":{"@id":"https:\/\/tatkoopremovic.com\/#website"},"primaryImageOfPage":{"@id":"https:\/\/tatkoopremovic.com\/product\/razgradivi-zastitni-najlon-za-kabal\/#primaryimage"},"image":{"@id":"https:\/\/tatkoopremovic.com\/product\/razgradivi-zastitni-najlon-za-kabal\/#primaryimage"},"thumbnailUrl":"https:\/\/tatkoopremovic.com\/wp-content\/uploads\/2022\/09\/ACS117-3.jpg","datePublished":"2022-09-02T10:48:30+00:00","dateModified":"2024-06-17T11:24:24+00:00","breadcrumb":{"@id":"https:\/\/tatkoopremovic.com\/product\/razgradivi-zastitni-najlon-za-kabal\/#breadcrumb"},"inLanguage":"en-GB","potentialAction":[{"@type":"ReadAction","target":["https:\/\/tatkoopremovic.com\/product\/razgradivi-zastitni-najlon-za-kabal\/"]}]},{"@type":"ImageObject","inLanguage":"en-GB","@id":"https:\/\/tatkoopremovic.com\/product\/razgradivi-zastitni-najlon-za-kabal\/#primaryimage","url":"https:\/\/tatkoopremovic.com\/wp-content\/uploads\/2022\/09\/ACS117-3.jpg","contentUrl":"https:\/\/tatkoopremovic.com\/wp-content\/uploads\/2022\/09\/ACS117-3.jpg","width":800,"height":800},{"@type":"BreadcrumbList","@id":"https:\/\/tatkoopremovic.com\/product\/razgradivi-zastitni-najlon-za-kabal\/#breadcrumb","itemListElement":[{"@type":"ListItem","position":1,"name":"Home","item":"https:\/\/tatkoopremovic.com\/"},{"@type":"ListItem","position":2,"name":"Shop","item":"https:\/\/tatkoopremovic.com\/shop\/"},{"@type":"ListItem","position":3,"name":"Razgradivi za\u0161titni najlon za kabal"}]},{"@type":"WebSite","@id":"https:\/\/tatkoopremovic.com\/#website","url":"https:\/\/tatkoopremovic.com\/","name":"Tatko Opremovi\u0107","description":"Tattoo Oprema","potentialAction":[{"@type":"SearchAction","target":{"@type":"EntryPoint","urlTemplate":"https:\/\/tatkoopremovic.com\/?s={search_term_string}"},"query-input":{"@type":"PropertyValueSpecification","valueRequired":true,"valueName":"search_term_string"}}],"inLanguage":"en-GB"}]}},"_links":{"self":[{"href":"https:\/\/tatkoopremovic.com\/en\/wp-json\/wp\/v2\/product\/729","targetHints":{"allow":["GET"]}}],"collection":[{"href":"https:\/\/tatkoopremovic.com\/en\/wp-json\/wp\/v2\/product"}],"about":[{"href":"https:\/\/tatkoopremovic.com\/en\/wp-json\/wp\/v2\/types\/product"}],"wp:featuredmedia":[{"embeddable":true,"href":"https:\/\/tatkoopremovic.com\/en\/wp-json\/wp\/v2\/media\/730"}],"wp:attachment":[{"href":"https:\/\/tatkoopremovic.com\/en\/wp-json\/wp\/v2\/media?parent=729"}],"wp:term":[{"taxonomy":"product_brand","embeddable":true,"href":"https:\/\/tatkoopremovic.com\/en\/wp-json\/wp\/v2\/product_brand?post=729"},{"taxonomy":"product_cat","embeddable":true,"href":"https:\/\/tatkoopremovic.com\/en\/wp-json\/wp\/v2\/product_cat?post=729"},{"taxonomy":"product_tag","embeddable":true,"href":"https:\/\/tatkoopremovic.com\/en\/wp-json\/wp\/v2\/product_tag?post=729"}],"curies":[{"name":"wp","href":"https:\/\/api.w.org\/{rel}","templated":true}]}}