{"id":737,"date":"2022-09-02T11:31:49","date_gmt":"2022-09-02T11:31:49","guid":{"rendered":"https:\/\/tatkoopremovic.com\/?post_type=product&#038;p=737"},"modified":"2024-06-07T18:05:25","modified_gmt":"2024-06-07T18:05:25","slug":"dynamic-heavy-white-240ml","status":"publish","type":"product","link":"https:\/\/tatkoopremovic.com\/en\/product\/dynamic-heavy-white-240ml\/","title":{"rendered":"Dynamic Heavy White 240ml"},"content":{"rendered":"<p>Profesionalna kvalitetna unapred disperzovana boja.<\/p>\n<p>Dynamic Color obezbe\u0111uje boju za tetova\u017ee vrhunskog kvaliteta sa najimpresivnijim sadr\u017eajem pigmenta u poslu.<br \/>\nPoznata po svom glatkom protoku \u2014 od preciznog rada sa detaljima do crtanja i sen\u010denja.<\/p>\n<p>Autenti\u010dno i higijensko:<br \/>\nDynamic Color mastila dolaze u kristalno \u010distim PET bocama sa Dynamic logom premazom protiv falsifikovanja.<\/p>\n<p>Dynamic Color pigment za tetova\u017ee poma\u017ee u stvaranju primetno \u017eivopisnih delova koji mogu da izdr\u017ee test vremena.<\/p>\n<p>Svaki umetnik zaslu\u017euje visokokvalitetnu boju za tetoviranje.<br \/>\nBoje sa visokim sadr\u017eajem pigmenta mogu se me\u0161ati da bi se stvorila sopstvena me\u0161avina po meri. Va\u0161e jedino ograni\u010denje je va\u0161a sopstvena ma\u0161ta.<\/p>\n<p>Veganski i nikad testirani na \u017eivotinjama:<br \/>\nDynamic Color proizvodi ne sadr\u017ee \u017eivotinjske proizvode i nikada se ne testiraju ni na jednom krznenom prijatelju.<br \/>\nPotpuno bezbedna za ko\u017eu, bolja za \u017eivotnu sredinu i na kraju po\u017eeljna za va\u0161e op\u0161te zdravlje.<\/p>","protected":false},"excerpt":{"rendered":"<p>Profesionalna kvalitetna unapred disperzovana boja.<\/p>\n<p>Dynamic Color obezbe\u0111uje boju za tetova\u017ee vrhunskog kvaliteta sa najimpresivnijim sadr\u017eajem pigmenta u poslu.<br \/>\nPoznata po svom glatkom protoku \u2014 od preciznog rada sa detaljima do crtanja i sen\u010denja.<\/p>\n<p>Autenti\u010dno i higijensko:<br \/>\nDynamic Color mastila dolaze u kristalno \u010distim PET bocama sa Dynamic logom premazom protiv falsifikovanja.<\/p>\n<p>Dynamic Color pigment za tetova\u017ee poma\u017ee u stvaranju primetno \u017eivopisnih delova koji mogu da izdr\u017ee test vremena.<\/p>\n<p>Svaki umetnik zaslu\u017euje visokokvalitetnu boju za tetoviranje.<br \/>\nBoje sa visokim sadr\u017eajem pigmenta mogu se me\u0161ati da bi se stvorila sopstvena me\u0161avina po meri. Va\u0161e jedino ograni\u010denje je va\u0161a sopstvena ma\u0161ta.<\/p>\n<p>Veganski i nikad testirani na \u017eivotinjama:<br \/>\nDynamic Color proizvodi ne sadr\u017ee \u017eivotinjske proizvode i nikada se ne testiraju ni na jednom krznenom prijatelju.<br \/>\nPotpuno bezbedna za ko\u017eu, bolja za \u017eivotnu sredinu i na kraju po\u017eeljna za va\u0161e op\u0161te zdravlje.<\/p>","protected":false},"featured_media":1838,"template":"","meta":[],"product_brand":[],"product_cat":[50],"product_tag":[502,787],"class_list":{"0":"post-737","1":"product","2":"type-product","3":"status-publish","4":"has-post-thumbnail","6":"product_cat-white-dynamic-ink","7":"product_tag-bela","8":"product_tag-dynamic","10":"first","11":"outofstock","12":"taxable","13":"shipping-taxable","14":"purchasable","15":"product-type-simple"},"yoast_head":"<!-- This site is optimized with the Yoast SEO plugin v26.8 - https:\/\/yoast.com\/product\/yoast-seo-wordpress\/ -->\n<title>Dynamic Heavy White 240ml - Tatko Opremovi\u0107<\/title>\n<meta name=\"robots\" content=\"index, follow, max-snippet:-1, max-image-preview:large, max-video-preview:-1\" \/>\n<link rel=\"canonical\" href=\"https:\/\/tatkoopremovic.com\/en\/product\/dynamic-heavy-white-240ml\/\" \/>\n<meta property=\"og:locale\" content=\"en_GB\" \/>\n<meta property=\"og:type\" content=\"article\" \/>\n<meta property=\"og:title\" content=\"Dynamic Heavy White 240ml - Tatko Opremovi\u0107\" \/>\n<meta property=\"og:description\" content=\"Profesionalna kvalitetna unapred disperzovana boja.  Dynamic Color obezbe\u0111uje boju za tetova\u017ee vrhunskog kvaliteta sa najimpresivnijim sadr\u017eajem pigmenta u poslu. Poznata po svom glatkom protoku \u2014 od preciznog rada sa detaljima do crtanja i sen\u010denja.  Autenti\u010dno i higijensko: Dynamic Color mastila dolaze u kristalno \u010distim PET bocama sa Dynamic logom premazom protiv falsifikovanja.  Dynamic Color pigment za tetova\u017ee poma\u017ee u stvaranju primetno \u017eivopisnih delova koji mogu da izdr\u017ee test vremena.  Svaki umetnik zaslu\u017euje visokokvalitetnu boju za tetoviranje. Boje sa visokim sadr\u017eajem pigmenta mogu se me\u0161ati da bi se stvorila sopstvena me\u0161avina po meri. Va\u0161e jedino ograni\u010denje je va\u0161a sopstvena ma\u0161ta.  Veganski i nikad testirani na \u017eivotinjama: Dynamic Color proizvodi ne sadr\u017ee \u017eivotinjske proizvode i nikada se ne testiraju ni na jednom krznenom prijatelju. Potpuno bezbedna za ko\u017eu, bolja za \u017eivotnu sredinu i na kraju po\u017eeljna za va\u0161e op\u0161te zdravlje.\" \/>\n<meta property=\"og:url\" content=\"https:\/\/tatkoopremovic.com\/en\/product\/dynamic-heavy-white-240ml\/\" \/>\n<meta property=\"og:site_name\" content=\"Tatko Opremovi\u0107\" \/>\n<meta property=\"article:modified_time\" content=\"2024-06-07T18:05:25+00:00\" \/>\n<meta property=\"og:image\" content=\"https:\/\/tatkoopremovic.com\/wp-content\/uploads\/2022\/09\/Dynamic-Heavy-White-Tattoo-Ink_f58ec6b7-44c8-4d91-8d6c-135732c62a4b_1800x1800.jpg\" \/>\n\t<meta property=\"og:image:width\" content=\"1800\" \/>\n\t<meta property=\"og:image:height\" content=\"1800\" \/>\n\t<meta property=\"og:image:type\" content=\"image\/jpeg\" \/>\n<meta name=\"twitter:card\" content=\"summary_large_image\" \/>\n<meta name=\"twitter:label1\" content=\"Estimated reading time\" \/>\n\t<meta name=\"twitter:data1\" content=\"1 minute\" \/>\n<script type=\"application\/ld+json\" class=\"yoast-schema-graph\">{\"@context\":\"https:\/\/schema.org\",\"@graph\":[{\"@type\":\"WebPage\",\"@id\":\"https:\/\/tatkoopremovic.com\/product\/dynamic-heavy-white-240ml\/\",\"url\":\"https:\/\/tatkoopremovic.com\/product\/dynamic-heavy-white-240ml\/\",\"name\":\"Dynamic Heavy White 240ml - Tatko Opremovi\u0107\",\"isPartOf\":{\"@id\":\"https:\/\/tatkoopremovic.com\/#website\"},\"primaryImageOfPage\":{\"@id\":\"https:\/\/tatkoopremovic.com\/product\/dynamic-heavy-white-240ml\/#primaryimage\"},\"image\":{\"@id\":\"https:\/\/tatkoopremovic.com\/product\/dynamic-heavy-white-240ml\/#primaryimage\"},\"thumbnailUrl\":\"https:\/\/tatkoopremovic.com\/wp-content\/uploads\/2022\/09\/Dynamic-Heavy-White-Tattoo-Ink_f58ec6b7-44c8-4d91-8d6c-135732c62a4b_1800x1800.jpg\",\"datePublished\":\"2022-09-02T11:31:49+00:00\",\"dateModified\":\"2024-06-07T18:05:25+00:00\",\"breadcrumb\":{\"@id\":\"https:\/\/tatkoopremovic.com\/product\/dynamic-heavy-white-240ml\/#breadcrumb\"},\"inLanguage\":\"en-GB\",\"potentialAction\":[{\"@type\":\"ReadAction\",\"target\":[\"https:\/\/tatkoopremovic.com\/product\/dynamic-heavy-white-240ml\/\"]}]},{\"@type\":\"ImageObject\",\"inLanguage\":\"en-GB\",\"@id\":\"https:\/\/tatkoopremovic.com\/product\/dynamic-heavy-white-240ml\/#primaryimage\",\"url\":\"https:\/\/tatkoopremovic.com\/wp-content\/uploads\/2022\/09\/Dynamic-Heavy-White-Tattoo-Ink_f58ec6b7-44c8-4d91-8d6c-135732c62a4b_1800x1800.jpg\",\"contentUrl\":\"https:\/\/tatkoopremovic.com\/wp-content\/uploads\/2022\/09\/Dynamic-Heavy-White-Tattoo-Ink_f58ec6b7-44c8-4d91-8d6c-135732c62a4b_1800x1800.jpg\",\"width\":1800,\"height\":1800},{\"@type\":\"BreadcrumbList\",\"@id\":\"https:\/\/tatkoopremovic.com\/product\/dynamic-heavy-white-240ml\/#breadcrumb\",\"itemListElement\":[{\"@type\":\"ListItem\",\"position\":1,\"name\":\"Home\",\"item\":\"https:\/\/tatkoopremovic.com\/\"},{\"@type\":\"ListItem\",\"position\":2,\"name\":\"Shop\",\"item\":\"https:\/\/tatkoopremovic.com\/shop\/\"},{\"@type\":\"ListItem\",\"position\":3,\"name\":\"Dynamic Heavy White 240ml\"}]},{\"@type\":\"WebSite\",\"@id\":\"https:\/\/tatkoopremovic.com\/#website\",\"url\":\"https:\/\/tatkoopremovic.com\/\",\"name\":\"Tatko Opremovi\u0107\",\"description\":\"Tattoo Oprema\",\"potentialAction\":[{\"@type\":\"SearchAction\",\"target\":{\"@type\":\"EntryPoint\",\"urlTemplate\":\"https:\/\/tatkoopremovic.com\/?s={search_term_string}\"},\"query-input\":{\"@type\":\"PropertyValueSpecification\",\"valueRequired\":true,\"valueName\":\"search_term_string\"}}],\"inLanguage\":\"en-GB\"}]}<\/script>\n<!-- \/ Yoast SEO plugin. -->","yoast_head_json":{"title":"Dynamic Heavy White 240ml - Tatko Opremovi\u0107","robots":{"index":"index","follow":"follow","max-snippet":"max-snippet:-1","max-image-preview":"max-image-preview:large","max-video-preview":"max-video-preview:-1"},"canonical":"https:\/\/tatkoopremovic.com\/en\/product\/dynamic-heavy-white-240ml\/","og_locale":"en_GB","og_type":"article","og_title":"Dynamic Heavy White 240ml - Tatko Opremovi\u0107","og_description":"Profesionalna kvalitetna unapred disperzovana boja.  Dynamic Color obezbe\u0111uje boju za tetova\u017ee vrhunskog kvaliteta sa najimpresivnijim sadr\u017eajem pigmenta u poslu. Poznata po svom glatkom protoku \u2014 od preciznog rada sa detaljima do crtanja i sen\u010denja.  Autenti\u010dno i higijensko: Dynamic Color mastila dolaze u kristalno \u010distim PET bocama sa Dynamic logom premazom protiv falsifikovanja.  Dynamic Color pigment za tetova\u017ee poma\u017ee u stvaranju primetno \u017eivopisnih delova koji mogu da izdr\u017ee test vremena.  Svaki umetnik zaslu\u017euje visokokvalitetnu boju za tetoviranje. Boje sa visokim sadr\u017eajem pigmenta mogu se me\u0161ati da bi se stvorila sopstvena me\u0161avina po meri. Va\u0161e jedino ograni\u010denje je va\u0161a sopstvena ma\u0161ta.  Veganski i nikad testirani na \u017eivotinjama: Dynamic Color proizvodi ne sadr\u017ee \u017eivotinjske proizvode i nikada se ne testiraju ni na jednom krznenom prijatelju. Potpuno bezbedna za ko\u017eu, bolja za \u017eivotnu sredinu i na kraju po\u017eeljna za va\u0161e op\u0161te zdravlje.","og_url":"https:\/\/tatkoopremovic.com\/en\/product\/dynamic-heavy-white-240ml\/","og_site_name":"Tatko Opremovi\u0107","article_modified_time":"2024-06-07T18:05:25+00:00","og_image":[{"width":1800,"height":1800,"url":"https:\/\/tatkoopremovic.com\/wp-content\/uploads\/2022\/09\/Dynamic-Heavy-White-Tattoo-Ink_f58ec6b7-44c8-4d91-8d6c-135732c62a4b_1800x1800.jpg","type":"image\/jpeg"}],"twitter_card":"summary_large_image","twitter_misc":{"Estimated reading time":"1 minute"},"schema":{"@context":"https:\/\/schema.org","@graph":[{"@type":"WebPage","@id":"https:\/\/tatkoopremovic.com\/product\/dynamic-heavy-white-240ml\/","url":"https:\/\/tatkoopremovic.com\/product\/dynamic-heavy-white-240ml\/","name":"Dynamic Heavy White 240ml - Tatko Opremovi\u0107","isPartOf":{"@id":"https:\/\/tatkoopremovic.com\/#website"},"primaryImageOfPage":{"@id":"https:\/\/tatkoopremovic.com\/product\/dynamic-heavy-white-240ml\/#primaryimage"},"image":{"@id":"https:\/\/tatkoopremovic.com\/product\/dynamic-heavy-white-240ml\/#primaryimage"},"thumbnailUrl":"https:\/\/tatkoopremovic.com\/wp-content\/uploads\/2022\/09\/Dynamic-Heavy-White-Tattoo-Ink_f58ec6b7-44c8-4d91-8d6c-135732c62a4b_1800x1800.jpg","datePublished":"2022-09-02T11:31:49+00:00","dateModified":"2024-06-07T18:05:25+00:00","breadcrumb":{"@id":"https:\/\/tatkoopremovic.com\/product\/dynamic-heavy-white-240ml\/#breadcrumb"},"inLanguage":"en-GB","potentialAction":[{"@type":"ReadAction","target":["https:\/\/tatkoopremovic.com\/product\/dynamic-heavy-white-240ml\/"]}]},{"@type":"ImageObject","inLanguage":"en-GB","@id":"https:\/\/tatkoopremovic.com\/product\/dynamic-heavy-white-240ml\/#primaryimage","url":"https:\/\/tatkoopremovic.com\/wp-content\/uploads\/2022\/09\/Dynamic-Heavy-White-Tattoo-Ink_f58ec6b7-44c8-4d91-8d6c-135732c62a4b_1800x1800.jpg","contentUrl":"https:\/\/tatkoopremovic.com\/wp-content\/uploads\/2022\/09\/Dynamic-Heavy-White-Tattoo-Ink_f58ec6b7-44c8-4d91-8d6c-135732c62a4b_1800x1800.jpg","width":1800,"height":1800},{"@type":"BreadcrumbList","@id":"https:\/\/tatkoopremovic.com\/product\/dynamic-heavy-white-240ml\/#breadcrumb","itemListElement":[{"@type":"ListItem","position":1,"name":"Home","item":"https:\/\/tatkoopremovic.com\/"},{"@type":"ListItem","position":2,"name":"Shop","item":"https:\/\/tatkoopremovic.com\/shop\/"},{"@type":"ListItem","position":3,"name":"Dynamic Heavy White 240ml"}]},{"@type":"WebSite","@id":"https:\/\/tatkoopremovic.com\/#website","url":"https:\/\/tatkoopremovic.com\/","name":"Tatko Opremovi\u0107","description":"Tattoo Oprema","potentialAction":[{"@type":"SearchAction","target":{"@type":"EntryPoint","urlTemplate":"https:\/\/tatkoopremovic.com\/?s={search_term_string}"},"query-input":{"@type":"PropertyValueSpecification","valueRequired":true,"valueName":"search_term_string"}}],"inLanguage":"en-GB"}]}},"_links":{"self":[{"href":"https:\/\/tatkoopremovic.com\/en\/wp-json\/wp\/v2\/product\/737","targetHints":{"allow":["GET"]}}],"collection":[{"href":"https:\/\/tatkoopremovic.com\/en\/wp-json\/wp\/v2\/product"}],"about":[{"href":"https:\/\/tatkoopremovic.com\/en\/wp-json\/wp\/v2\/types\/product"}],"wp:featuredmedia":[{"embeddable":true,"href":"https:\/\/tatkoopremovic.com\/en\/wp-json\/wp\/v2\/media\/1838"}],"wp:attachment":[{"href":"https:\/\/tatkoopremovic.com\/en\/wp-json\/wp\/v2\/media?parent=737"}],"wp:term":[{"taxonomy":"product_brand","embeddable":true,"href":"https:\/\/tatkoopremovic.com\/en\/wp-json\/wp\/v2\/product_brand?post=737"},{"taxonomy":"product_cat","embeddable":true,"href":"https:\/\/tatkoopremovic.com\/en\/wp-json\/wp\/v2\/product_cat?post=737"},{"taxonomy":"product_tag","embeddable":true,"href":"https:\/\/tatkoopremovic.com\/en\/wp-json\/wp\/v2\/product_tag?post=737"}],"curies":[{"name":"wp","href":"https:\/\/api.w.org\/{rel}","templated":true}]}}