{"id":867,"date":"2022-09-05T13:05:34","date_gmt":"2022-09-05T13:05:34","guid":{"rendered":"https:\/\/tatkoopremovic.com\/?post_type=product&#038;p=867"},"modified":"2025-02-26T13:42:49","modified_gmt":"2025-02-26T13:42:49","slug":"ep-8-wirelees-pen-zeleni","status":"publish","type":"product","link":"https:\/\/tatkoopremovic.com\/en\/product\/ep-8-wirelees-pen-zeleni\/","title":{"rendered":"EP 8 wireless pen ZELENI"},"content":{"rendered":"","protected":false},"excerpt":{"rendered":"<p>Entering the world of tattoos but don't want to break the bank on equipment? This is your machine! It eliminates the need for all the accessories that come with tattooing at an affordable price. No power supply, no cables, no pedals.<\/p>\n<p>AVA EP8 is an updated and redesigned version of AVA EP7 with new features such as the battery percentage indicator.<br \/>\nYou can work for up to 8 hours with just 2 hours of battery charging. The frequency is adjusted with just 2 buttons in a fully integrated power supply.<br \/>\nIf you still run out of battery, you can easily switch to normal power using the included adapter to connect the RCA cable.<\/p>\n<p>Features:<\/p>\n<p>Available in different colors<br \/>\nMotor: Made in Germany<br \/>\nPower: 5V<br \/>\nOperating voltage: 4V \u2013 12V DC<br \/>\nFrequency: 0-11049 RPM<br \/>\nMaterial: Aircraft aluminum<br \/>\nNeedle stroke: 3.5 mm<br \/>\nAdjustable needle depth on the machine: 0 \u2013 4.5 mm<br \/>\nCompatible with all common cartridge brands.<br \/>\nWireless operation<br \/>\nLED indicator display<br \/>\nCharging voltage: 5 V \/ 2 A<br \/>\nCharging time: 2 hours via USB Type-C<br \/>\nUsage time: 4 \u2013 8 hours<\/p>\n<p>Dimensions and weight:<\/p>\n<p>Weight: 213 g<br \/>\nMachine diameter: 33 mm \u2013 30 mm<br \/>\nMachine size (without module): 14 cm<\/p>\n<p>Package contents:<\/p>\n<p>1x AVA wireless machine EP8<br \/>\n1x rechargeable battery<br \/>\n1x USB charging cable, Type-C<br \/>\n1x RCA cable adapter<br \/>\n1x Additional grip<br \/>\n1x Quick start guide<br \/>\nGarancija: 6 meseci<\/p>\n<p>Available colors: Black, Red, Green, Gray<\/p>","protected":false},"featured_media":892,"template":"","meta":[],"product_brand":[],"product_cat":[51],"product_tag":[650],"class_list":{"0":"post-867","1":"product","2":"type-product","3":"status-publish","4":"has-post-thumbnail","6":"product_cat-ava-machine","7":"product_tag-ava","9":"first","10":"instock","11":"taxable","12":"shipping-taxable","13":"purchasable","14":"product-type-simple"},"yoast_head":"<!-- This site is optimized with the Yoast SEO plugin v26.8 - https:\/\/yoast.com\/product\/yoast-seo-wordpress\/ -->\n<title>EP 8 wireless pen ZELENI - Tatko Opremovi\u0107<\/title>\n<meta name=\"robots\" content=\"index, follow, max-snippet:-1, max-image-preview:large, max-video-preview:-1\" \/>\n<link rel=\"canonical\" href=\"https:\/\/tatkoopremovic.com\/en\/product\/ep-8-wirelees-pen-zeleni\/\" \/>\n<meta property=\"og:locale\" content=\"en_GB\" \/>\n<meta property=\"og:type\" content=\"article\" \/>\n<meta property=\"og:title\" content=\"EP 8 wireless pen ZELENI - Tatko Opremovi\u0107\" \/>\n<meta property=\"og:description\" content=\"Ulazite u svet tetova\u017ea, ali ne \u017eelite da potro\u0161ite bogatstvo na opremu? Ovo je tvoja ma\u0161ina! Elimini\u0161e potrebu za svim dodacima koji dolaze uz tetoviranje po pristupa\u010dnoj ceni. Bez napajanja, bez kablova, bez pedala.  AVA EP8 je a\u017eurirana i redizajnirana verzija AVA ep7 sa novim funkcijama kao \u0161to je indikator % baterije. Mo\u017eete da radite do 8 sati sa samo 2 sata punjenja baterije. Frekvencija se pode\u0161ava sa samo 2 dugmeta u potpuno integrisanom napajanju. Ako i dalje ostanete bez baterije, mo\u017eete uz pomo\u0107 prilo\u017eenog adaptera da pove\u017eete RCA kabl i lako pre\u0111ete na normalno napajanje.  Karakteristike:  Dostupan u razli\u010ditim bojama Motor: proizveden u Nema\u010dkoj Snaga: 5V Radni napon: 4V - 12V DC Frekvencija: 0-11049 RPM Materijal: avionski aluminijum Hod igle: 3,5 mm Podesiva dubina igle na ma\u0161ini: 0 - 4,5 mm Kompatibilan sa svim uobi\u010dajenim modulima Be\u017ei\u010dni rad LED indikatorski displej Napon punjenja: 5 V \/ 2 A Vreme punjenja: 2 sata preko USB Tipe-C Vreme upotrebe: 4 - 8 sati  Dimenzije i te\u017eina:  Te\u017eina: 213 g Pre\u010dnik ma\u0161ine: 33 mm - 30 mm Veli\u010dina ma\u0161ine (bez modula): 14 cm  Sadr\u017eaj paketa:  1k AVA be\u017ei\u010dna ma\u0161ina EP8 1k punjiva baterija 1k USB kabl za punjenje, Tipe-C 1k adapter za RCA kabal 1k Dodatni grip 1k Vodi\u010d za brzi po\u010detak Garancija: 6 meseci  Dostupne boje: Crna, Crvena, Zelena, Siva\" \/>\n<meta property=\"og:url\" content=\"https:\/\/tatkoopremovic.com\/en\/product\/ep-8-wirelees-pen-zeleni\/\" \/>\n<meta property=\"og:site_name\" content=\"Tatko Opremovi\u0107\" \/>\n<meta property=\"article:modified_time\" content=\"2025-02-26T13:42:49+00:00\" \/>\n<meta property=\"og:image\" content=\"https:\/\/tatkoopremovic.com\/wp-content\/uploads\/2022\/09\/EP002-2-Green-6gggg.jpg\" \/>\n\t<meta property=\"og:image:width\" content=\"512\" \/>\n\t<meta property=\"og:image:height\" content=\"512\" \/>\n\t<meta property=\"og:image:type\" content=\"image\/jpeg\" \/>\n<meta name=\"twitter:card\" content=\"summary_large_image\" \/>\n<meta name=\"twitter:label1\" content=\"Estimated reading time\" \/>\n\t<meta name=\"twitter:data1\" content=\"2 minutes\" \/>\n<script type=\"application\/ld+json\" class=\"yoast-schema-graph\">{\"@context\":\"https:\/\/schema.org\",\"@graph\":[{\"@type\":\"WebPage\",\"@id\":\"https:\/\/tatkoopremovic.com\/product\/ep-8-wirelees-pen-zeleni\/\",\"url\":\"https:\/\/tatkoopremovic.com\/product\/ep-8-wirelees-pen-zeleni\/\",\"name\":\"EP 8 wireless pen ZELENI - Tatko Opremovi\u0107\",\"isPartOf\":{\"@id\":\"https:\/\/tatkoopremovic.com\/#website\"},\"primaryImageOfPage\":{\"@id\":\"https:\/\/tatkoopremovic.com\/product\/ep-8-wirelees-pen-zeleni\/#primaryimage\"},\"image\":{\"@id\":\"https:\/\/tatkoopremovic.com\/product\/ep-8-wirelees-pen-zeleni\/#primaryimage\"},\"thumbnailUrl\":\"https:\/\/tatkoopremovic.com\/wp-content\/uploads\/2022\/09\/EP002-2-Green-6gggg.jpg\",\"datePublished\":\"2022-09-05T13:05:34+00:00\",\"dateModified\":\"2025-02-26T13:42:49+00:00\",\"breadcrumb\":{\"@id\":\"https:\/\/tatkoopremovic.com\/product\/ep-8-wirelees-pen-zeleni\/#breadcrumb\"},\"inLanguage\":\"en-GB\",\"potentialAction\":[{\"@type\":\"ReadAction\",\"target\":[\"https:\/\/tatkoopremovic.com\/product\/ep-8-wirelees-pen-zeleni\/\"]}]},{\"@type\":\"ImageObject\",\"inLanguage\":\"en-GB\",\"@id\":\"https:\/\/tatkoopremovic.com\/product\/ep-8-wirelees-pen-zeleni\/#primaryimage\",\"url\":\"https:\/\/tatkoopremovic.com\/wp-content\/uploads\/2022\/09\/EP002-2-Green-6gggg.jpg\",\"contentUrl\":\"https:\/\/tatkoopremovic.com\/wp-content\/uploads\/2022\/09\/EP002-2-Green-6gggg.jpg\",\"width\":512,\"height\":512},{\"@type\":\"BreadcrumbList\",\"@id\":\"https:\/\/tatkoopremovic.com\/product\/ep-8-wirelees-pen-zeleni\/#breadcrumb\",\"itemListElement\":[{\"@type\":\"ListItem\",\"position\":1,\"name\":\"Home\",\"item\":\"https:\/\/tatkoopremovic.com\/\"},{\"@type\":\"ListItem\",\"position\":2,\"name\":\"Shop\",\"item\":\"https:\/\/tatkoopremovic.com\/shop\/\"},{\"@type\":\"ListItem\",\"position\":3,\"name\":\"EP 8 wireless pen ZELENI\"}]},{\"@type\":\"WebSite\",\"@id\":\"https:\/\/tatkoopremovic.com\/#website\",\"url\":\"https:\/\/tatkoopremovic.com\/\",\"name\":\"Tatko Opremovi\u0107\",\"description\":\"Tattoo Oprema\",\"potentialAction\":[{\"@type\":\"SearchAction\",\"target\":{\"@type\":\"EntryPoint\",\"urlTemplate\":\"https:\/\/tatkoopremovic.com\/?s={search_term_string}\"},\"query-input\":{\"@type\":\"PropertyValueSpecification\",\"valueRequired\":true,\"valueName\":\"search_term_string\"}}],\"inLanguage\":\"en-GB\"}]}<\/script>\n<!-- \/ Yoast SEO plugin. -->","yoast_head_json":{"title":"EP 8 wireless pen ZELENI - Tatko Opremovi\u0107","robots":{"index":"index","follow":"follow","max-snippet":"max-snippet:-1","max-image-preview":"max-image-preview:large","max-video-preview":"max-video-preview:-1"},"canonical":"https:\/\/tatkoopremovic.com\/en\/product\/ep-8-wirelees-pen-zeleni\/","og_locale":"en_GB","og_type":"article","og_title":"EP 8 wireless pen ZELENI - Tatko Opremovi\u0107","og_description":"Ulazite u svet tetova\u017ea, ali ne \u017eelite da potro\u0161ite bogatstvo na opremu? Ovo je tvoja ma\u0161ina! Elimini\u0161e potrebu za svim dodacima koji dolaze uz tetoviranje po pristupa\u010dnoj ceni. Bez napajanja, bez kablova, bez pedala.  AVA EP8 je a\u017eurirana i redizajnirana verzija AVA ep7 sa novim funkcijama kao \u0161to je indikator % baterije. Mo\u017eete da radite do 8 sati sa samo 2 sata punjenja baterije. Frekvencija se pode\u0161ava sa samo 2 dugmeta u potpuno integrisanom napajanju. Ako i dalje ostanete bez baterije, mo\u017eete uz pomo\u0107 prilo\u017eenog adaptera da pove\u017eete RCA kabl i lako pre\u0111ete na normalno napajanje.  Karakteristike:  Dostupan u razli\u010ditim bojama Motor: proizveden u Nema\u010dkoj Snaga: 5V Radni napon: 4V - 12V DC Frekvencija: 0-11049 RPM Materijal: avionski aluminijum Hod igle: 3,5 mm Podesiva dubina igle na ma\u0161ini: 0 - 4,5 mm Kompatibilan sa svim uobi\u010dajenim modulima Be\u017ei\u010dni rad LED indikatorski displej Napon punjenja: 5 V \/ 2 A Vreme punjenja: 2 sata preko USB Tipe-C Vreme upotrebe: 4 - 8 sati  Dimenzije i te\u017eina:  Te\u017eina: 213 g Pre\u010dnik ma\u0161ine: 33 mm - 30 mm Veli\u010dina ma\u0161ine (bez modula): 14 cm  Sadr\u017eaj paketa:  1k AVA be\u017ei\u010dna ma\u0161ina EP8 1k punjiva baterija 1k USB kabl za punjenje, Tipe-C 1k adapter za RCA kabal 1k Dodatni grip 1k Vodi\u010d za brzi po\u010detak Garancija: 6 meseci  Dostupne boje: Crna, Crvena, Zelena, Siva","og_url":"https:\/\/tatkoopremovic.com\/en\/product\/ep-8-wirelees-pen-zeleni\/","og_site_name":"Tatko Opremovi\u0107","article_modified_time":"2025-02-26T13:42:49+00:00","og_image":[{"width":512,"height":512,"url":"https:\/\/tatkoopremovic.com\/wp-content\/uploads\/2022\/09\/EP002-2-Green-6gggg.jpg","type":"image\/jpeg"}],"twitter_card":"summary_large_image","twitter_misc":{"Estimated reading time":"2 minutes"},"schema":{"@context":"https:\/\/schema.org","@graph":[{"@type":"WebPage","@id":"https:\/\/tatkoopremovic.com\/product\/ep-8-wirelees-pen-zeleni\/","url":"https:\/\/tatkoopremovic.com\/product\/ep-8-wirelees-pen-zeleni\/","name":"EP 8 wireless pen ZELENI - Tatko Opremovi\u0107","isPartOf":{"@id":"https:\/\/tatkoopremovic.com\/#website"},"primaryImageOfPage":{"@id":"https:\/\/tatkoopremovic.com\/product\/ep-8-wirelees-pen-zeleni\/#primaryimage"},"image":{"@id":"https:\/\/tatkoopremovic.com\/product\/ep-8-wirelees-pen-zeleni\/#primaryimage"},"thumbnailUrl":"https:\/\/tatkoopremovic.com\/wp-content\/uploads\/2022\/09\/EP002-2-Green-6gggg.jpg","datePublished":"2022-09-05T13:05:34+00:00","dateModified":"2025-02-26T13:42:49+00:00","breadcrumb":{"@id":"https:\/\/tatkoopremovic.com\/product\/ep-8-wirelees-pen-zeleni\/#breadcrumb"},"inLanguage":"en-GB","potentialAction":[{"@type":"ReadAction","target":["https:\/\/tatkoopremovic.com\/product\/ep-8-wirelees-pen-zeleni\/"]}]},{"@type":"ImageObject","inLanguage":"en-GB","@id":"https:\/\/tatkoopremovic.com\/product\/ep-8-wirelees-pen-zeleni\/#primaryimage","url":"https:\/\/tatkoopremovic.com\/wp-content\/uploads\/2022\/09\/EP002-2-Green-6gggg.jpg","contentUrl":"https:\/\/tatkoopremovic.com\/wp-content\/uploads\/2022\/09\/EP002-2-Green-6gggg.jpg","width":512,"height":512},{"@type":"BreadcrumbList","@id":"https:\/\/tatkoopremovic.com\/product\/ep-8-wirelees-pen-zeleni\/#breadcrumb","itemListElement":[{"@type":"ListItem","position":1,"name":"Home","item":"https:\/\/tatkoopremovic.com\/"},{"@type":"ListItem","position":2,"name":"Shop","item":"https:\/\/tatkoopremovic.com\/shop\/"},{"@type":"ListItem","position":3,"name":"EP 8 wireless pen ZELENI"}]},{"@type":"WebSite","@id":"https:\/\/tatkoopremovic.com\/#website","url":"https:\/\/tatkoopremovic.com\/","name":"Tatko Opremovi\u0107","description":"Tattoo Oprema","potentialAction":[{"@type":"SearchAction","target":{"@type":"EntryPoint","urlTemplate":"https:\/\/tatkoopremovic.com\/?s={search_term_string}"},"query-input":{"@type":"PropertyValueSpecification","valueRequired":true,"valueName":"search_term_string"}}],"inLanguage":"en-GB"}]}},"_links":{"self":[{"href":"https:\/\/tatkoopremovic.com\/en\/wp-json\/wp\/v2\/product\/867","targetHints":{"allow":["GET"]}}],"collection":[{"href":"https:\/\/tatkoopremovic.com\/en\/wp-json\/wp\/v2\/product"}],"about":[{"href":"https:\/\/tatkoopremovic.com\/en\/wp-json\/wp\/v2\/types\/product"}],"wp:featuredmedia":[{"embeddable":true,"href":"https:\/\/tatkoopremovic.com\/en\/wp-json\/wp\/v2\/media\/892"}],"wp:attachment":[{"href":"https:\/\/tatkoopremovic.com\/en\/wp-json\/wp\/v2\/media?parent=867"}],"wp:term":[{"taxonomy":"product_brand","embeddable":true,"href":"https:\/\/tatkoopremovic.com\/en\/wp-json\/wp\/v2\/product_brand?post=867"},{"taxonomy":"product_cat","embeddable":true,"href":"https:\/\/tatkoopremovic.com\/en\/wp-json\/wp\/v2\/product_cat?post=867"},{"taxonomy":"product_tag","embeddable":true,"href":"https:\/\/tatkoopremovic.com\/en\/wp-json\/wp\/v2\/product_tag?post=867"}],"curies":[{"name":"wp","href":"https:\/\/api.w.org\/{rel}","templated":true}]}}