{"id":8770,"date":"2024-07-05T10:53:36","date_gmt":"2024-07-05T10:53:36","guid":{"rendered":"https:\/\/tatkoopremovic.com\/?post_type=product&#038;p=8770"},"modified":"2025-09-15T13:03:33","modified_gmt":"2025-09-15T13:03:33","slug":"fk-irons-one-charcoal-4-0","status":"publish","type":"product","link":"https:\/\/tatkoopremovic.com\/en\/product\/fk-irons-one-charcoal-4-0\/","title":{"rendered":"FK IRONS ONE &#8211; CHARCOAL 4.0"},"content":{"rendered":"","protected":false},"excerpt":{"rendered":"<p>FK Irons ONE je visokokvalitetna ma\u0161ina za tetoviranje dizajnirana za umetnike koji svakodnevno te\u017ee savr\u0161enstvu u svom radu. Postavlja nove standarde u svetu tetoviranja i omoguc\u0301ava stvaranje neverovatnih umetni\u010dkih dela na ko\u017ei.<\/p>\n<p>Sa naprednom tehnologijom i iskustvom u dizajniranju i razvoju ma\u0161ina za tetoviranje, FK Irons ONE pru\u017ea izuzetnu preciznost i prakti\u010dnost tokom rada. Napaja se zamenljivim baterijama, \u0161to uklanja sva ograni\u010denja i neo\u010dekivane situacije tokom tetoviranja.<\/p>\n<p>Jedinstvene karakteristike za maksimalne performanse:<\/p>\n<p>FK Irons ONE ima \u0161irok opseg radnog napona, koji se mo\u017ee podesiti zahvaljujuc\u0301i LED indikatoru i spektru boja kojima se dodeljuju podaci o naponu (menjajuc\u0301i se u koracima od 0,5 V).<\/p>\n<p>Nova ergonomska ru\u010dica FK ONE garantuje prijatan rad ma\u0161ine \u010dak i tokom dugih sesija tetoviranja.<\/p>\n<p>Hod: 4.0<\/p>\n<p>FK Irons ONE je rezultat pa\u017eljivog razvoja, in\u017eenjeringa i proizvodnje u SAD. Svaki detalj je rafiniran sa pa\u017enjom na najvi\u0161i kvalitet. I materijali i tehnologija kori\u0161c\u0301eni u proizvodnji ove ma\u0161ine za tetoviranje su vrhunski. FK Irons ONE je deo opreme na koji se mo\u017eete osloniti za svaki dan napornog rada.<\/p>\n<p>FK ONE tako\u0111e sti\u017ee sa:<\/p>\n<p>\u2022 Putnom torbicom visokog kvaliteta sa za\u0161titnom penom.<br \/>\n\u2022 Dve punjive Panasonic 18500A baterije<br \/>\n\u2022 Dock za punjenje sa dve baterije<\/p>\n<p>Karakteristike proizvoda:<\/p>\n<p>\u2022 Be\u017ei\u010dni rad sa lako zamenljivom baterijom koja se mo\u017ee ponovo puniti<br \/>\n&#8211; Tip baterije: Panasonic NCR 18500A baterija.<br \/>\n\u2022 Kuick Twist Battery Hatch &amp; Power Disconnect<br \/>\n\u2022 LED indikator napona i spektar boja<br \/>\n(Napomena: trepc\u0301uc\u0301e svetlo ozna\u010dava povec\u0301anje od 0,5 volti)<br \/>\n\u2022 Novi ergonomski rukohvat<br \/>\n&#8211; Kompatibilan sa svim modularnim FK gripovima, uklju\u010dujuc\u0301i jednokratne<br \/>\n&#8211; Pode\u0161avanje dubine igle za hvatanje<br \/>\n\u2022 Dock za punjenje sa dve baterije<br \/>\n&#8211; Indikator punjenja postaje plava kada se baterija napuni.<br \/>\n-Koristite samo prilo\u017eeni kabl za napajanje da biste priklju\u010dili priklju\u010dnu stanicu<\/p>\n<p>\u2022 Kompatibilan sa vec\u0301inom standardnih kertrid\u017ea za igle za tetoviranje<\/p>\n<p>Garancija: 1 godina<\/p>","protected":false},"featured_media":8771,"template":"","meta":[],"product_brand":[],"product_cat":[984],"product_tag":[985],"class_list":{"0":"post-8770","1":"product","2":"type-product","3":"status-publish","4":"has-post-thumbnail","6":"product_cat-fk-irons","7":"product_tag-fk-irons","9":"first","10":"outofstock","11":"taxable","12":"shipping-taxable","13":"purchasable","14":"product-type-simple"},"yoast_head":"<!-- This site is optimized with the Yoast SEO plugin v26.8 - https:\/\/yoast.com\/product\/yoast-seo-wordpress\/ -->\n<title>FK IRONS ONE - CHARCOAL 4.0 - Tatko Opremovi\u0107<\/title>\n<meta name=\"robots\" content=\"index, follow, max-snippet:-1, max-image-preview:large, max-video-preview:-1\" \/>\n<link rel=\"canonical\" href=\"https:\/\/tatkoopremovic.com\/en\/product\/fk-irons-one-charcoal-4-0\/\" \/>\n<meta property=\"og:locale\" content=\"en_GB\" \/>\n<meta property=\"og:type\" content=\"article\" \/>\n<meta property=\"og:title\" content=\"FK IRONS ONE - CHARCOAL 4.0 - Tatko Opremovi\u0107\" \/>\n<meta property=\"og:description\" content=\"FK Irons ONE je visokokvalitetna ma\u0161ina za tetoviranje dizajnirana za umetnike koji svakodnevno te\u017ee savr\u0161enstvu u svom radu. Postavlja nove standarde u svetu tetoviranja i omoguc\u0301ava stvaranje neverovatnih umetni\u010dkih dela na ko\u017ei.  Sa naprednom tehnologijom i iskustvom u dizajniranju i razvoju ma\u0161ina za tetoviranje, FK Irons ONE pru\u017ea izuzetnu preciznost i prakti\u010dnost tokom rada. Napaja se zamenljivim baterijama, \u0161to uklanja sva ograni\u010denja i neo\u010dekivane situacije tokom tetoviranja.  Jedinstvene karakteristike za maksimalne performanse:  FK Irons ONE ima \u0161irok opseg radnog napona, koji se mo\u017ee podesiti zahvaljujuc\u0301i LED indikatoru i spektru boja kojima se dodeljuju podaci o naponu (menjajuc\u0301i se u koracima od 0,5 V).  Nova ergonomska ru\u010dica FK ONE garantuje prijatan rad ma\u0161ine \u010dak i tokom dugih sesija tetoviranja.  Hod: 4.0  FK Irons ONE je rezultat pa\u017eljivog razvoja, in\u017eenjeringa i proizvodnje u SAD. Svaki detalj je rafiniran sa pa\u017enjom na najvi\u0161i kvalitet. I materijali i tehnologija kori\u0161c\u0301eni u proizvodnji ove ma\u0161ine za tetoviranje su vrhunski. FK Irons ONE je deo opreme na koji se mo\u017eete osloniti za svaki dan napornog rada.  FK ONE tako\u0111e sti\u017ee sa:  \u2022 Putnom torbicom visokog kvaliteta sa za\u0161titnom penom. \u2022 Dve punjive Panasonic 18500A baterije \u2022 Dock za punjenje sa dve baterije  Karakteristike proizvoda:  \u2022 Be\u017ei\u010dni rad sa lako zamenljivom baterijom koja se mo\u017ee ponovo puniti - Tip baterije: Panasonic NCR 18500A baterija. \u2022 Kuick Twist Battery Hatch &amp; Power Disconnect \u2022 LED indikator napona i spektar boja (Napomena: trepc\u0301uc\u0301e svetlo ozna\u010dava povec\u0301anje od 0,5 volti) \u2022 Novi ergonomski rukohvat - Kompatibilan sa svim modularnim FK gripovima, uklju\u010dujuc\u0301i jednokratne - Pode\u0161avanje dubine igle za hvatanje \u2022 Dock za punjenje sa dve baterije - Indikator punjenja postaje plava kada se baterija napuni. -Koristite samo prilo\u017eeni kabl za napajanje da biste priklju\u010dili priklju\u010dnu stanicu  \u2022 Kompatibilan sa vec\u0301inom standardnih kertrid\u017ea za igle za tetoviranje  Garancija: 1 godina\" \/>\n<meta property=\"og:url\" content=\"https:\/\/tatkoopremovic.com\/en\/product\/fk-irons-one-charcoal-4-0\/\" \/>\n<meta property=\"og:site_name\" content=\"Tatko Opremovi\u0107\" \/>\n<meta property=\"article:modified_time\" content=\"2025-09-15T13:03:33+00:00\" \/>\n<meta property=\"og:image\" content=\"https:\/\/tatkoopremovic.com\/wp-content\/uploads\/2024\/07\/1-fk-irons-one-charcoal-40.jpg\" \/>\n\t<meta property=\"og:image:width\" content=\"540\" \/>\n\t<meta property=\"og:image:height\" content=\"540\" \/>\n\t<meta property=\"og:image:type\" content=\"image\/jpeg\" \/>\n<meta name=\"twitter:card\" content=\"summary_large_image\" \/>\n<script type=\"application\/ld+json\" class=\"yoast-schema-graph\">{\"@context\":\"https:\/\/schema.org\",\"@graph\":[{\"@type\":\"WebPage\",\"@id\":\"https:\/\/tatkoopremovic.com\/product\/fk-irons-one-charcoal-4-0\/\",\"url\":\"https:\/\/tatkoopremovic.com\/product\/fk-irons-one-charcoal-4-0\/\",\"name\":\"FK IRONS ONE - CHARCOAL 4.0 - Tatko Opremovi\u0107\",\"isPartOf\":{\"@id\":\"https:\/\/tatkoopremovic.com\/#website\"},\"primaryImageOfPage\":{\"@id\":\"https:\/\/tatkoopremovic.com\/product\/fk-irons-one-charcoal-4-0\/#primaryimage\"},\"image\":{\"@id\":\"https:\/\/tatkoopremovic.com\/product\/fk-irons-one-charcoal-4-0\/#primaryimage\"},\"thumbnailUrl\":\"https:\/\/tatkoopremovic.com\/wp-content\/uploads\/2024\/07\/1-fk-irons-one-charcoal-40.jpg\",\"datePublished\":\"2024-07-05T10:53:36+00:00\",\"dateModified\":\"2025-09-15T13:03:33+00:00\",\"breadcrumb\":{\"@id\":\"https:\/\/tatkoopremovic.com\/product\/fk-irons-one-charcoal-4-0\/#breadcrumb\"},\"inLanguage\":\"en-GB\",\"potentialAction\":[{\"@type\":\"ReadAction\",\"target\":[\"https:\/\/tatkoopremovic.com\/product\/fk-irons-one-charcoal-4-0\/\"]}]},{\"@type\":\"ImageObject\",\"inLanguage\":\"en-GB\",\"@id\":\"https:\/\/tatkoopremovic.com\/product\/fk-irons-one-charcoal-4-0\/#primaryimage\",\"url\":\"https:\/\/tatkoopremovic.com\/wp-content\/uploads\/2024\/07\/1-fk-irons-one-charcoal-40.jpg\",\"contentUrl\":\"https:\/\/tatkoopremovic.com\/wp-content\/uploads\/2024\/07\/1-fk-irons-one-charcoal-40.jpg\",\"width\":540,\"height\":540},{\"@type\":\"BreadcrumbList\",\"@id\":\"https:\/\/tatkoopremovic.com\/product\/fk-irons-one-charcoal-4-0\/#breadcrumb\",\"itemListElement\":[{\"@type\":\"ListItem\",\"position\":1,\"name\":\"Home\",\"item\":\"https:\/\/tatkoopremovic.com\/\"},{\"@type\":\"ListItem\",\"position\":2,\"name\":\"Shop\",\"item\":\"https:\/\/tatkoopremovic.com\/shop\/\"},{\"@type\":\"ListItem\",\"position\":3,\"name\":\"FK IRONS ONE &#8211; CHARCOAL 4.0\"}]},{\"@type\":\"WebSite\",\"@id\":\"https:\/\/tatkoopremovic.com\/#website\",\"url\":\"https:\/\/tatkoopremovic.com\/\",\"name\":\"Tatko Opremovi\u0107\",\"description\":\"Tattoo Oprema\",\"potentialAction\":[{\"@type\":\"SearchAction\",\"target\":{\"@type\":\"EntryPoint\",\"urlTemplate\":\"https:\/\/tatkoopremovic.com\/?s={search_term_string}\"},\"query-input\":{\"@type\":\"PropertyValueSpecification\",\"valueRequired\":true,\"valueName\":\"search_term_string\"}}],\"inLanguage\":\"en-GB\"}]}<\/script>\n<!-- \/ Yoast SEO plugin. -->","yoast_head_json":{"title":"FK IRONS ONE - CHARCOAL 4.0 - Tatko Opremovi\u0107","robots":{"index":"index","follow":"follow","max-snippet":"max-snippet:-1","max-image-preview":"max-image-preview:large","max-video-preview":"max-video-preview:-1"},"canonical":"https:\/\/tatkoopremovic.com\/en\/product\/fk-irons-one-charcoal-4-0\/","og_locale":"en_GB","og_type":"article","og_title":"FK IRONS ONE - CHARCOAL 4.0 - Tatko Opremovi\u0107","og_description":"FK Irons ONE je visokokvalitetna ma\u0161ina za tetoviranje dizajnirana za umetnike koji svakodnevno te\u017ee savr\u0161enstvu u svom radu. Postavlja nove standarde u svetu tetoviranja i omoguc\u0301ava stvaranje neverovatnih umetni\u010dkih dela na ko\u017ei.  Sa naprednom tehnologijom i iskustvom u dizajniranju i razvoju ma\u0161ina za tetoviranje, FK Irons ONE pru\u017ea izuzetnu preciznost i prakti\u010dnost tokom rada. Napaja se zamenljivim baterijama, \u0161to uklanja sva ograni\u010denja i neo\u010dekivane situacije tokom tetoviranja.  Jedinstvene karakteristike za maksimalne performanse:  FK Irons ONE ima \u0161irok opseg radnog napona, koji se mo\u017ee podesiti zahvaljujuc\u0301i LED indikatoru i spektru boja kojima se dodeljuju podaci o naponu (menjajuc\u0301i se u koracima od 0,5 V).  Nova ergonomska ru\u010dica FK ONE garantuje prijatan rad ma\u0161ine \u010dak i tokom dugih sesija tetoviranja.  Hod: 4.0  FK Irons ONE je rezultat pa\u017eljivog razvoja, in\u017eenjeringa i proizvodnje u SAD. Svaki detalj je rafiniran sa pa\u017enjom na najvi\u0161i kvalitet. I materijali i tehnologija kori\u0161c\u0301eni u proizvodnji ove ma\u0161ine za tetoviranje su vrhunski. FK Irons ONE je deo opreme na koji se mo\u017eete osloniti za svaki dan napornog rada.  FK ONE tako\u0111e sti\u017ee sa:  \u2022 Putnom torbicom visokog kvaliteta sa za\u0161titnom penom. \u2022 Dve punjive Panasonic 18500A baterije \u2022 Dock za punjenje sa dve baterije  Karakteristike proizvoda:  \u2022 Be\u017ei\u010dni rad sa lako zamenljivom baterijom koja se mo\u017ee ponovo puniti - Tip baterije: Panasonic NCR 18500A baterija. \u2022 Kuick Twist Battery Hatch &amp; Power Disconnect \u2022 LED indikator napona i spektar boja (Napomena: trepc\u0301uc\u0301e svetlo ozna\u010dava povec\u0301anje od 0,5 volti) \u2022 Novi ergonomski rukohvat - Kompatibilan sa svim modularnim FK gripovima, uklju\u010dujuc\u0301i jednokratne - Pode\u0161avanje dubine igle za hvatanje \u2022 Dock za punjenje sa dve baterije - Indikator punjenja postaje plava kada se baterija napuni. -Koristite samo prilo\u017eeni kabl za napajanje da biste priklju\u010dili priklju\u010dnu stanicu  \u2022 Kompatibilan sa vec\u0301inom standardnih kertrid\u017ea za igle za tetoviranje  Garancija: 1 godina","og_url":"https:\/\/tatkoopremovic.com\/en\/product\/fk-irons-one-charcoal-4-0\/","og_site_name":"Tatko Opremovi\u0107","article_modified_time":"2025-09-15T13:03:33+00:00","og_image":[{"width":540,"height":540,"url":"https:\/\/tatkoopremovic.com\/wp-content\/uploads\/2024\/07\/1-fk-irons-one-charcoal-40.jpg","type":"image\/jpeg"}],"twitter_card":"summary_large_image","schema":{"@context":"https:\/\/schema.org","@graph":[{"@type":"WebPage","@id":"https:\/\/tatkoopremovic.com\/product\/fk-irons-one-charcoal-4-0\/","url":"https:\/\/tatkoopremovic.com\/product\/fk-irons-one-charcoal-4-0\/","name":"FK IRONS ONE - CHARCOAL 4.0 - Tatko Opremovi\u0107","isPartOf":{"@id":"https:\/\/tatkoopremovic.com\/#website"},"primaryImageOfPage":{"@id":"https:\/\/tatkoopremovic.com\/product\/fk-irons-one-charcoal-4-0\/#primaryimage"},"image":{"@id":"https:\/\/tatkoopremovic.com\/product\/fk-irons-one-charcoal-4-0\/#primaryimage"},"thumbnailUrl":"https:\/\/tatkoopremovic.com\/wp-content\/uploads\/2024\/07\/1-fk-irons-one-charcoal-40.jpg","datePublished":"2024-07-05T10:53:36+00:00","dateModified":"2025-09-15T13:03:33+00:00","breadcrumb":{"@id":"https:\/\/tatkoopremovic.com\/product\/fk-irons-one-charcoal-4-0\/#breadcrumb"},"inLanguage":"en-GB","potentialAction":[{"@type":"ReadAction","target":["https:\/\/tatkoopremovic.com\/product\/fk-irons-one-charcoal-4-0\/"]}]},{"@type":"ImageObject","inLanguage":"en-GB","@id":"https:\/\/tatkoopremovic.com\/product\/fk-irons-one-charcoal-4-0\/#primaryimage","url":"https:\/\/tatkoopremovic.com\/wp-content\/uploads\/2024\/07\/1-fk-irons-one-charcoal-40.jpg","contentUrl":"https:\/\/tatkoopremovic.com\/wp-content\/uploads\/2024\/07\/1-fk-irons-one-charcoal-40.jpg","width":540,"height":540},{"@type":"BreadcrumbList","@id":"https:\/\/tatkoopremovic.com\/product\/fk-irons-one-charcoal-4-0\/#breadcrumb","itemListElement":[{"@type":"ListItem","position":1,"name":"Home","item":"https:\/\/tatkoopremovic.com\/"},{"@type":"ListItem","position":2,"name":"Shop","item":"https:\/\/tatkoopremovic.com\/shop\/"},{"@type":"ListItem","position":3,"name":"FK IRONS ONE &#8211; CHARCOAL 4.0"}]},{"@type":"WebSite","@id":"https:\/\/tatkoopremovic.com\/#website","url":"https:\/\/tatkoopremovic.com\/","name":"Tatko Opremovi\u0107","description":"Tattoo Oprema","potentialAction":[{"@type":"SearchAction","target":{"@type":"EntryPoint","urlTemplate":"https:\/\/tatkoopremovic.com\/?s={search_term_string}"},"query-input":{"@type":"PropertyValueSpecification","valueRequired":true,"valueName":"search_term_string"}}],"inLanguage":"en-GB"}]}},"_links":{"self":[{"href":"https:\/\/tatkoopremovic.com\/en\/wp-json\/wp\/v2\/product\/8770","targetHints":{"allow":["GET"]}}],"collection":[{"href":"https:\/\/tatkoopremovic.com\/en\/wp-json\/wp\/v2\/product"}],"about":[{"href":"https:\/\/tatkoopremovic.com\/en\/wp-json\/wp\/v2\/types\/product"}],"wp:featuredmedia":[{"embeddable":true,"href":"https:\/\/tatkoopremovic.com\/en\/wp-json\/wp\/v2\/media\/8771"}],"wp:attachment":[{"href":"https:\/\/tatkoopremovic.com\/en\/wp-json\/wp\/v2\/media?parent=8770"}],"wp:term":[{"taxonomy":"product_brand","embeddable":true,"href":"https:\/\/tatkoopremovic.com\/en\/wp-json\/wp\/v2\/product_brand?post=8770"},{"taxonomy":"product_cat","embeddable":true,"href":"https:\/\/tatkoopremovic.com\/en\/wp-json\/wp\/v2\/product_cat?post=8770"},{"taxonomy":"product_tag","embeddable":true,"href":"https:\/\/tatkoopremovic.com\/en\/wp-json\/wp\/v2\/product_tag?post=8770"}],"curies":[{"name":"wp","href":"https:\/\/api.w.org\/{rel}","templated":true}]}}