{"id":8783,"date":"2024-07-05T11:18:01","date_gmt":"2024-07-05T11:18:01","guid":{"rendered":"https:\/\/tatkoopremovic.com\/?post_type=product&#038;p=8783"},"modified":"2026-03-27T09:14:56","modified_gmt":"2026-03-27T09:14:56","slug":"fk-irons-spektra-flux-max-4-0-2baterije","status":"publish","type":"product","link":"https:\/\/tatkoopremovic.com\/en\/product\/fk-irons-spektra-flux-max-4-0-2baterije\/","title":{"rendered":"FK IRONS &#8211; SPEKTRA FLUX  4.0 (2baterije)"},"content":{"rendered":"","protected":false},"excerpt":{"rendered":"<p>Prva, zaista be\u017ei\u010dna ma\u0161ina za tetoviranje je ovde\u201a Spektra Flux.<\/p>\n<p>Vi\u0161e snage bez ikakvih komplikovanih stvari. Samo ure\u0111aj u stilu olovke sa svim funkcijama koje su vam potrebne.<\/p>\n<p>Napravili smo be\u017ei\u010dni ure\u0111aj sa do 10 sati trajanja baterije uz veliku brzinu punjenja. Napunite svoju ma\u0161inu za tetoviranje iz bilo kog USB-C utika\u010da, uklju\u010dujuc\u0301i automobil, laptop ili bateriju. Znajte gde se nalazite u svakom trenutku i proverite trajanje baterije i napon preko LED indikatora.<\/p>\n<p>Da ne bismo previ\u0161e komplikovali stvari, napravili smo interfejs prilago\u0111en korisniku sa samo 3 dugmeta.<\/p>\n<p>Lagani, ergonomski dizajnom koji nosi najvec\u0301i deo te\u017eine u sredini, smanjujuc\u0301i naprezanje va\u0161e ruke.<\/p>\n<p>Napajanje Spektra Flux-a je odvojiva baterija poznata kao PowerBolt, koja omoguc\u0301ava umetnicima da pokrec\u0301u svoju ma\u0161inu be\u017ei\u010dno bez potrebe za kablovima ili izvorima napajanja. Po\u0161to je zamenljiva, mo\u017eete brzo i lako da pre\u0111ete na pomoc\u0301nu bateriju kada se baterija isprazni, tako da mo\u017eete da nastavite da radite bez problema.<\/p>\n<p>PowerBolt sadr\u017ei litijum-jonsku bateriju sa USB-C vezom i Dinamic Power-Path Management, \u0161to omoguc\u0301ava istovremeno punjenje baterije i isporuku energije. Nudi brze brzine punjenja do 1,5 A i vreme rada koje traje do 10 sati, u zavisnosti od tipa kertrid\u017ea i napona koji se koristi. Pored toga, vec\u0301a ja\u010dina energije PowerBolt-a obezbe\u0111uje pouzdanost i stabilnost.<\/p>\n<p>Pored toga \u0161to poseduje LED indikator kapaciteta baterije i napona, PowerBolt ima tri dugmeta: jedno za uklju\u010divanje\/isklju\u010divanje Spektra Flux-a i dva za brzo i jednostavno pode\u0161avanje napona. Pritisnite strelice nagore i nadole da promenite napon Spektra Fluk-a u koracima od 0,5 V ili dekrementima od 5 do 12 V, sa bojom LED diode koja odgovara grafikonu napona na PowerBolt-u.<\/p>\n<p>PowerBolt tako\u0111e nudi moguc\u0301nost &#8220;killswitch&#8221; ma\u0161ine, \u0161to spre\u010dava da se Spektra Flux slu\u010dajno uklju\u010di.<\/p>\n<p>Spektra Flux je omoguc\u0301en za Bluetooth, \u0161to zna\u010di da ga mo\u017eete upariti sa DarkLab-ovim Hover napajanjem i aplikacijom. Mo\u017eete da koristite aplikaciju DarkLab da be\u017ei\u010dno a\u017eurirate Flux najnovijim firmverom.<\/p>\n<p>Spektra Flux je ma\u0161ina za tetoviranje sa direktnim pogonom koja ne nudi izolaciju i hod od 4 mm, \u0161to zna\u010di da se isti\u010de u oblogama, sen\u010denju i pakovanju boja. Tako\u0111e je veoma tih i stvara minimalne vibracije.<\/p>\n<p>Ova verzija Spektra Flux-a dolazi sa dva PowerBolt-a.<\/p>\n<p>Klju\u010dne karakteristike:<\/p>\n<p>Boja: Stealth<br \/>\nDolazi sa 2 komada PowerBolt-a<\/p>\n<p>Hod: 4.0mm<br \/>\nLED indikator kapaciteta baterije i napona<\/p>\n<p>Do 10 sati rada<\/p>\n<p>Potpuno punjenje za 2 sata kada se koristi sa prilo\u017eenim USB-C kablom za punjenje.<\/p>\n<p>Kompatibilan sa vec\u0301inom membranskih igala.<\/p>\n<p>Napon: 5-12 volti<br \/>\nGrip: 33 mm<br \/>\nTe\u017eina: 181 g<\/p>\n<p>Napravljeno u SAD<\/p>\n<p>Garancija: 1 godina<\/p>\n<p>&nbsp;<\/p>\n<p>&nbsp;<\/p>","protected":false},"featured_media":8784,"template":"","meta":[],"product_brand":[],"product_cat":[984],"product_tag":[985],"class_list":{"0":"post-8783","1":"product","2":"type-product","3":"status-publish","4":"has-post-thumbnail","6":"product_cat-fk-irons","7":"product_tag-fk-irons","9":"first","10":"outofstock","11":"taxable","12":"shipping-taxable","13":"purchasable","14":"product-type-simple"},"yoast_head":"<!-- This site is optimized with the Yoast SEO plugin v26.8 - https:\/\/yoast.com\/product\/yoast-seo-wordpress\/ -->\n<title>FK IRONS - SPEKTRA FLUX 4.0 (2baterije) - Tatko Opremovi\u0107<\/title>\n<meta name=\"robots\" content=\"index, follow, max-snippet:-1, max-image-preview:large, max-video-preview:-1\" \/>\n<link rel=\"canonical\" href=\"https:\/\/tatkoopremovic.com\/en\/product\/fk-irons-spektra-flux-max-4-0-2baterije\/\" \/>\n<meta property=\"og:locale\" content=\"en_GB\" \/>\n<meta property=\"og:type\" content=\"article\" \/>\n<meta property=\"og:title\" content=\"FK IRONS - SPEKTRA FLUX 4.0 (2baterije) - Tatko Opremovi\u0107\" \/>\n<meta property=\"og:description\" content=\"Prva, zaista be\u017ei\u010dna ma\u0161ina za tetoviranje je ovde\u201a Spektra Flux.  Vi\u0161e snage bez ikakvih komplikovanih stvari. Samo ure\u0111aj u stilu olovke sa svim funkcijama koje su vam potrebne.  Napravili smo be\u017ei\u010dni ure\u0111aj sa do 10 sati trajanja baterije uz veliku brzinu punjenja. Napunite svoju ma\u0161inu za tetoviranje iz bilo kog USB-C utika\u010da, uklju\u010dujuc\u0301i automobil, laptop ili bateriju. Znajte gde se nalazite u svakom trenutku i proverite trajanje baterije i napon preko LED indikatora.  Da ne bismo previ\u0161e komplikovali stvari, napravili smo interfejs prilago\u0111en korisniku sa samo 3 dugmeta.  Lagani, ergonomski dizajnom koji nosi najvec\u0301i deo te\u017eine u sredini, smanjujuc\u0301i naprezanje va\u0161e ruke.  Napajanje Spektra Flux-a je odvojiva baterija poznata kao PowerBolt, koja omoguc\u0301ava umetnicima da pokrec\u0301u svoju ma\u0161inu be\u017ei\u010dno bez potrebe za kablovima ili izvorima napajanja. Po\u0161to je zamenljiva, mo\u017eete brzo i lako da pre\u0111ete na pomoc\u0301nu bateriju kada se baterija isprazni, tako da mo\u017eete da nastavite da radite bez problema.  PowerBolt sadr\u017ei litijum-jonsku bateriju sa USB-C vezom i Dinamic Power-Path Management, \u0161to omoguc\u0301ava istovremeno punjenje baterije i isporuku energije. Nudi brze brzine punjenja do 1,5 A i vreme rada koje traje do 10 sati, u zavisnosti od tipa kertrid\u017ea i napona koji se koristi. Pored toga, vec\u0301a ja\u010dina energije PowerBolt-a obezbe\u0111uje pouzdanost i stabilnost.  Pored toga \u0161to poseduje LED indikator kapaciteta baterije i napona, PowerBolt ima tri dugmeta: jedno za uklju\u010divanje\/isklju\u010divanje Spektra Flux-a i dva za brzo i jednostavno pode\u0161avanje napona. Pritisnite strelice nagore i nadole da promenite napon Spektra Fluk-a u koracima od 0,5 V ili dekrementima od 5 do 12 V, sa bojom LED diode koja odgovara grafikonu napona na PowerBolt-u.  PowerBolt tako\u0111e nudi moguc\u0301nost &quot;killswitch&quot; ma\u0161ine, \u0161to spre\u010dava da se Spektra Flux slu\u010dajno uklju\u010di.  Spektra Flux je omoguc\u0301en za Bluetooth, \u0161to zna\u010di da ga mo\u017eete upariti sa DarkLab-ovim Hover napajanjem i aplikacijom. Mo\u017eete da koristite aplikaciju DarkLab da be\u017ei\u010dno a\u017eurirate Flux najnovijim firmverom.  Spektra Flux je ma\u0161ina za tetoviranje sa direktnim pogonom koja ne nudi izolaciju i hod od 4 mm, \u0161to zna\u010di da se isti\u010de u oblogama, sen\u010denju i pakovanju boja. Tako\u0111e je veoma tih i stvara minimalne vibracije.  Ova verzija Spektra Flux-a dolazi sa dva PowerBolt-a.  Klju\u010dne karakteristike:  Boja: Stealth Dolazi sa 2 komada PowerBolt-a  Hod: 4.0mm LED indikator kapaciteta baterije i napona  Do 10 sati rada  Potpuno punjenje za 2 sata kada se koristi sa prilo\u017eenim USB-C kablom za punjenje.  Kompatibilan sa vec\u0301inom membranskih igala.  Napon: 5-12 volti Grip: 33 mm Te\u017eina: 181 g  Napravljeno u SAD  Garancija: 1 godina  &nbsp;  &nbsp;\" \/>\n<meta property=\"og:url\" content=\"https:\/\/tatkoopremovic.com\/en\/product\/fk-irons-spektra-flux-max-4-0-2baterije\/\" \/>\n<meta property=\"og:site_name\" content=\"Tatko Opremovi\u0107\" \/>\n<meta property=\"article:modified_time\" content=\"2026-03-27T09:14:56+00:00\" \/>\n<meta property=\"og:image\" content=\"https:\/\/tatkoopremovic.com\/wp-content\/uploads\/2024\/07\/Flux1.webp\" \/>\n\t<meta property=\"og:image:width\" content=\"600\" \/>\n\t<meta property=\"og:image:height\" content=\"600\" \/>\n\t<meta property=\"og:image:type\" content=\"image\/webp\" \/>\n<meta name=\"twitter:card\" content=\"summary_large_image\" \/>\n<script type=\"application\/ld+json\" class=\"yoast-schema-graph\">{\"@context\":\"https:\/\/schema.org\",\"@graph\":[{\"@type\":\"WebPage\",\"@id\":\"https:\/\/tatkoopremovic.com\/product\/fk-irons-spektra-flux-max-4-0-2baterije\/\",\"url\":\"https:\/\/tatkoopremovic.com\/product\/fk-irons-spektra-flux-max-4-0-2baterije\/\",\"name\":\"FK IRONS - SPEKTRA FLUX 4.0 (2baterije) - Tatko Opremovi\u0107\",\"isPartOf\":{\"@id\":\"https:\/\/tatkoopremovic.com\/#website\"},\"primaryImageOfPage\":{\"@id\":\"https:\/\/tatkoopremovic.com\/product\/fk-irons-spektra-flux-max-4-0-2baterije\/#primaryimage\"},\"image\":{\"@id\":\"https:\/\/tatkoopremovic.com\/product\/fk-irons-spektra-flux-max-4-0-2baterije\/#primaryimage\"},\"thumbnailUrl\":\"https:\/\/tatkoopremovic.com\/wp-content\/uploads\/2024\/07\/Flux1.webp\",\"datePublished\":\"2024-07-05T11:18:01+00:00\",\"dateModified\":\"2026-03-27T09:14:56+00:00\",\"breadcrumb\":{\"@id\":\"https:\/\/tatkoopremovic.com\/product\/fk-irons-spektra-flux-max-4-0-2baterije\/#breadcrumb\"},\"inLanguage\":\"en-GB\",\"potentialAction\":[{\"@type\":\"ReadAction\",\"target\":[\"https:\/\/tatkoopremovic.com\/product\/fk-irons-spektra-flux-max-4-0-2baterije\/\"]}]},{\"@type\":\"ImageObject\",\"inLanguage\":\"en-GB\",\"@id\":\"https:\/\/tatkoopremovic.com\/product\/fk-irons-spektra-flux-max-4-0-2baterije\/#primaryimage\",\"url\":\"https:\/\/tatkoopremovic.com\/wp-content\/uploads\/2024\/07\/Flux1.webp\",\"contentUrl\":\"https:\/\/tatkoopremovic.com\/wp-content\/uploads\/2024\/07\/Flux1.webp\",\"width\":600,\"height\":600},{\"@type\":\"BreadcrumbList\",\"@id\":\"https:\/\/tatkoopremovic.com\/product\/fk-irons-spektra-flux-max-4-0-2baterije\/#breadcrumb\",\"itemListElement\":[{\"@type\":\"ListItem\",\"position\":1,\"name\":\"Home\",\"item\":\"https:\/\/tatkoopremovic.com\/\"},{\"@type\":\"ListItem\",\"position\":2,\"name\":\"Shop\",\"item\":\"https:\/\/tatkoopremovic.com\/shop\/\"},{\"@type\":\"ListItem\",\"position\":3,\"name\":\"FK IRONS &#8211; SPEKTRA FLUX 4.0 (2baterije)\"}]},{\"@type\":\"WebSite\",\"@id\":\"https:\/\/tatkoopremovic.com\/#website\",\"url\":\"https:\/\/tatkoopremovic.com\/\",\"name\":\"Tatko Opremovi\u0107\",\"description\":\"Tattoo Oprema\",\"potentialAction\":[{\"@type\":\"SearchAction\",\"target\":{\"@type\":\"EntryPoint\",\"urlTemplate\":\"https:\/\/tatkoopremovic.com\/?s={search_term_string}\"},\"query-input\":{\"@type\":\"PropertyValueSpecification\",\"valueRequired\":true,\"valueName\":\"search_term_string\"}}],\"inLanguage\":\"en-GB\"}]}<\/script>\n<!-- \/ Yoast SEO plugin. -->","yoast_head_json":{"title":"FK IRONS - SPEKTRA FLUX 4.0 (2baterije) - Tatko Opremovi\u0107","robots":{"index":"index","follow":"follow","max-snippet":"max-snippet:-1","max-image-preview":"max-image-preview:large","max-video-preview":"max-video-preview:-1"},"canonical":"https:\/\/tatkoopremovic.com\/en\/product\/fk-irons-spektra-flux-max-4-0-2baterije\/","og_locale":"en_GB","og_type":"article","og_title":"FK IRONS - SPEKTRA FLUX 4.0 (2baterije) - Tatko Opremovi\u0107","og_description":"Prva, zaista be\u017ei\u010dna ma\u0161ina za tetoviranje je ovde\u201a Spektra Flux.  Vi\u0161e snage bez ikakvih komplikovanih stvari. Samo ure\u0111aj u stilu olovke sa svim funkcijama koje su vam potrebne.  Napravili smo be\u017ei\u010dni ure\u0111aj sa do 10 sati trajanja baterije uz veliku brzinu punjenja. Napunite svoju ma\u0161inu za tetoviranje iz bilo kog USB-C utika\u010da, uklju\u010dujuc\u0301i automobil, laptop ili bateriju. Znajte gde se nalazite u svakom trenutku i proverite trajanje baterije i napon preko LED indikatora.  Da ne bismo previ\u0161e komplikovali stvari, napravili smo interfejs prilago\u0111en korisniku sa samo 3 dugmeta.  Lagani, ergonomski dizajnom koji nosi najvec\u0301i deo te\u017eine u sredini, smanjujuc\u0301i naprezanje va\u0161e ruke.  Napajanje Spektra Flux-a je odvojiva baterija poznata kao PowerBolt, koja omoguc\u0301ava umetnicima da pokrec\u0301u svoju ma\u0161inu be\u017ei\u010dno bez potrebe za kablovima ili izvorima napajanja. Po\u0161to je zamenljiva, mo\u017eete brzo i lako da pre\u0111ete na pomoc\u0301nu bateriju kada se baterija isprazni, tako da mo\u017eete da nastavite da radite bez problema.  PowerBolt sadr\u017ei litijum-jonsku bateriju sa USB-C vezom i Dinamic Power-Path Management, \u0161to omoguc\u0301ava istovremeno punjenje baterije i isporuku energije. Nudi brze brzine punjenja do 1,5 A i vreme rada koje traje do 10 sati, u zavisnosti od tipa kertrid\u017ea i napona koji se koristi. Pored toga, vec\u0301a ja\u010dina energije PowerBolt-a obezbe\u0111uje pouzdanost i stabilnost.  Pored toga \u0161to poseduje LED indikator kapaciteta baterije i napona, PowerBolt ima tri dugmeta: jedno za uklju\u010divanje\/isklju\u010divanje Spektra Flux-a i dva za brzo i jednostavno pode\u0161avanje napona. Pritisnite strelice nagore i nadole da promenite napon Spektra Fluk-a u koracima od 0,5 V ili dekrementima od 5 do 12 V, sa bojom LED diode koja odgovara grafikonu napona na PowerBolt-u.  PowerBolt tako\u0111e nudi moguc\u0301nost \"killswitch\" ma\u0161ine, \u0161to spre\u010dava da se Spektra Flux slu\u010dajno uklju\u010di.  Spektra Flux je omoguc\u0301en za Bluetooth, \u0161to zna\u010di da ga mo\u017eete upariti sa DarkLab-ovim Hover napajanjem i aplikacijom. Mo\u017eete da koristite aplikaciju DarkLab da be\u017ei\u010dno a\u017eurirate Flux najnovijim firmverom.  Spektra Flux je ma\u0161ina za tetoviranje sa direktnim pogonom koja ne nudi izolaciju i hod od 4 mm, \u0161to zna\u010di da se isti\u010de u oblogama, sen\u010denju i pakovanju boja. Tako\u0111e je veoma tih i stvara minimalne vibracije.  Ova verzija Spektra Flux-a dolazi sa dva PowerBolt-a.  Klju\u010dne karakteristike:  Boja: Stealth Dolazi sa 2 komada PowerBolt-a  Hod: 4.0mm LED indikator kapaciteta baterije i napona  Do 10 sati rada  Potpuno punjenje za 2 sata kada se koristi sa prilo\u017eenim USB-C kablom za punjenje.  Kompatibilan sa vec\u0301inom membranskih igala.  Napon: 5-12 volti Grip: 33 mm Te\u017eina: 181 g  Napravljeno u SAD  Garancija: 1 godina  &nbsp;  &nbsp;","og_url":"https:\/\/tatkoopremovic.com\/en\/product\/fk-irons-spektra-flux-max-4-0-2baterije\/","og_site_name":"Tatko Opremovi\u0107","article_modified_time":"2026-03-27T09:14:56+00:00","og_image":[{"width":600,"height":600,"url":"https:\/\/tatkoopremovic.com\/wp-content\/uploads\/2024\/07\/Flux1.webp","type":"image\/webp"}],"twitter_card":"summary_large_image","schema":{"@context":"https:\/\/schema.org","@graph":[{"@type":"WebPage","@id":"https:\/\/tatkoopremovic.com\/product\/fk-irons-spektra-flux-max-4-0-2baterije\/","url":"https:\/\/tatkoopremovic.com\/product\/fk-irons-spektra-flux-max-4-0-2baterije\/","name":"FK IRONS - SPEKTRA FLUX 4.0 (2baterije) - Tatko Opremovi\u0107","isPartOf":{"@id":"https:\/\/tatkoopremovic.com\/#website"},"primaryImageOfPage":{"@id":"https:\/\/tatkoopremovic.com\/product\/fk-irons-spektra-flux-max-4-0-2baterije\/#primaryimage"},"image":{"@id":"https:\/\/tatkoopremovic.com\/product\/fk-irons-spektra-flux-max-4-0-2baterije\/#primaryimage"},"thumbnailUrl":"https:\/\/tatkoopremovic.com\/wp-content\/uploads\/2024\/07\/Flux1.webp","datePublished":"2024-07-05T11:18:01+00:00","dateModified":"2026-03-27T09:14:56+00:00","breadcrumb":{"@id":"https:\/\/tatkoopremovic.com\/product\/fk-irons-spektra-flux-max-4-0-2baterije\/#breadcrumb"},"inLanguage":"en-GB","potentialAction":[{"@type":"ReadAction","target":["https:\/\/tatkoopremovic.com\/product\/fk-irons-spektra-flux-max-4-0-2baterije\/"]}]},{"@type":"ImageObject","inLanguage":"en-GB","@id":"https:\/\/tatkoopremovic.com\/product\/fk-irons-spektra-flux-max-4-0-2baterije\/#primaryimage","url":"https:\/\/tatkoopremovic.com\/wp-content\/uploads\/2024\/07\/Flux1.webp","contentUrl":"https:\/\/tatkoopremovic.com\/wp-content\/uploads\/2024\/07\/Flux1.webp","width":600,"height":600},{"@type":"BreadcrumbList","@id":"https:\/\/tatkoopremovic.com\/product\/fk-irons-spektra-flux-max-4-0-2baterije\/#breadcrumb","itemListElement":[{"@type":"ListItem","position":1,"name":"Home","item":"https:\/\/tatkoopremovic.com\/"},{"@type":"ListItem","position":2,"name":"Shop","item":"https:\/\/tatkoopremovic.com\/shop\/"},{"@type":"ListItem","position":3,"name":"FK IRONS &#8211; SPEKTRA FLUX 4.0 (2baterije)"}]},{"@type":"WebSite","@id":"https:\/\/tatkoopremovic.com\/#website","url":"https:\/\/tatkoopremovic.com\/","name":"Tatko Opremovi\u0107","description":"Tattoo Oprema","potentialAction":[{"@type":"SearchAction","target":{"@type":"EntryPoint","urlTemplate":"https:\/\/tatkoopremovic.com\/?s={search_term_string}"},"query-input":{"@type":"PropertyValueSpecification","valueRequired":true,"valueName":"search_term_string"}}],"inLanguage":"en-GB"}]}},"_links":{"self":[{"href":"https:\/\/tatkoopremovic.com\/en\/wp-json\/wp\/v2\/product\/8783","targetHints":{"allow":["GET"]}}],"collection":[{"href":"https:\/\/tatkoopremovic.com\/en\/wp-json\/wp\/v2\/product"}],"about":[{"href":"https:\/\/tatkoopremovic.com\/en\/wp-json\/wp\/v2\/types\/product"}],"wp:featuredmedia":[{"embeddable":true,"href":"https:\/\/tatkoopremovic.com\/en\/wp-json\/wp\/v2\/media\/8784"}],"wp:attachment":[{"href":"https:\/\/tatkoopremovic.com\/en\/wp-json\/wp\/v2\/media?parent=8783"}],"wp:term":[{"taxonomy":"product_brand","embeddable":true,"href":"https:\/\/tatkoopremovic.com\/en\/wp-json\/wp\/v2\/product_brand?post=8783"},{"taxonomy":"product_cat","embeddable":true,"href":"https:\/\/tatkoopremovic.com\/en\/wp-json\/wp\/v2\/product_cat?post=8783"},{"taxonomy":"product_tag","embeddable":true,"href":"https:\/\/tatkoopremovic.com\/en\/wp-json\/wp\/v2\/product_tag?post=8783"}],"curies":[{"name":"wp","href":"https:\/\/api.w.org\/{rel}","templated":true}]}}