{"id":915,"date":"2022-09-05T13:46:55","date_gmt":"2022-09-05T13:46:55","guid":{"rendered":"https:\/\/tatkoopremovic.com\/?post_type=product&#038;p=915"},"modified":"2025-02-26T13:43:50","modified_gmt":"2025-02-26T13:43:50","slug":"ep-9-wireless-pen-crveni","status":"publish","type":"product","link":"https:\/\/tatkoopremovic.com\/en\/product\/ep-9-wireless-pen-crveni\/","title":{"rendered":"EP 9 Wireless pen Red"},"content":{"rendered":"","protected":false},"excerpt":{"rendered":"<p>This new AVA model EP9 has the additional advantage of 2 different modes, simply choose between liner or shader mode to adjust the tattoo machine for the current work.<\/p>\n<p>The tattoo machine is operated by a side button, and the voltage is controlled by tilting the machine. The display shows the current voltage setting (1-7), battery level, and the current liner\/shader mode.<\/p>\n<p>Shader mode:<br \/>\n1 = 4.2V\/55Hz<br \/>\n2 = 6.0 V\/80 Hz<br \/>\n3 = 7.2V\/95Hz<br \/>\n4 = 8.2 V\/110 Hz<br \/>\n5 = 9.0 V\/120 Hz<br \/>\n6 = 10V\/130Hz<br \/>\n7 = 11V\/145Hz<\/p>\n<p>Liner Mode:<br \/>\n1 = 4.2 V\/70 Hz<br \/>\n2 = 6.0 V\/95 Hz<br \/>\n3 = 7.2 V\/110 Hz<br \/>\n4 = 8.2 V\/125 Hz<br \/>\n5 = 9.0 V\/130 Hz<br \/>\n6 = 10V\/140Hz<br \/>\n7 = 11V\/155Hz<\/p>\n<p>Note: Before using the AVA EP9 tattoo machine, it is important to ensure that the battery is correctly inserted into the machine! The warranty does not cover problems caused by improper battery usage.<\/p>\n<p>Features:<\/p>\n<p>AVA brushless DC motor<br \/>\nPower: 5 watts<br \/>\nOperating voltage: 4.2 \u2013 11 volts DC (adjustable in 7 steps)<br \/>\nAdjust voltage at an angle, voltage changes by tilting the machine<br \/>\nMotor speed: 11000 rpm<br \/>\nOperation mode: Continuous operation<br \/>\nCan choose between 2 operating modes: Shader or Liner<br \/>\nMaterial: Aircraft aluminum<br \/>\nStroke: 3.5 mm<br \/>\nNeedle protrusion: 1.5 \u2013 5 mm<br \/>\nLED display shows voltage adjustment, battery level, and current mode<br \/>\n6 months warranty (on AVA EP9 Pen)<br \/>\nCompatible with all popular cartridge modules<br \/>\nBattery type: 18500 lithium-ion<br \/>\nBattery voltage: 3.7 V<br \/>\nBattery capacity: 1900 mAh<br \/>\nInput voltage: 5 V\/1 A<br \/>\nCharging time: 2 hours<br \/>\nWorking time: approximately 4-6 hours<\/p>\n<p>Weight and dimensions of the machine:<\/p>\n<p>Weight: 162 g<br \/>\nWeight (with battery): 195 g<br \/>\nLength: 125 mm<br \/>\nDiameter: 33 mm<\/p>\n<p>Package contents:<\/p>\n<p>1x AVA EP9 Tattoo Pen<br \/>\n1x EP9 manual<br \/>\n2x 1900 mAh machine batteries<br \/>\n1x battery charger<br \/>\n1x USB-C cable for battery charger<br \/>\n1x device case<\/p>\n<p>Garancija: 6 meseci<\/p>\n<p>Available colors: BLACK, RED, GREEN, GRAY<\/p>","protected":false},"featured_media":917,"template":"","meta":[],"product_brand":[],"product_cat":[51],"product_tag":[650],"class_list":{"0":"post-915","1":"product","2":"type-product","3":"status-publish","4":"has-post-thumbnail","6":"product_cat-ava-machine","7":"product_tag-ava","9":"first","10":"outofstock","11":"taxable","12":"shipping-taxable","13":"purchasable","14":"product-type-simple"},"yoast_head":"<!-- This site is optimized with the Yoast SEO plugin v26.8 - https:\/\/yoast.com\/product\/yoast-seo-wordpress\/ -->\n<title>EP 9 wireless pen CRVENI - Tatko Opremovi\u0107<\/title>\n<meta name=\"robots\" content=\"index, follow, max-snippet:-1, max-image-preview:large, max-video-preview:-1\" \/>\n<link rel=\"canonical\" href=\"https:\/\/tatkoopremovic.com\/en\/product\/ep-9-wireless-pen-crveni\/\" \/>\n<meta property=\"og:locale\" content=\"en_GB\" \/>\n<meta property=\"og:type\" content=\"article\" \/>\n<meta property=\"og:title\" content=\"EP 9 wireless pen CRVENI - Tatko Opremovi\u0107\" \/>\n<meta property=\"og:description\" content=\"Ovaj novi AVA model EP9\u00a0 ima dodatnu prednost od 2 razli\u010dita re\u017eima, jednostavno izaberite izme\u0111u re\u017eima liner ili shader da biste prilagodili ma\u0161inicu za tetoviranje trenutnom radu.  Ma\u0161inom za tetoviranje upravlja se dugmetom sa strane, a volta\u017ea se kontroli\u0161e naginjanjem ma\u0161ine. Displej prikazuje trenutnu postavku napona (1-7), napunjenost baterije i trenutni re\u017eim linera\/shadera.  Shader re\u017eim: 1 = 4,2V\/55Hz 2 = 6,0 V\/80 Hz 3 = 7,2V\/95Hz 4 = 8,2 V\/110 Hz 5 = 9,0 V\/120 Hz 6 = 10V\/130Hz 7 = 11V\/145Hz  Liner Mode: 1 = 4,2 V\/70 Hz 2 = 6,0 V\/95 Hz 3 = 7,2 V\/110 Hz 4 = 8,2 V\/125 Hz 5 = 9,0 V\/130 Hz 6 = 10V\/140Hz 7 = 11V\/155Hz  Napomena: Pre upotrebe AVA EP9 ma\u0161inice za tetoviranje, va\u017eno je da proverite da li je baterija pravilno stavljena u ma\u0161inicu! Garancija ne pokriva probleme uzrokovane nepravilnim kori\u0161\u0107enjem baterije.  Karakteristike:  AVA DC motor bez \u010detkica Radna snaga: 5 vati Radni napon: 4,2 - 11 volti DC (podesiv u 7 koraka) Podesite napon pod uglom, napon se menja naginjanjem ma\u0161ine Brzina motora: 11000 o\/min Re\u017eim rada: Kontinuirani rad Mo\u017ee se izabrati izme\u0111u 2 re\u017eima rada: Shader ili Liner Materijal: avionski aluminijum Hod: 3,5 mm Izbo\u010dina igle: 1,5 - 5 mm LED ekran prikazuje pode\u0161avanje napona, napunjenost baterije i trenutni re\u017eim 6 meseci garancije (na AVA EP9 Pen) Kompatibilan sa svim popularnim modulima igala Tip baterije: 18500 litijum-jonska Napon baterije: 3,7 V Kapacitet baterije: 1900 mAh Ulazni napon: 5 V\/1 A Vreme punjenja: 2 sata Radno vreme: oko 4-6 sati  Te\u017eina i dimenzije ma\u0161ine:  Te\u017eina: 162 g Te\u017eina (sa baterijom): 195 g Du\u017eina: 125 mm Pre\u010dnik: 33 mm  Sadr\u017eaj paketa:  1k AVA EP9 Tattoo Pen 1k EP9 priru\u010dnik 2k 1900 mAh baterije za ma\u0161inu 1k punja\u010d baterija 1k USB-C kabl za punja\u010d baterija 1k ku\u0107i\u0161te ure\u0111aja  Garancija: 6 meseci  Dostupne boje: CRNA, CRVENA, ZELENA, SIVA\" \/>\n<meta property=\"og:url\" content=\"https:\/\/tatkoopremovic.com\/en\/product\/ep-9-wireless-pen-crveni\/\" \/>\n<meta property=\"og:site_name\" content=\"Tatko Opremovi\u0107\" \/>\n<meta property=\"article:modified_time\" content=\"2025-02-26T13:43:50+00:00\" \/>\n<meta property=\"og:image\" content=\"https:\/\/tatkoopremovic.com\/wp-content\/uploads\/2022\/09\/EP901-1-Red-1.jpg\" \/>\n\t<meta property=\"og:image:width\" content=\"1000\" \/>\n\t<meta property=\"og:image:height\" content=\"1000\" \/>\n\t<meta property=\"og:image:type\" content=\"image\/jpeg\" \/>\n<meta name=\"twitter:card\" content=\"summary_large_image\" \/>\n<meta name=\"twitter:label1\" content=\"Estimated reading time\" \/>\n\t<meta name=\"twitter:data1\" content=\"2 minutes\" \/>\n<script type=\"application\/ld+json\" class=\"yoast-schema-graph\">{\"@context\":\"https:\/\/schema.org\",\"@graph\":[{\"@type\":\"WebPage\",\"@id\":\"https:\/\/tatkoopremovic.com\/product\/ep-9-wireless-pen-crveni\/\",\"url\":\"https:\/\/tatkoopremovic.com\/product\/ep-9-wireless-pen-crveni\/\",\"name\":\"EP 9 wireless pen CRVENI - Tatko Opremovi\u0107\",\"isPartOf\":{\"@id\":\"https:\/\/tatkoopremovic.com\/#website\"},\"primaryImageOfPage\":{\"@id\":\"https:\/\/tatkoopremovic.com\/product\/ep-9-wireless-pen-crveni\/#primaryimage\"},\"image\":{\"@id\":\"https:\/\/tatkoopremovic.com\/product\/ep-9-wireless-pen-crveni\/#primaryimage\"},\"thumbnailUrl\":\"https:\/\/tatkoopremovic.com\/wp-content\/uploads\/2022\/09\/EP901-1-Red-1.jpg\",\"datePublished\":\"2022-09-05T13:46:55+00:00\",\"dateModified\":\"2025-02-26T13:43:50+00:00\",\"breadcrumb\":{\"@id\":\"https:\/\/tatkoopremovic.com\/product\/ep-9-wireless-pen-crveni\/#breadcrumb\"},\"inLanguage\":\"en-GB\",\"potentialAction\":[{\"@type\":\"ReadAction\",\"target\":[\"https:\/\/tatkoopremovic.com\/product\/ep-9-wireless-pen-crveni\/\"]}]},{\"@type\":\"ImageObject\",\"inLanguage\":\"en-GB\",\"@id\":\"https:\/\/tatkoopremovic.com\/product\/ep-9-wireless-pen-crveni\/#primaryimage\",\"url\":\"https:\/\/tatkoopremovic.com\/wp-content\/uploads\/2022\/09\/EP901-1-Red-1.jpg\",\"contentUrl\":\"https:\/\/tatkoopremovic.com\/wp-content\/uploads\/2022\/09\/EP901-1-Red-1.jpg\",\"width\":1000,\"height\":1000},{\"@type\":\"BreadcrumbList\",\"@id\":\"https:\/\/tatkoopremovic.com\/product\/ep-9-wireless-pen-crveni\/#breadcrumb\",\"itemListElement\":[{\"@type\":\"ListItem\",\"position\":1,\"name\":\"Home\",\"item\":\"https:\/\/tatkoopremovic.com\/\"},{\"@type\":\"ListItem\",\"position\":2,\"name\":\"Shop\",\"item\":\"https:\/\/tatkoopremovic.com\/shop\/\"},{\"@type\":\"ListItem\",\"position\":3,\"name\":\"EP 9 wireless pen CRVENI\"}]},{\"@type\":\"WebSite\",\"@id\":\"https:\/\/tatkoopremovic.com\/#website\",\"url\":\"https:\/\/tatkoopremovic.com\/\",\"name\":\"Tatko Opremovi\u0107\",\"description\":\"Tattoo Oprema\",\"potentialAction\":[{\"@type\":\"SearchAction\",\"target\":{\"@type\":\"EntryPoint\",\"urlTemplate\":\"https:\/\/tatkoopremovic.com\/?s={search_term_string}\"},\"query-input\":{\"@type\":\"PropertyValueSpecification\",\"valueRequired\":true,\"valueName\":\"search_term_string\"}}],\"inLanguage\":\"en-GB\"}]}<\/script>\n<!-- \/ Yoast SEO plugin. -->","yoast_head_json":{"title":"EP 9 wireless pen CRVENI - Tatko Opremovi\u0107","robots":{"index":"index","follow":"follow","max-snippet":"max-snippet:-1","max-image-preview":"max-image-preview:large","max-video-preview":"max-video-preview:-1"},"canonical":"https:\/\/tatkoopremovic.com\/en\/product\/ep-9-wireless-pen-crveni\/","og_locale":"en_GB","og_type":"article","og_title":"EP 9 wireless pen CRVENI - Tatko Opremovi\u0107","og_description":"Ovaj novi AVA model EP9\u00a0 ima dodatnu prednost od 2 razli\u010dita re\u017eima, jednostavno izaberite izme\u0111u re\u017eima liner ili shader da biste prilagodili ma\u0161inicu za tetoviranje trenutnom radu.  Ma\u0161inom za tetoviranje upravlja se dugmetom sa strane, a volta\u017ea se kontroli\u0161e naginjanjem ma\u0161ine. Displej prikazuje trenutnu postavku napona (1-7), napunjenost baterije i trenutni re\u017eim linera\/shadera.  Shader re\u017eim: 1 = 4,2V\/55Hz 2 = 6,0 V\/80 Hz 3 = 7,2V\/95Hz 4 = 8,2 V\/110 Hz 5 = 9,0 V\/120 Hz 6 = 10V\/130Hz 7 = 11V\/145Hz  Liner Mode: 1 = 4,2 V\/70 Hz 2 = 6,0 V\/95 Hz 3 = 7,2 V\/110 Hz 4 = 8,2 V\/125 Hz 5 = 9,0 V\/130 Hz 6 = 10V\/140Hz 7 = 11V\/155Hz  Napomena: Pre upotrebe AVA EP9 ma\u0161inice za tetoviranje, va\u017eno je da proverite da li je baterija pravilno stavljena u ma\u0161inicu! Garancija ne pokriva probleme uzrokovane nepravilnim kori\u0161\u0107enjem baterije.  Karakteristike:  AVA DC motor bez \u010detkica Radna snaga: 5 vati Radni napon: 4,2 - 11 volti DC (podesiv u 7 koraka) Podesite napon pod uglom, napon se menja naginjanjem ma\u0161ine Brzina motora: 11000 o\/min Re\u017eim rada: Kontinuirani rad Mo\u017ee se izabrati izme\u0111u 2 re\u017eima rada: Shader ili Liner Materijal: avionski aluminijum Hod: 3,5 mm Izbo\u010dina igle: 1,5 - 5 mm LED ekran prikazuje pode\u0161avanje napona, napunjenost baterije i trenutni re\u017eim 6 meseci garancije (na AVA EP9 Pen) Kompatibilan sa svim popularnim modulima igala Tip baterije: 18500 litijum-jonska Napon baterije: 3,7 V Kapacitet baterije: 1900 mAh Ulazni napon: 5 V\/1 A Vreme punjenja: 2 sata Radno vreme: oko 4-6 sati  Te\u017eina i dimenzije ma\u0161ine:  Te\u017eina: 162 g Te\u017eina (sa baterijom): 195 g Du\u017eina: 125 mm Pre\u010dnik: 33 mm  Sadr\u017eaj paketa:  1k AVA EP9 Tattoo Pen 1k EP9 priru\u010dnik 2k 1900 mAh baterije za ma\u0161inu 1k punja\u010d baterija 1k USB-C kabl za punja\u010d baterija 1k ku\u0107i\u0161te ure\u0111aja  Garancija: 6 meseci  Dostupne boje: CRNA, CRVENA, ZELENA, SIVA","og_url":"https:\/\/tatkoopremovic.com\/en\/product\/ep-9-wireless-pen-crveni\/","og_site_name":"Tatko Opremovi\u0107","article_modified_time":"2025-02-26T13:43:50+00:00","og_image":[{"width":1000,"height":1000,"url":"https:\/\/tatkoopremovic.com\/wp-content\/uploads\/2022\/09\/EP901-1-Red-1.jpg","type":"image\/jpeg"}],"twitter_card":"summary_large_image","twitter_misc":{"Estimated reading time":"2 minutes"},"schema":{"@context":"https:\/\/schema.org","@graph":[{"@type":"WebPage","@id":"https:\/\/tatkoopremovic.com\/product\/ep-9-wireless-pen-crveni\/","url":"https:\/\/tatkoopremovic.com\/product\/ep-9-wireless-pen-crveni\/","name":"EP 9 wireless pen CRVENI - Tatko Opremovi\u0107","isPartOf":{"@id":"https:\/\/tatkoopremovic.com\/#website"},"primaryImageOfPage":{"@id":"https:\/\/tatkoopremovic.com\/product\/ep-9-wireless-pen-crveni\/#primaryimage"},"image":{"@id":"https:\/\/tatkoopremovic.com\/product\/ep-9-wireless-pen-crveni\/#primaryimage"},"thumbnailUrl":"https:\/\/tatkoopremovic.com\/wp-content\/uploads\/2022\/09\/EP901-1-Red-1.jpg","datePublished":"2022-09-05T13:46:55+00:00","dateModified":"2025-02-26T13:43:50+00:00","breadcrumb":{"@id":"https:\/\/tatkoopremovic.com\/product\/ep-9-wireless-pen-crveni\/#breadcrumb"},"inLanguage":"en-GB","potentialAction":[{"@type":"ReadAction","target":["https:\/\/tatkoopremovic.com\/product\/ep-9-wireless-pen-crveni\/"]}]},{"@type":"ImageObject","inLanguage":"en-GB","@id":"https:\/\/tatkoopremovic.com\/product\/ep-9-wireless-pen-crveni\/#primaryimage","url":"https:\/\/tatkoopremovic.com\/wp-content\/uploads\/2022\/09\/EP901-1-Red-1.jpg","contentUrl":"https:\/\/tatkoopremovic.com\/wp-content\/uploads\/2022\/09\/EP901-1-Red-1.jpg","width":1000,"height":1000},{"@type":"BreadcrumbList","@id":"https:\/\/tatkoopremovic.com\/product\/ep-9-wireless-pen-crveni\/#breadcrumb","itemListElement":[{"@type":"ListItem","position":1,"name":"Home","item":"https:\/\/tatkoopremovic.com\/"},{"@type":"ListItem","position":2,"name":"Shop","item":"https:\/\/tatkoopremovic.com\/shop\/"},{"@type":"ListItem","position":3,"name":"EP 9 wireless pen CRVENI"}]},{"@type":"WebSite","@id":"https:\/\/tatkoopremovic.com\/#website","url":"https:\/\/tatkoopremovic.com\/","name":"Tatko Opremovi\u0107","description":"Tattoo Oprema","potentialAction":[{"@type":"SearchAction","target":{"@type":"EntryPoint","urlTemplate":"https:\/\/tatkoopremovic.com\/?s={search_term_string}"},"query-input":{"@type":"PropertyValueSpecification","valueRequired":true,"valueName":"search_term_string"}}],"inLanguage":"en-GB"}]}},"_links":{"self":[{"href":"https:\/\/tatkoopremovic.com\/en\/wp-json\/wp\/v2\/product\/915","targetHints":{"allow":["GET"]}}],"collection":[{"href":"https:\/\/tatkoopremovic.com\/en\/wp-json\/wp\/v2\/product"}],"about":[{"href":"https:\/\/tatkoopremovic.com\/en\/wp-json\/wp\/v2\/types\/product"}],"wp:featuredmedia":[{"embeddable":true,"href":"https:\/\/tatkoopremovic.com\/en\/wp-json\/wp\/v2\/media\/917"}],"wp:attachment":[{"href":"https:\/\/tatkoopremovic.com\/en\/wp-json\/wp\/v2\/media?parent=915"}],"wp:term":[{"taxonomy":"product_brand","embeddable":true,"href":"https:\/\/tatkoopremovic.com\/en\/wp-json\/wp\/v2\/product_brand?post=915"},{"taxonomy":"product_cat","embeddable":true,"href":"https:\/\/tatkoopremovic.com\/en\/wp-json\/wp\/v2\/product_cat?post=915"},{"taxonomy":"product_tag","embeddable":true,"href":"https:\/\/tatkoopremovic.com\/en\/wp-json\/wp\/v2\/product_tag?post=915"}],"curies":[{"name":"wp","href":"https:\/\/api.w.org\/{rel}","templated":true}]}}