{"id":9366,"date":"2024-08-19T09:53:28","date_gmt":"2024-08-19T09:53:28","guid":{"rendered":"https:\/\/tatkoopremovic.com\/?post_type=product&#038;p=9366"},"modified":"2025-12-10T13:08:58","modified_gmt":"2025-12-10T13:08:58","slug":"ozer-thermal-indigo-papir-50-kom","status":"publish","type":"product","link":"https:\/\/tatkoopremovic.com\/en\/product\/ozer-thermal-indigo-papir-50-kom\/","title":{"rendered":"OZER M thermal indigo papir 50 kom"},"content":{"rendered":"","protected":false},"excerpt":{"rendered":"<p class=\"tw-data-text tw-text-small tw-ta\" dir=\"ltr\"><span class=\"Y2IQFc\"><strong>OZER papir za tetoviranje: <\/strong>Papir za tetoviranje napravljen je od visokokvalitetnih boja i papira za \u0161ablone. Bez bledenja i lakog farbanja, odli\u010dan transfer papir za umetnika tetova\u017ea. Dolazi sa 50 listova papira za tetoviranje, odli\u010dan za tetoviranje. Papir za prenos tetova\u017ea treba da radi sa medijima za prenos. Nanesite dizajn napravljen na master papiru. Obratite pa\u017enju da pritisnete zadnju stranu \u0161are na ko\u017eu najmanje 3 sekunde<\/span><\/p>\n<p class=\"tw-data-text tw-text-small tw-ta\" dir=\"ltr\"><span class=\"Y2IQFc\"><strong>Velika veli\u010dina<\/strong>: 4-slojni papir za transfer \u2013 Papir za \u0161ablone za tetoviranje je 4-slojni list koji uklju\u010duje glavni list, za\u0161titno tkivo, ugljenik i podlogu, \u010dija je veli\u010dina pribl. koji se mogu isec\u0301i na manje listove radi vec\u0301e upotrebe <\/span><\/p>\n<p class=\"tw-data-text tw-text-small tw-ta\" dir=\"ltr\"><span class=\"Y2IQFc\"><strong>Odli\u010dno rade:<\/strong> Ovi papiri za prenos \u0161ablona za tetova\u017ee mogu se lako, \u010disto i glatko preneti na ko\u017eu, savr\u0161eni za umetnike, tetovatore itd. <\/span><\/p>\n<p class=\"tw-data-text tw-text-small tw-ta\" dir=\"ltr\"><span class=\"Y2IQFc\"><strong>Na\u010din upotrebe<\/strong>: Mo\u017ee se koristiti u termokopir ma\u0161ini ili slobodnom rukom, savr\u0161eno za umetnike, tetovatore, itd. Morate naneti transfer pastu na ko\u017eu pre prenosa. Ako \u017eelite da promenite \u0161aru, mo\u017eete koristiti alkohol da obri\u0161ete tragove prenosa tetova\u017ee<\/span><\/p>","protected":false},"featured_media":9373,"template":"","meta":[],"product_brand":[],"product_cat":[92,83,16],"product_tag":[1219],"class_list":{"0":"post-9366","1":"product","2":"type-product","3":"status-publish","4":"has-post-thumbnail","6":"product_cat-indigo","7":"product_cat-termokopir-masine","8":"product_cat-uncategorized","9":"product_tag-termokopir-masine","11":"first","12":"instock","13":"taxable","14":"shipping-taxable","15":"purchasable","16":"product-type-simple"},"yoast_head":"<!-- This site is optimized with the Yoast SEO plugin v26.8 - https:\/\/yoast.com\/product\/yoast-seo-wordpress\/ -->\n<title>OZER M thermal indigo papir 50 kom - Tatko Opremovi\u0107<\/title>\n<meta name=\"robots\" content=\"index, follow, max-snippet:-1, max-image-preview:large, max-video-preview:-1\" \/>\n<link rel=\"canonical\" href=\"https:\/\/tatkoopremovic.com\/en\/product\/ozer-thermal-indigo-papir-50-kom\/\" \/>\n<meta property=\"og:locale\" content=\"en_GB\" \/>\n<meta property=\"og:type\" content=\"article\" \/>\n<meta property=\"og:title\" content=\"OZER M thermal indigo papir 50 kom - Tatko Opremovi\u0107\" \/>\n<meta property=\"og:description\" content=\"OZER papir za tetoviranje: Papir za tetoviranje napravljen je od visokokvalitetnih boja i papira za \u0161ablone. Bez bledenja i lakog farbanja, odli\u010dan transfer papir za umetnika tetova\u017ea. Dolazi sa 50 listova papira za tetoviranje, odli\u010dan za tetoviranje. Papir za prenos tetova\u017ea treba da radi sa medijima za prenos. Nanesite dizajn napravljen na master papiru. Obratite pa\u017enju da pritisnete zadnju stranu \u0161are na ko\u017eu najmanje 3 sekunde Velika veli\u010dina: 4-slojni papir za transfer \u2013 Papir za \u0161ablone za tetoviranje je 4-slojni list koji uklju\u010duje glavni list, za\u0161titno tkivo, ugljenik i podlogu, \u010dija je veli\u010dina pribl. koji se mogu isec\u0301i na manje listove radi vec\u0301e upotrebe  Odli\u010dno rade: Ovi papiri za prenos \u0161ablona za tetova\u017ee mogu se lako, \u010disto i glatko preneti na ko\u017eu, savr\u0161eni za umetnike, tetovatore itd.  Na\u010din upotrebe: Mo\u017ee se koristiti u termokopir ma\u0161ini ili slobodnom rukom, savr\u0161eno za umetnike, tetovatore, itd. Morate naneti transfer pastu na ko\u017eu pre prenosa. Ako \u017eelite da promenite \u0161aru, mo\u017eete koristiti alkohol da obri\u0161ete tragove prenosa tetova\u017ee\" \/>\n<meta property=\"og:url\" content=\"https:\/\/tatkoopremovic.com\/en\/product\/ozer-thermal-indigo-papir-50-kom\/\" \/>\n<meta property=\"og:site_name\" content=\"Tatko Opremovi\u0107\" \/>\n<meta property=\"article:modified_time\" content=\"2025-12-10T13:08:58+00:00\" \/>\n<meta property=\"og:image\" content=\"https:\/\/tatkoopremovic.com\/wp-content\/uploads\/2024\/08\/TCP015-8.jpg\" \/>\n\t<meta property=\"og:image:width\" content=\"1200\" \/>\n\t<meta property=\"og:image:height\" content=\"1200\" \/>\n\t<meta property=\"og:image:type\" content=\"image\/jpeg\" \/>\n<meta name=\"twitter:card\" content=\"summary_large_image\" \/>\n<script type=\"application\/ld+json\" class=\"yoast-schema-graph\">{\"@context\":\"https:\/\/schema.org\",\"@graph\":[{\"@type\":\"WebPage\",\"@id\":\"https:\/\/tatkoopremovic.com\/product\/ozer-thermal-indigo-papir-50-kom\/\",\"url\":\"https:\/\/tatkoopremovic.com\/product\/ozer-thermal-indigo-papir-50-kom\/\",\"name\":\"OZER M thermal indigo papir 50 kom - Tatko Opremovi\u0107\",\"isPartOf\":{\"@id\":\"https:\/\/tatkoopremovic.com\/#website\"},\"primaryImageOfPage\":{\"@id\":\"https:\/\/tatkoopremovic.com\/product\/ozer-thermal-indigo-papir-50-kom\/#primaryimage\"},\"image\":{\"@id\":\"https:\/\/tatkoopremovic.com\/product\/ozer-thermal-indigo-papir-50-kom\/#primaryimage\"},\"thumbnailUrl\":\"https:\/\/tatkoopremovic.com\/wp-content\/uploads\/2024\/08\/TCP015-8.jpg\",\"datePublished\":\"2024-08-19T09:53:28+00:00\",\"dateModified\":\"2025-12-10T13:08:58+00:00\",\"breadcrumb\":{\"@id\":\"https:\/\/tatkoopremovic.com\/product\/ozer-thermal-indigo-papir-50-kom\/#breadcrumb\"},\"inLanguage\":\"en-GB\",\"potentialAction\":[{\"@type\":\"ReadAction\",\"target\":[\"https:\/\/tatkoopremovic.com\/product\/ozer-thermal-indigo-papir-50-kom\/\"]}]},{\"@type\":\"ImageObject\",\"inLanguage\":\"en-GB\",\"@id\":\"https:\/\/tatkoopremovic.com\/product\/ozer-thermal-indigo-papir-50-kom\/#primaryimage\",\"url\":\"https:\/\/tatkoopremovic.com\/wp-content\/uploads\/2024\/08\/TCP015-8.jpg\",\"contentUrl\":\"https:\/\/tatkoopremovic.com\/wp-content\/uploads\/2024\/08\/TCP015-8.jpg\",\"width\":1200,\"height\":1200},{\"@type\":\"BreadcrumbList\",\"@id\":\"https:\/\/tatkoopremovic.com\/product\/ozer-thermal-indigo-papir-50-kom\/#breadcrumb\",\"itemListElement\":[{\"@type\":\"ListItem\",\"position\":1,\"name\":\"Home\",\"item\":\"https:\/\/tatkoopremovic.com\/\"},{\"@type\":\"ListItem\",\"position\":2,\"name\":\"Shop\",\"item\":\"https:\/\/tatkoopremovic.com\/shop\/\"},{\"@type\":\"ListItem\",\"position\":3,\"name\":\"OZER M thermal indigo papir 50 kom\"}]},{\"@type\":\"WebSite\",\"@id\":\"https:\/\/tatkoopremovic.com\/#website\",\"url\":\"https:\/\/tatkoopremovic.com\/\",\"name\":\"Tatko Opremovi\u0107\",\"description\":\"Tattoo Oprema\",\"potentialAction\":[{\"@type\":\"SearchAction\",\"target\":{\"@type\":\"EntryPoint\",\"urlTemplate\":\"https:\/\/tatkoopremovic.com\/?s={search_term_string}\"},\"query-input\":{\"@type\":\"PropertyValueSpecification\",\"valueRequired\":true,\"valueName\":\"search_term_string\"}}],\"inLanguage\":\"en-GB\"}]}<\/script>\n<!-- \/ Yoast SEO plugin. -->","yoast_head_json":{"title":"OZER M thermal indigo papir 50 kom - Tatko Opremovi\u0107","robots":{"index":"index","follow":"follow","max-snippet":"max-snippet:-1","max-image-preview":"max-image-preview:large","max-video-preview":"max-video-preview:-1"},"canonical":"https:\/\/tatkoopremovic.com\/en\/product\/ozer-thermal-indigo-papir-50-kom\/","og_locale":"en_GB","og_type":"article","og_title":"OZER M thermal indigo papir 50 kom - Tatko Opremovi\u0107","og_description":"OZER papir za tetoviranje: Papir za tetoviranje napravljen je od visokokvalitetnih boja i papira za \u0161ablone. Bez bledenja i lakog farbanja, odli\u010dan transfer papir za umetnika tetova\u017ea. Dolazi sa 50 listova papira za tetoviranje, odli\u010dan za tetoviranje. Papir za prenos tetova\u017ea treba da radi sa medijima za prenos. Nanesite dizajn napravljen na master papiru. Obratite pa\u017enju da pritisnete zadnju stranu \u0161are na ko\u017eu najmanje 3 sekunde Velika veli\u010dina: 4-slojni papir za transfer \u2013 Papir za \u0161ablone za tetoviranje je 4-slojni list koji uklju\u010duje glavni list, za\u0161titno tkivo, ugljenik i podlogu, \u010dija je veli\u010dina pribl. koji se mogu isec\u0301i na manje listove radi vec\u0301e upotrebe  Odli\u010dno rade: Ovi papiri za prenos \u0161ablona za tetova\u017ee mogu se lako, \u010disto i glatko preneti na ko\u017eu, savr\u0161eni za umetnike, tetovatore itd.  Na\u010din upotrebe: Mo\u017ee se koristiti u termokopir ma\u0161ini ili slobodnom rukom, savr\u0161eno za umetnike, tetovatore, itd. Morate naneti transfer pastu na ko\u017eu pre prenosa. Ako \u017eelite da promenite \u0161aru, mo\u017eete koristiti alkohol da obri\u0161ete tragove prenosa tetova\u017ee","og_url":"https:\/\/tatkoopremovic.com\/en\/product\/ozer-thermal-indigo-papir-50-kom\/","og_site_name":"Tatko Opremovi\u0107","article_modified_time":"2025-12-10T13:08:58+00:00","og_image":[{"width":1200,"height":1200,"url":"https:\/\/tatkoopremovic.com\/wp-content\/uploads\/2024\/08\/TCP015-8.jpg","type":"image\/jpeg"}],"twitter_card":"summary_large_image","schema":{"@context":"https:\/\/schema.org","@graph":[{"@type":"WebPage","@id":"https:\/\/tatkoopremovic.com\/product\/ozer-thermal-indigo-papir-50-kom\/","url":"https:\/\/tatkoopremovic.com\/product\/ozer-thermal-indigo-papir-50-kom\/","name":"OZER M thermal indigo papir 50 kom - Tatko Opremovi\u0107","isPartOf":{"@id":"https:\/\/tatkoopremovic.com\/#website"},"primaryImageOfPage":{"@id":"https:\/\/tatkoopremovic.com\/product\/ozer-thermal-indigo-papir-50-kom\/#primaryimage"},"image":{"@id":"https:\/\/tatkoopremovic.com\/product\/ozer-thermal-indigo-papir-50-kom\/#primaryimage"},"thumbnailUrl":"https:\/\/tatkoopremovic.com\/wp-content\/uploads\/2024\/08\/TCP015-8.jpg","datePublished":"2024-08-19T09:53:28+00:00","dateModified":"2025-12-10T13:08:58+00:00","breadcrumb":{"@id":"https:\/\/tatkoopremovic.com\/product\/ozer-thermal-indigo-papir-50-kom\/#breadcrumb"},"inLanguage":"en-GB","potentialAction":[{"@type":"ReadAction","target":["https:\/\/tatkoopremovic.com\/product\/ozer-thermal-indigo-papir-50-kom\/"]}]},{"@type":"ImageObject","inLanguage":"en-GB","@id":"https:\/\/tatkoopremovic.com\/product\/ozer-thermal-indigo-papir-50-kom\/#primaryimage","url":"https:\/\/tatkoopremovic.com\/wp-content\/uploads\/2024\/08\/TCP015-8.jpg","contentUrl":"https:\/\/tatkoopremovic.com\/wp-content\/uploads\/2024\/08\/TCP015-8.jpg","width":1200,"height":1200},{"@type":"BreadcrumbList","@id":"https:\/\/tatkoopremovic.com\/product\/ozer-thermal-indigo-papir-50-kom\/#breadcrumb","itemListElement":[{"@type":"ListItem","position":1,"name":"Home","item":"https:\/\/tatkoopremovic.com\/"},{"@type":"ListItem","position":2,"name":"Shop","item":"https:\/\/tatkoopremovic.com\/shop\/"},{"@type":"ListItem","position":3,"name":"OZER M thermal indigo papir 50 kom"}]},{"@type":"WebSite","@id":"https:\/\/tatkoopremovic.com\/#website","url":"https:\/\/tatkoopremovic.com\/","name":"Tatko Opremovi\u0107","description":"Tattoo Oprema","potentialAction":[{"@type":"SearchAction","target":{"@type":"EntryPoint","urlTemplate":"https:\/\/tatkoopremovic.com\/?s={search_term_string}"},"query-input":{"@type":"PropertyValueSpecification","valueRequired":true,"valueName":"search_term_string"}}],"inLanguage":"en-GB"}]}},"_links":{"self":[{"href":"https:\/\/tatkoopremovic.com\/en\/wp-json\/wp\/v2\/product\/9366","targetHints":{"allow":["GET"]}}],"collection":[{"href":"https:\/\/tatkoopremovic.com\/en\/wp-json\/wp\/v2\/product"}],"about":[{"href":"https:\/\/tatkoopremovic.com\/en\/wp-json\/wp\/v2\/types\/product"}],"wp:featuredmedia":[{"embeddable":true,"href":"https:\/\/tatkoopremovic.com\/en\/wp-json\/wp\/v2\/media\/9373"}],"wp:attachment":[{"href":"https:\/\/tatkoopremovic.com\/en\/wp-json\/wp\/v2\/media?parent=9366"}],"wp:term":[{"taxonomy":"product_brand","embeddable":true,"href":"https:\/\/tatkoopremovic.com\/en\/wp-json\/wp\/v2\/product_brand?post=9366"},{"taxonomy":"product_cat","embeddable":true,"href":"https:\/\/tatkoopremovic.com\/en\/wp-json\/wp\/v2\/product_cat?post=9366"},{"taxonomy":"product_tag","embeddable":true,"href":"https:\/\/tatkoopremovic.com\/en\/wp-json\/wp\/v2\/product_tag?post=9366"}],"curies":[{"name":"wp","href":"https:\/\/api.w.org\/{rel}","templated":true}]}}