{"id":9493,"date":"2024-08-28T12:29:12","date_gmt":"2024-08-28T12:29:12","guid":{"rendered":"https:\/\/tatkoopremovic.com\/?post_type=product&#038;p=9493"},"modified":"2026-01-22T13:41:34","modified_gmt":"2026-01-22T13:41:34","slug":"zastitna-barijera-film-roza","status":"publish","type":"product","link":"https:\/\/tatkoopremovic.com\/en\/product\/zastitna-barijera-film-roza\/","title":{"rendered":"ZA\u0160TITNA BARIJERA FILM ROZA"},"content":{"rendered":"<p>Adhesive film for protection against cross-contamination, isolates bacteria.<\/p>\n<p>Pokrijte podru\u010dje ili opremu koja se te\u0161ko \u010disti\/dezinfikuje<\/p>\n<p>Leaves no residue.<\/p>\n<p>Non-adhesive side edges.<\/p>\n<p>Boja: Roza<\/p>\n<p>1000 perforated sheets.<\/p>\n<p>Veli\u010dina: 10 cm x 15 cm<\/p>\n<p>Packaging: 1 roll\/box.<\/p>","protected":false},"excerpt":{"rendered":"<p>Adhesive film for protection against cross-contamination, isolates bacteria.<\/p>\n<p>Pokrijte podru\u010dje ili opremu koja se te\u0161ko \u010disti\/dezinfikuje<\/p>\n<p>Leaves no residue.<\/p>\n<p>Non-adhesive side edges.<\/p>\n<p>Boja: Roza<\/p>\n<p>1000 perforated sheets.<\/p>\n<p>Veli\u010dina: 10 cm x 15 cm<\/p>\n<p>Packaging: 1 roll\/box.<\/p>","protected":false},"featured_media":9494,"template":"","meta":[],"product_brand":[],"product_cat":[983,106],"product_tag":[],"class_list":{"0":"post-9493","1":"product","2":"type-product","3":"status-publish","4":"has-post-thumbnail","6":"product_cat-najloni-i-bandazeri","7":"product_cat-najloni","9":"first","10":"instock","11":"taxable","12":"shipping-taxable","13":"purchasable","14":"product-type-simple"},"yoast_head":"<!-- This site is optimized with the Yoast SEO plugin v26.8 - https:\/\/yoast.com\/product\/yoast-seo-wordpress\/ -->\n<title>ZA\u0160TITNA BARIJERA FILM ROZA - Tatko Opremovi\u0107<\/title>\n<meta name=\"robots\" content=\"index, follow, max-snippet:-1, max-image-preview:large, max-video-preview:-1\" \/>\n<link rel=\"canonical\" href=\"https:\/\/tatkoopremovic.com\/en\/product\/zastitna-barijera-film-roza\/\" \/>\n<meta property=\"og:locale\" content=\"en_GB\" \/>\n<meta property=\"og:type\" content=\"article\" \/>\n<meta property=\"og:title\" content=\"ZA\u0160TITNA BARIJERA FILM ROZA - Tatko Opremovi\u0107\" \/>\n<meta property=\"og:description\" content=\"Lepljivi film za za\u0161titu od preno\u0161enja unakrsne kontaminacije, izoluje bakterije  Pokrijte podru\u010dje ili opremu koja se te\u0161ko \u010disti\/dezinfikuje  Ne ostavlja ostatke  Nelepljive bo\u010dne ivice  Boja: Roza  1000 perforiranih listova  Veli\u010dina: 10 cm x 15 cm  Pakovanje: 1 rolna\/kutija\" \/>\n<meta property=\"og:url\" content=\"https:\/\/tatkoopremovic.com\/en\/product\/zastitna-barijera-film-roza\/\" \/>\n<meta property=\"og:site_name\" content=\"Tatko Opremovi\u0107\" \/>\n<meta property=\"article:modified_time\" content=\"2026-01-22T13:41:34+00:00\" \/>\n<meta property=\"og:image\" content=\"https:\/\/tatkoopremovic.com\/wp-content\/uploads\/2024\/08\/ACS096-1-1.jpg\" \/>\n\t<meta property=\"og:image:width\" content=\"2000\" \/>\n\t<meta property=\"og:image:height\" content=\"2000\" \/>\n\t<meta property=\"og:image:type\" content=\"image\/jpeg\" \/>\n<meta name=\"twitter:card\" content=\"summary_large_image\" \/>\n<meta name=\"twitter:label1\" content=\"Estimated reading time\" \/>\n\t<meta name=\"twitter:data1\" content=\"1 minute\" \/>\n<script type=\"application\/ld+json\" class=\"yoast-schema-graph\">{\"@context\":\"https:\/\/schema.org\",\"@graph\":[{\"@type\":\"WebPage\",\"@id\":\"https:\/\/tatkoopremovic.com\/product\/zastitna-barijera-film-roza\/\",\"url\":\"https:\/\/tatkoopremovic.com\/product\/zastitna-barijera-film-roza\/\",\"name\":\"ZA\u0160TITNA BARIJERA FILM ROZA - Tatko Opremovi\u0107\",\"isPartOf\":{\"@id\":\"https:\/\/tatkoopremovic.com\/#website\"},\"primaryImageOfPage\":{\"@id\":\"https:\/\/tatkoopremovic.com\/product\/zastitna-barijera-film-roza\/#primaryimage\"},\"image\":{\"@id\":\"https:\/\/tatkoopremovic.com\/product\/zastitna-barijera-film-roza\/#primaryimage\"},\"thumbnailUrl\":\"https:\/\/tatkoopremovic.com\/wp-content\/uploads\/2024\/08\/ACS096-1-1.jpg\",\"datePublished\":\"2024-08-28T12:29:12+00:00\",\"dateModified\":\"2026-01-22T13:41:34+00:00\",\"breadcrumb\":{\"@id\":\"https:\/\/tatkoopremovic.com\/product\/zastitna-barijera-film-roza\/#breadcrumb\"},\"inLanguage\":\"en-GB\",\"potentialAction\":[{\"@type\":\"ReadAction\",\"target\":[\"https:\/\/tatkoopremovic.com\/product\/zastitna-barijera-film-roza\/\"]}]},{\"@type\":\"ImageObject\",\"inLanguage\":\"en-GB\",\"@id\":\"https:\/\/tatkoopremovic.com\/product\/zastitna-barijera-film-roza\/#primaryimage\",\"url\":\"https:\/\/tatkoopremovic.com\/wp-content\/uploads\/2024\/08\/ACS096-1-1.jpg\",\"contentUrl\":\"https:\/\/tatkoopremovic.com\/wp-content\/uploads\/2024\/08\/ACS096-1-1.jpg\",\"width\":2000,\"height\":2000},{\"@type\":\"BreadcrumbList\",\"@id\":\"https:\/\/tatkoopremovic.com\/product\/zastitna-barijera-film-roza\/#breadcrumb\",\"itemListElement\":[{\"@type\":\"ListItem\",\"position\":1,\"name\":\"Home\",\"item\":\"https:\/\/tatkoopremovic.com\/\"},{\"@type\":\"ListItem\",\"position\":2,\"name\":\"Shop\",\"item\":\"https:\/\/tatkoopremovic.com\/shop\/\"},{\"@type\":\"ListItem\",\"position\":3,\"name\":\"ZA\u0160TITNA BARIJERA FILM ROZA\"}]},{\"@type\":\"WebSite\",\"@id\":\"https:\/\/tatkoopremovic.com\/#website\",\"url\":\"https:\/\/tatkoopremovic.com\/\",\"name\":\"Tatko Opremovi\u0107\",\"description\":\"Tattoo Oprema\",\"potentialAction\":[{\"@type\":\"SearchAction\",\"target\":{\"@type\":\"EntryPoint\",\"urlTemplate\":\"https:\/\/tatkoopremovic.com\/?s={search_term_string}\"},\"query-input\":{\"@type\":\"PropertyValueSpecification\",\"valueRequired\":true,\"valueName\":\"search_term_string\"}}],\"inLanguage\":\"en-GB\"}]}<\/script>\n<!-- \/ Yoast SEO plugin. -->","yoast_head_json":{"title":"ZA\u0160TITNA BARIJERA FILM ROZA - Tatko Opremovi\u0107","robots":{"index":"index","follow":"follow","max-snippet":"max-snippet:-1","max-image-preview":"max-image-preview:large","max-video-preview":"max-video-preview:-1"},"canonical":"https:\/\/tatkoopremovic.com\/en\/product\/zastitna-barijera-film-roza\/","og_locale":"en_GB","og_type":"article","og_title":"ZA\u0160TITNA BARIJERA FILM ROZA - Tatko Opremovi\u0107","og_description":"Lepljivi film za za\u0161titu od preno\u0161enja unakrsne kontaminacije, izoluje bakterije  Pokrijte podru\u010dje ili opremu koja se te\u0161ko \u010disti\/dezinfikuje  Ne ostavlja ostatke  Nelepljive bo\u010dne ivice  Boja: Roza  1000 perforiranih listova  Veli\u010dina: 10 cm x 15 cm  Pakovanje: 1 rolna\/kutija","og_url":"https:\/\/tatkoopremovic.com\/en\/product\/zastitna-barijera-film-roza\/","og_site_name":"Tatko Opremovi\u0107","article_modified_time":"2026-01-22T13:41:34+00:00","og_image":[{"width":2000,"height":2000,"url":"https:\/\/tatkoopremovic.com\/wp-content\/uploads\/2024\/08\/ACS096-1-1.jpg","type":"image\/jpeg"}],"twitter_card":"summary_large_image","twitter_misc":{"Estimated reading time":"1 minute"},"schema":{"@context":"https:\/\/schema.org","@graph":[{"@type":"WebPage","@id":"https:\/\/tatkoopremovic.com\/product\/zastitna-barijera-film-roza\/","url":"https:\/\/tatkoopremovic.com\/product\/zastitna-barijera-film-roza\/","name":"ZA\u0160TITNA BARIJERA FILM ROZA - Tatko Opremovi\u0107","isPartOf":{"@id":"https:\/\/tatkoopremovic.com\/#website"},"primaryImageOfPage":{"@id":"https:\/\/tatkoopremovic.com\/product\/zastitna-barijera-film-roza\/#primaryimage"},"image":{"@id":"https:\/\/tatkoopremovic.com\/product\/zastitna-barijera-film-roza\/#primaryimage"},"thumbnailUrl":"https:\/\/tatkoopremovic.com\/wp-content\/uploads\/2024\/08\/ACS096-1-1.jpg","datePublished":"2024-08-28T12:29:12+00:00","dateModified":"2026-01-22T13:41:34+00:00","breadcrumb":{"@id":"https:\/\/tatkoopremovic.com\/product\/zastitna-barijera-film-roza\/#breadcrumb"},"inLanguage":"en-GB","potentialAction":[{"@type":"ReadAction","target":["https:\/\/tatkoopremovic.com\/product\/zastitna-barijera-film-roza\/"]}]},{"@type":"ImageObject","inLanguage":"en-GB","@id":"https:\/\/tatkoopremovic.com\/product\/zastitna-barijera-film-roza\/#primaryimage","url":"https:\/\/tatkoopremovic.com\/wp-content\/uploads\/2024\/08\/ACS096-1-1.jpg","contentUrl":"https:\/\/tatkoopremovic.com\/wp-content\/uploads\/2024\/08\/ACS096-1-1.jpg","width":2000,"height":2000},{"@type":"BreadcrumbList","@id":"https:\/\/tatkoopremovic.com\/product\/zastitna-barijera-film-roza\/#breadcrumb","itemListElement":[{"@type":"ListItem","position":1,"name":"Home","item":"https:\/\/tatkoopremovic.com\/"},{"@type":"ListItem","position":2,"name":"Shop","item":"https:\/\/tatkoopremovic.com\/shop\/"},{"@type":"ListItem","position":3,"name":"ZA\u0160TITNA BARIJERA FILM ROZA"}]},{"@type":"WebSite","@id":"https:\/\/tatkoopremovic.com\/#website","url":"https:\/\/tatkoopremovic.com\/","name":"Tatko Opremovi\u0107","description":"Tattoo Oprema","potentialAction":[{"@type":"SearchAction","target":{"@type":"EntryPoint","urlTemplate":"https:\/\/tatkoopremovic.com\/?s={search_term_string}"},"query-input":{"@type":"PropertyValueSpecification","valueRequired":true,"valueName":"search_term_string"}}],"inLanguage":"en-GB"}]}},"_links":{"self":[{"href":"https:\/\/tatkoopremovic.com\/en\/wp-json\/wp\/v2\/product\/9493","targetHints":{"allow":["GET"]}}],"collection":[{"href":"https:\/\/tatkoopremovic.com\/en\/wp-json\/wp\/v2\/product"}],"about":[{"href":"https:\/\/tatkoopremovic.com\/en\/wp-json\/wp\/v2\/types\/product"}],"wp:featuredmedia":[{"embeddable":true,"href":"https:\/\/tatkoopremovic.com\/en\/wp-json\/wp\/v2\/media\/9494"}],"wp:attachment":[{"href":"https:\/\/tatkoopremovic.com\/en\/wp-json\/wp\/v2\/media?parent=9493"}],"wp:term":[{"taxonomy":"product_brand","embeddable":true,"href":"https:\/\/tatkoopremovic.com\/en\/wp-json\/wp\/v2\/product_brand?post=9493"},{"taxonomy":"product_cat","embeddable":true,"href":"https:\/\/tatkoopremovic.com\/en\/wp-json\/wp\/v2\/product_cat?post=9493"},{"taxonomy":"product_tag","embeddable":true,"href":"https:\/\/tatkoopremovic.com\/en\/wp-json\/wp\/v2\/product_tag?post=9493"}],"curies":[{"name":"wp","href":"https:\/\/api.w.org\/{rel}","templated":true}]}}