{"id":955,"date":"2022-09-05T15:18:11","date_gmt":"2022-09-05T15:18:11","guid":{"rendered":"https:\/\/tatkoopremovic.com\/?post_type=product&#038;p=955"},"modified":"2024-06-14T09:51:22","modified_gmt":"2024-06-14T09:51:22","slug":"repairing-film-derm-ava-20-x-20","status":"publish","type":"product","link":"https:\/\/tatkoopremovic.com\/en\/product\/repairing-film-derm-ava-20-x-20\/","title":{"rendered":"Repairing FILM derm AVA 20 x 20"},"content":{"rendered":"<p>Speeds up the healing process and reduces scabbing.<\/p>\n<p>Flexible, waterproof, hypoallergenic, and protects against dirt while allowing the skin to breathe.<\/p>\n<p>Dimensions: 20 x 20 cm<\/p>\n<p>Packaging: 10 pieces.<\/p>\n<p>&nbsp;<\/p>\n<p>Very easy to use:<\/p>\n<p>Prepare the area and let the fresh tattoo bleed for a few minutes, wipe the tattoo with a wet paper towel to remove blood, etc.<\/p>\n<p>Wipe with a dry paper towel.<\/p>\n<p>Now grab the film, remove the bottom side of the paper from the edge slot to reveal the adhesive side, place it on the fresh tattoo ensuring there is an outer edge of 1-2 cm around the entire tattoo.<\/p>\n<p>Remove the top clear layer, leaving a thin layer of film behind.<\/p>\n<p>Rub it to adhere well to the skin.<\/p>\n<p>The client can still shower and doesn't have to worry about the tattoo getting wet.<\/p>\n<p>To remove it, simply pick it up from the corner and pull it slowly; it can be placed under warm water to facilitate removal, wash the tattoo area to dry it, and apply subsequent care until fully healed.<\/p>","protected":false},"excerpt":{"rendered":"<p>Speeds up the healing process and reduces scabbing.<\/p>\n<p>Flexible, waterproof, hypoallergenic, and protects against dirt while allowing the skin to breathe.<\/p>\n<p>Dimensions: 20 x 20 cm<\/p>\n<p>Packaging: 10 pieces.<\/p>\n<p>&nbsp;<\/p>\n<p>Very easy to use:<\/p>\n<p>Prepare the area and let the fresh tattoo bleed for a few minutes, wipe the tattoo with a wet paper towel to remove blood, etc.<\/p>\n<p>Wipe with a dry paper towel.<\/p>\n<p>Now grab the film, remove the bottom side of the paper from the edge slot to reveal the adhesive side, place it on the fresh tattoo ensuring there is an outer edge of 1-2 cm around the entire tattoo.<\/p>\n<p>Remove the top clear layer, leaving a thin layer of film behind.<\/p>\n<p>Rub it to adhere well to the skin.<\/p>\n<p>The client can still shower and doesn't have to worry about the tattoo getting wet.<\/p>\n<p>To remove it, simply pick it up from the corner and pull it slowly; it can be placed under warm water to facilitate removal, wash the tattoo area to dry it, and apply subsequent care until fully healed.<\/p>","protected":false},"featured_media":2424,"template":"","meta":[],"product_brand":[],"product_cat":[952,944,91],"product_tag":[],"class_list":{"0":"post-955","1":"product","2":"type-product","3":"status-publish","4":"has-post-thumbnail","6":"product_cat-ava-second-skin","7":"product_cat-second-skin","8":"product_cat-kozmetika","10":"first","11":"instock","12":"taxable","13":"shipping-taxable","14":"purchasable","15":"product-type-simple"},"yoast_head":"<!-- This site is optimized with the Yoast SEO plugin v26.8 - https:\/\/yoast.com\/product\/yoast-seo-wordpress\/ -->\n<title>Repairing FILM derm AVA 20 x 20 - Tatko Opremovi\u0107<\/title>\n<meta name=\"robots\" content=\"index, follow, max-snippet:-1, max-image-preview:large, max-video-preview:-1\" \/>\n<link rel=\"canonical\" href=\"https:\/\/tatkoopremovic.com\/en\/product\/repairing-film-derm-ava-20-x-20\/\" \/>\n<meta property=\"og:locale\" content=\"en_GB\" \/>\n<meta property=\"og:type\" content=\"article\" \/>\n<meta property=\"og:title\" content=\"Repairing FILM derm AVA 20 x 20 - Tatko Opremovi\u0107\" \/>\n<meta property=\"og:description\" content=\"Ubrzava proces zarastanja i smanjuje kraste  Fleksibilan, vodootporan, hipoalergenski i \u0161titi od prljav\u0161tine dok ujedno omogu\u0107ava ko\u017ei da di\u0161e  Dimenzije: 20 x 20 cm  Pakovanje: 10 komada  &nbsp;  Veoma jednostavan za upotrebu:  Pripremite podru\u010dje i ostavite sve\u017eu tetova\u017eu da krvari nekoliko minuta, obri\u0161ite tetova\u017eu mokrim papirnim ubrusom da biste uklonili krv itd.  Obri\u0161ite suvim papirnim ubrusom.  Sada zgrabite foliju uklonite donju stranu papira iz proreza za ivicu da biste otkrili lepljivu stranu, stavite na sve\u017eu tetova\u017eu pazec\u0301i da postoji spoljna ivica od 1-2 cm oko cele tetova\u017ee.  Uklonite gornji prozirni sloj, to c\u0301e ostaviti tanak sloj filma iza sebe.  Utrljajte ga kako biste dobro prijanjali na ko\u017eu.  Klijent idalje mo\u017ee da se tu\u0161ira \u200b\u200bi ne mora da brine da c\u0301e se tetova\u017ea pokvasiti.  Da biste ga uklonili, jednostavno ga pokupite iz ugla i polako ga povucite, mo\u017ee se staviti pod toplu vodu da bi se olak\u0161alo skidanje, operite podru\u010dje tetova\u017ee da se osu\u0161i i primenite naknadnu negu do potpunog zarastanja.\" \/>\n<meta property=\"og:url\" content=\"https:\/\/tatkoopremovic.com\/en\/product\/repairing-film-derm-ava-20-x-20\/\" \/>\n<meta property=\"og:site_name\" content=\"Tatko Opremovi\u0107\" \/>\n<meta property=\"article:modified_time\" content=\"2024-06-14T09:51:22+00:00\" \/>\n<meta property=\"og:image\" content=\"https:\/\/tatkoopremovic.com\/wp-content\/uploads\/2022\/09\/2020-1-scaled.jpg\" \/>\n\t<meta property=\"og:image:width\" content=\"2560\" \/>\n\t<meta property=\"og:image:height\" content=\"2536\" \/>\n\t<meta property=\"og:image:type\" content=\"image\/jpeg\" \/>\n<meta name=\"twitter:card\" content=\"summary_large_image\" \/>\n<meta name=\"twitter:label1\" content=\"Estimated reading time\" \/>\n\t<meta name=\"twitter:data1\" content=\"1 minute\" \/>\n<script type=\"application\/ld+json\" class=\"yoast-schema-graph\">{\"@context\":\"https:\/\/schema.org\",\"@graph\":[{\"@type\":\"WebPage\",\"@id\":\"https:\/\/tatkoopremovic.com\/product\/repairing-film-derm-ava-20-x-20\/\",\"url\":\"https:\/\/tatkoopremovic.com\/product\/repairing-film-derm-ava-20-x-20\/\",\"name\":\"Repairing FILM derm AVA 20 x 20 - Tatko Opremovi\u0107\",\"isPartOf\":{\"@id\":\"https:\/\/tatkoopremovic.com\/#website\"},\"primaryImageOfPage\":{\"@id\":\"https:\/\/tatkoopremovic.com\/product\/repairing-film-derm-ava-20-x-20\/#primaryimage\"},\"image\":{\"@id\":\"https:\/\/tatkoopremovic.com\/product\/repairing-film-derm-ava-20-x-20\/#primaryimage\"},\"thumbnailUrl\":\"https:\/\/tatkoopremovic.com\/wp-content\/uploads\/2022\/09\/2020-1-scaled.jpg\",\"datePublished\":\"2022-09-05T15:18:11+00:00\",\"dateModified\":\"2024-06-14T09:51:22+00:00\",\"breadcrumb\":{\"@id\":\"https:\/\/tatkoopremovic.com\/product\/repairing-film-derm-ava-20-x-20\/#breadcrumb\"},\"inLanguage\":\"en-GB\",\"potentialAction\":[{\"@type\":\"ReadAction\",\"target\":[\"https:\/\/tatkoopremovic.com\/product\/repairing-film-derm-ava-20-x-20\/\"]}]},{\"@type\":\"ImageObject\",\"inLanguage\":\"en-GB\",\"@id\":\"https:\/\/tatkoopremovic.com\/product\/repairing-film-derm-ava-20-x-20\/#primaryimage\",\"url\":\"https:\/\/tatkoopremovic.com\/wp-content\/uploads\/2022\/09\/2020-1-scaled.jpg\",\"contentUrl\":\"https:\/\/tatkoopremovic.com\/wp-content\/uploads\/2022\/09\/2020-1-scaled.jpg\",\"width\":2560,\"height\":2536},{\"@type\":\"BreadcrumbList\",\"@id\":\"https:\/\/tatkoopremovic.com\/product\/repairing-film-derm-ava-20-x-20\/#breadcrumb\",\"itemListElement\":[{\"@type\":\"ListItem\",\"position\":1,\"name\":\"Home\",\"item\":\"https:\/\/tatkoopremovic.com\/\"},{\"@type\":\"ListItem\",\"position\":2,\"name\":\"Shop\",\"item\":\"https:\/\/tatkoopremovic.com\/shop\/\"},{\"@type\":\"ListItem\",\"position\":3,\"name\":\"Repairing FILM derm AVA 20 x 20\"}]},{\"@type\":\"WebSite\",\"@id\":\"https:\/\/tatkoopremovic.com\/#website\",\"url\":\"https:\/\/tatkoopremovic.com\/\",\"name\":\"Tatko Opremovi\u0107\",\"description\":\"Tattoo Oprema\",\"potentialAction\":[{\"@type\":\"SearchAction\",\"target\":{\"@type\":\"EntryPoint\",\"urlTemplate\":\"https:\/\/tatkoopremovic.com\/?s={search_term_string}\"},\"query-input\":{\"@type\":\"PropertyValueSpecification\",\"valueRequired\":true,\"valueName\":\"search_term_string\"}}],\"inLanguage\":\"en-GB\"}]}<\/script>\n<!-- \/ Yoast SEO plugin. -->","yoast_head_json":{"title":"Repairing FILM derm AVA 20 x 20 - Tatko Opremovi\u0107","robots":{"index":"index","follow":"follow","max-snippet":"max-snippet:-1","max-image-preview":"max-image-preview:large","max-video-preview":"max-video-preview:-1"},"canonical":"https:\/\/tatkoopremovic.com\/en\/product\/repairing-film-derm-ava-20-x-20\/","og_locale":"en_GB","og_type":"article","og_title":"Repairing FILM derm AVA 20 x 20 - Tatko Opremovi\u0107","og_description":"Ubrzava proces zarastanja i smanjuje kraste  Fleksibilan, vodootporan, hipoalergenski i \u0161titi od prljav\u0161tine dok ujedno omogu\u0107ava ko\u017ei da di\u0161e  Dimenzije: 20 x 20 cm  Pakovanje: 10 komada  &nbsp;  Veoma jednostavan za upotrebu:  Pripremite podru\u010dje i ostavite sve\u017eu tetova\u017eu da krvari nekoliko minuta, obri\u0161ite tetova\u017eu mokrim papirnim ubrusom da biste uklonili krv itd.  Obri\u0161ite suvim papirnim ubrusom.  Sada zgrabite foliju uklonite donju stranu papira iz proreza za ivicu da biste otkrili lepljivu stranu, stavite na sve\u017eu tetova\u017eu pazec\u0301i da postoji spoljna ivica od 1-2 cm oko cele tetova\u017ee.  Uklonite gornji prozirni sloj, to c\u0301e ostaviti tanak sloj filma iza sebe.  Utrljajte ga kako biste dobro prijanjali na ko\u017eu.  Klijent idalje mo\u017ee da se tu\u0161ira \u200b\u200bi ne mora da brine da c\u0301e se tetova\u017ea pokvasiti.  Da biste ga uklonili, jednostavno ga pokupite iz ugla i polako ga povucite, mo\u017ee se staviti pod toplu vodu da bi se olak\u0161alo skidanje, operite podru\u010dje tetova\u017ee da se osu\u0161i i primenite naknadnu negu do potpunog zarastanja.","og_url":"https:\/\/tatkoopremovic.com\/en\/product\/repairing-film-derm-ava-20-x-20\/","og_site_name":"Tatko Opremovi\u0107","article_modified_time":"2024-06-14T09:51:22+00:00","og_image":[{"width":2560,"height":2536,"url":"https:\/\/tatkoopremovic.com\/wp-content\/uploads\/2022\/09\/2020-1-scaled.jpg","type":"image\/jpeg"}],"twitter_card":"summary_large_image","twitter_misc":{"Estimated reading time":"1 minute"},"schema":{"@context":"https:\/\/schema.org","@graph":[{"@type":"WebPage","@id":"https:\/\/tatkoopremovic.com\/product\/repairing-film-derm-ava-20-x-20\/","url":"https:\/\/tatkoopremovic.com\/product\/repairing-film-derm-ava-20-x-20\/","name":"Repairing FILM derm AVA 20 x 20 - Tatko Opremovi\u0107","isPartOf":{"@id":"https:\/\/tatkoopremovic.com\/#website"},"primaryImageOfPage":{"@id":"https:\/\/tatkoopremovic.com\/product\/repairing-film-derm-ava-20-x-20\/#primaryimage"},"image":{"@id":"https:\/\/tatkoopremovic.com\/product\/repairing-film-derm-ava-20-x-20\/#primaryimage"},"thumbnailUrl":"https:\/\/tatkoopremovic.com\/wp-content\/uploads\/2022\/09\/2020-1-scaled.jpg","datePublished":"2022-09-05T15:18:11+00:00","dateModified":"2024-06-14T09:51:22+00:00","breadcrumb":{"@id":"https:\/\/tatkoopremovic.com\/product\/repairing-film-derm-ava-20-x-20\/#breadcrumb"},"inLanguage":"en-GB","potentialAction":[{"@type":"ReadAction","target":["https:\/\/tatkoopremovic.com\/product\/repairing-film-derm-ava-20-x-20\/"]}]},{"@type":"ImageObject","inLanguage":"en-GB","@id":"https:\/\/tatkoopremovic.com\/product\/repairing-film-derm-ava-20-x-20\/#primaryimage","url":"https:\/\/tatkoopremovic.com\/wp-content\/uploads\/2022\/09\/2020-1-scaled.jpg","contentUrl":"https:\/\/tatkoopremovic.com\/wp-content\/uploads\/2022\/09\/2020-1-scaled.jpg","width":2560,"height":2536},{"@type":"BreadcrumbList","@id":"https:\/\/tatkoopremovic.com\/product\/repairing-film-derm-ava-20-x-20\/#breadcrumb","itemListElement":[{"@type":"ListItem","position":1,"name":"Home","item":"https:\/\/tatkoopremovic.com\/"},{"@type":"ListItem","position":2,"name":"Shop","item":"https:\/\/tatkoopremovic.com\/shop\/"},{"@type":"ListItem","position":3,"name":"Repairing FILM derm AVA 20 x 20"}]},{"@type":"WebSite","@id":"https:\/\/tatkoopremovic.com\/#website","url":"https:\/\/tatkoopremovic.com\/","name":"Tatko Opremovi\u0107","description":"Tattoo Oprema","potentialAction":[{"@type":"SearchAction","target":{"@type":"EntryPoint","urlTemplate":"https:\/\/tatkoopremovic.com\/?s={search_term_string}"},"query-input":{"@type":"PropertyValueSpecification","valueRequired":true,"valueName":"search_term_string"}}],"inLanguage":"en-GB"}]}},"_links":{"self":[{"href":"https:\/\/tatkoopremovic.com\/en\/wp-json\/wp\/v2\/product\/955","targetHints":{"allow":["GET"]}}],"collection":[{"href":"https:\/\/tatkoopremovic.com\/en\/wp-json\/wp\/v2\/product"}],"about":[{"href":"https:\/\/tatkoopremovic.com\/en\/wp-json\/wp\/v2\/types\/product"}],"wp:featuredmedia":[{"embeddable":true,"href":"https:\/\/tatkoopremovic.com\/en\/wp-json\/wp\/v2\/media\/2424"}],"wp:attachment":[{"href":"https:\/\/tatkoopremovic.com\/en\/wp-json\/wp\/v2\/media?parent=955"}],"wp:term":[{"taxonomy":"product_brand","embeddable":true,"href":"https:\/\/tatkoopremovic.com\/en\/wp-json\/wp\/v2\/product_brand?post=955"},{"taxonomy":"product_cat","embeddable":true,"href":"https:\/\/tatkoopremovic.com\/en\/wp-json\/wp\/v2\/product_cat?post=955"},{"taxonomy":"product_tag","embeddable":true,"href":"https:\/\/tatkoopremovic.com\/en\/wp-json\/wp\/v2\/product_tag?post=955"}],"curies":[{"name":"wp","href":"https:\/\/api.w.org\/{rel}","templated":true}]}}