{"id":967,"date":"2022-09-06T06:19:22","date_gmt":"2022-09-06T06:19:22","guid":{"rendered":"https:\/\/tatkoopremovic.com\/?post_type=product&#038;p=967"},"modified":"2024-06-08T11:43:10","modified_gmt":"2024-06-08T11:43:10","slug":"hulk-wireless-pen-zeleni-masina-masinica","status":"publish","type":"product","link":"https:\/\/tatkoopremovic.com\/en\/product\/hulk-wireless-pen-zeleni-masina-masinica\/","title":{"rendered":"HULK wireless pen ZELENI"},"content":{"rendered":"<p>AVA presents the first wireless tattoo machine Hulk, in an angled design for improved grip.<br \/>\nThanks to its large handle diameter of 38 mm and forward weight distribution, Hulk fits perfectly in the hand, reducing wrist fatigue during tattooing.<\/p>\n<p>AVA tattoo machine Hulk is perfect for line styles, color tattoos, and old school tattoos. The direct drive supports all popular needle modules when inserting ink into the skin, even with very dense tattoo inks.<\/p>\n<p>Features:<\/p>\n<p>AVA OEM Japanese motor<br \/>\nDirect drive<br \/>\nOperating power: 6 watts<br \/>\nOperating voltage: 4.2 \u2013 12 volts DC<br \/>\nSpeed \/ RPM: 12000 rpm<br \/>\nOperation mode: Continuous operation<br \/>\nMaterial: Aircraft aluminum<br \/>\nStroke: 4.0 mm<br \/>\nNeedle protrusion: 1,5 \u2013 4.5 mm<br \/>\nLED screen displays voltage setting and battery level<br \/>\nCompatible with all popular cartridge modules<br \/>\nCharging voltage: 5V \/ 2A<br \/>\nCapacity: 1900 mAh<br \/>\nInput voltage: 5 V\/1 A<br \/>\nCharging time: 4-5 hours via USB-C charging cable<br \/>\nOperating time: approx. 4-6 hours<\/p>\n<p>Weight and dimensions of the machine:<\/p>\n<p>Weight: 292 g<br \/>\nLength: 115 mm x 65 mm<br \/>\nTube diameter: 40 mm<\/p>\n<p>Package contents:<\/p>\n<p>1x AVA Hulk tattoo machine<br \/>\n1x USB-C charging cable<br \/>\n1x device case<\/p>\n<p>Available colors: Black, Green<\/p>","protected":false},"excerpt":{"rendered":"<p>AVA presents the first wireless tattoo machine Hulk, in an angled design for improved grip.<br \/>\nThanks to its large handle diameter of 38 mm and forward weight distribution, Hulk fits perfectly in the hand, reducing wrist fatigue during tattooing.<\/p>\n<p>AVA tattoo machine Hulk is perfect for line styles, color tattoos, and old school tattoos. The direct drive supports all popular needle modules when inserting ink into the skin, even with very dense tattoo inks.<\/p>\n<p>Features:<\/p>\n<p>AVA OEM Japanese motor<br \/>\nDirect drive<br \/>\nOperating power: 6 watts<br \/>\nOperating voltage: 4.2 \u2013 12 volts DC<br \/>\nSpeed \/ RPM: 12000 rpm<br \/>\nOperation mode: Continuous operation<br \/>\nMaterial: Aircraft aluminum<br \/>\nStroke: 4.0 mm<br \/>\nNeedle protrusion: 1,5 \u2013 4.5 mm<br \/>\nLED screen displays voltage setting and battery level<br \/>\nCompatible with all popular cartridge modules<br \/>\nCharging voltage: 5V \/ 2A<br \/>\nCapacity: 1900 mAh<br \/>\nInput voltage: 5 V\/1 A<br \/>\nCharging time: 4-5 hours via USB-C charging cable<br \/>\nOperating time: approx. 4-6 hours<\/p>\n<p>Weight and dimensions of the machine:<\/p>\n<p>Weight: 292 g<br \/>\nLength: 115 mm x 65 mm<br \/>\nTube diameter: 40 mm<\/p>\n<p>Package contents:<\/p>\n<p>1x AVA Hulk tattoo machine<br \/>\n1x USB-C charging cable<br \/>\n1x device case<\/p>\n<p>Available colors: Black, Green<\/p>","protected":false},"featured_media":972,"template":"","meta":[],"product_brand":[],"product_cat":[51],"product_tag":[650],"class_list":{"0":"post-967","1":"product","2":"type-product","3":"status-publish","4":"has-post-thumbnail","6":"product_cat-ava-machine","7":"product_tag-ava","9":"first","10":"outofstock","11":"taxable","12":"shipping-taxable","13":"purchasable","14":"product-type-simple"},"yoast_head":"<!-- This site is optimized with the Yoast SEO plugin v26.8 - https:\/\/yoast.com\/product\/yoast-seo-wordpress\/ -->\n<title>HULK wireless pen ZELENI - Tatko Opremovi\u0107<\/title>\n<meta name=\"robots\" content=\"index, follow, max-snippet:-1, max-image-preview:large, max-video-preview:-1\" \/>\n<link rel=\"canonical\" href=\"https:\/\/tatkoopremovic.com\/en\/product\/hulk-wireless-pen-zeleni-masina-masinica\/\" \/>\n<meta property=\"og:locale\" content=\"en_GB\" \/>\n<meta property=\"og:type\" content=\"article\" \/>\n<meta property=\"og:title\" content=\"HULK wireless pen ZELENI - Tatko Opremovi\u0107\" \/>\n<meta property=\"og:description\" content=\"AVA predstavlja prvu be\u017ei\u010dnu ma\u0161inu za tetoviranje Hulk, u ugaonom dizajnu za pobolj\u0161ano dr\u017eanje u ruci. Zahvaljuju\u0107i velikom pre\u010dniku dr\u0161ke od 38 mm i te\u017ei\u0161tu te\u017ei\u0161ta prema napred, Hulk savr\u0161eno le\u017ei u ruci, smanjuju\u0107i zamor zgloba tokom tetoviranja.  AVA tattoo ma\u0161ina Hulk je savr\u0161ena za linijske stilove , tetova\u017ee u boji i oldschool. Direktni pogon podr\u017eava sve popularne iglene module prilikom stavljanja mastila u ko\u017eu, \u010dak i sa veoma gustim mastilima za tetoviranje.  Karakteristike:  AVA OEM japanski motor Direktan pogon Radna snaga: 6 vati Radni napon: 4,2 - 12 volti DC Brzina \/ RPM: 12000 rpm Re\u017eim rada: Kontinuirani rad Materijal: avionski aluminijum Hod: 4,0 mm Izbo\u010dina igle: 1,5 - 4,5 mm LED ekran prikazuje pode\u0161avanje napona i nivo baterije Kompatibilan sa svim popularnim modulima igala Napon punjenja: 5V \/ 2A Kapacitet: 1900 mAh Ulazni napon: 5 V\/1 A Vreme punjenja: 4-5 sati preko USB-C kabla za punjenje Radno vreme: cca. 4-6 sati  Te\u017eina i dimenzije ma\u0161ine:  Te\u017eina: 292 g Du\u017eina: 115 mm k 65 mm Pre\u010dnik tube: 40 mm  Sadr\u017eaj paketa:  1k AVA Hulk ma\u0161ina za tetoviranje 1k USB-C kabl za punjenje 1k ku\u0107i\u0161te ure\u0111aja  Dostupne boje: Crna, Zelena\" \/>\n<meta property=\"og:url\" content=\"https:\/\/tatkoopremovic.com\/en\/product\/hulk-wireless-pen-zeleni-masina-masinica\/\" \/>\n<meta property=\"og:site_name\" content=\"Tatko Opremovi\u0107\" \/>\n<meta property=\"article:modified_time\" content=\"2024-06-08T11:43:10+00:00\" \/>\n<meta property=\"og:image\" content=\"https:\/\/tatkoopremovic.com\/wp-content\/uploads\/2022\/09\/HK001-1-Green-5.jpg\" \/>\n\t<meta property=\"og:image:width\" content=\"1800\" \/>\n\t<meta property=\"og:image:height\" content=\"1800\" \/>\n\t<meta property=\"og:image:type\" content=\"image\/jpeg\" \/>\n<meta name=\"twitter:card\" content=\"summary_large_image\" \/>\n<meta name=\"twitter:label1\" content=\"Estimated reading time\" \/>\n\t<meta name=\"twitter:data1\" content=\"2 minutes\" \/>\n<script type=\"application\/ld+json\" class=\"yoast-schema-graph\">{\"@context\":\"https:\/\/schema.org\",\"@graph\":[{\"@type\":\"WebPage\",\"@id\":\"https:\/\/tatkoopremovic.com\/product\/hulk-wireless-pen-zeleni-masina-masinica\/\",\"url\":\"https:\/\/tatkoopremovic.com\/product\/hulk-wireless-pen-zeleni-masina-masinica\/\",\"name\":\"HULK wireless pen ZELENI - Tatko Opremovi\u0107\",\"isPartOf\":{\"@id\":\"https:\/\/tatkoopremovic.com\/#website\"},\"primaryImageOfPage\":{\"@id\":\"https:\/\/tatkoopremovic.com\/product\/hulk-wireless-pen-zeleni-masina-masinica\/#primaryimage\"},\"image\":{\"@id\":\"https:\/\/tatkoopremovic.com\/product\/hulk-wireless-pen-zeleni-masina-masinica\/#primaryimage\"},\"thumbnailUrl\":\"https:\/\/tatkoopremovic.com\/wp-content\/uploads\/2022\/09\/HK001-1-Green-5.jpg\",\"datePublished\":\"2022-09-06T06:19:22+00:00\",\"dateModified\":\"2024-06-08T11:43:10+00:00\",\"breadcrumb\":{\"@id\":\"https:\/\/tatkoopremovic.com\/product\/hulk-wireless-pen-zeleni-masina-masinica\/#breadcrumb\"},\"inLanguage\":\"en-GB\",\"potentialAction\":[{\"@type\":\"ReadAction\",\"target\":[\"https:\/\/tatkoopremovic.com\/product\/hulk-wireless-pen-zeleni-masina-masinica\/\"]}]},{\"@type\":\"ImageObject\",\"inLanguage\":\"en-GB\",\"@id\":\"https:\/\/tatkoopremovic.com\/product\/hulk-wireless-pen-zeleni-masina-masinica\/#primaryimage\",\"url\":\"https:\/\/tatkoopremovic.com\/wp-content\/uploads\/2022\/09\/HK001-1-Green-5.jpg\",\"contentUrl\":\"https:\/\/tatkoopremovic.com\/wp-content\/uploads\/2022\/09\/HK001-1-Green-5.jpg\",\"width\":1800,\"height\":1800},{\"@type\":\"BreadcrumbList\",\"@id\":\"https:\/\/tatkoopremovic.com\/product\/hulk-wireless-pen-zeleni-masina-masinica\/#breadcrumb\",\"itemListElement\":[{\"@type\":\"ListItem\",\"position\":1,\"name\":\"Home\",\"item\":\"https:\/\/tatkoopremovic.com\/\"},{\"@type\":\"ListItem\",\"position\":2,\"name\":\"Shop\",\"item\":\"https:\/\/tatkoopremovic.com\/shop\/\"},{\"@type\":\"ListItem\",\"position\":3,\"name\":\"HULK wireless pen ZELENI\"}]},{\"@type\":\"WebSite\",\"@id\":\"https:\/\/tatkoopremovic.com\/#website\",\"url\":\"https:\/\/tatkoopremovic.com\/\",\"name\":\"Tatko Opremovi\u0107\",\"description\":\"Tattoo Oprema\",\"potentialAction\":[{\"@type\":\"SearchAction\",\"target\":{\"@type\":\"EntryPoint\",\"urlTemplate\":\"https:\/\/tatkoopremovic.com\/?s={search_term_string}\"},\"query-input\":{\"@type\":\"PropertyValueSpecification\",\"valueRequired\":true,\"valueName\":\"search_term_string\"}}],\"inLanguage\":\"en-GB\"}]}<\/script>\n<!-- \/ Yoast SEO plugin. -->","yoast_head_json":{"title":"HULK wireless pen ZELENI - Tatko Opremovi\u0107","robots":{"index":"index","follow":"follow","max-snippet":"max-snippet:-1","max-image-preview":"max-image-preview:large","max-video-preview":"max-video-preview:-1"},"canonical":"https:\/\/tatkoopremovic.com\/en\/product\/hulk-wireless-pen-zeleni-masina-masinica\/","og_locale":"en_GB","og_type":"article","og_title":"HULK wireless pen ZELENI - Tatko Opremovi\u0107","og_description":"AVA predstavlja prvu be\u017ei\u010dnu ma\u0161inu za tetoviranje Hulk, u ugaonom dizajnu za pobolj\u0161ano dr\u017eanje u ruci. Zahvaljuju\u0107i velikom pre\u010dniku dr\u0161ke od 38 mm i te\u017ei\u0161tu te\u017ei\u0161ta prema napred, Hulk savr\u0161eno le\u017ei u ruci, smanjuju\u0107i zamor zgloba tokom tetoviranja.  AVA tattoo ma\u0161ina Hulk je savr\u0161ena za linijske stilove , tetova\u017ee u boji i oldschool. Direktni pogon podr\u017eava sve popularne iglene module prilikom stavljanja mastila u ko\u017eu, \u010dak i sa veoma gustim mastilima za tetoviranje.  Karakteristike:  AVA OEM japanski motor Direktan pogon Radna snaga: 6 vati Radni napon: 4,2 - 12 volti DC Brzina \/ RPM: 12000 rpm Re\u017eim rada: Kontinuirani rad Materijal: avionski aluminijum Hod: 4,0 mm Izbo\u010dina igle: 1,5 - 4,5 mm LED ekran prikazuje pode\u0161avanje napona i nivo baterije Kompatibilan sa svim popularnim modulima igala Napon punjenja: 5V \/ 2A Kapacitet: 1900 mAh Ulazni napon: 5 V\/1 A Vreme punjenja: 4-5 sati preko USB-C kabla za punjenje Radno vreme: cca. 4-6 sati  Te\u017eina i dimenzije ma\u0161ine:  Te\u017eina: 292 g Du\u017eina: 115 mm k 65 mm Pre\u010dnik tube: 40 mm  Sadr\u017eaj paketa:  1k AVA Hulk ma\u0161ina za tetoviranje 1k USB-C kabl za punjenje 1k ku\u0107i\u0161te ure\u0111aja  Dostupne boje: Crna, Zelena","og_url":"https:\/\/tatkoopremovic.com\/en\/product\/hulk-wireless-pen-zeleni-masina-masinica\/","og_site_name":"Tatko Opremovi\u0107","article_modified_time":"2024-06-08T11:43:10+00:00","og_image":[{"width":1800,"height":1800,"url":"https:\/\/tatkoopremovic.com\/wp-content\/uploads\/2022\/09\/HK001-1-Green-5.jpg","type":"image\/jpeg"}],"twitter_card":"summary_large_image","twitter_misc":{"Estimated reading time":"2 minutes"},"schema":{"@context":"https:\/\/schema.org","@graph":[{"@type":"WebPage","@id":"https:\/\/tatkoopremovic.com\/product\/hulk-wireless-pen-zeleni-masina-masinica\/","url":"https:\/\/tatkoopremovic.com\/product\/hulk-wireless-pen-zeleni-masina-masinica\/","name":"HULK wireless pen ZELENI - Tatko Opremovi\u0107","isPartOf":{"@id":"https:\/\/tatkoopremovic.com\/#website"},"primaryImageOfPage":{"@id":"https:\/\/tatkoopremovic.com\/product\/hulk-wireless-pen-zeleni-masina-masinica\/#primaryimage"},"image":{"@id":"https:\/\/tatkoopremovic.com\/product\/hulk-wireless-pen-zeleni-masina-masinica\/#primaryimage"},"thumbnailUrl":"https:\/\/tatkoopremovic.com\/wp-content\/uploads\/2022\/09\/HK001-1-Green-5.jpg","datePublished":"2022-09-06T06:19:22+00:00","dateModified":"2024-06-08T11:43:10+00:00","breadcrumb":{"@id":"https:\/\/tatkoopremovic.com\/product\/hulk-wireless-pen-zeleni-masina-masinica\/#breadcrumb"},"inLanguage":"en-GB","potentialAction":[{"@type":"ReadAction","target":["https:\/\/tatkoopremovic.com\/product\/hulk-wireless-pen-zeleni-masina-masinica\/"]}]},{"@type":"ImageObject","inLanguage":"en-GB","@id":"https:\/\/tatkoopremovic.com\/product\/hulk-wireless-pen-zeleni-masina-masinica\/#primaryimage","url":"https:\/\/tatkoopremovic.com\/wp-content\/uploads\/2022\/09\/HK001-1-Green-5.jpg","contentUrl":"https:\/\/tatkoopremovic.com\/wp-content\/uploads\/2022\/09\/HK001-1-Green-5.jpg","width":1800,"height":1800},{"@type":"BreadcrumbList","@id":"https:\/\/tatkoopremovic.com\/product\/hulk-wireless-pen-zeleni-masina-masinica\/#breadcrumb","itemListElement":[{"@type":"ListItem","position":1,"name":"Home","item":"https:\/\/tatkoopremovic.com\/"},{"@type":"ListItem","position":2,"name":"Shop","item":"https:\/\/tatkoopremovic.com\/shop\/"},{"@type":"ListItem","position":3,"name":"HULK wireless pen ZELENI"}]},{"@type":"WebSite","@id":"https:\/\/tatkoopremovic.com\/#website","url":"https:\/\/tatkoopremovic.com\/","name":"Tatko Opremovi\u0107","description":"Tattoo Oprema","potentialAction":[{"@type":"SearchAction","target":{"@type":"EntryPoint","urlTemplate":"https:\/\/tatkoopremovic.com\/?s={search_term_string}"},"query-input":{"@type":"PropertyValueSpecification","valueRequired":true,"valueName":"search_term_string"}}],"inLanguage":"en-GB"}]}},"_links":{"self":[{"href":"https:\/\/tatkoopremovic.com\/en\/wp-json\/wp\/v2\/product\/967","targetHints":{"allow":["GET"]}}],"collection":[{"href":"https:\/\/tatkoopremovic.com\/en\/wp-json\/wp\/v2\/product"}],"about":[{"href":"https:\/\/tatkoopremovic.com\/en\/wp-json\/wp\/v2\/types\/product"}],"wp:featuredmedia":[{"embeddable":true,"href":"https:\/\/tatkoopremovic.com\/en\/wp-json\/wp\/v2\/media\/972"}],"wp:attachment":[{"href":"https:\/\/tatkoopremovic.com\/en\/wp-json\/wp\/v2\/media?parent=967"}],"wp:term":[{"taxonomy":"product_brand","embeddable":true,"href":"https:\/\/tatkoopremovic.com\/en\/wp-json\/wp\/v2\/product_brand?post=967"},{"taxonomy":"product_cat","embeddable":true,"href":"https:\/\/tatkoopremovic.com\/en\/wp-json\/wp\/v2\/product_cat?post=967"},{"taxonomy":"product_tag","embeddable":true,"href":"https:\/\/tatkoopremovic.com\/en\/wp-json\/wp\/v2\/product_tag?post=967"}],"curies":[{"name":"wp","href":"https:\/\/api.w.org\/{rel}","templated":true}]}}